{"id":12617,"date":"2020-01-03T13:26:52","date_gmt":"2020-01-03T12:26:52","guid":{"rendered":"https:\/\/immformacion.com\/web\/agencia-de-colocacion-3\/"},"modified":"2020-01-04T12:46:34","modified_gmt":"2020-01-04T11:46:34","slug":"agencia-de-colocacion-3","status":"publish","type":"page","link":"https:\/\/immformacion.com\/web\/agencia-de-colocacion-3\/","title":{"rendered":"Agencia de Colocaci\u00f3n"},"content":{"rendered":"<p><img fetchpriority=\"high\" decoding=\"async\" class=\"alignnone size-full wp-image-8023\" src=\"http:\/\/immformacion.com\/web\/wp-content\/uploads\/2015\/04\/Banner-AC-IMM.png\" alt=\"Banner AC IMM\" width=\"1024\" height=\"251\" srcset=\"https:\/\/immformacion.com\/web\/wp-content\/uploads\/2015\/04\/Banner-AC-IMM.png 1024w, https:\/\/immformacion.com\/web\/wp-content\/uploads\/2015\/04\/Banner-AC-IMM-300x74.png 300w, https:\/\/immformacion.com\/web\/wp-content\/uploads\/2015\/04\/Banner-AC-IMM-600x147.png 600w\" sizes=\"(max-width: 1024px) 100vw, 1024px\" \/><a href=\"https:\/\/immformacion.com\/web\/programacion-certificados-de-profesionalidad-y-c-c\/emcan-2\/\" rel=\"attachment wp-att-7560\"><br \/>\n<\/a><\/p>\n<p><span style=\"color: #7ca3dc;\">IMM FORMACI\u00d3N<\/span> es una Agencia de Colocaci\u00f3n y Empresa de Recolocaci\u00f3n dada de alta con el n\u00famero <span style=\"color: #7ca3dc;\">06\/00000021<\/span> por el Servicio C\u00e1ntabro de Empleo.<\/p>\n<p>Si quieres acceder a nuestra agencia\u00a0haz <a href=\"https:\/\/gestionandote.com\/agencia\/IMMFORMACION\">click aqu\u00ed.<\/a><\/p>\n<table>\n<tbody>\n<tr>\n<td style=\"width: 400px;\"><span style=\"-webkit-tap-highlight-color: rgba(0, 0, 0, 0);\">\u00a0<a href=\"https:\/\/immformacion.com\/web\/ocupados-desempleados-2018-2019\/emcan-3\/\" rel=\"attachment wp-att-8452\"><br \/>\n<\/a><\/span><\/td>\n<td style=\"width: 450px;\"><span style=\"-webkit-tap-highlight-color: rgba(0, 0, 0, 0);\"> <img decoding=\"async\" class=\"aligncenter size-full wp-image-7560\" src=\"https:\/\/immformacion.com\/web\/wp-content\/uploads\/2014\/11\/emcan-e1577729211818.jpg\" alt=\"\" width=\"600\" height=\"141\" \/><\/span><\/td>\n<\/tr>\n<\/tbody>\n<\/table>\n<p><a href=\"http:\/\/immformacion.com\/web\/wp-content\/uploads\/2015\/09\/Logo-200-px.png\">\u00a0<\/a><\/p>\n","protected":false},"excerpt":{"rendered":"<p>.<\/p>\n","protected":false},"author":1,"featured_media":0,"parent":0,"menu_order":0,"comment_status":"closed","ping_status":"open","template":"","meta":{"_uag_custom_page_level_css":"","_monsterinsights_skip_tracking":false,"_monsterinsights_sitenote_active":false,"_monsterinsights_sitenote_note":"","_monsterinsights_sitenote_category":0,"footnotes":""},"class_list":["post-12617","page","type-page","status-publish","hentry"],"aioseo_notices":[],"uagb_featured_image_src":{"full":false,"thumbnail":false,"medium":false,"medium_large":false,"large":false,"1536x1536":false,"2048x2048":false,"ample-featured-blog-large":false,"ample-featured-blog-small":false,"ample-portfolio-image":false,"sendpress-max":false,"woocommerce_thumbnail":false,"woocommerce_single":false,"woocommerce_gallery_thumbnail":false},"uagb_author_info":{"display_name":"IMM","author_link":"https:\/\/immformacion.com\/web\/author\/imm_admin\/"},"uagb_comment_info":0,"uagb_excerpt":".","_links":{"self":[{"href":"https:\/\/immformacion.com\/web\/wp-json\/wp\/v2\/pages\/12617","targetHints":{"allow":["GET"]}}],"collection":[{"href":"https:\/\/immformacion.com\/web\/wp-json\/wp\/v2\/pages"}],"about":[{"href":"https:\/\/immformacion.com\/web\/wp-json\/wp\/v2\/types\/page"}],"author":[{"embeddable":true,"href":"https:\/\/immformacion.com\/web\/wp-json\/wp\/v2\/users\/1"}],"replies":[{"embeddable":true,"href":"https:\/\/immformacion.com\/web\/wp-json\/wp\/v2\/comments?post=12617"}],"version-history":[{"count":1,"href":"https:\/\/immformacion.com\/web\/wp-json\/wp\/v2\/pages\/12617\/revisions"}],"predecessor-version":[{"id":12630,"href":"https:\/\/immformacion.com\/web\/wp-json\/wp\/v2\/pages\/12617\/revisions\/12630"}],"wp:attachment":[{"href":"https:\/\/immformacion.com\/web\/wp-json\/wp\/v2\/media?parent=12617"}],"curies":[{"name":"wp","href":"https:\/\/api.w.org\/{rel}","templated":true}]}}