{"id":12634,"date":"2020-01-04T12:59:44","date_gmt":"2020-01-04T11:59:44","guid":{"rendered":"https:\/\/immformacion.com\/web\/agencia-de-colocacion-3-2\/"},"modified":"2020-01-06T11:58:57","modified_gmt":"2020-01-06T10:58:57","slug":"cursos-fundae-fundacion-tripartita-cursos-empresas","status":"publish","type":"page","link":"https:\/\/immformacion.com\/web\/cursos-fundae-fundacion-tripartita-cursos-empresas\/","title":{"rendered":"Cat\u00e1logo cursos para Empresas    Bonificaci\u00f3n FUNDAE"},"content":{"rendered":"<table border=\"0\" align=\"center\">\n<tbody>\n<tr>\n<td style=\"width: 30px;\"><img fetchpriority=\"high\" decoding=\"async\" class=\"wp-image-5629 aligncenter\" style=\"font-size: 11px; line-height: 19px;\" src=\"http:\/\/immformacion.com\/web\/wp-content\/uploads\/2013\/08\/cursos_para_empresas2-01.png\" alt=\"cursos_para_empresas2-01\" width=\"541\" height=\"145\" srcset=\"https:\/\/immformacion.com\/web\/wp-content\/uploads\/2013\/08\/cursos_para_empresas2-01.png 1300w, https:\/\/immformacion.com\/web\/wp-content\/uploads\/2013\/08\/cursos_para_empresas2-01-300x80.png 300w, https:\/\/immformacion.com\/web\/wp-content\/uploads\/2013\/08\/cursos_para_empresas2-01-1024x274.png 1024w, https:\/\/immformacion.com\/web\/wp-content\/uploads\/2013\/08\/cursos_para_empresas2-01-600x161.png 600w\" sizes=\"(max-width: 541px) 100vw, 541px\" \/><\/td>\n<\/tr>\n<\/tbody>\n<\/table>\n<table border=\"0\" cellspacing=\"0\" align=\"center\">\n<tbody>\n<tr>\n<td valign=\"top\"><a href=\"http:\/\/immformacion.com\/web\/?page_id=5597\" target=\"_blank\" rel=\"noopener noreferrer\"><img decoding=\"async\" class=\"alignnone  wp-image-5868\" src=\"http:\/\/immformacion.com\/web\/wp-content\/uploads\/2013\/09\/Boton_Catalogo-de-cursos.png\" alt=\"Boton_Catalogo de cursos\" width=\"283\" height=\"55\" srcset=\"https:\/\/immformacion.com\/web\/wp-content\/uploads\/2013\/09\/Boton_Catalogo-de-cursos.png 354w, https:\/\/immformacion.com\/web\/wp-content\/uploads\/2013\/09\/Boton_Catalogo-de-cursos-300x58.png 300w\" sizes=\"(max-width: 283px) 100vw, 283px\" \/><\/a><\/td>\n<td valign=\"top\"><\/td>\n<\/tr>\n<tr>\n<td style=\"background-color: #ffffff;\" colspan=\"2\"><span style=\"font-size: x-large; color: #ffffff;\">\u00a0<\/span><\/td>\n<\/tr>\n<tr>\n<td colspan=\"2\" valign=\"top\"><strong><span style=\"font-family: Verdana, Arial, Helvetica, sans-serif; font-size: large;\">CURSOS POR CATEGOR\u00cdAS<\/span><\/strong><\/td>\n<\/tr>\n<tr>\n<td style=\"background-color: #ffffff;\" colspan=\"2\" valign=\"top\"><span style=\"text-decoration: underline;\"><span style=\"font-size: x-small; color: #ffffff; text-decoration: underline;\">.<\/span><\/span><\/td>\n<\/tr>\n<tr>\n<td style=\"background-color: #eddde0; height: 15px; border: 1px solid #ffffff; padding-left: 30px;\" colspan=\"2\"><a title=\"Alimentaci\u00f3n, Hosteler\u00eda y Restauraci\u00f3n (Empresas)\" href=\"http:\/\/immformacion.com\/web\/?page_id=5747\" target=\"_blank\" rel=\"noopener noreferrer\"><span style=\"color: #993366; font-size: small;\">Alimentaci\u00f3n, Hosteler\u00eda y Restauraci\u00f3n<\/span><\/a><\/td>\n<\/tr>\n<tr style=\"padding-left: 30px;\">\n<td style=\"background-color: #eddde0; height: 15px; border: 1px solid #ffffff; padding-left: 30px;\" colspan=\"2\"><a title=\"Calidad (Empresas)\" href=\"http:\/\/immformacion.com\/web\/?page_id=5755\" target=\"_blank\" rel=\"noopener noreferrer\"><span style=\"font-size: small; color: #993366;\">Calidad<\/span><\/a><\/td>\n<\/tr>\n<tr style=\"padding-left: 30px;\">\n<td style=\"height: 15px; background-color: #eddde0; border: 1px solid #ffffff; padding-left: 30px;\" colspan=\"2\"><a title=\"Comercial y Marketing (Empresas)\" href=\"http:\/\/immformacion.com\/web\/?page_id=5757\" target=\"_blank\" rel=\"noopener noreferrer\"><span style=\"color: #993366; font-size: small;\">Comercial y Marketing<\/span><\/a><\/td>\n<\/tr>\n<tr style=\"padding-left: 30px;\">\n<td style=\"height: 15px; background-color: #eddde0; border: 1px solid #ffffff; padding-left: 30px;\" colspan=\"2\"><a title=\"Energ\u00edas Renovables (Empresas)\" href=\"http:\/\/immformacion.com\/web\/?page_id=5761\" target=\"_blank\" rel=\"noopener noreferrer\"><span style=\"color: #993366; font-size: small;\">Energ\u00edas Renovables<\/span><\/a><\/td>\n<\/tr>\n<tr style=\"padding-left: 30px;\">\n<td style=\"height: 15px; background-color: #eddde0; border: 1px solid #ffffff; padding-left: 30px;\" colspan=\"2\"><a title=\"Finanzas y Contabilidad (Empresas)\" href=\"http:\/\/immformacion.com\/web\/?page_id=5764\" target=\"_blank\" rel=\"noopener noreferrer\"><span style=\"color: #993366; font-size: small;\">Finanzas y Contabilidad<\/span><\/a><\/td>\n<\/tr>\n<tr style=\"padding-left: 30px;\">\n<td style=\"background-color: #eddde0; border: 1px solid #ffffff; padding-left: 30px;\" colspan=\"2\"><a title=\"Formaci\u00f3n (Empresas)\" href=\"http:\/\/immformacion.com\/web\/?page_id=5790\" target=\"_blank\" rel=\"noopener noreferrer\"><span style=\"color: #993366; font-size: small;\">Formaci\u00f3n<\/span><\/a><\/td>\n<\/tr>\n<tr style=\"padding-left: 60px;\">\n<td style=\"background-color: #eddde0; border: 1px solid #ffffff; padding-left: 30px;\" colspan=\"2\"><a title=\"Gesti\u00f3n de Empresas \u2013 MBA (Empresas)\" href=\"http:\/\/immformacion.com\/web\/?page_id=5792\" target=\"_blank\" rel=\"noopener noreferrer\"><span style=\"color: #993366; font-size: small;\">Gesti\u00f3n de Empresas (MBA)<\/span><\/a><\/td>\n<\/tr>\n<tr style=\"padding-left: 60px;\">\n<td style=\"background-color: #eddde0; border: 1px solid #ffffff; padding-left: 30px;\" colspan=\"2\"><a title=\"Habilidades (Empresas)\" href=\"http:\/\/immformacion.com\/web\/?page_id=5794\" target=\"_blank\" rel=\"noopener noreferrer\"><span style=\"color: #993366; font-size: small;\">Habilidades<\/span><\/a><\/td>\n<\/tr>\n<tr style=\"padding-left: 60px;\">\n<td style=\"background-color: #eddde0; border: 1px solid #ffffff; padding-left: 30px;\" colspan=\"2\"><a title=\"Idiomas (Empresas)\" href=\"http:\/\/immformacion.com\/web\/?page_id=5796\" target=\"_blank\" rel=\"noopener noreferrer\"><span style=\"color: #993366; font-size: small;\">Idiomas<\/span><\/a><\/td>\n<\/tr>\n<tr style=\"padding-left: 60px;\">\n<td style=\"background-color: #eddde0; border: 1px solid #ffffff; padding-left: 30px;\" colspan=\"2\"><a title=\"Log\u00edstica y Transporte (Empresas)\" href=\"http:\/\/immformacion.com\/web\/?page_id=5799\" target=\"_blank\" rel=\"noopener noreferrer\"><span style=\"color: #993366; font-size: small;\">Log\u00edstica y Transporte<\/span><\/a><\/td>\n<\/tr>\n<tr style=\"padding-left: 60px;\">\n<td style=\"background-color: #eddde0; border: 1px solid #ffffff; padding-left: 30px;\" colspan=\"2\"><a title=\"Medio Ambiente (Empresas)\" href=\"http:\/\/immformacion.com\/web\/?page_id=5801\" target=\"_blank\" rel=\"noopener noreferrer\"><span style=\"color: #993366; font-size: small;\">Medio Ambiente<\/span><\/a><\/td>\n<\/tr>\n<tr style=\"padding-left: 30px;\">\n<td style=\"background-color: #eddde0; border: 1px solid #ffffff; padding-left: 30px;\" colspan=\"2\"><a title=\"Prevenci\u00f3n de Riesgos Laborales (Empresas)\" href=\"http:\/\/immformacion.com\/web\/?page_id=5803\" target=\"_blank\" rel=\"noopener noreferrer\"><span style=\"color: #993366; font-size: small;\">Prevenci\u00f3n de Riesgos Laborales<\/span><\/a><\/td>\n<\/tr>\n<tr style=\"padding-left: 60px;\">\n<td style=\"background-color: #eddde0; border: 1px solid #ffffff; padding-left: 30px;\" colspan=\"2\"><a title=\"Formaci\u00f3n para el Convenio de la Construcci\u00f3n y el Metal (Empresas)\" href=\"http:\/\/immformacion.com\/web\/?page_id=5805\" target=\"_blank\" rel=\"noopener noreferrer\"><span style=\"color: #993366; font-size: small;\">Formaci\u00f3n en Prevenci\u00f3n de Riesgos Laborales<\/span><\/a><\/td>\n<\/tr>\n<tr style=\"padding-left: 60px;\">\n<td style=\"background-color: #eddde0; border: 1px solid #ffffff; padding-left: 30px;\" colspan=\"2\"><a title=\"Protocolo (Empresas)\" href=\"http:\/\/immformacion.com\/web\/?page_id=5809\" target=\"_blank\" rel=\"noopener noreferrer\"><span style=\"color: #993366; font-size: small;\">Protocolo<\/span><\/a><\/td>\n<\/tr>\n<tr style=\"padding-left: 60px;\">\n<td style=\"background-color: #eddde0; border: 1px solid #ffffff; padding-left: 30px;\" colspan=\"2\"><a title=\"Recursos Humanos (Empresas)\" href=\"http:\/\/immformacion.com\/web\/?page_id=5811\" target=\"_blank\" rel=\"noopener noreferrer\"><span style=\"color: #993366; font-size: small;\">Recursos Humanos<\/span><\/a><\/td>\n<\/tr>\n<tr style=\"padding-left: 60px;\">\n<td style=\"background-color: #eddde0; border: 1px solid #ffffff; padding-left: 30px;\" colspan=\"2\"><a title=\"Seguridad de la Informaci\u00f3n (Empresas)\" href=\"http:\/\/immformacion.com\/web\/?page_id=5813\" target=\"_blank\" rel=\"noopener noreferrer\"><span style=\"color: #993366; font-size: small;\">Seguridad de la Informaci\u00f3n<\/span><\/a><\/td>\n<\/tr>\n<tr style=\"padding-left: 60px;\">\n<td style=\"background-color: #eddde0; border: 1px solid #ffffff; padding-left: 30px;\" colspan=\"2\"><a title=\"Sistemas (Empresas)\" href=\"http:\/\/immformacion.com\/web\/?page_id=5815\" target=\"_blank\" rel=\"noopener noreferrer\"><span style=\"color: #993366; font-size: small;\">Sistemas<\/span><\/a><\/td>\n<\/tr>\n<tr style=\"padding-left: 60px;\">\n<td style=\"background-color: #eddde0; border: 1px solid #ffffff; padding-left: 30px;\" colspan=\"2\"><a title=\"Social Igualdad (Empresas)\" href=\"http:\/\/immformacion.com\/web\/?page_id=5818\" target=\"_blank\" rel=\"noopener noreferrer\"><span style=\"color: #993366; font-size: small;\">Social Igualdad<\/span><\/a><\/td>\n<\/tr>\n<tr style=\"padding-left: 30px;\">\n<td style=\"background-color: #ffffff; padding-left: 30px;\" colspan=\"2\"><span style=\"color: #ffffff;\">\u00a0&#8211;<\/span><\/td>\n<\/tr>\n<tr style=\"padding-left: 30px;\">\n<td style=\"background-color: #ffffff;\" colspan=\"2\"><\/td>\n<\/tr>\n<\/tbody>\n<\/table>\n","protected":false},"excerpt":{"rendered":"<p>.<\/p>\n","protected":false},"author":1,"featured_media":0,"parent":0,"menu_order":0,"comment_status":"closed","ping_status":"open","template":"","meta":{"_uag_custom_page_level_css":"","_monsterinsights_skip_tracking":false,"_monsterinsights_sitenote_active":false,"_monsterinsights_sitenote_note":"","_monsterinsights_sitenote_category":0,"footnotes":""},"class_list":["post-12634","page","type-page","status-publish","hentry"],"aioseo_notices":[],"uagb_featured_image_src":{"full":false,"thumbnail":false,"medium":false,"medium_large":false,"large":false,"1536x1536":false,"2048x2048":false,"ample-featured-blog-large":false,"ample-featured-blog-small":false,"ample-portfolio-image":false,"sendpress-max":false,"woocommerce_thumbnail":false,"woocommerce_single":false,"woocommerce_gallery_thumbnail":false},"uagb_author_info":{"display_name":"IMM","author_link":"https:\/\/immformacion.com\/web\/author\/imm_admin\/"},"uagb_comment_info":0,"uagb_excerpt":".","_links":{"self":[{"href":"https:\/\/immformacion.com\/web\/wp-json\/wp\/v2\/pages\/12634","targetHints":{"allow":["GET"]}}],"collection":[{"href":"https:\/\/immformacion.com\/web\/wp-json\/wp\/v2\/pages"}],"about":[{"href":"https:\/\/immformacion.com\/web\/wp-json\/wp\/v2\/types\/page"}],"author":[{"embeddable":true,"href":"https:\/\/immformacion.com\/web\/wp-json\/wp\/v2\/users\/1"}],"replies":[{"embeddable":true,"href":"https:\/\/immformacion.com\/web\/wp-json\/wp\/v2\/comments?post=12634"}],"version-history":[{"count":3,"href":"https:\/\/immformacion.com\/web\/wp-json\/wp\/v2\/pages\/12634\/revisions"}],"predecessor-version":[{"id":12666,"href":"https:\/\/immformacion.com\/web\/wp-json\/wp\/v2\/pages\/12634\/revisions\/12666"}],"wp:attachment":[{"href":"https:\/\/immformacion.com\/web\/wp-json\/wp\/v2\/media?parent=12634"}],"curies":[{"name":"wp","href":"https:\/\/api.w.org\/{rel}","templated":true}]}}