{"id":12817,"date":"2020-01-12T11:01:22","date_gmt":"2020-01-12T10:01:22","guid":{"rendered":"https:\/\/immformacion.com\/web\/gestion-flotas-localizacion-vehiculos-2\/"},"modified":"2020-01-22T15:16:03","modified_gmt":"2020-01-22T14:16:03","slug":"recurso-preventivo-convenio-metal","status":"publish","type":"page","link":"https:\/\/immformacion.com\/web\/recurso-preventivo-convenio-metal\/","title":{"rendered":"TPM Recurso Preventivo Convenio del Metal"},"content":{"rendered":"<table style=\"height: 166px;\" width=\"980\">\n<tbody>\n<tr>\n<td style=\"background-color: #ffffff; width: 5px; text-align: right;\" colspan=\"2\">\n<table style=\"border-collapse: collapse; width: 33.0822%; height: 10px;\">\n<tbody>\n<tr style=\"height: 10px;\">\n<td style=\"width: 100%; height: 10px;\"><span style=\"color: #ffffff;\"><span style=\"background-color: #ff0000;\"><br \/>\n<a href=\"https:\/\/immformacion.com\/web\/ficha-de-inscripcion-adgd0308-2-2-2-3\/\"><img decoding=\"async\" class=\"wp-image-13055 aligncenter\" src=\"https:\/\/immformacion.com\/web\/wp-content\/uploads\/2020\/01\/5481ec79b4f08a441dfe1b0565b50c7e.jpg\" alt=\"\" width=\"127\" height=\"37\" srcset=\"https:\/\/immformacion.com\/web\/wp-content\/uploads\/2020\/01\/5481ec79b4f08a441dfe1b0565b50c7e.jpg 418w, https:\/\/immformacion.com\/web\/wp-content\/uploads\/2020\/01\/5481ec79b4f08a441dfe1b0565b50c7e-300x86.jpg 300w, https:\/\/immformacion.com\/web\/wp-content\/uploads\/2020\/01\/5481ec79b4f08a441dfe1b0565b50c7e-120x34.jpg 120w\" sizes=\"(max-width: 127px) 100vw, 127px\" \/><\/a><\/span><\/span><\/td>\n<\/tr>\n<\/tbody>\n<\/table>\n<\/td>\n<\/tr>\n<tr>\n<td style=\"text-align: center; background-color: #346094;\" colspan=\"2\"><span style=\"color: #ffffff;\">RECURSO PREVENTIVO CONVENIO DEL METAL<\/span><\/td>\n<\/tr>\n<tr>\n<td style=\"width: 150px; text-align: center; background-color: #dce5f4;\" scope=\"col\"><span style=\"color: #346094;\"><b>3382<\/b><\/span><\/td>\n<td style=\"background-color: #dce5f4;\"><span style=\"font-family: tahoma, arial, helvetica, sans-serif;\">Recurso Preventivo Convenio del Metal<\/span><\/td>\n<\/tr>\n<tr>\n<td style=\"text-align: center; background-color: #dce5f4;\"><span style=\"color: #346094;\">Duraci\u00f3n<\/span><\/td>\n<td>50\u00a0horas<\/td>\n<\/tr>\n<tr>\n<td style=\"text-align: center; background-color: #dce5f4;\"><span style=\"color: #346094;\">Certificaci\u00f3n<\/span><\/td>\n<td>Al finalizar el curso el alumno recibir\u00e1 un Diploma o Certificado de Aprovechamiento. Acreditaci\u00f3n Fundaci\u00f3n Laboral del Metal<\/td>\n<\/tr>\n<tr>\n<td style=\"background-color: #dce5f4; text-align: center; vertical-align: top;\"><span style=\"color: #346094;\">OBJETIVOS<\/span><\/td>\n<td>\n<h2 class=\"vc_custom_heading wpb_animate_when_almost_visible wpb_fadeIn fadeIn wpb_start_animation animated\">\u00bfA qui\u00e9n va dirigida esta formaci\u00f3n?<\/h2>\n<div class=\"wpb_text_column wpb_content_element\">\n<div class=\"wpb_wrapper\">\n<p>El Curso de Recurso Preventivo est\u00e1 dirigido a mandos intermedios, directivos, empresarios y cualquier persona que precise el t\u00edtulo de Prevenci\u00f3n de Riesgos Laborales (PRL) b\u00e1sico de 50 horas en el Sector del Metal, o para cualquier otro interesado en una formaci\u00f3n amplia en PRL.<\/p>\n<\/div>\n<\/div>\n<h2 class=\"vc_custom_heading wpb_animate_when_almost_visible wpb_fadeIn fadeIn wpb_start_animation animated\">\u00bfComo se realiza?<\/h2>\n<div class=\"wpb_text_column wpb_content_element\">\n<div class=\"wpb_wrapper\">\n<p>El contenido m\u00ednimo para esta formaci\u00f3n es de 50 horas, las cuales se realizan:<\/p>\n<ul>\n<li>20 horas Presenciales<\/li>\n<li>30 horas en formato Teleformaci\u00f3n<\/li>\n<\/ul>\n<\/div>\n<\/div>\n<p>El objetivo de el curso b\u00e1sico de prevenci\u00f3n de 50 horas es que el alumno pueda adquirir los conocimientos b\u00e1sicos en materia de prevenci\u00f3n de riesgos laborales en el sector del metal.<\/p>\n<p><strong>OBJETIVOS ESPEC\u00cdFICOS:<\/strong><\/p>\n<ul>\n<li><span style=\"font-size: inherit; font-family: inherit; font-weight: inherit;\">Conocer los riesgos laborales derivados del puesto de trabajo.<\/span><\/li>\n<li>Identificar los riesgos laborales m\u00e1s comunes en el puesto de trabajo que se generan durante el desarrollo de la actividad profesional.<\/li>\n<li class=\"icon_description_text ult-responsive\" data-ultimate-target=\"#Info-list-wrap-3055 .icon_description_text\" data-responsive-json-new=\"{&quot;font-size&quot;:&quot;desktop:13px;&quot;,&quot;line-height&quot;:&quot;desktop:18px;&quot;}\">Conocer los trabajos asociados a la actividad laboral, con el fin de identificar las condiciones de trabajo en las que los\/as trabajadores\/as desarrollan su actividad.<\/li>\n<li>Conocer las medidas preventivas generales para la eliminaci\u00f3n o la reducci\u00f3n y el control de dichos riesgos.<\/li>\n<\/ul>\n<\/td>\n<\/tr>\n<tr>\n<td style=\"background-color: #dce5f4; text-align: center; vertical-align: top;\"><span style=\"color: #346094;\">CONTENIDOS<\/span><\/td>\n<td>\n<h4>1. CONCEPTOS B\u00c1SICOS SOBRE SEGURIDAD Y SALUD EN EL TRABAJO.<\/h4>\n<p>1.1. El Trabajo y la Salud: los riesgos profesionales. Factores de riesgo<br \/>\n1.2. Da\u00f1os derivados de trabajos: Los Accidentes de Trabajo y las Enfermedades profesionales. Otras patolog\u00edas derivadas del trabajo.<br \/>\n1.3. Marco normativo b\u00e1sico en materia de prevenci\u00f3n de riesgos laborales. Derechos y deberes b\u00e1sicos en esta materia.<\/p>\n<h4>2. RIESGOS GENERALES Y SU PREVENCI\u00d3N.<\/h4>\n<p>2.1. Riesgos ligados a las condiciones de Seguridad.<br \/>\n2.2. Riesgos ligados al medio-ambiente de trabajo.<br \/>\n2.3. La carga de trabajo, la fatiga y la insatisfacci\u00f3n laboral.<br \/>\n2.4. Sistemas elementales de control de riesgos. Protecci\u00f3n colectiva e individual.<br \/>\n2.5. Planes de emergencia y evacuaci\u00f3n.<br \/>\n2.6. El control de la salud de los trabajadores.<\/p>\n<h4>3. RIESGOS ESPEC\u00cdFICOS Y SU PREVENCI\u00d3N EN EL SECTOR METAL.<\/h4>\n<h4>4. ELEMENTOS B\u00c1SICOS DE GESTI\u00d3N DE LA PREVENCI\u00d3N DE RIESGOS.<\/h4>\n<p>4.1. Organismos p\u00fablicos relacionados con la Seguridad y Salud en el Trabajo.<br \/>\n4.2. Organizaci\u00f3n del trabajo preventivo: \u00abrutinas\u00bb b\u00e1sicas.<br \/>\n4.3. Documentaci\u00f3n: recogida, elaboraci\u00f3n y archivo.<\/p>\n<h4>5. PRIMEROS AUXILIOS.<\/h4>\n<p>5.1. Procedimientos generales.<br \/>\n5.2. Plan de actuaci\u00f3n<\/td>\n<\/tr>\n<\/tbody>\n<\/table>\n","protected":false},"excerpt":{"rendered":"<p>RECURSO PREVENTIVO CONVENIO DEL METAL 3382 Recurso Preventivo Convenio del Metal Duraci\u00f3n 50\u00a0horas Certificaci\u00f3n Al finalizar el curso el alumno<\/p>\n","protected":false},"author":1,"featured_media":0,"parent":0,"menu_order":0,"comment_status":"closed","ping_status":"closed","template":"","meta":{"_uag_custom_page_level_css":"","_monsterinsights_skip_tracking":false,"_monsterinsights_sitenote_active":false,"_monsterinsights_sitenote_note":"","_monsterinsights_sitenote_category":0,"footnotes":""},"class_list":["post-12817","page","type-page","status-publish","hentry"],"aioseo_notices":[],"uagb_featured_image_src":{"full":false,"thumbnail":false,"medium":false,"medium_large":false,"large":false,"1536x1536":false,"2048x2048":false,"ample-featured-blog-large":false,"ample-featured-blog-small":false,"ample-portfolio-image":false,"sendpress-max":false,"woocommerce_thumbnail":false,"woocommerce_single":false,"woocommerce_gallery_thumbnail":false},"uagb_author_info":{"display_name":"IMM","author_link":"https:\/\/immformacion.com\/web\/author\/imm_admin\/"},"uagb_comment_info":0,"uagb_excerpt":"RECURSO PREVENTIVO CONVENIO DEL METAL 3382 Recurso Preventivo Convenio del Metal Duraci\u00f3n 50\u00a0horas Certificaci\u00f3n Al finalizar el curso el alumno","_links":{"self":[{"href":"https:\/\/immformacion.com\/web\/wp-json\/wp\/v2\/pages\/12817","targetHints":{"allow":["GET"]}}],"collection":[{"href":"https:\/\/immformacion.com\/web\/wp-json\/wp\/v2\/pages"}],"about":[{"href":"https:\/\/immformacion.com\/web\/wp-json\/wp\/v2\/types\/page"}],"author":[{"embeddable":true,"href":"https:\/\/immformacion.com\/web\/wp-json\/wp\/v2\/users\/1"}],"replies":[{"embeddable":true,"href":"https:\/\/immformacion.com\/web\/wp-json\/wp\/v2\/comments?post=12817"}],"version-history":[{"count":8,"href":"https:\/\/immformacion.com\/web\/wp-json\/wp\/v2\/pages\/12817\/revisions"}],"predecessor-version":[{"id":13060,"href":"https:\/\/immformacion.com\/web\/wp-json\/wp\/v2\/pages\/12817\/revisions\/13060"}],"wp:attachment":[{"href":"https:\/\/immformacion.com\/web\/wp-json\/wp\/v2\/media?parent=12817"}],"curies":[{"name":"wp","href":"https:\/\/api.w.org\/{rel}","templated":true}]}}