{"id":12824,"date":"2020-01-12T11:24:01","date_gmt":"2020-01-12T10:24:01","guid":{"rendered":"https:\/\/immformacion.com\/web\/recurso-preventivo-convenio-metal-2\/"},"modified":"2020-01-22T15:38:32","modified_gmt":"2020-01-22T14:38:32","slug":"recurso-preventivo-convenio-construccion","status":"publish","type":"page","link":"https:\/\/immformacion.com\/web\/recurso-preventivo-convenio-construccion\/","title":{"rendered":"TPC Recurso Preventivo Convenio de la Construcci\u00f3n"},"content":{"rendered":"<table style=\"height: 166px; width: 100.307%;\" width=\"980\">\n<tbody>\n<tr style=\"background-color: #ffffff;\">\n<td style=\"text-align: center; width: 98.9655%;\" colspan=\"2\"><a href=\"https:\/\/immformacion.com\/web\/ficha-de-inscripcion-adgd0308-2-2-2-3-2\/\"><img decoding=\"async\" class=\"wp-image-13055 alignleft\" src=\"https:\/\/immformacion.com\/web\/wp-content\/uploads\/2020\/01\/5481ec79b4f08a441dfe1b0565b50c7e.jpg\" alt=\"\" width=\"122\" height=\"35\" srcset=\"https:\/\/immformacion.com\/web\/wp-content\/uploads\/2020\/01\/5481ec79b4f08a441dfe1b0565b50c7e.jpg 418w, https:\/\/immformacion.com\/web\/wp-content\/uploads\/2020\/01\/5481ec79b4f08a441dfe1b0565b50c7e-300x86.jpg 300w, https:\/\/immformacion.com\/web\/wp-content\/uploads\/2020\/01\/5481ec79b4f08a441dfe1b0565b50c7e-120x34.jpg 120w\" sizes=\"(max-width: 122px) 100vw, 122px\" \/><\/a><\/td>\n<\/tr>\n<tr>\n<td style=\"text-align: center; background-color: #346094; width: 98.9655%;\" colspan=\"2\"><span style=\"color: #ffffff;\">TPC Recurso Preventivo Convenio de la Construcci\u00f3n<\/span><\/td>\n<\/tr>\n<tr>\n<td style=\"width: 25.6897%; text-align: center; background-color: #dce5f4;\" scope=\"col\"><span style=\"color: #346094;\"><b>3384<\/b><\/span><\/td>\n<td style=\"background-color: #dce5f4; width: 73.2759%;\"><span style=\"font-family: tahoma, arial, helvetica, sans-serif;\">Recurso Preventivo Convenio de la Construcci\u00f3n<\/span><\/td>\n<\/tr>\n<tr>\n<td style=\"text-align: center; background-color: #dce5f4; width: 25.6897%;\"><span style=\"color: #346094;\">Duraci\u00f3n<\/span><\/td>\n<td style=\"width: 73.2759%;\">60 horas<\/td>\n<\/tr>\n<tr>\n<td style=\"text-align: center; background-color: #dce5f4; width: 25.6897%;\"><span style=\"color: #346094;\">Certificaci\u00f3n<\/span><\/td>\n<td style=\"width: 73.2759%;\">Al finalizar el curso el alumno recibir\u00e1 un Diploma o Certificado de Aprovechamiento. Acreditaci\u00f3n Fundaci\u00f3n Laboral de la Construcci\u00f3n<\/td>\n<\/tr>\n<tr>\n<td style=\"background-color: #dce5f4; text-align: center; vertical-align: top; width: 25.6897%;\"><span style=\"color: #346094;\">OBJETIVOS<\/span><\/td>\n<td style=\"width: 73.2759%;\">\n<h2 class=\"vc_custom_heading wpb_animate_when_almost_visible wpb_fadeIn fadeIn wpb_start_animation animated\">\u00bfA qui\u00e9n va dirigido esta formaci\u00f3n?<\/h2>\n<div class=\"wpb_text_column wpb_content_element\">\n<div class=\"wpb_wrapper\">\n<p>El Curso de Recurso Preventivo est\u00e1 dirigido a mandos intermedios, directivos, empresarios y cualquier persona que precise el t\u00edtulo de Prevenci\u00f3n de Riesgos Laborales (PRL) b\u00e1sico de 60 horas en el Sector de la Construcci\u00f3n, o para cualquier otro interesado en una formaci\u00f3n amplia en PRL.<\/p>\n<\/div>\n<\/div>\n<h2 class=\"vc_custom_heading wpb_animate_when_almost_visible wpb_fadeIn fadeIn wpb_start_animation animated\">Curso b\u00e1sico Tpc 60 horas<\/h2>\n<div class=\"wpb_text_column wpb_content_element\">\n<div class=\"wpb_wrapper\">\n<div align=\"justify\">Curso b\u00e1sico de prevenci\u00f3n Tpc requerido para aquellos que quieran tener funciones de vigilancia en el \u00e1mbito de la prevenci\u00f3n de riesgos laborales en obra<\/div>\n<h3>\u00bfPor qu\u00e9 realizar este curso?<\/h3>\n<p>Esta formaci\u00f3n capacita al alumno con conocimientos prevenci\u00f3n de riesgos laborales suficientes como ser capaz de supervisar no solo los trabajos ejecutados por \u00e9l mismo, sino tambi\u00e9n el del personal que pueda tener a su cargo.<\/p>\n<p>La legislaci\u00f3n actual exige que toda empresa que act\u00fae en obra, tenga un trabajador con esta capacitaci\u00f3n.<\/p>\n<\/div>\n<\/div>\n<h2 class=\"vc_custom_heading wpb_animate_when_almost_visible wpb_fadeIn fadeIn wpb_start_animation animated\">\u00bfComo se realiza?<\/h2>\n<div class=\"wpb_text_column wpb_content_element\">\n<div class=\"wpb_wrapper\">\n<p>El contenido m\u00ednimo para esta formaci\u00f3n es de 60 horas, las cuales se realizan:<\/p>\n<ul>\n<li>20 horas Presenciales<\/li>\n<li>40 horas en formato Teleformaci\u00f3n<\/li>\n<\/ul>\n<\/div>\n<\/div>\n<p><strong>OBJETIVO:<\/strong><\/p>\n<p>El objetivo de el curso b\u00e1sico de prevenci\u00f3n de 60 horas es que ale alumno pueda adquirir los conocimientos b\u00e1sicos en materia de prevenci\u00f3n de riesgos laborales en el sector de la construcci\u00f3n.<\/p>\n<p><strong>OBJETIVOS ESPEC\u00cdFICOS:<\/strong><\/p>\n<div id=\"Info-list-wrap-1306\" class=\"icon_description\">\n<div class=\"icon_description_text ult-responsive\" data-ultimate-target=\"#Info-list-wrap-1306 .icon_description_text\" data-responsive-json-new=\"{&quot;font-size&quot;:&quot;desktop:13px;&quot;,&quot;line-height&quot;:&quot;desktop:18px;&quot;}\">\n<ul>\n<li>Conocer los riesgos laborales derivados del puesto de trabajo.<\/li>\n<\/ul>\n<div class=\"icon_description_text ult-responsive\" data-ultimate-target=\"#Info-list-wrap-7404 .icon_description_text\" data-responsive-json-new=\"{&quot;font-size&quot;:&quot;desktop:13px;&quot;,&quot;line-height&quot;:&quot;desktop:18px;&quot;}\">\n<ul>\n<li>Conocer los trabajos asociados a la actividad laboral, con el fin de identificar las condiciones de trabajo en las que los\/as trabajadores\/as desarrollan su actividad.<\/li>\n<\/ul>\n<div class=\"wpb_column vc_column_container vc_col-sm-6 mpc-column\" data-column-id=\"mpc_column-275e1a86063970b\">\n<div class=\"vc_column-inner\">\n<div class=\"wpb_wrapper\">\n<div class=\"smile_icon_list_wrap ult-adjust-bottom-margin\">\n<div id=\"Info-list-wrap-9672\" class=\"icon_description\">\n<div class=\"icon_description_text ult-responsive\" data-ultimate-target=\"#Info-list-wrap-9672 .icon_description_text\" data-responsive-json-new=\"{&quot;font-size&quot;:&quot;desktop:13px;&quot;,&quot;line-height&quot;:&quot;desktop:18px;&quot;}\">\n<ul>\n<li>Identificar los riesgos laborales m\u00e1s comunes en el puesto de trabajo que se generan durante el desarrollo de la actividad profesional.<\/li>\n<li>Conocer las medidas preventivas generales para la eliminaci\u00f3n o la reducci\u00f3n y el control de dichos riesgos.<span style=\"font-family: inherit; font-size: inherit; font-weight: inherit;\">\u00a0<\/span><\/li>\n<\/ul>\n<\/div>\n<\/div>\n<\/div>\n<\/div>\n<\/div>\n<\/div>\n<\/div>\n<\/div>\n<\/div>\n<\/td>\n<\/tr>\n<tr>\n<td style=\"background-color: #dce5f4; text-align: center; vertical-align: top; width: 25.6897%;\"><span style=\"color: #346094;\">CONTENIDOS<\/span><\/td>\n<td style=\"width: 73.2759%;\">\n<ol>\n<li>CONCEPTOS B\u00c1SICO SOBRE SEGURIDAD Y SALUD EN EL TRABAJO.<\/li>\n<\/ol>\n<p>1.1. El Trabajo y la Salud: los riesgos profesionales. Factores de riesgo<\/p>\n<p>1.2. Da\u00f1os derivados de trabajos: Los Accidentes de Trabajo y las Enfermedades profesionales. Otras patolog\u00edas derivadas del trabajo.<\/p>\n<p>1.3. Marco normativo b\u00e1sico en materia de prevenci\u00f3n de riesgos laborales. Derechos y deberes b\u00e1sicos en esta materia.<\/p>\n<ol start=\"2\">\n<li>RIESGOS GENERALES Y SU PREVENCI\u00d3N.<\/li>\n<\/ol>\n<p>2.1. Riesgos ligados a las condiciones de Seguridad.<\/p>\n<p>2.2. Riesgos ligados al medio-ambiente de trabajo.<\/p>\n<p>2.3. La carga de trabajo, la fatiga y la insatisfacci\u00f3n laboral.<\/p>\n<p>2.4. Sistemas elementales de control de riesgos. Protecci\u00f3n colectiva e individual.<\/p>\n<p>2.5. Planes de emergencia y evacuaci\u00f3n.<\/p>\n<p>2.6. El control de la salud de los trabajadores.<\/p>\n<ol start=\"3\">\n<li>RIESGOS ESPEC\u00cdFICOS Y SU PREVENCI\u00d3N EN EL SECTOR DE LA CONSTRUCCI\u00d3N.<\/li>\n<\/ol>\n<p>3.1. Diferentes fases de obra y sus protecciones correspondientes (redes, barandillas, andamios, plataformas de trabajo, escaleras, etc.).<\/p>\n<p>3.2. Implantaci\u00f3n de obra. Locales higi\u00e9nico sanitarios, instalaciones provisionales, etc.<\/p>\n<ol start=\"4\">\n<li>ELEMENTOS B\u00c1SICOS DE GESTI\u00d3N DE LA PREVENCI\u00d3N DE RIESGOS.<\/li>\n<\/ol>\n<p>4.1. Organismos p\u00fablicos relacionados con la Seguridad y Salud en el Trabajo.<\/p>\n<p>4.2. Organizaci\u00f3n del trabajo preventivo: \u00abrutinas\u00bb b\u00e1sicas.<\/p>\n<p>4.3. Documentaci\u00f3n: recogida, elaboraci\u00f3n y archivo.<\/p>\n<p>4.4. Representaci\u00f3n de los trabajadores. Derechos y obligaciones (delegados de prevenci\u00f3n, comit\u00e9 de seguridad y salud, trabajadores designados, etc.).<\/p>\n<ol start=\"5\">\n<li>PRIMEROS AUXILIOS.<\/li>\n<\/ol>\n<p>5.1. Procedimientos generales.<\/p>\n<p>5.2. Plan de actuaci\u00f3n.<\/td>\n<\/tr>\n<\/tbody>\n<\/table>\n","protected":false},"excerpt":{"rendered":"<p>TPC Recurso Preventivo Convenio de la Construcci\u00f3n 3384 Recurso Preventivo Convenio de la Construcci\u00f3n Duraci\u00f3n 60 horas Certificaci\u00f3n Al finalizar<\/p>\n","protected":false},"author":1,"featured_media":0,"parent":0,"menu_order":0,"comment_status":"closed","ping_status":"closed","template":"","meta":{"_uag_custom_page_level_css":"","_monsterinsights_skip_tracking":false,"_monsterinsights_sitenote_active":false,"_monsterinsights_sitenote_note":"","_monsterinsights_sitenote_category":0,"footnotes":""},"class_list":["post-12824","page","type-page","status-publish","hentry"],"aioseo_notices":[],"uagb_featured_image_src":{"full":false,"thumbnail":false,"medium":false,"medium_large":false,"large":false,"1536x1536":false,"2048x2048":false,"ample-featured-blog-large":false,"ample-featured-blog-small":false,"ample-portfolio-image":false,"sendpress-max":false,"woocommerce_thumbnail":false,"woocommerce_single":false,"woocommerce_gallery_thumbnail":false},"uagb_author_info":{"display_name":"IMM","author_link":"https:\/\/immformacion.com\/web\/author\/imm_admin\/"},"uagb_comment_info":0,"uagb_excerpt":"TPC Recurso Preventivo Convenio de la Construcci\u00f3n 3384 Recurso Preventivo Convenio de la Construcci\u00f3n Duraci\u00f3n 60 horas Certificaci\u00f3n Al finalizar","_links":{"self":[{"href":"https:\/\/immformacion.com\/web\/wp-json\/wp\/v2\/pages\/12824","targetHints":{"allow":["GET"]}}],"collection":[{"href":"https:\/\/immformacion.com\/web\/wp-json\/wp\/v2\/pages"}],"about":[{"href":"https:\/\/immformacion.com\/web\/wp-json\/wp\/v2\/types\/page"}],"author":[{"embeddable":true,"href":"https:\/\/immformacion.com\/web\/wp-json\/wp\/v2\/users\/1"}],"replies":[{"embeddable":true,"href":"https:\/\/immformacion.com\/web\/wp-json\/wp\/v2\/comments?post=12824"}],"version-history":[{"count":7,"href":"https:\/\/immformacion.com\/web\/wp-json\/wp\/v2\/pages\/12824\/revisions"}],"predecessor-version":[{"id":13069,"href":"https:\/\/immformacion.com\/web\/wp-json\/wp\/v2\/pages\/12824\/revisions\/13069"}],"wp:attachment":[{"href":"https:\/\/immformacion.com\/web\/wp-json\/wp\/v2\/media?parent=12824"}],"curies":[{"name":"wp","href":"https:\/\/api.w.org\/{rel}","templated":true}]}}