{"id":12897,"date":"2020-01-17T20:08:40","date_gmt":"2020-01-17T19:08:40","guid":{"rendered":"https:\/\/immformacion.com\/web\/agencia-de-colocacion-3-2\/"},"modified":"2020-10-22T05:59:29","modified_gmt":"2020-10-22T04:59:29","slug":"cursos-cap-conductores-mercancias-y-viajeros-santander-reinosa","status":"publish","type":"page","link":"https:\/\/immformacion.com\/web\/cursos-cap-conductores-mercancias-y-viajeros-santander-reinosa\/","title":{"rendered":"Cursos CAP conductores Mercanc\u00edas y viajeros (Santander y Reinosa)"},"content":{"rendered":"<table style=\"width: 100%; height: 4098px;\" border=\"0\" cellspacing=\"0\" cellpadding=\"0\" align=\"center\">\n<tbody>\n<tr style=\"height: 216px;\">\n<td style=\"height: 216px;\" valign=\"top\" width=\"576\"><img decoding=\"async\" class=\"aligncenter  wp-image-12903\" src=\"https:\/\/immformacion.com\/web\/wp-content\/uploads\/2020\/01\/ddd83db572c6b3be7facf43d998cae36.png\" alt=\"\" width=\"254\" height=\"60\" srcset=\"https:\/\/immformacion.com\/web\/wp-content\/uploads\/2020\/01\/ddd83db572c6b3be7facf43d998cae36.png 1412w, https:\/\/immformacion.com\/web\/wp-content\/uploads\/2020\/01\/ddd83db572c6b3be7facf43d998cae36-300x71.png 300w, https:\/\/immformacion.com\/web\/wp-content\/uploads\/2020\/01\/ddd83db572c6b3be7facf43d998cae36-1024x242.png 1024w, https:\/\/immformacion.com\/web\/wp-content\/uploads\/2020\/01\/ddd83db572c6b3be7facf43d998cae36-768x182.png 768w, https:\/\/immformacion.com\/web\/wp-content\/uploads\/2020\/01\/ddd83db572c6b3be7facf43d998cae36-120x28.png 120w\" sizes=\"(max-width: 254px) 100vw, 254px\" \/><img decoding=\"async\" class=\"aligncenter  wp-image-12905\" src=\"https:\/\/immformacion.com\/web\/wp-content\/uploads\/2020\/01\/24d1fb43f96770e98a11c724820695ab.png\" alt=\"\" width=\"394\" height=\"78\" srcset=\"https:\/\/immformacion.com\/web\/wp-content\/uploads\/2020\/01\/24d1fb43f96770e98a11c724820695ab.png 1398w, https:\/\/immformacion.com\/web\/wp-content\/uploads\/2020\/01\/24d1fb43f96770e98a11c724820695ab-300x59.png 300w, https:\/\/immformacion.com\/web\/wp-content\/uploads\/2020\/01\/24d1fb43f96770e98a11c724820695ab-1024x203.png 1024w, https:\/\/immformacion.com\/web\/wp-content\/uploads\/2020\/01\/24d1fb43f96770e98a11c724820695ab-768x152.png 768w, https:\/\/immformacion.com\/web\/wp-content\/uploads\/2020\/01\/24d1fb43f96770e98a11c724820695ab-120x24.png 120w\" sizes=\"(max-width: 394px) 100vw, 394px\" \/><\/p>\n<p><img decoding=\"async\" class=\"aligncenter  wp-image-12904\" src=\"https:\/\/immformacion.com\/web\/wp-content\/uploads\/2020\/01\/074a3a69d9850d4e98b72a35be4ac097.png\" alt=\"\" width=\"192\" height=\"32\" srcset=\"https:\/\/immformacion.com\/web\/wp-content\/uploads\/2020\/01\/074a3a69d9850d4e98b72a35be4ac097.png 1412w, https:\/\/immformacion.com\/web\/wp-content\/uploads\/2020\/01\/074a3a69d9850d4e98b72a35be4ac097-300x50.png 300w, https:\/\/immformacion.com\/web\/wp-content\/uploads\/2020\/01\/074a3a69d9850d4e98b72a35be4ac097-1024x170.png 1024w, https:\/\/immformacion.com\/web\/wp-content\/uploads\/2020\/01\/074a3a69d9850d4e98b72a35be4ac097-768x128.png 768w, https:\/\/immformacion.com\/web\/wp-content\/uploads\/2020\/01\/074a3a69d9850d4e98b72a35be4ac097-120x20.png 120w\" sizes=\"(max-width: 192px) 100vw, 192px\" \/><\/td>\n<\/tr>\n<tr style=\"height: 3882px;\">\n<td style=\"width: 576px; height: 3882px;\" align=\"center\" valign=\"middle\">\n<hr \/>\n<h3 style=\"text-align: left;\">IMM FORMACI\u00d3N es un centro acreditado por la Direcci\u00f3n General de Transportes \u00a0para adquirir la <strong>Renovaci\u00f3n del CAP<\/strong> y trabajar en el sector del transporte.<\/h3>\n<p style=\"text-align: left;\"><u>El <strong>Certificado de Aptitud Profesional<\/strong> es obligatorio.<\/u><\/p>\n<p>\u00bfQui\u00e9n debe realizarlo?<br \/>\nTodos los conductores profesionales cada cinco a\u00f1os durante toda su vida profesional<\/p>\n<p>DURACI\u00d3N: \u00a035 horas.<br \/>\nHORARIO: \u00a0Semana y fines de semana.<br \/>\nLUGARES: \u00a0Santander y Reinosa<\/p>\n<h3><span style=\"font-size: large;\"><span style=\"font-size: x-large;\">CALENDARIO DE CURSOS 2020<\/span><br \/>\nCURSOS CAP MERCANC\u00cdAS Y VIAJEROS<\/span><span style=\"font-size: large;\"><span style=\"font-size: x-large;\">\u00a0<\/span>EN <\/span><\/h3>\n<h3><span style=\"font-size: large;\">SANTANDER Y REINOSA<\/span><\/h3>\n<table style=\"width: 73.6984%; border-collapse: collapse; height: 123px;\">\n<tbody>\n<tr style=\"height: 89px;\">\n<td style=\"width: 12.3302%; vertical-align: middle; height: 72px; text-align: right;\"><span style=\"background-color: #ffffff; color: #993300;\">SANTANDER<\/span><\/p>\n<p>REINOSA<\/p>\n<p><span style=\"background-color: #ffffff; color: #993300;\">Inicio Diciembre 2020<\/span><\/td>\n<td style=\"width: 24.757%; height: 72px; text-align: left; vertical-align: middle;\"><span style=\"color: #ff0000;\"><span style=\"background-color: #ffffff; color: #993300;\"><a href=\"https:\/\/immformacion.com\/web\/ficha-de-inscripcion-adgd0308-2-2-2-2\/\">INSCRIPCI\u00d3N<\/a><\/span><\/span><\/td>\n<\/tr>\n<\/tbody>\n<\/table>\n<p style=\"padding-left: 60px; text-align: left;\"><span style=\"color: #808080;\">El importe del curso es de 180 euros* y puede ser bonificado a trav\u00e9s de la Fundae<\/span><\/p>\n<p style=\"padding-left: 60px; text-align: left;\"><span style=\"color: #808080;\">* Consultar precios para aut\u00f3nomos, desempleados y grupos\u00a0<\/span><\/p>\n<h2><\/h2>\n<h2 style=\"text-align: left;\">\u00a0\u00bfQU\u00c9 ES EL CAP?<\/h2>\n<p style=\"text-align: left;\">En esta secci\u00f3n se va a explicar de una forma sencilla y clara en que consiste el <strong>CAP<\/strong> y los conceptos m\u00e1s importantes que hay que conocer. Para entender porque ha surgido el <strong>CAP<\/strong> hay que saber que la primera vez que se habla de formaci\u00f3n inicial y continua para los conductores profesionales fue en la Directiva 2003\/59 del Parlamento Europeo en julio de 2003. Esta directiva obliga a los pa\u00edses miembros a tener implantado el sistema de <strong>Certificado de Aptitud Profesional<\/strong> antes del 2010. En muchos pa\u00edses el <strong>CAP<\/strong> lleva implantado varios a\u00f1os, pero en Espa\u00f1a se ha esperado al \u00faltimo momento para ponerlo en marcha.<\/p>\n<p style=\"text-align: left;\">La implantaci\u00f3n en Espa\u00f1a se realiza a trav\u00e9s del Real Decreto 1032\/2007 de 20 de julio de 2007 donde se establecen dos fechas claves:<\/p>\n<ul style=\"text-align: left;\">\n<li>11 de septiembre de 2008 &#8211; Entrada en vigor del CAP para los conductores de transporte de viajeros (Autob\u00fas)<\/li>\n<li>11 de septiembre de 2009 &#8211; Entrada en vigor del CAP para los conductores de transporte de mercanc\u00edas (Cami\u00f3n y Trailer)<\/li>\n<\/ul>\n<p style=\"text-align: left;\">Lo m\u00e1s importante que se tiene que saber del <strong>CAP<\/strong> es lo siguiente: Desde las fechas indicadas con anterioridad ya no basta con disponer del permiso de conducci\u00f3n expedido por la Direcci\u00f3n General de Tr\u00e1fico, adem\u00e1s se deber\u00e1 <strong>disponer del CAP<\/strong> (Certificado de Aptitud Profesional) para poder circular legalmente. El <strong>CAP lo expide el Ministerio de Fomento<\/strong> a trav\u00e9s de las Conserjer\u00edas de Transporte de las Comunidades Aut\u00f3nomas ya que tienen transferidas las transferencias. Por lo tanto <strong>el CAP es independiente del Permiso de Conducci\u00f3n<\/strong>. Tal es as\u00ed que una persona puede obtener el CAP sin disponer de ning\u00fan carnet de conducir.<\/p>\n<p style=\"text-align: left;\">Para hacer una implantaci\u00f3n del <strong>CAP<\/strong> gradual se decidi\u00f3 que primero afectar\u00e1 a los <strong>conductores de autob\u00fas<\/strong> ya que son una quinta parte respecto al n\u00famero de conductores de transporte de mercanc\u00edas, y esto ha permitido a todos (Organismos oficiales, Centros de Formaci\u00f3n y Alumnos) adaptarnos poco a poco a las normas del real decreto que lo regula.<\/p>\n<p style=\"text-align: left;\">Europa ha obligado a <strong>implantar el CAP<\/strong> en todos sus pa\u00edses miembros con el fin de profesionalizar el oficio de conductor, ya que hasta ahora \u201ccualquiera\u201d\u00a0 pod\u00eda ser conductor profesional sin tener la formaci\u00f3n adecuada. La <strong>obtenci\u00f3n del permiso de conducir para autob\u00fas o cami\u00f3n<\/strong>, seg\u00fan las exigencias actuales, s\u00f3lo certifica que una persona sabe manejar m\u00e1s o menos un veh\u00edculo y que conoce las normas b\u00e1sicas de circulaci\u00f3n. Pero ser un buen Conductor Profesional requiere otros muchos conocimientos y por ello surge el <strong>CAP<\/strong>.<\/p>\n<h2 style=\"text-align: left;\">DUDAS SOBRE EL CAP<\/h2>\n<p style=\"text-align: left;\">Puedes realizar el <strong>curso de formaci\u00f3n inicial del CAP<\/strong> sin tener ning\u00fan permiso para conducir. No tienes porque tener el carnet de autob\u00fas, ni el de cami\u00f3n y ni siquiera el de coche. Lo que esta claro es que tener el <strong>CAP <\/strong>sin tener el carnet correspondiente no sirve de nada. Por esto, cada vez es m\u00e1s habitual sacarse el carnet y el cap al mismo tiempo.<\/p>\n<p style=\"text-align: left;\">Existen dos tipos de <strong>cursos de formaci\u00f3n inicial CAP<\/strong>: cursos <strong>CAP de autob\u00fas<\/strong> y cursos <strong>CAP de cami\u00f3n<\/strong>. Para ser conductor profesional de autobuses se tiene que tener el <strong>CAP de autob\u00fas<\/strong> (transporte de viajeros). Para ser conductor de camiones o trailer se tiene que tener el <strong>CAP de cami\u00f3n<\/strong> (transporte de mercanc\u00edas).<\/p>\n<p style=\"text-align: left;\">Los <strong>cursos de formaci\u00f3n inicial CAP<\/strong> constan de 130 horas te\u00f3ricas y 10 horas pr\u00e1cticas. Estos cursos son presenciales y de obligada asistencia. A diferencia del carnet de conducir que se puede obtener sin ir a clase, el decreto que regula el CAP establece la obligatoriedad de asistir al curso y para comprobar que se cumple realiza las correspondientes inspecciones.<\/p>\n<p style=\"text-align: left;\">Los <strong>cursos de formaci\u00f3n inicial CAP<\/strong> tienen un examen asociado de 100 preguntas que es necesario aprobar para obtener el carnet de conductor profesional. Las preguntas son tipo test con cuatro posibles respuestas. Las preguntas acertadas suman un punto, las preguntas falladas restas medio punto y las preguntas sin contestar no suman ni restan. Se necesita una puntuaci\u00f3n m\u00ednima de 50 puntos para aprobar.<\/p>\n<p style=\"text-align: left;\">Si un conductor dispone ya del <strong>CAP de autob\u00fas<\/strong> y necesita sacarse el <strong>CAP de cami\u00f3n<\/strong> no tiene que hacer un curso completo de 140 horas y el examen correspondiente. Puede obtener el <strong>CAP de cami\u00f3n<\/strong> haciendo un curso puente de 35 horas sin examen. Lo mismo ocurre si un conductor tiene ya el <strong>CAP de cami\u00f3n<\/strong> y necesita obtener el <strong>CAP de autob\u00fas<\/strong>.<\/p>\n<p style=\"text-align: left;\"><strong>Los cursos CAP<\/strong> se pueden realizar en cualquier centro homologado de Espa\u00f1a, pero el examen de 100 preguntas se tiene que hacer en la Comunidad Aut\u00f3noma donde el alumno tenga su residencia (es decir, donde estuviera empadronado con 6 meses de antelaci\u00f3n a la fecha del examen).<\/p>\n<p style=\"text-align: left;\">Si tienes el permiso D1 o D con fecha anterior al 11 de septiembre de 2008 estas exento de hacer la formaci\u00f3n inicial del CAP para poder conducir autobuses. Estar exento no es lo mismo que tener el CAP. Si estas obligado a realizar la formaci\u00f3n continua.<\/p>\n<p style=\"text-align: left;\">Si tienes el permiso C1, C o C+E con fecha anterior al 11 de septiembre de 2009 estas exento de hacer la formaci\u00f3n inicial del CAP para poder conducir camiones o trailer. Estar exento no es lo mismo que tener el CAP. Si actualmente tienes el C1 y con fecha posterior al 11 de septiembre de 2009 obtienes el permiso C estas exento de hacer el CAP por lo dicho en la primera l\u00ednea de este p\u00e1rrafo. Si estas obligado a realizar la formaci\u00f3n continua.<\/p>\n<p style=\"text-align: left;\">Si apruebas el <strong>curso de formaci\u00f3n inicial CAP de autob\u00fas<\/strong> puedes solicitar en tr\u00e1fico que te quiten la limitaci\u00f3n del radio de acci\u00f3n de 50 Km. durante el primer a\u00f1o (si la tuvieras).<\/p>\n<p style=\"text-align: left;\">Los <strong>cursos de formaci\u00f3n continua del CAP<\/strong> constan de 35 horas te\u00f3ricas, sin pr\u00e1cticas y sin examen. Estos cursos tambi\u00e9n son presenciales y de obligada asistencia. Los cursos de formaci\u00f3n continua sirven para RENOVAR el CAP y tienen que realizarse cada cinco a\u00f1os.<\/p>\n<\/td>\n<\/tr>\n<\/tbody>\n<\/table>\n","protected":false},"excerpt":{"rendered":"<p>.<\/p>\n","protected":false},"author":1,"featured_media":0,"parent":0,"menu_order":0,"comment_status":"closed","ping_status":"open","template":"","meta":{"_uag_custom_page_level_css":"","_monsterinsights_skip_tracking":false,"_monsterinsights_sitenote_active":false,"_monsterinsights_sitenote_note":"","_monsterinsights_sitenote_category":0,"footnotes":""},"class_list":["post-12897","page","type-page","status-publish","hentry"],"aioseo_notices":[],"uagb_featured_image_src":{"full":false,"thumbnail":false,"medium":false,"medium_large":false,"large":false,"1536x1536":false,"2048x2048":false,"ample-featured-blog-large":false,"ample-featured-blog-small":false,"ample-portfolio-image":false,"sendpress-max":false,"woocommerce_thumbnail":false,"woocommerce_single":false,"woocommerce_gallery_thumbnail":false},"uagb_author_info":{"display_name":"IMM","author_link":"https:\/\/immformacion.com\/web\/author\/imm_admin\/"},"uagb_comment_info":0,"uagb_excerpt":".","_links":{"self":[{"href":"https:\/\/immformacion.com\/web\/wp-json\/wp\/v2\/pages\/12897","targetHints":{"allow":["GET"]}}],"collection":[{"href":"https:\/\/immformacion.com\/web\/wp-json\/wp\/v2\/pages"}],"about":[{"href":"https:\/\/immformacion.com\/web\/wp-json\/wp\/v2\/types\/page"}],"author":[{"embeddable":true,"href":"https:\/\/immformacion.com\/web\/wp-json\/wp\/v2\/users\/1"}],"replies":[{"embeddable":true,"href":"https:\/\/immformacion.com\/web\/wp-json\/wp\/v2\/comments?post=12897"}],"version-history":[{"count":7,"href":"https:\/\/immformacion.com\/web\/wp-json\/wp\/v2\/pages\/12897\/revisions"}],"predecessor-version":[{"id":13252,"href":"https:\/\/immformacion.com\/web\/wp-json\/wp\/v2\/pages\/12897\/revisions\/13252"}],"wp:attachment":[{"href":"https:\/\/immformacion.com\/web\/wp-json\/wp\/v2\/media?parent=12897"}],"curies":[{"name":"wp","href":"https:\/\/api.w.org\/{rel}","templated":true}]}}