{"id":12953,"date":"2020-01-18T15:28:21","date_gmt":"2020-01-18T14:28:21","guid":{"rendered":"https:\/\/immformacion.com\/web\/ficha-de-inscripcion-adgd0308-2-2-2-2\/"},"modified":"2020-01-18T15:30:39","modified_gmt":"2020-01-18T14:30:39","slug":"ficha-de-inscripcion-adgd0308-2-2-2-2","status":"publish","type":"page","link":"https:\/\/immformacion.com\/web\/ficha-de-inscripcion-adgd0308-2-2-2-2\/","title":{"rendered":"Ficha de Inscripci\u00f3n \u2013 CAP Formaci\u00f3n Cont\u00ednua -35 horas- viajeros y mercanc\u00edas"},"content":{"rendered":"<hr \/>\n<table style=\"width: 82.1869%; border-style: none;\" border=\"0\">\n<tbody>\n<tr>\n<td style=\"width: 19.375%;\"><img decoding=\"async\" class=\"\" src=\"http:\/\/immformacion.com\/web\/wp-content\/uploads\/2013\/07\/formacion-en-santander.jpg\" alt=\"formacion en santander\" width=\"117\" height=\"58\" \/><\/td>\n<td style=\"text-align: center; vertical-align: middle; width: 27.6822%;\"><img decoding=\"async\" class=\"wp-image-12484 alignleft\" src=\"https:\/\/immformacion.com\/web\/wp-content\/uploads\/2019\/12\/transportes.png\" alt=\"\" width=\"100\" height=\"59\" \/><\/td>\n<\/tr>\n<\/tbody>\n<\/table>\n<h1><span style=\"font-size: x-large; color: #394b7d;\">CAP FORMACI\u00d3N CONT\u00cdNUA VIAJEROS Y MERCANC\u00cdAS<\/span><\/h1>\n<p>[vfb id=57]<\/p>\n","protected":false},"excerpt":{"rendered":"<p>CAP FORMACI\u00d3N CONT\u00cdNUA VIAJEROS Y MERCANC\u00cdAS [vfb id=57]<\/p>\n","protected":false},"author":1,"featured_media":0,"parent":0,"menu_order":0,"comment_status":"closed","ping_status":"open","template":"","meta":{"_uag_custom_page_level_css":"","_monsterinsights_skip_tracking":false,"_monsterinsights_sitenote_active":false,"_monsterinsights_sitenote_note":"","_monsterinsights_sitenote_category":0,"footnotes":""},"class_list":["post-12953","page","type-page","status-publish","hentry"],"aioseo_notices":[],"uagb_featured_image_src":{"full":false,"thumbnail":false,"medium":false,"medium_large":false,"large":false,"1536x1536":false,"2048x2048":false,"ample-featured-blog-large":false,"ample-featured-blog-small":false,"ample-portfolio-image":false,"sendpress-max":false,"woocommerce_thumbnail":false,"woocommerce_single":false,"woocommerce_gallery_thumbnail":false},"uagb_author_info":{"display_name":"IMM","author_link":"https:\/\/immformacion.com\/web\/author\/imm_admin\/"},"uagb_comment_info":0,"uagb_excerpt":"CAP FORMACI\u00d3N CONT\u00cdNUA VIAJEROS Y MERCANC\u00cdAS [vfb id=57]","_links":{"self":[{"href":"https:\/\/immformacion.com\/web\/wp-json\/wp\/v2\/pages\/12953","targetHints":{"allow":["GET"]}}],"collection":[{"href":"https:\/\/immformacion.com\/web\/wp-json\/wp\/v2\/pages"}],"about":[{"href":"https:\/\/immformacion.com\/web\/wp-json\/wp\/v2\/types\/page"}],"author":[{"embeddable":true,"href":"https:\/\/immformacion.com\/web\/wp-json\/wp\/v2\/users\/1"}],"replies":[{"embeddable":true,"href":"https:\/\/immformacion.com\/web\/wp-json\/wp\/v2\/comments?post=12953"}],"version-history":[{"count":1,"href":"https:\/\/immformacion.com\/web\/wp-json\/wp\/v2\/pages\/12953\/revisions"}],"predecessor-version":[{"id":12954,"href":"https:\/\/immformacion.com\/web\/wp-json\/wp\/v2\/pages\/12953\/revisions\/12954"}],"wp:attachment":[{"href":"https:\/\/immformacion.com\/web\/wp-json\/wp\/v2\/media?parent=12953"}],"curies":[{"name":"wp","href":"https:\/\/api.w.org\/{rel}","templated":true}]}}