{"id":13006,"date":"2020-01-21T14:47:42","date_gmt":"2020-01-21T13:47:42","guid":{"rendered":"https:\/\/immformacion.com\/web\/recurso-preventivo-convenio-metal-2\/"},"modified":"2020-01-22T15:22:06","modified_gmt":"2020-01-22T14:22:06","slug":"carretillas-elevadoras-convenio-metal","status":"publish","type":"page","link":"https:\/\/immformacion.com\/web\/carretillas-elevadoras-convenio-metal\/","title":{"rendered":"OPERARIO DE CARRETILLAS ELEVADORAS (CONVENIO)"},"content":{"rendered":"<table style=\"height: 3108px; width: 100%;\" width=\"980\">\n<tbody>\n<tr style=\"height: 23px;\">\n<td style=\"background-color: #ffffff; width: 5px; text-align: right; height: 23px;\" colspan=\"2\">\n<table style=\"border-collapse: collapse; width: 30.8984%; height: 52px;\">\n<tbody>\n<tr>\n<td style=\"width: 100%; text-align: right;\"><a href=\"https:\/\/immformacion.com\/web\/ficha-de-inscripcion-adgd0308-2-2-2-3\/\"><img decoding=\"async\" class=\"wp-image-13055 aligncenter\" src=\"https:\/\/immformacion.com\/web\/wp-content\/uploads\/2020\/01\/5481ec79b4f08a441dfe1b0565b50c7e.jpg\" alt=\"\" width=\"127\" height=\"37\" srcset=\"https:\/\/immformacion.com\/web\/wp-content\/uploads\/2020\/01\/5481ec79b4f08a441dfe1b0565b50c7e.jpg 418w, https:\/\/immformacion.com\/web\/wp-content\/uploads\/2020\/01\/5481ec79b4f08a441dfe1b0565b50c7e-300x86.jpg 300w, https:\/\/immformacion.com\/web\/wp-content\/uploads\/2020\/01\/5481ec79b4f08a441dfe1b0565b50c7e-120x34.jpg 120w\" sizes=\"(max-width: 127px) 100vw, 127px\" \/><\/a><\/td>\n<\/tr>\n<\/tbody>\n<\/table>\n<\/td>\n<\/tr>\n<tr style=\"height: 24px;\">\n<td style=\"text-align: center; background-color: #346094; height: 24px;\" colspan=\"2\"><span style=\"color: #ffffff;\">OPERARIO DE CARRETILLAS ELEVADORAS (CONVENIO)<\/span><\/td>\n<\/tr>\n<tr style=\"height: 44px;\">\n<td style=\"width: 150px; text-align: center; background-color: #dce5f4; height: 44px;\" scope=\"col\"><span style=\"color: #346094;\"><b>3111<\/b><\/span><\/td>\n<td style=\"background-color: #dce5f4; height: 44px;\">OPERARIO DE CARRETILLAS ELEVADORAS (CONVENIO)<\/td>\n<\/tr>\n<tr style=\"height: 24px;\">\n<td style=\"text-align: center; background-color: #dce5f4; height: 24px;\"><span style=\"color: #346094;\">Duraci\u00f3n<\/span><\/td>\n<td style=\"height: 24px;\">8 horas<\/td>\n<\/tr>\n<tr style=\"height: 65px;\">\n<td style=\"text-align: center; background-color: #dce5f4; height: 65px;\"><span style=\"color: #346094;\">Certificaci\u00f3n<\/span><\/td>\n<td style=\"height: 65px;\">Al finalizar el curso el alumno recibir\u00e1 un Diploma o Certificado de Aprovechamiento. Acreditaci\u00f3n Fundaci\u00f3n Laboral del Metal<\/td>\n<\/tr>\n<tr style=\"height: 1210px;\">\n<td style=\"background-color: #dce5f4; text-align: center; vertical-align: top; height: 1083px;\"><span style=\"color: #346094;\">OBJETIVOS<\/span><\/td>\n<td style=\"height: 1083px;\">\n<h2 class=\"vc_custom_heading wpb_animate_when_almost_visible wpb_fadeIn fadeIn wpb_start_animation animated\">\u00bfA qui\u00e9n va dirigida esta formaci\u00f3n?<\/h2>\n<div class=\"wpb_text_column wpb_content_element\">\n<div class=\"wpb_wrapper\">\n<p>Este curso de te permite trabajar como\u00a0 preparador de pedidos, responsable de almac\u00e9n, operario, operario carretillero en construcci\u00f3n, carretillero en log\u00edstica de transporte de mercanc\u00edas y otras disciplinas.<\/p>\n<p>El creciente sector del comercio online o e-commerce requiere de una red de log\u00edstica y transporte mucho m\u00e1s avanzada y eficiente. Raz\u00f3n por la cual exista una demanda de mozos de almac\u00e9n, preparadores de pedidos, conductores y repartidores.<\/p>\n<p>El curso te permitir\u00e1 obtener un certificado de conducci\u00f3n de carretillas (antiguo Carnet de Carretillero), requisito fundamental para trabajar en daterminados departamentos de una empresa.<\/p>\n<\/div>\n<\/div>\n<h2 class=\"vc_custom_heading wpb_animate_when_almost_visible wpb_fadeIn fadeIn wpb_start_animation animated\">\u00bfComo se realiza?<\/h2>\n<div class=\"wpb_text_column wpb_content_element\">\n<div class=\"wpb_wrapper\">\n<p>El contenido m\u00ednimo para esta formaci\u00f3n es de 8 horas en modalidad presencial.<\/p>\n<\/div>\n<\/div>\n<p>El objetivo del curso es que el alumno pueda adquirir los conocimientos b\u00e1sicos en materia de prevenci\u00f3n de riesgos laborales en el sector del metal.<\/p>\n<p><strong>OBJETIVOS ESPEC\u00cdFICOS:<\/strong><\/p>\n<ul>\n<li><span style=\"font-size: inherit; font-family: inherit; font-weight: inherit;\">Conocer los riesgos laborales derivados del puesto de trabajo.<\/span><\/li>\n<li>Identificar los riesgos laborales m\u00e1s comunes en el puesto de trabajo que se generan durante el desarrollo de la actividad profesional.<\/li>\n<li class=\"icon_description_text ult-responsive\" data-ultimate-target=\"#Info-list-wrap-3055 .icon_description_text\" data-responsive-json-new=\"{&quot;font-size&quot;:&quot;desktop:13px;&quot;,&quot;line-height&quot;:&quot;desktop:18px;&quot;}\">Conocer los trabajos asociados a la actividad laboral, con el fin de identificar las condiciones de trabajo en las que los\/as trabajadores\/as desarrollan su actividad.<\/li>\n<\/ul>\n<\/td>\n<\/tr>\n<tr style=\"height: 1845px;\">\n<td style=\"background-color: #dce5f4; text-align: center; vertical-align: top; height: 1845px;\"><span style=\"color: #346094;\">CONTENIDOS<\/span><\/td>\n<td style=\"height: 1845px;\"><strong>Contenido te\u00f3rico:<\/strong><\/p>\n<ul>\n<li>Informaci\u00f3n sobre la carretilla a utilizar.<\/li>\n<li>Mentalizaci\u00f3n General sobre Riesgos, accidentes, seguridad laboral, etc.<\/li>\n<li>Conceptos b\u00e1sicos de uso habitual.<\/li>\n<li>Legislaci\u00f3n b\u00e1sica (seguros y responsabilidades), incluyendo el conocimiento de esta norma.<\/li>\n<li>S\u00edmbolos y pictogramas.<\/li>\n<li>Descripci\u00f3n general de las partes de la m\u00e1quina y de los equipos utilizados, terminolog\u00eda. Diferencias esenciales respecto al autom\u00f3vil.<\/li>\n<li>Habituales existencias en la m\u00e1quina, mandos.<\/li>\n<li>Implicaciones debidas al entorno de trabajo (emisiones, nivel sonoro, compatibilidad electromagn\u00e9tica, atm\u00f3sferas peligrosas, etc.), estado de pavimentos y suelos, suelos consolidados, puertas montacargas, rampas y pendientes, cables el\u00e9ctricos, muelle de carga. Condiciones de los lugares de trabajo seg\u00fan Real Decreto 486\/97.<\/li>\n<li>Operaciones de carga de combustible, diesel, gasolina, gas, carga de bater\u00edas.<\/li>\n<li>Operaciones t\u00edpicas en el uso diario de la m\u00e1quina.<\/li>\n<li>Carga nominal, carga admisible, centro de carga, altura de elevaci\u00f3n, alcance del brazo, gr\u00e1ficos de carga.<\/li>\n<li>Estabilidad de conjunto. Afectaciones de la estabilidad, tipos de ruedas y neum\u00e1ticos, velocidad, tipos de direcci\u00f3n. Utilizaci\u00f3n de rampas.<\/li>\n<li>Conducci\u00f3n en vac\u00edo y con carga, velocidad de desplazamiento, tipos de direcci\u00f3n, radio de giro, frenado.<\/li>\n<li>Operaciones de elevaci\u00f3n, limitaciones de carga por altura de elevaci\u00f3n, por utilizaci\u00f3n de accesorios.<\/li>\n<li>Visibilidad.<\/li>\n<li>Utilizaci\u00f3n de accesorios especiales para unidades de carga determinadas. Afectaci\u00f3n a la capacidad de carga admisible.<\/li>\n<li>Cargas oscilantes, o con centro de gravedad variable.<\/li>\n<li>Elevaci\u00f3n de personas. L\u00edmites y condiciones en funci\u00f3n de su uso habitual o excepcional.<\/li>\n<li>Tipos de estanter\u00edas, sistemas de almacenaje.<\/li>\n<li>Pasillos de maniobra, tr\u00e1fico mixto con peatones.<\/li>\n<li>Utilizaci\u00f3n en v\u00edas p\u00fablicas o de uso com\u00fan. Control diario de puesta en marcha, comprobaciones visuales y funcionales, frenos, claxon, etc.<\/li>\n<li>Mantenimiento preventivo t\u00edpico, ruedas niveles.<\/li>\n<li>Manuales del operador facilitados por el fabricante del equipo.<\/li>\n<li>Equipos de protecci\u00f3n individual, seg\u00fan zona o tipo de trabajo.<\/li>\n<li>Estacionamiento de la m\u00e1quina en aparcamiento.<\/li>\n<li>Procedimientos a seguir en caso de situaci\u00f3n de riesgo, retenci\u00f3n del operador, cintur\u00f3n de seguridad, etc.<\/li>\n<\/ul>\n<\/td>\n<\/tr>\n<\/tbody>\n<\/table>\n","protected":false},"excerpt":{"rendered":"<p>OPERARIO DE CARRETILLAS ELEVADORAS (CONVENIO) 3111 OPERARIO DE CARRETILLAS ELEVADORAS (CONVENIO) Duraci\u00f3n 8 horas Certificaci\u00f3n Al finalizar el curso el<\/p>\n","protected":false},"author":1,"featured_media":0,"parent":0,"menu_order":0,"comment_status":"closed","ping_status":"closed","template":"","meta":{"_uag_custom_page_level_css":"","_monsterinsights_skip_tracking":false,"_monsterinsights_sitenote_active":false,"_monsterinsights_sitenote_note":"","_monsterinsights_sitenote_category":0,"footnotes":""},"class_list":["post-13006","page","type-page","status-publish","hentry"],"aioseo_notices":[],"uagb_featured_image_src":{"full":false,"thumbnail":false,"medium":false,"medium_large":false,"large":false,"1536x1536":false,"2048x2048":false,"ample-featured-blog-large":false,"ample-featured-blog-small":false,"ample-portfolio-image":false,"sendpress-max":false,"woocommerce_thumbnail":false,"woocommerce_single":false,"woocommerce_gallery_thumbnail":false},"uagb_author_info":{"display_name":"IMM","author_link":"https:\/\/immformacion.com\/web\/author\/imm_admin\/"},"uagb_comment_info":0,"uagb_excerpt":"OPERARIO DE CARRETILLAS ELEVADORAS (CONVENIO) 3111 OPERARIO DE CARRETILLAS ELEVADORAS (CONVENIO) Duraci\u00f3n 8 horas Certificaci\u00f3n Al finalizar el curso el","_links":{"self":[{"href":"https:\/\/immformacion.com\/web\/wp-json\/wp\/v2\/pages\/13006","targetHints":{"allow":["GET"]}}],"collection":[{"href":"https:\/\/immformacion.com\/web\/wp-json\/wp\/v2\/pages"}],"about":[{"href":"https:\/\/immformacion.com\/web\/wp-json\/wp\/v2\/types\/page"}],"author":[{"embeddable":true,"href":"https:\/\/immformacion.com\/web\/wp-json\/wp\/v2\/users\/1"}],"replies":[{"embeddable":true,"href":"https:\/\/immformacion.com\/web\/wp-json\/wp\/v2\/comments?post=13006"}],"version-history":[{"count":6,"href":"https:\/\/immformacion.com\/web\/wp-json\/wp\/v2\/pages\/13006\/revisions"}],"predecessor-version":[{"id":13063,"href":"https:\/\/immformacion.com\/web\/wp-json\/wp\/v2\/pages\/13006\/revisions\/13063"}],"wp:attachment":[{"href":"https:\/\/immformacion.com\/web\/wp-json\/wp\/v2\/media?parent=13006"}],"curies":[{"name":"wp","href":"https:\/\/api.w.org\/{rel}","templated":true}]}}