{"id":13012,"date":"2020-01-21T15:01:05","date_gmt":"2020-01-21T14:01:05","guid":{"rendered":"https:\/\/immformacion.com\/web\/carretillas-elevadoras-convenio-metal-2\/"},"modified":"2020-01-21T16:16:15","modified_gmt":"2020-01-21T15:16:15","slug":"carretillas-elevadoras-convenio-metal-2","status":"publish","type":"page","link":"https:\/\/immformacion.com\/web\/carretillas-elevadoras-convenio-metal-2\/","title":{"rendered":"OPERARIO DE CARRETILLAS ELEVADORAS (CONVENIO + PR\u00c1CTICO)"},"content":{"rendered":"<table style=\"height: 166px;\" width=\"980\">\n<tbody>\n<tr>\n<td style=\"background-color: #ffffff; width: 5px; text-align: right;\" colspan=\"2\">\n<table style=\"border-collapse: collapse; width: 100.966%; height: 21px;\">\n<tbody>\n<tr>\n<td style=\"width: 100%; text-align: right;\"><a href=\"https:\/\/immformacion.com\/web\/ficha-de-inscripcion-adgd0308-2-2-2-3\/\"><span style=\"background-color: #ff0000; color: #ffffff;\">HAZ AQU\u00cd TU INSCRIPCI\u00d3N<\/span><\/a><\/td>\n<\/tr>\n<\/tbody>\n<\/table>\n<\/td>\n<\/tr>\n<tr>\n<td style=\"text-align: center; background-color: #346094;\" colspan=\"2\"><span style=\"color: #ffffff;\">OPERARIO DE CARRETILLAS ELEVADORAS (CONVENIO + PR\u00c1CTICO)<\/span><\/td>\n<\/tr>\n<tr>\n<td style=\"width: 150px; text-align: center; background-color: #dce5f4;\" scope=\"col\"><span style=\"color: #346094;\"><b>3116<\/b><\/span><\/td>\n<td style=\"background-color: #dce5f4;\">OPERARIO DE CARRETILLAS ELEVADORAS (CONVENIO + PR\u00c1CTICO)<\/td>\n<\/tr>\n<tr>\n<td style=\"text-align: center; background-color: #dce5f4;\"><span style=\"color: #346094;\">Duraci\u00f3n<\/span><\/td>\n<td>12 horas<\/td>\n<\/tr>\n<tr>\n<td style=\"text-align: center; background-color: #dce5f4;\"><span style=\"color: #346094;\">Certificaci\u00f3n<\/span><\/td>\n<td>Al finalizar el curso el alumno recibir\u00e1 un Diploma o Certificado de Aprovechamiento. Acreditaci\u00f3n Fundaci\u00f3n Laboral del Metal<\/td>\n<\/tr>\n<tr>\n<td style=\"background-color: #dce5f4; text-align: center; vertical-align: top;\"><span style=\"color: #346094;\">OBJETIVOS<\/span><\/td>\n<td>\n<h2 class=\"vc_custom_heading wpb_animate_when_almost_visible wpb_fadeIn fadeIn wpb_start_animation animated\">\u00bfA qui\u00e9n va dirigida esta formaci\u00f3n?<\/h2>\n<div class=\"wpb_text_column wpb_content_element\">\n<div class=\"wpb_wrapper\">\n<p>Este curso de te permite trabajar como\u00a0 preparador de pedidos, responsable de almac\u00e9n, operario, operario carretillero en construcci\u00f3n, carretillero en log\u00edstica de transporte de mercanc\u00edas y otras disciplinas.<\/p>\n<p>El creciente sector del comercio online o e-commerce requiere de una red de log\u00edstica y transporte mucho m\u00e1s avanzada y eficiente. Raz\u00f3n por la cual exista una demanda de mozos de almac\u00e9n, preparadores de pedidos, conductores y repartidores.<\/p>\n<p>El curso te permitir\u00e1 obtener un certificado de conducci\u00f3n de carretillas (antiguo Carnet de Carretillero), requisito fundamental para trabajar en daterminados departamentos de una empresa.<\/p>\n<\/div>\n<\/div>\n<h2 class=\"vc_custom_heading wpb_animate_when_almost_visible wpb_fadeIn fadeIn wpb_start_animation animated\">\u00bfComo se realiza?<\/h2>\n<div class=\"wpb_text_column wpb_content_element\">\n<div class=\"wpb_wrapper\">\n<p>El contenido m\u00ednimo para esta formaci\u00f3n es de 12 horas, las cuales se realizan:<\/p>\n<ul>\n<li>8 horas Teor\u00eda<\/li>\n<li>4 horas Pr\u00e1cticas<\/li>\n<\/ul>\n<\/div>\n<\/div>\n<p>El objetivo del curso es que el alumno pueda adquirir los conocimientos b\u00e1sicos en materia de prevenci\u00f3n de riesgos laborales en el sector del metal.<\/p>\n<p><strong>OBJETIVOS ESPEC\u00cdFICOS:<\/strong><\/p>\n<ul>\n<li>Conocer los riesgos laborales derivados del puesto de trabajo.<\/li>\n<li>Identificar los riesgos laborales m\u00e1s comunes en el puesto de trabajo que se generan durante el desarrollo de la actividad profesional.<\/li>\n<li class=\"icon_description_text ult-responsive\" data-ultimate-target=\"#Info-list-wrap-3055 .icon_description_text\" data-responsive-json-new=\"{&quot;font-size&quot;:&quot;desktop:13px;&quot;,&quot;line-height&quot;:&quot;desktop:18px;&quot;}\">Conocer los trabajos asociados a la actividad laboral, con el fin de identificar las condiciones de trabajo en las que los\/as trabajadores\/as desarrollan su actividad<\/li>\n<\/ul>\n<\/td>\n<\/tr>\n<tr>\n<td style=\"background-color: #dce5f4; text-align: center; vertical-align: top;\"><span style=\"color: #346094;\">CONTENIDOS<\/span><\/td>\n<td>\n<h4>1. CONCEPTOS B\u00c1SICOS SOBRE SEGURIDAD Y SALUD EN EL TRABAJO.<\/h4>\n<p>1.1. El Trabajo y la Salud: los riesgos profesionales. Factores de riesgo<br \/>\n1.2. Da\u00f1os derivados de trabajos: Los Accidentes de Trabajo y las Enfermedades profesionales. Otras patolog\u00edas derivadas del trabajo.<br \/>\n1.3. Marco normativo b\u00e1sico en materia de prevenci\u00f3n de riesgos laborales. Derechos y deberes b\u00e1sicos en esta materia.<\/p>\n<h4>2. RIESGOS GENERALES Y SU PREVENCI\u00d3N.<\/h4>\n<p>2.1. Riesgos ligados a las condiciones de Seguridad.<br \/>\n2.2. Riesgos ligados al medio-ambiente de trabajo.<br \/>\n2.3. La carga de trabajo, la fatiga y la insatisfacci\u00f3n laboral.<br \/>\n2.4. Sistemas elementales de control de riesgos. Protecci\u00f3n colectiva e individual.<br \/>\n2.5. Planes de emergencia y evacuaci\u00f3n.<br \/>\n2.6. El control de la salud de los trabajadores.<\/p>\n<h4>3. RIESGOS ESPEC\u00cdFICOS Y SU PREVENCI\u00d3N EN EL SECTOR METAL.<\/h4>\n<h4>4. ELEMENTOS B\u00c1SICOS DE GESTI\u00d3N DE LA PREVENCI\u00d3N DE RIESGOS.<\/h4>\n<p>4.1. Organismos p\u00fablicos relacionados con la Seguridad y Salud en el Trabajo.<br \/>\n4.2. Organizaci\u00f3n del trabajo preventivo: \u00abrutinas\u00bb b\u00e1sicas.<br \/>\n4.3. Documentaci\u00f3n: recogida, elaboraci\u00f3n y archivo.<\/p>\n<h4>5. PRIMEROS AUXILIOS.<\/h4>\n<p>5.1. Procedimientos generales.<br \/>\n5.2. Plan de actuaci\u00f3n<\/p>\n<p><strong>Contenido Pr\u00e1ctico:<\/strong><\/p>\n<ul>\n<li>Conocimiento de las partes de la m\u00e1quina, control visual de caracter\u00edsticas, mantenimiento, mandos, placas, manuales.<\/li>\n<li>Comprobaci\u00f3n de puesta en marcha, direcci\u00f3n, frenos, claxon, etc.<\/li>\n<li>Maniobras sin carga, desplazamiento en ambas direcciones, velocidades, giros, frenadas, utilizaci\u00f3n en rampas.<\/li>\n<li>Maniobras similares con carga.<\/li>\n<li>Carga y descarga de camiones, colocaci\u00f3n y retirada de cargas en estanter\u00edas, apilado y retirado de cargas en superficie libre.<\/li>\n<li>Gr\u00e1fico de cargas, comprobaci\u00f3n efecto de las dimensiones de la carga.<\/li>\n<li>Con accesorios, pinzas, contenedores, pescantes, etc.<\/li>\n<li>Maniobras extraordinarias, como cargas de dimensiones o caracter\u00edsticas fuera de lo normal por su longitud, forma, manejo de una carga simult\u00e1neamente con dos carretillas, etc.<\/li>\n<\/ul>\n<\/td>\n<\/tr>\n<\/tbody>\n<\/table>\n","protected":false},"excerpt":{"rendered":"<p>HAZ AQU\u00cd TU INSCRIPCI\u00d3N OPERARIO DE CARRETILLAS ELEVADORAS (CONVENIO + PR\u00c1CTICO) 3116 OPERARIO DE CARRETILLAS ELEVADORAS (CONVENIO + PR\u00c1CTICO) Duraci\u00f3n<\/p>\n","protected":false},"author":1,"featured_media":0,"parent":0,"menu_order":0,"comment_status":"closed","ping_status":"closed","template":"","meta":{"_uag_custom_page_level_css":"","_monsterinsights_skip_tracking":false,"_monsterinsights_sitenote_active":false,"_monsterinsights_sitenote_note":"","_monsterinsights_sitenote_category":0,"footnotes":""},"class_list":["post-13012","page","type-page","status-publish","hentry"],"aioseo_notices":[],"uagb_featured_image_src":{"full":false,"thumbnail":false,"medium":false,"medium_large":false,"large":false,"1536x1536":false,"2048x2048":false,"ample-featured-blog-large":false,"ample-featured-blog-small":false,"ample-portfolio-image":false,"sendpress-max":false,"woocommerce_thumbnail":false,"woocommerce_single":false,"woocommerce_gallery_thumbnail":false},"uagb_author_info":{"display_name":"IMM","author_link":"https:\/\/immformacion.com\/web\/author\/imm_admin\/"},"uagb_comment_info":0,"uagb_excerpt":"HAZ AQU\u00cd TU INSCRIPCI\u00d3N OPERARIO DE CARRETILLAS ELEVADORAS (CONVENIO + PR\u00c1CTICO) 3116 OPERARIO DE CARRETILLAS ELEVADORAS (CONVENIO + PR\u00c1CTICO) Duraci\u00f3n","_links":{"self":[{"href":"https:\/\/immformacion.com\/web\/wp-json\/wp\/v2\/pages\/13012","targetHints":{"allow":["GET"]}}],"collection":[{"href":"https:\/\/immformacion.com\/web\/wp-json\/wp\/v2\/pages"}],"about":[{"href":"https:\/\/immformacion.com\/web\/wp-json\/wp\/v2\/types\/page"}],"author":[{"embeddable":true,"href":"https:\/\/immformacion.com\/web\/wp-json\/wp\/v2\/users\/1"}],"replies":[{"embeddable":true,"href":"https:\/\/immformacion.com\/web\/wp-json\/wp\/v2\/comments?post=13012"}],"version-history":[{"count":4,"href":"https:\/\/immformacion.com\/web\/wp-json\/wp\/v2\/pages\/13012\/revisions"}],"predecessor-version":[{"id":13047,"href":"https:\/\/immformacion.com\/web\/wp-json\/wp\/v2\/pages\/13012\/revisions\/13047"}],"wp:attachment":[{"href":"https:\/\/immformacion.com\/web\/wp-json\/wp\/v2\/media?parent=13012"}],"curies":[{"name":"wp","href":"https:\/\/api.w.org\/{rel}","templated":true}]}}