{"id":13016,"date":"2020-01-21T15:07:46","date_gmt":"2020-01-21T14:07:46","guid":{"rendered":"https:\/\/immformacion.com\/web\/carretillas-elevadoras-convenio-metal-2-2\/"},"modified":"2020-01-21T16:24:32","modified_gmt":"2020-01-21T15:24:32","slug":"trabajos-en-altura-metal-construccion","status":"publish","type":"page","link":"https:\/\/immformacion.com\/web\/trabajos-en-altura-metal-construccion\/","title":{"rendered":"OPERARIO DE TRABAJOS EN ALTURA"},"content":{"rendered":"<table style=\"height: 166px;\" width=\"980\">\n<tbody>\n<tr>\n<td style=\"background-color: #ffffff; width: 5px; text-align: right;\" colspan=\"2\">\n<table style=\"border-collapse: collapse; width: 100.966%; height: 21px;\">\n<tbody>\n<tr>\n<td style=\"width: 100%; text-align: right;\"><a href=\"https:\/\/immformacion.com\/web\/ficha-de-inscripcion-adgd0308-2-2-2-3\/\"><span style=\"background-color: #ff0000; color: #ffffff;\">HAZ AQU\u00cd TU INSCRIPCI\u00d3N<\/span><\/a><\/td>\n<\/tr>\n<\/tbody>\n<\/table>\n<\/td>\n<\/tr>\n<tr>\n<td style=\"text-align: center; background-color: #346094;\" colspan=\"2\"><span style=\"color: #ffffff;\">OPERARIO DE TRABAJOS EN ALTURA<\/span><\/td>\n<\/tr>\n<tr>\n<td style=\"width: 150px; text-align: center; background-color: #dce5f4;\" scope=\"col\"><span style=\"color: #346094;\"><b>3113<\/b><\/span><\/td>\n<td style=\"background-color: #dce5f4;\">OPERARIO DE TRABAJOS EN ALTURA<\/td>\n<\/tr>\n<tr>\n<td style=\"text-align: center; background-color: #dce5f4;\"><span style=\"color: #346094;\">Duraci\u00f3n<\/span><\/td>\n<td>8 horas<\/td>\n<\/tr>\n<tr>\n<td style=\"text-align: center; background-color: #dce5f4;\"><span style=\"color: #346094;\">Certificaci\u00f3n<\/span><\/td>\n<td>Al finalizar el curso el alumno recibir\u00e1 un Diploma o Certificado de Aprovechamiento. Acreditaci\u00f3n Fundaci\u00f3n Laboral del Metal<\/td>\n<\/tr>\n<tr>\n<td style=\"background-color: #dce5f4; text-align: center; vertical-align: top;\"><span style=\"color: #346094;\">OBJETIVOS<\/span><\/td>\n<td>\n<h2 class=\"vc_custom_heading wpb_animate_when_almost_visible wpb_fadeIn fadeIn wpb_start_animation animated\">\u00bfA qui\u00e9n va dirigida esta formaci\u00f3n?<\/h2>\n<div class=\"wpb_text_column wpb_content_element\">\n<div class=\"wpb_wrapper\">\n<p>El curso de prevenci\u00f3n de riesgos laborales de<strong><em>\u00a0trabajos en altura<\/em>\u00a0<\/strong>est\u00e1 dirigido a trabajadores que por su actividad profesional realicen trabajos con riesgo de ca\u00edda en altura en diferentes sectores de trabajo. (ej. Operarios de la construcci\u00f3n, operarios de mantenimiento, instaladores, etc.). El participantes adquirir\u00e1 los conocimientos necesarios en cuanto a normas generales de seguridad y prevenci\u00f3n y las aplicaciones de los principios b\u00e1sicos de seguridad en la ejecuci\u00f3n de las maniobras que requieren los trabajos con riesgos de ca\u00edda en altura.<\/p>\n<\/div>\n<\/div>\n<h2 class=\"vc_custom_heading wpb_animate_when_almost_visible wpb_fadeIn fadeIn wpb_start_animation animated\">\u00bfComo se realiza?<\/h2>\n<div class=\"wpb_text_column wpb_content_element\">\n<div class=\"wpb_wrapper\">\n<p>El contenido m\u00ednimo para esta formaci\u00f3n es de 8 horas.<\/p>\n<\/div>\n<\/div>\n<p>El objetivo de el curso b\u00e1sico de prevenci\u00f3n de 50 horas es que el alumno pueda adquirir los conocimientos b\u00e1sicos en materia de prevenci\u00f3n de riesgos laborales en el sector del metal.<\/p>\n<p><strong>OBJETIVOS ESPEC\u00cdFICOS:<\/strong><\/p>\n<p>El empresario debe garantizar la seguridad de los trabajadores en los aspectos relacionados con el trabajo. Concretamente, cualquier actividad que se realice en alturas superiores a 2 metros de altura respecto al suelo est\u00e1 considerada como trabajo en altura. Para ello, se deben establecer algunas medidas preventivas:<\/td>\n<\/tr>\n<tr>\n<td style=\"background-color: #dce5f4; text-align: center; vertical-align: top;\"><span style=\"color: #346094;\">CONTENIDOS<\/span><\/td>\n<td><strong><u>CONTENIDOS:<\/u><\/strong><\/p>\n<ol>\n<li>Introducci\u00f3n<\/li>\n<li>Ca\u00eddas desde altura. Conceptos generales<\/li>\n<li>Epis, instalaciones y dispositivos de seguridad para trabajar en altura<\/li>\n<\/ol>\n<p>3.1. Descripci\u00f3n<\/p>\n<p>3.1.1. Cinturones<\/p>\n<p>3.1.2. Arn\u00e9s anticaidas<\/p>\n<p>3.1.3. Conectores<\/p>\n<p>3.1.3.1. Mosquetones sin seguro<\/p>\n<p>3.1.3.2. Mosquetones con seguro<\/p>\n<p>3.1.3.3. Mosquetones de gran apertura<\/p>\n<p>3.1.4. Maillones<\/p>\n<p>3.1.5. Cabos de anclaje<\/p>\n<p>3.1.6. Cabos de anclaje con absorbedor de energ\u00eda<\/p>\n<p>3.1.7. Cabos de posicionamiento ajustables<\/p>\n<p>3.1.8. Sistemas anticaidas retr\u00e1ctil<\/p>\n<p>3.1.9. Anticaidas de reposici\u00f3n autom\u00e1ticos + retr\u00e1ctiles<\/p>\n<p>3.1.10. Casco<\/p>\n<p>3.1.11. Calzado<\/p>\n<p>3.1.12. Anticaidas m\u00f3viles sobre cordaje<\/p>\n<p>3.1.13. Descensores<\/p>\n<p>3.1.14. Cuerdas<\/p>\n<p>3.1.15. Anclajes<\/p>\n<p>3.1.15.1 Anclajes constructivos<\/p>\n<p>3.1.15.2 Anclajes mec\u00e1nicos<\/p>\n<p>3.1.15.3 Anclajes qu\u00edmicos<\/p>\n<p>3.1.15.4 Anclajes soldados<\/p>\n<p>3.1.15.5 Anclajes de fortuna<\/p>\n<p>3.1.15.6 Anclajes de peso muerto<\/p>\n<p>3.1.15.7 Anclajes m\u00f3viles<\/p>\n<p>3.1.16. L\u00edneas de vida<\/p>\n<p>3.1.16.1 L\u00edneas de vida horizontales<\/p>\n<p>3.1.16.2 L\u00edneas de vida verticales<\/p>\n<p>3.1.17 Material auxiliar<\/p>\n<p>4 Conservaci\u00f3n y mantenimiento del equipo<\/p>\n<p>5 Pautas generales de seguridad<\/p>\n<p>6 Nudos<\/p>\n<p>7 Trabajos sobre cubiertas y tejados<\/p>\n<p>7.1 Tipos de cubiertas<\/p>\n<p>7.2 Riesgos existentes. Medidas preventivas a adoptar<\/p>\n<p>7.3 Organizaci\u00f3n de los trabajos<\/p>\n<p>7.4 Inclemencias del tiempo<\/p>\n<p>7.5 Programa de mantenimiento<\/p>\n<p>8 Trabajos en torres y antenas<\/p>\n<p>9 T\u00e9cnicas de posicionamiento, ascenso y descenso<\/p>\n<p>9.1 Posicionamiento de cintas y cabeceras de l\u00ednea<\/p>\n<p>9.2 Progresi\u00f3n y posicionamiento en torres y antenas<\/p>\n<p>9.3 Progresi\u00f3n y aseguramiento sobre tejados<\/p>\n<p>9.4 L\u00edneas de vida port\u00e1tiles homologadas<\/p>\n<p>10 Trabajos de suspensi\u00f3n continua<\/p>\n<p>11 Trabajos en taludes<\/p>\n<p>11.1 Taludes de plano inclinado moderado o parcial<\/p>\n<p>11.2 Taludes de suspensi\u00f3n total o verticales<\/p>\n<p>12 Manejo de cargas<\/p>\n<p>13 Rescates<\/p>\n<p>13.1 M\u00e9todo directo vertical<\/p>\n<p>13.2 M\u00e9todo indirecto vertical<\/p>\n<p>14 Primeros Auxilios<\/p>\n<p>15 PRACTICAS<\/td>\n<\/tr>\n<\/tbody>\n<\/table>\n","protected":false},"excerpt":{"rendered":"<p>HAZ AQU\u00cd TU INSCRIPCI\u00d3N OPERARIO DE TRABAJOS EN ALTURA 3113 OPERARIO DE TRABAJOS EN ALTURA Duraci\u00f3n 8 horas Certificaci\u00f3n Al<\/p>\n","protected":false},"author":1,"featured_media":0,"parent":0,"menu_order":0,"comment_status":"closed","ping_status":"closed","template":"","meta":{"_uag_custom_page_level_css":"","_monsterinsights_skip_tracking":false,"_monsterinsights_sitenote_active":false,"_monsterinsights_sitenote_note":"","_monsterinsights_sitenote_category":0,"footnotes":""},"class_list":["post-13016","page","type-page","status-publish","hentry"],"aioseo_notices":[],"uagb_featured_image_src":{"full":false,"thumbnail":false,"medium":false,"medium_large":false,"large":false,"1536x1536":false,"2048x2048":false,"ample-featured-blog-large":false,"ample-featured-blog-small":false,"ample-portfolio-image":false,"sendpress-max":false,"woocommerce_thumbnail":false,"woocommerce_single":false,"woocommerce_gallery_thumbnail":false},"uagb_author_info":{"display_name":"IMM","author_link":"https:\/\/immformacion.com\/web\/author\/imm_admin\/"},"uagb_comment_info":0,"uagb_excerpt":"HAZ AQU\u00cd TU INSCRIPCI\u00d3N OPERARIO DE TRABAJOS EN ALTURA 3113 OPERARIO DE TRABAJOS EN ALTURA Duraci\u00f3n 8 horas Certificaci\u00f3n Al","_links":{"self":[{"href":"https:\/\/immformacion.com\/web\/wp-json\/wp\/v2\/pages\/13016","targetHints":{"allow":["GET"]}}],"collection":[{"href":"https:\/\/immformacion.com\/web\/wp-json\/wp\/v2\/pages"}],"about":[{"href":"https:\/\/immformacion.com\/web\/wp-json\/wp\/v2\/types\/page"}],"author":[{"embeddable":true,"href":"https:\/\/immformacion.com\/web\/wp-json\/wp\/v2\/users\/1"}],"replies":[{"embeddable":true,"href":"https:\/\/immformacion.com\/web\/wp-json\/wp\/v2\/comments?post=13016"}],"version-history":[{"count":3,"href":"https:\/\/immformacion.com\/web\/wp-json\/wp\/v2\/pages\/13016\/revisions"}],"predecessor-version":[{"id":13049,"href":"https:\/\/immformacion.com\/web\/wp-json\/wp\/v2\/pages\/13016\/revisions\/13049"}],"wp:attachment":[{"href":"https:\/\/immformacion.com\/web\/wp-json\/wp\/v2\/media?parent=13016"}],"curies":[{"name":"wp","href":"https:\/\/api.w.org\/{rel}","templated":true}]}}