{"id":13022,"date":"2020-01-21T15:15:38","date_gmt":"2020-01-21T14:15:38","guid":{"rendered":"https:\/\/immformacion.com\/web\/carretillas-elevadoras-convenio-metal-3\/"},"modified":"2020-01-21T17:00:22","modified_gmt":"2020-01-21T16:00:22","slug":"plataformas-elevadoras-convenio-metal","status":"publish","type":"page","link":"https:\/\/immformacion.com\/web\/plataformas-elevadoras-convenio-metal\/","title":{"rendered":"OPERARIO DE PLATAFORMAS ELEVADORAS (CONVENIO)"},"content":{"rendered":"<table style=\"height: 166px;\" width=\"980\">\n<tbody>\n<tr>\n<td style=\"background-color: #ffffff; width: 5px; text-align: right;\" colspan=\"2\">\n<table style=\"border-collapse: collapse; width: 100.966%; height: 21px;\">\n<tbody>\n<tr>\n<td style=\"width: 100%; text-align: right;\"><a href=\"https:\/\/immformacion.com\/web\/ficha-de-inscripcion-adgd0308-2-2-2-3\/\"><span style=\"background-color: #ff0000; color: #ffffff;\">HAZ AQU\u00cd TU INSCRIPCI\u00d3N<\/span><\/a><\/td>\n<\/tr>\n<\/tbody>\n<\/table>\n<\/td>\n<\/tr>\n<tr>\n<td style=\"text-align: center; background-color: #346094;\" colspan=\"2\"><span style=\"color: #ffffff;\">OPERARIO DE PLATAFORMAS ELEVADORAS (CONVENIO)<\/span><\/td>\n<\/tr>\n<tr>\n<td style=\"width: 150px; text-align: center; background-color: #dce5f4;\" scope=\"col\"><span style=\"color: #346094;\"><b>3115<\/b><\/span><\/td>\n<td style=\"background-color: #dce5f4;\">OPERARIO DE PLATAFORMAS ELEVADORAS (CONVENIO)<\/td>\n<\/tr>\n<tr>\n<td style=\"text-align: center; background-color: #dce5f4;\"><span style=\"color: #346094;\">Duraci\u00f3n<\/span><\/td>\n<td>8 horas<\/td>\n<\/tr>\n<tr>\n<td style=\"text-align: center; background-color: #dce5f4;\"><span style=\"color: #346094;\">Certificaci\u00f3n<\/span><\/td>\n<td>Al finalizar el curso el alumno recibir\u00e1 un Diploma o Certificado de Aprovechamiento. Acreditaci\u00f3n Fundaci\u00f3n Laboral del Metal<\/td>\n<\/tr>\n<tr>\n<td style=\"background-color: #dce5f4; text-align: center; vertical-align: top;\"><span style=\"color: #346094;\">OBJETIVOS<\/span><\/td>\n<td>\n<h2 class=\"vc_custom_heading wpb_animate_when_almost_visible wpb_fadeIn fadeIn wpb_start_animation animated\">\u00bfA qui\u00e9n va dirigida esta formaci\u00f3n?<\/h2>\n<div class=\"wpb_text_column wpb_content_element\">\n<div class=\"wpb_wrapper\">\n<p>El curso de &#8220;<strong>Operador de Plataformas Elevadoras<\/strong>&#8221; te permitir\u00e1 manejar con seguridad las\u00a0plataformas articuladas y de tijeras en operaciones de elevaci\u00f3n e inclinaci\u00f3n. Aprender\u00e1s a realizar anclajes de seguridad utilizando el arn\u00e9s de seguridad.<\/p>\n<p>Adem\u00e1s adquirir\u00e1s conocimientos t\u00e9cnicos de la maquinaria para su revisi\u00f3n y mantenimiento.<\/p>\n<\/div>\n<\/div>\n<h2 class=\"vc_custom_heading wpb_animate_when_almost_visible wpb_fadeIn fadeIn wpb_start_animation animated\">\u00bfComo se realiza?<\/h2>\n<div class=\"wpb_text_column wpb_content_element\">\n<div class=\"wpb_wrapper\">\n<p>El contenido m\u00ednimo para esta formaci\u00f3n es de 8 horas<span style=\"font-size: inherit; font-family: inherit; font-weight: inherit;\">.<\/span><\/p>\n<\/div>\n<\/div>\n<p><strong>OBJETIVOS ESPEC\u00cdFICOS:<\/strong><\/p>\n<p>Este curso pretende conseguir la mejora personal y profesional del alumno mediante el aprendizaje de conocimientos y habilidades orientados a la mejora en el puesto de trabajo. Sugerimos la formaci\u00f3n que se ofrece en este curso como la mejor manera de completar el perfil profesional de los alumnos interesados en el acceso al mercado laboral. Tambi\u00e9n indicamos que este curso puede mejorar el perfil laboral de aquellas personas que se encuentren trabajando en este momento, dado que la metodolog\u00eda ofrecida es compatible con el trabajo habitual, como objetivos destacamos:<\/p>\n<ul>\n<li>Impartir unos cursos de formaci\u00f3n que cumplan con las exigencias legales que se contemplan en el marco de la Ley de Prevenci\u00f3n de Riesgos Laborales.<\/li>\n<li>Seguir los contenidos y criterios de formaci\u00f3n establecidos en la norma UNE 58923 y en el nuevo convenio del metal de fecha junio de 2017.<\/li>\n<li>Adquirir los conocimientos que necesita el operador de maquinaria para ejecutar correctamente su trabajo de forma segura, garantizando tanto su integridad f\u00edsica como la del resto de trabajadores, as\u00ed como de los equipos e instalaciones de la empresa.<\/li>\n<li>Potenciar una cultura de seguridad en los trabajadores. Ense\u00f1ar los comportamientos seguros del operador, el mantenimiento de los equipos en buen estado y profesionalizar la utilizaci\u00f3n de maquinaria e implementos.<\/li>\n<li>Formar a los operadores acerca de los riesgos que conlleva la utilizaci\u00f3n de maquinaria y elementos de elevaci\u00f3n, as\u00ed como las medidas preventivas a tener en cuenta para evitar accidentes.<\/li>\n<li>Poner en pr\u00e1ctica las t\u00e9cnicas de conducci\u00f3n y utilizaci\u00f3n seguras de los equipos de trabajo.<\/li>\n<\/ul>\n<\/td>\n<\/tr>\n<tr>\n<td style=\"background-color: #dce5f4; text-align: center; vertical-align: top;\"><span style=\"color: #346094;\">CONTENIDOS<\/span><\/td>\n<td>Formaci\u00f3n te\u00f3rica<\/p>\n<ol>\n<li>Legislaci\u00f3n y normativa referente al uso de estos equipos de trabajo<\/li>\n<li>Clasificaci\u00f3n y tipo de PEMP<\/li>\n<li>Caracter\u00edsticas y descripciones de las PEMP<\/li>\n<li>Aplicaciones<\/li>\n<li>Seguridad antes de poner en marcha el equipo<\/li>\n<li>Puestos de mando<\/li>\n<li>Entorno de trabajo<\/li>\n<li>Nivelaci\u00f3n<\/li>\n<li>Principales riesgos<\/li>\n<li>Medidas de protecci\u00f3n y prevenci\u00f3n<\/li>\n<li>Normas de seguridad debida a otros riesgos<\/li>\n<li>Puesta en marcha<\/li>\n<li>Normas espec\u00edficas de seguridad en el uso<\/li>\n<li>Normas de seguridad al finalizar trabajo<\/li>\n<li>Equipos de protecci\u00f3n individual<\/li>\n<li>Mantenimiento<\/li>\n<li>Revisiones<\/li>\n<li>Nuestra Plataforma<\/li>\n<\/ol>\n<p>19- \u00a0\u00a0\u00a0\u00a0\u00a0\u00a0\u00a0Elementos comunes en cuanto a seguridades m\u00ednimas<\/p>\n<p>Formaci\u00f3n practica<\/p>\n<ul>\n<li>Introducci\u00f3n a la maquina<\/li>\n<li>Reconocimiento del entorno y se\u00f1alizaci\u00f3n de la zona de trabajo.<\/li>\n<li>Reconocimiento visual perimetral de la m\u00e1quina.<\/li>\n<li>Componentes principales: identificaci\u00f3n y funci\u00f3n.<\/li>\n<li>Comprobaciones e inspecci\u00f3n previa al uso de acuerdo al manual de instrucciones del fabricante.<\/li>\n<li>Puesta en marcha y parada de la m\u00e1quina.<\/li>\n<li>Procedimientos correctos de operaci\u00f3n de cada una de las funciones de seguridad.<\/li>\n<li>Maniobrabilidad de la maquina en circuito de pr\u00e1cticas.<\/li>\n<li>Rescate y procedimiento de bajada de emergencias.<\/li>\n<li>Procedimiento adecuado para estacionar la maquina en su posici\u00f3n de transporte.<\/li>\n<\/ul>\n<\/td>\n<\/tr>\n<\/tbody>\n<\/table>\n","protected":false},"excerpt":{"rendered":"<p>HAZ AQU\u00cd TU INSCRIPCI\u00d3N OPERARIO DE PLATAFORMAS ELEVADORAS (CONVENIO) 3115 OPERARIO DE PLATAFORMAS ELEVADORAS (CONVENIO) Duraci\u00f3n 8 horas Certificaci\u00f3n Al<\/p>\n","protected":false},"author":1,"featured_media":0,"parent":0,"menu_order":0,"comment_status":"closed","ping_status":"closed","template":"","meta":{"_uag_custom_page_level_css":"","_monsterinsights_skip_tracking":false,"_monsterinsights_sitenote_active":false,"_monsterinsights_sitenote_note":"","_monsterinsights_sitenote_category":0,"footnotes":""},"class_list":["post-13022","page","type-page","status-publish","hentry"],"aioseo_notices":[],"uagb_featured_image_src":{"full":false,"thumbnail":false,"medium":false,"medium_large":false,"large":false,"1536x1536":false,"2048x2048":false,"ample-featured-blog-large":false,"ample-featured-blog-small":false,"ample-portfolio-image":false,"sendpress-max":false,"woocommerce_thumbnail":false,"woocommerce_single":false,"woocommerce_gallery_thumbnail":false},"uagb_author_info":{"display_name":"IMM","author_link":"https:\/\/immformacion.com\/web\/author\/imm_admin\/"},"uagb_comment_info":0,"uagb_excerpt":"HAZ AQU\u00cd TU INSCRIPCI\u00d3N OPERARIO DE PLATAFORMAS ELEVADORAS (CONVENIO) 3115 OPERARIO DE PLATAFORMAS ELEVADORAS (CONVENIO) Duraci\u00f3n 8 horas Certificaci\u00f3n Al","_links":{"self":[{"href":"https:\/\/immformacion.com\/web\/wp-json\/wp\/v2\/pages\/13022","targetHints":{"allow":["GET"]}}],"collection":[{"href":"https:\/\/immformacion.com\/web\/wp-json\/wp\/v2\/pages"}],"about":[{"href":"https:\/\/immformacion.com\/web\/wp-json\/wp\/v2\/types\/page"}],"author":[{"embeddable":true,"href":"https:\/\/immformacion.com\/web\/wp-json\/wp\/v2\/users\/1"}],"replies":[{"embeddable":true,"href":"https:\/\/immformacion.com\/web\/wp-json\/wp\/v2\/comments?post=13022"}],"version-history":[{"count":4,"href":"https:\/\/immformacion.com\/web\/wp-json\/wp\/v2\/pages\/13022\/revisions"}],"predecessor-version":[{"id":13050,"href":"https:\/\/immformacion.com\/web\/wp-json\/wp\/v2\/pages\/13022\/revisions\/13050"}],"wp:attachment":[{"href":"https:\/\/immformacion.com\/web\/wp-json\/wp\/v2\/media?parent=13022"}],"curies":[{"name":"wp","href":"https:\/\/api.w.org\/{rel}","templated":true}]}}