{"id":13025,"date":"2020-01-21T15:19:02","date_gmt":"2020-01-21T14:19:02","guid":{"rendered":"https:\/\/immformacion.com\/web\/plataformas-elevadoras-convenio-metal-2\/"},"modified":"2020-01-29T17:01:09","modified_gmt":"2020-01-29T16:01:09","slug":"plataformas-elevadoras-convenio-metal-2","status":"publish","type":"page","link":"https:\/\/immformacion.com\/web\/plataformas-elevadoras-convenio-metal-2\/","title":{"rendered":"OPERARIO DE PLATAFORMAS ELEVADORAS (CONVENIO+PR\u00c1CTICO)"},"content":{"rendered":"<table style=\"height: 166px;\" width=\"980\">\n<tbody>\n<tr>\n<td style=\"background-color: #ffffff; width: 5px; text-align: right;\" colspan=\"2\">\n<table style=\"border-collapse: collapse; width: 100.966%; height: 21px;\">\n<tbody>\n<tr>\n<td style=\"width: 100%; text-align: right;\"><a href=\"https:\/\/immformacion.com\/web\/ficha-de-inscripcion-adgd0308-2-2-2-3\/\"><span style=\"background-color: #ff0000; color: #ffffff;\">HAZ AQU\u00cd TU INSCRIPCI\u00d3N<\/span><\/a><\/td>\n<\/tr>\n<\/tbody>\n<\/table>\n<\/td>\n<\/tr>\n<tr>\n<td style=\"text-align: center; background-color: #346094;\" colspan=\"2\"><span style=\"color: #ffffff;\">OPERARIO DE PLATAFORMAS ELEVADORAS (CONVENIO+PR\u00c1CTICO)<\/span><\/td>\n<\/tr>\n<tr>\n<td style=\"width: 150px; text-align: center; background-color: #dce5f4;\" scope=\"col\"><span style=\"color: #346094;\"><b>3116<\/b><\/span><\/td>\n<td style=\"background-color: #dce5f4;\">OPERARIO DE PLATAFORMAS ELEVADORAS (CONVENIO+PR\u00c1CTICO)<\/td>\n<\/tr>\n<tr>\n<td style=\"text-align: center; background-color: #dce5f4;\"><span style=\"color: #346094;\">Duraci\u00f3n<\/span><\/td>\n<td>12 horas<\/td>\n<\/tr>\n<tr>\n<td style=\"text-align: center; background-color: #dce5f4;\"><span style=\"color: #346094;\">Certificaci\u00f3n<\/span><\/td>\n<td>Al finalizar el curso el alumno recibir\u00e1 un Diploma o Certificado de Aprovechamiento. Acreditaci\u00f3n Fundaci\u00f3n Laboral del Metal<\/td>\n<\/tr>\n<tr>\n<td style=\"background-color: #dce5f4; text-align: center; vertical-align: top;\"><span style=\"color: #346094;\">OBJETIVOS<\/span><\/td>\n<td>\n<h2 class=\"vc_custom_heading wpb_animate_when_almost_visible wpb_fadeIn fadeIn wpb_start_animation animated\">\u00bfA qui\u00e9n va dirigida esta formaci\u00f3n?<\/h2>\n<div class=\"wpb_text_column wpb_content_element\">\n<div class=\"wpb_wrapper\">\n<p>El curso de &#8220;Operador de Plataformas Elevadoras&#8221; te permitir\u00e1 manejar con seguridad las\u00a0plataformas articuladas y de tijeras en operaciones de elevaci\u00f3n e inclinaci\u00f3n. Aprender\u00e1s a realizar anclajes de seguridad utilizando el arn\u00e9s de seguridad.\u00a0 Adem\u00e1s adquirir\u00e1s conocimientos t\u00e9cnicos de la maquinaria para su revisi\u00f3n y mantenimiento.<\/p>\n<\/div>\n<\/div>\n<h2 class=\"vc_custom_heading wpb_animate_when_almost_visible wpb_fadeIn fadeIn wpb_start_animation animated\">\u00bfComo se realiza?<\/h2>\n<div class=\"wpb_text_column wpb_content_element\">\n<div class=\"wpb_wrapper\">\n<p>El contenido m\u00ednimo para esta formaci\u00f3n es de 12 horas, las cuales se realizan:<\/p>\n<ul>\n<li>4 horas Teor\u00eda<\/li>\n<li>8 horas Pr\u00e1cticas<\/li>\n<\/ul>\n<p>El objetivo del curso es que el alumno pueda adquirir los conocimientos b\u00e1sicos en materia de prevenci\u00f3n de riesgos laborales en su sector \u00a0y el manejo y medidas de seguridad en el uso de plataformas elevadoras.<\/p>\n<\/div>\n<\/div>\n<p><strong>OBJETIVOS ESPEC\u00cdFICOS:<\/strong><\/p>\n<ul>\n<li>El objetivo de la actividad formativa es el de dotar de conocimientos te\u00f3rico-pr\u00e1cticos sobre MANEJO DE PLATAFORMAS ELEVADORAS a las personas que asistan, contribuyendo a una ejecuci\u00f3n m\u00e1s segura de su trabajo, reduciendo el riesgo de accidente y mejorando su productividad<\/li>\n<\/ul>\n<\/td>\n<\/tr>\n<tr>\n<td style=\"background-color: #dce5f4; text-align: center; vertical-align: top;\"><span style=\"color: #346094;\">CONTENIDOS<\/span><\/td>\n<td><strong>Contenido Te\u00f3rico:<\/strong><\/p>\n<ul>\n<li>Legislaci\u00f3n y normativa referente al uso de estos equipos de trabajo<\/li>\n<li>Clasificaci\u00f3n y tipos de PEMP<\/li>\n<li>Caracter\u00edsticas y descripciones<\/li>\n<li>Aplicaciones<\/li>\n<li>Seguridad antes de poner en marcha el equipo<\/li>\n<li>Puestos de mando<\/li>\n<li>Entorno de trabajo<\/li>\n<li>Nivelaci\u00f3n<\/li>\n<li>Principales peligros y factores de riesgo<\/li>\n<li>Medidas de protecci\u00f3n y prevenci\u00f3n<\/li>\n<li>Normas de seguridad debidas a otros riesgos<\/li>\n<li>Puesta en marcha<\/li>\n<li>Normas espec\u00edficas de seguridad en uso<\/li>\n<li>Normas de seguridad al finalizar los trabajos<\/li>\n<li>Equipos de protecci\u00f3n individual<\/li>\n<li>Mantenimiento y revisiones<\/li>\n<\/ul>\n<p><strong>Contenido Pr\u00e1ctico:<\/strong><\/p>\n<ul>\n<li>Introducci\u00f3n a la m\u00e1quina<\/li>\n<li>Reconocimiento de entorno y se\u00f1alizaci\u00f3n de la zona de trabajo<\/li>\n<li>Reconocimiento visual perimetral de la m\u00e1quina<\/li>\n<li>Componentes principales: identificaci\u00f3n y funci\u00f3n<\/li>\n<li>Comprobaciones e inspecci\u00f3n previa al uso<\/li>\n<li>Puesta en marcha y parada de la m\u00e1quina<\/li>\n<li>Procedimientos correctos de operaci\u00f3n de cada una de las funciones de seguridad<\/li>\n<li>Maniobrabilidad de la m\u00e1quina en circuito de pr\u00e1cticas<\/li>\n<li>Rescate y procedimientos de bajada de emergencia<\/li>\n<li>Procedimiento adecuado para estacionar la m\u00e1quina en su posici\u00f3n de transporte<\/li>\n<\/ul>\n<\/td>\n<\/tr>\n<\/tbody>\n<\/table>\n","protected":false},"excerpt":{"rendered":"<p>HAZ AQU\u00cd TU INSCRIPCI\u00d3N OPERARIO DE PLATAFORMAS ELEVADORAS (CONVENIO+PR\u00c1CTICO) 3116 OPERARIO DE PLATAFORMAS ELEVADORAS (CONVENIO+PR\u00c1CTICO) Duraci\u00f3n 12 horas Certificaci\u00f3n Al<\/p>\n","protected":false},"author":1,"featured_media":0,"parent":0,"menu_order":0,"comment_status":"closed","ping_status":"closed","template":"","meta":{"_uag_custom_page_level_css":"","_monsterinsights_skip_tracking":false,"_monsterinsights_sitenote_active":false,"_monsterinsights_sitenote_note":"","_monsterinsights_sitenote_category":0,"footnotes":""},"class_list":["post-13025","page","type-page","status-publish","hentry"],"aioseo_notices":[],"uagb_featured_image_src":{"full":false,"thumbnail":false,"medium":false,"medium_large":false,"large":false,"1536x1536":false,"2048x2048":false,"ample-featured-blog-large":false,"ample-featured-blog-small":false,"ample-portfolio-image":false,"sendpress-max":false,"woocommerce_thumbnail":false,"woocommerce_single":false,"woocommerce_gallery_thumbnail":false},"uagb_author_info":{"display_name":"IMM","author_link":"https:\/\/immformacion.com\/web\/author\/imm_admin\/"},"uagb_comment_info":0,"uagb_excerpt":"HAZ AQU\u00cd TU INSCRIPCI\u00d3N OPERARIO DE PLATAFORMAS ELEVADORAS (CONVENIO+PR\u00c1CTICO) 3116 OPERARIO DE PLATAFORMAS ELEVADORAS (CONVENIO+PR\u00c1CTICO) Duraci\u00f3n 12 horas Certificaci\u00f3n Al","_links":{"self":[{"href":"https:\/\/immformacion.com\/web\/wp-json\/wp\/v2\/pages\/13025","targetHints":{"allow":["GET"]}}],"collection":[{"href":"https:\/\/immformacion.com\/web\/wp-json\/wp\/v2\/pages"}],"about":[{"href":"https:\/\/immformacion.com\/web\/wp-json\/wp\/v2\/types\/page"}],"author":[{"embeddable":true,"href":"https:\/\/immformacion.com\/web\/wp-json\/wp\/v2\/users\/1"}],"replies":[{"embeddable":true,"href":"https:\/\/immformacion.com\/web\/wp-json\/wp\/v2\/comments?post=13025"}],"version-history":[{"count":4,"href":"https:\/\/immformacion.com\/web\/wp-json\/wp\/v2\/pages\/13025\/revisions"}],"predecessor-version":[{"id":13095,"href":"https:\/\/immformacion.com\/web\/wp-json\/wp\/v2\/pages\/13025\/revisions\/13095"}],"wp:attachment":[{"href":"https:\/\/immformacion.com\/web\/wp-json\/wp\/v2\/media?parent=13025"}],"curies":[{"name":"wp","href":"https:\/\/api.w.org\/{rel}","templated":true}]}}