{"id":13027,"date":"2020-01-21T15:21:22","date_gmt":"2020-01-21T14:21:22","guid":{"rendered":"https:\/\/immformacion.com\/web\/carretillas-elevadoras-convenio-metal-3\/"},"modified":"2020-01-21T17:08:32","modified_gmt":"2020-01-21T16:08:32","slug":"puente-grua-convenio-metal-3","status":"publish","type":"page","link":"https:\/\/immformacion.com\/web\/puente-grua-convenio-metal-3\/","title":{"rendered":"OPERARIO DE PUENTE GR\u00daA (CONVENIO)"},"content":{"rendered":"<table style=\"height: 166px;\" width=\"980\">\n<tbody>\n<tr>\n<td style=\"background-color: #ffffff; width: 5px; text-align: right;\" colspan=\"2\">\n<table style=\"border-collapse: collapse; width: 100.966%; height: 21px;\">\n<tbody>\n<tr>\n<td style=\"width: 100%; text-align: right;\"><a href=\"https:\/\/immformacion.com\/web\/ficha-de-inscripcion-adgd0308-2-2-2-3\/\"><span style=\"background-color: #ff0000; color: #ffffff;\">HAZ AQU\u00cd TU INSCRIPCI\u00d3N<\/span><\/a><\/td>\n<\/tr>\n<\/tbody>\n<\/table>\n<\/td>\n<\/tr>\n<tr>\n<td style=\"text-align: center; background-color: #346094;\" colspan=\"2\"><span style=\"color: #ffffff;\">OPERARIO DE PUENTE GR\u00daA (CONVENIO)<\/span><\/td>\n<\/tr>\n<tr>\n<td style=\"width: 150px; text-align: center; background-color: #dce5f4;\" scope=\"col\"><span style=\"color: #346094;\"><b>3117<\/b><\/span><\/td>\n<td style=\"background-color: #dce5f4;\">OPERARIO DE PUENTE GR\u00daA (CONVENIO)<\/td>\n<\/tr>\n<tr>\n<td style=\"text-align: center; background-color: #dce5f4;\"><span style=\"color: #346094;\">Duraci\u00f3n<\/span><\/td>\n<td>8 horas<\/td>\n<\/tr>\n<tr>\n<td style=\"text-align: center; background-color: #dce5f4;\"><span style=\"color: #346094;\">Certificaci\u00f3n<\/span><\/td>\n<td>Al finalizar el curso el alumno recibir\u00e1 un Diploma o Certificado de Aprovechamiento. Acreditaci\u00f3n Fundaci\u00f3n Laboral del Metal<\/td>\n<\/tr>\n<tr>\n<td style=\"background-color: #dce5f4; text-align: center; vertical-align: top;\"><span style=\"color: #346094;\">OBJETIVOS<\/span><\/td>\n<td>\n<h2 class=\"vc_custom_heading wpb_animate_when_almost_visible wpb_fadeIn fadeIn wpb_start_animation animated\">\u00bfA qui\u00e9n va dirigida esta formaci\u00f3n?<\/h2>\n<div class=\"wpb_text_column wpb_content_element\">\n<div class=\"wpb_wrapper\">\n<p>Adquirir todos los conocimientos que se deben tener en cuenta desde el punto de vista del Manejo, la Seguridad y Prevenci\u00f3n en el manejo de puente gr\u00faa.<\/p>\n<\/div>\n<\/div>\n<h2 class=\"vc_custom_heading wpb_animate_when_almost_visible wpb_fadeIn fadeIn wpb_start_animation animated\">\u00bfComo se realiza?<\/h2>\n<div class=\"wpb_text_column wpb_content_element\">\n<div class=\"wpb_wrapper\">\n<p>El contenido m\u00ednimo para esta formaci\u00f3n es de 8<span style=\"font-family: inherit; font-size: inherit; font-weight: inherit;\">\u00a0horas Presenciales<\/span><\/p>\n<p><span style=\"font-size: inherit; font-family: inherit; font-weight: inherit;\">Se pretende\u00a0 que el alumno pueda adquirir los conocimientos b\u00e1sicos en materia de prevenci\u00f3n de riesgos laborales en el sector del metal.<\/span><\/p>\n<\/div>\n<\/div>\n<p><strong>OBJETIVOS ESPEC\u00cdFICOS:<\/strong><\/p>\n<ul>\n<li>Adquirir todos los conocimientos que se deben tener en cuenta desde el punto de vista del Manejo, la Seguridad y Prevenci\u00f3n en el manejo de puente gr\u00faa.<\/li>\n<\/ul>\n<\/td>\n<\/tr>\n<tr>\n<td style=\"background-color: #dce5f4; text-align: center; vertical-align: top;\"><span style=\"color: #346094;\">CONTENIDOS<\/span><\/td>\n<td>1\u00a0\u00a0\u00a0\u00a0\u00a0\u00a0\u00a0\u00a0\u00a0\u00a0\u00a0\u00a0 &#8211; REGLAMENTOS Y NORMAS VIGENTES<\/p>\n<p>1.1.- Reglamentaci\u00f3n relativa a la concepci\u00f3n de los equipos de trabajo<\/p>\n<p>1.2.- Reglamentaci\u00f3n relativa a la utilizaci\u00f3n de los equipos de trabajo<\/p>\n<ol start=\"2\">\n<li>&#8211; CARACTER\u00cdSTICAS T\u00c9CNICAS DE LOS PUENTES GR\u00daA<\/li>\n<\/ol>\n<p>2.1- Descripci\u00f3n<\/p>\n<p>2.2 &#8211; Movimientos de un puente gr\u00faa<\/p>\n<p>2.3.- Componentes principales y mecanismos de movimiento<\/p>\n<p>2.4.- Tipos de mando de los mecanismos de movimiento<\/p>\n<ol start=\"3\">\n<li>&#8211; APTITUDES, FORMACI\u00d3N Y RESPONSABILIDADES DEL OPERADOR DEL PUENTE GR\u00daA<\/li>\n<\/ol>\n<p>3.1.- Aptitudes del operador<\/p>\n<p>3.2 Conocimientos previos<\/p>\n<p>3.3.- Formaci\u00f3n te\u00f3rico-pr\u00e1ctica del operador<\/p>\n<p>3.3.1. &#8211; Programa te\u00f3rico<\/p>\n<p>3.3.2.- Programa pr\u00e1ctico<\/p>\n<p>3.4.- Responsabilidades del operador<\/p>\n<p>4 &#8211; RIESGOS INHERENTES A LOS PUENTES GR\u00daA, Y MEDIDAS PREVENTIVAS<\/p>\n<p>4.1.- Riesgos generales y medidas preventivas, entre otras: Ca\u00eddas a diferente nivel. Ca\u00edda por objetos por desplome o derrumbamientos. Ca\u00edda de objetos en manipulaci\u00f3n. Ca\u00edda objetos desprendidos. Choques contra objetos inm\u00f3viles y m\u00f3viles. Atrapamiento por o entre objetos. Riesgos derivados de la manipulaci\u00f3n manual de cargas. Ruido. Sobreesfuerzos. Riesgo de contacto el\u00e9ctrico<\/p>\n<p>4.2.- Riesgos espec\u00edficos de los puentes gr\u00faa, y medidas preventivas<\/p>\n<p>4.2.1.- En el accionamiento por botonera<\/p>\n<p>4.2.2.- En el accionamiento por control remoto<\/p>\n<p>4.2.3.- En el accionamiento desde una cabina<\/p>\n<p>4.2.4.- Por ausencia de pasarelas y barandillas en los accesos a la cabina y en los pasillos de mantenimiento<\/p>\n<p>4.2.5.- Por tallo\/ausencia de los dispositivos de seguridad<\/p>\n<p>5- RELACI\u00d3N GRUISTA &#8211; SE\u00d1ALISTA \u2013ESTROSBADOR<\/p>\n<p>5.1- Funciones del equipo de manutenci\u00f3n en una operaci\u00f3n ordinaria<\/p>\n<p>5.2.- Medios de comunicaci\u00f3n y c\u00f3digo utilizado<\/p>\n<p>5.3.- Relaci\u00f3n de dependencia gruista \u2013 se\u00f1alista<\/p>\n<p>6-TRABAJOS DE VERIFICACI\u00d3N A REALIZAR POR EL OPERADOR DEL PUENTE GR\u00daA<\/p>\n<p>6.1.- En los puentes gr\u00faa accionados por botonera<\/p>\n<p>6.1.1.- Antes de poner la gr\u00faa en marcha<\/p>\n<p>6.1.2.- Al finalizar la jornada laboral<\/p>\n<p>6.2.- En los puentes gr\u00faa accionados por control remoto<\/p>\n<p>6.2.1.- Antes de poner la gr\u00faa en marcha<\/p>\n<p>6.2.2.- Al finalizar la jornada laboral<\/p>\n<p>6.3.- En los puentes gr\u00faa accionados desde una cabina<\/p>\n<p>6.3.1.- Antes de poner la gr\u00faa en marcha<\/p>\n<p>6.3.2.- Al finalizar la jornada laboral<\/p>\n<p>6.3.3- Actuaci\u00f3n en caso de incendio<\/p>\n<ol start=\"7\">\n<li>&#8211; NORMAS DE SEGURIDAD EN LAS MANIOBRAS DE LOS PUENTES GR\u00daA<\/li>\n<\/ol>\n<p>7.1-Para puentes gr\u00faa accionados por botonera<\/p>\n<p>7.2- Para puentes gr\u00faa accionados por control remoto<\/p>\n<p>7.3- Para puentes gr\u00faa accionados desde una cabina<\/p>\n<p>8.- INSTRUCCIONES OPERATIVAS O PROCEDIMIENTOS DE TRABAJO SEGURO,<\/p>\n<p>PARA EL EQUIPO DE MANUTENCI\u00d3N<\/p>\n<p>8.1.- Cumplimiento de las instrucciones operativas establecidas por la empresa<\/p>\n<p>8.2.- Instrucciones operativas para el operador de gr\u00faa<\/p>\n<p>8.3.- Instrucciones operativas para el estrobador<\/p>\n<p>8.3.1-Instrucciones para el almacenaje de los elementos de amarre<\/p>\n<p>8.4.\u00a0\u00a0\u00a0\u00a0\u00a0\u00a0\u00a0 &#8211; Instrucciones operativas para el se\u00f1alista<\/p>\n<p>9.- TRABAJOS DE MANTENIMIENTO PREVENTIVO Y CORRECTIVO DE LOS PUENTES GR\u00daA<\/p>\n<p>9.1.- Normas de seguridad para el mantenimiento de los puentes gr\u00faa<\/p>\n<p>9.2.- Protecci\u00f3n contra las ca\u00eddas de altura en los puentes gr\u00faa<\/td>\n<\/tr>\n<\/tbody>\n<\/table>\n","protected":false},"excerpt":{"rendered":"<p>HAZ AQU\u00cd TU INSCRIPCI\u00d3N OPERARIO DE PUENTE GR\u00daA (CONVENIO) 3117 OPERARIO DE PUENTE GR\u00daA (CONVENIO) Duraci\u00f3n 8 horas Certificaci\u00f3n Al<\/p>\n","protected":false},"author":1,"featured_media":0,"parent":0,"menu_order":0,"comment_status":"closed","ping_status":"closed","template":"","meta":{"_uag_custom_page_level_css":"","_monsterinsights_skip_tracking":false,"_monsterinsights_sitenote_active":false,"_monsterinsights_sitenote_note":"","_monsterinsights_sitenote_category":0,"footnotes":""},"class_list":["post-13027","page","type-page","status-publish","hentry"],"aioseo_notices":[],"uagb_featured_image_src":{"full":false,"thumbnail":false,"medium":false,"medium_large":false,"large":false,"1536x1536":false,"2048x2048":false,"ample-featured-blog-large":false,"ample-featured-blog-small":false,"ample-portfolio-image":false,"sendpress-max":false,"woocommerce_thumbnail":false,"woocommerce_single":false,"woocommerce_gallery_thumbnail":false},"uagb_author_info":{"display_name":"IMM","author_link":"https:\/\/immformacion.com\/web\/author\/imm_admin\/"},"uagb_comment_info":0,"uagb_excerpt":"HAZ AQU\u00cd TU INSCRIPCI\u00d3N OPERARIO DE PUENTE GR\u00daA (CONVENIO) 3117 OPERARIO DE PUENTE GR\u00daA (CONVENIO) Duraci\u00f3n 8 horas Certificaci\u00f3n Al","_links":{"self":[{"href":"https:\/\/immformacion.com\/web\/wp-json\/wp\/v2\/pages\/13027","targetHints":{"allow":["GET"]}}],"collection":[{"href":"https:\/\/immformacion.com\/web\/wp-json\/wp\/v2\/pages"}],"about":[{"href":"https:\/\/immformacion.com\/web\/wp-json\/wp\/v2\/types\/page"}],"author":[{"embeddable":true,"href":"https:\/\/immformacion.com\/web\/wp-json\/wp\/v2\/users\/1"}],"replies":[{"embeddable":true,"href":"https:\/\/immformacion.com\/web\/wp-json\/wp\/v2\/comments?post=13027"}],"version-history":[{"count":3,"href":"https:\/\/immformacion.com\/web\/wp-json\/wp\/v2\/pages\/13027\/revisions"}],"predecessor-version":[{"id":13053,"href":"https:\/\/immformacion.com\/web\/wp-json\/wp\/v2\/pages\/13027\/revisions\/13053"}],"wp:attachment":[{"href":"https:\/\/immformacion.com\/web\/wp-json\/wp\/v2\/media?parent=13027"}],"curies":[{"name":"wp","href":"https:\/\/api.w.org\/{rel}","templated":true}]}}