{"id":13291,"date":"2021-05-03T16:17:19","date_gmt":"2021-05-03T15:17:19","guid":{"rendered":"https:\/\/immformacion.com\/web\/?page_id=13291"},"modified":"2021-05-08T12:30:50","modified_gmt":"2021-05-08T11:30:50","slug":"politica-de-cookies","status":"publish","type":"page","link":"https:\/\/immformacion.com\/web\/politica-de-cookies\/","title":{"rendered":"POLITICA DE COOKIES"},"content":{"rendered":"\n<p>En cumplimiento de la Ley 34\/2002, de 11 de julio, de Servicios de la Sociedad de la Informaci\u00f3n y Comercio Electr\u00f3nico le informamos de que este sitio web, al igual que la mayor\u00eda de los sitios en Internet, usa Cookies para mejorar y optimizar la experiencia del usuario. A continuaci\u00f3n encontrar\u00e1 informaci\u00f3n detallada sobre qu\u00e9 son las \u201cCookies\u201d, qu\u00e9 tipolog\u00eda utiliza este sitio web, c\u00f3mo cambiar la configuraci\u00f3n de sus cookies, y qu\u00e9\u00a0 ocurre si deshabilita las Cookies.<\/p>\n<p>\u00bfQu\u00e9 son las Cookies?<\/p>\n<p>Una cookie es un peque\u00f1o archivo que se descarga en el equipo del usuario con la finalidad de almacenar datos, los cuales podr\u00e1n ser actualizados y recuperados por la entidad responsable de su instalaci\u00f3n.<\/p>\n<p>\u00bfQu\u00e9 tipo de Cookies utiliza esta p\u00e1gina web?<\/p>\n<p>A continuaci\u00f3n se muestra una tabla con las <strong>Cookies <\/strong>utilizadas en este sitio web:<\/p>\n<table>\n<tbody>\n<tr>\n<td width=\"85\">\n<p><strong>DOMINIO<\/strong><\/p>\n<\/td>\n<td width=\"124\">\n<p><strong>NOMBRE DE LA COOKIE<\/strong><\/p>\n<\/td>\n<td width=\"122\">\n<p><strong>DESCRIPCION \/ FINALIDAD<\/strong><\/p>\n<\/td>\n<td width=\"100\">\n<p><strong>PROVEEDOR<\/strong><\/p>\n<\/td>\n<td width=\"127\">\n<p><strong>CADUCIDAD<\/strong><\/p>\n<\/td>\n<\/tr>\n<tr>\n<td width=\"85\">\n<p>google.com<\/p>\n<\/td>\n<td width=\"124\">\n<p>_ga<\/p>\n<\/td>\n<td width=\"122\">\n<p>Analitica web<\/p>\n<\/td>\n<td width=\"100\">\n<p>Google<\/p>\n<\/td>\n<td width=\"127\">\n<p>2 a\u00f1os<\/p>\n<\/td>\n<\/tr>\n<tr>\n<td>\n<p>google.com<\/p>\n<\/td>\n<td>\n<p>NID<\/p>\n<\/td>\n<td>\n<p>Analitica web<\/p>\n<\/td>\n<td>\n<p>Google<\/p>\n<\/td>\n<td>\n<p>6 meses<\/p>\n<\/td>\n<\/tr>\n<tr>\n<td width=\"85\">\n<p>\u00a0immformacion.com<\/p>\n<\/td>\n<td width=\"124\">\n<p>wpgdprc-consent-2<\/p>\n<\/td>\n<td width=\"122\">\n<p>Recordar la decisi\u00f3n respecto a la configuraci\u00f3n de cookies<\/p>\n<\/td>\n<td width=\"100\">\n<p>\u00a0<\/p>\n<\/td>\n<td width=\"127\">\n<p>1 a\u00f1o<\/p>\n<\/td>\n<\/tr>\n<tr>\n<td>\n<p>immformacion.com<\/p>\n<\/td>\n<td>\n<p>hustle_module_show_count-popup-5<\/p>\n<\/td>\n<td>\n<p>Configuracion del numero de entradas a mostrar en los popups<\/p>\n<\/td>\n<td>\n<p>\u00a0<\/p>\n<\/td>\n<td>\n<p>1 mes<\/p>\n<\/td>\n<\/tr>\n<tr>\n<td>\n<p>immformacion.com<\/p>\n<\/td>\n<td>\n<p>50d3e5509ac52e81e4ecbc30ed112281<\/p>\n<\/td>\n<td>\n<p>Control de trafico<\/p>\n<\/td>\n<td>\n<p>\u00a0<\/p>\n<\/td>\n<td>\n<p>1 hora<\/p>\n<\/td>\n<\/tr>\n<tr>\n<td>\n<p>immformacion.com<\/p>\n<\/td>\n<td>\n<p>eed59198cd655d1ecb35f05b71c1c2a4<\/p>\n<\/td>\n<td>\n<p>Control de trafico<\/p>\n<\/td>\n<td>\n<p>\u00a0<\/p>\n<\/td>\n<td>\n<p>1 hora<\/p>\n<\/td>\n<\/tr>\n<tr>\n<td>\n<p>immformacion.com<\/p>\n<\/td>\n<td>\n<p>eccc989a08ccb2455440354dd032c563<\/p>\n<\/td>\n<td>\n<p>Control de trafico<\/p>\n<\/td>\n<td>\n<p>\u00a0<\/p>\n<\/td>\n<td>\n<p>1 hora<\/p>\n<\/td>\n<\/tr>\n<\/tbody>\n<\/table>\n<p>\u00bfC\u00f3mo puede configurar sus Cookies?<\/p>\n<p>Al navegar y continuar en nuestro sitio web estar\u00e1 consintiendo el uso de las Cookies en las condiciones contenidas en la presente Pol\u00edtica de Cookies. Usted como usuario tiene la posibilidad de ejercer su derecho a bloquear, eliminar y rechazar el uso de Cookies, en todo momento, modificando las opciones de su navegador<\/p>\n<p>\u00a0<\/p>\n<p>Por ejemplo:<\/p>\n<ol>\n<li><strong>Internet Explorer<\/strong>: Herramientas &gt; Opciones de Internet &gt; Privacidad &gt; Configuraci\u00f3n.<\/li>\n<\/ol>\n<p>Para m\u00e1s informaci\u00f3n, puede consultar el soporte de Microsoft o la Ayuda del navegador.<\/p>\n<ol start=\"2\">\n<li><strong>Mozilla Firefox<\/strong>: Herramientas &gt; Opciones &gt; Privacidad &gt; Historial &gt; Configuraci\u00f3n Personalizada.<\/li>\n<\/ol>\n<p>Para m\u00e1s informaci\u00f3n, puede consultar el soporte de Mozilla o la Ayuda del navegador.<\/p>\n<ol start=\"3\">\n<li><strong>Google Chrome<\/strong>: Configuraci\u00f3n &gt; Mostrar opciones avanzadas &gt; Privacidad -&gt; Configuraci\u00f3n de contenido.<\/li>\n<\/ol>\n<p>Para m\u00e1s informaci\u00f3n, puede consultar el soporte de Google o la Ayuda del navegador.<\/p>\n<ol start=\"4\">\n<li><strong>Safari<\/strong>: Preferencias &gt; Seguridad.<\/li>\n<\/ol>\n<p>Para m\u00e1s informaci\u00f3n, puede consultar el soporte de Apple o la Ayuda del navegador.<\/p>\n<ol start=\"5\">\n<li><strong>Opera<\/strong>: Configuraci\u00f3n &gt; Opciones &gt; Avanzado &gt; Cookies<\/li>\n<\/ol>\n<p>Para m\u00e1s informaci\u00f3n, puede consultar el soporte de Opera o la Ayuda del navegador.<\/p>\n<p>Si usa otro navegador distinto a los anteriores, consulte su pol\u00edtica de instalaci\u00f3n, uso y bloqueo de cookies.<\/p>\n<p>\u00bfQu\u00e9 ocurre si se deshabilitan las Cookies?<\/p>\n<p>Algunas funcionalidades de los Servicios o \u00e1reas de este sitio web podr\u00edan no funcionar correctamente.<\/p>\n<p>\u00bfActualizamos nuestra pol\u00edtica de Cookies?<\/p>\n<p>Es posible que actualicemos la pol\u00edtica de Cookies de nuestra p\u00e1gina web, por ello, le recomendamos revisar esta pol\u00edtica cada vez que acceda a nuestro sitio web con el objetivo de estar adecuadamente informado sobre c\u00f3mo y para que usamos las Cookies.<\/p>\n","protected":false},"excerpt":{"rendered":"<p>En cumplimiento de la Ley 34\/2002, de 11 de julio, de Servicios de la Sociedad de la Informaci\u00f3n y Comercio<\/p>\n","protected":false},"author":1,"featured_media":0,"parent":0,"menu_order":0,"comment_status":"closed","ping_status":"closed","template":"","meta":{"_uag_custom_page_level_css":"","_monsterinsights_skip_tracking":false,"_monsterinsights_sitenote_active":false,"_monsterinsights_sitenote_note":"","_monsterinsights_sitenote_category":0,"footnotes":""},"class_list":["post-13291","page","type-page","status-publish","hentry"],"aioseo_notices":[],"uagb_featured_image_src":{"full":false,"thumbnail":false,"medium":false,"medium_large":false,"large":false,"1536x1536":false,"2048x2048":false,"ample-featured-blog-large":false,"ample-featured-blog-small":false,"ample-portfolio-image":false,"sendpress-max":false,"woocommerce_thumbnail":false,"woocommerce_single":false,"woocommerce_gallery_thumbnail":false},"uagb_author_info":{"display_name":"IMM","author_link":"https:\/\/immformacion.com\/web\/author\/imm_admin\/"},"uagb_comment_info":0,"uagb_excerpt":"En cumplimiento de la Ley 34\/2002, de 11 de julio, de Servicios de la Sociedad de la Informaci\u00f3n y Comercio","_links":{"self":[{"href":"https:\/\/immformacion.com\/web\/wp-json\/wp\/v2\/pages\/13291","targetHints":{"allow":["GET"]}}],"collection":[{"href":"https:\/\/immformacion.com\/web\/wp-json\/wp\/v2\/pages"}],"about":[{"href":"https:\/\/immformacion.com\/web\/wp-json\/wp\/v2\/types\/page"}],"author":[{"embeddable":true,"href":"https:\/\/immformacion.com\/web\/wp-json\/wp\/v2\/users\/1"}],"replies":[{"embeddable":true,"href":"https:\/\/immformacion.com\/web\/wp-json\/wp\/v2\/comments?post=13291"}],"version-history":[{"count":2,"href":"https:\/\/immformacion.com\/web\/wp-json\/wp\/v2\/pages\/13291\/revisions"}],"predecessor-version":[{"id":13294,"href":"https:\/\/immformacion.com\/web\/wp-json\/wp\/v2\/pages\/13291\/revisions\/13294"}],"wp:attachment":[{"href":"https:\/\/immformacion.com\/web\/wp-json\/wp\/v2\/media?parent=13291"}],"curies":[{"name":"wp","href":"https:\/\/api.w.org\/{rel}","templated":true}]}}