{"id":186,"date":"2012-10-30T18:51:18","date_gmt":"2012-10-30T17:51:18","guid":{"rendered":"http:\/\/immformacion.com\/web\/?page_id=186"},"modified":"2012-11-24T09:29:32","modified_gmt":"2012-11-24T08:29:32","slug":"formacion-tripartita","status":"publish","type":"page","link":"https:\/\/immformacion.com\/web\/formacion-tripartita\/","title":{"rendered":"Fundaci\u00f3n Tripartita"},"content":{"rendered":"<table border=\"0\">\n<tbody>\n<tr>\n<td>\n<div>\n<div>\n<h2 style=\"text-align: left;\">\u00a0\u00a0\u00a0\u00a0\u00a0 <a href=\"http:\/\/immformacion.com\/web\/?attachment_id=476\" rel=\"attachment wp-att-476\"><img decoding=\"async\" class=\"wp-image-476\" title=\"logo tripartita\" src=\"http:\/\/immformacion.com\/web\/wp-content\/uploads\/2012\/11\/logo-tripartita.jpg\" alt=\"\" width=\"128\" height=\"76\" \/><\/a>\u00a0\u00a0\u00a0\u00a0\u00a0<a href=\"http:\/\/immformacion.com\/web\/?attachment_id=490\" rel=\"attachment wp-att-490\"><img decoding=\"async\" class=\" wp-image-490\" title=\"Sin t\u00edtulo-1\" src=\"http:\/\/immformacion.com\/web\/wp-content\/uploads\/2012\/11\/c71ab00d9b2d4a2c3b3b6fed02299d60.jpg\" alt=\"\" width=\"112\" height=\"40\" \/><\/a><\/h2>\n<h2 style=\"text-align: left;\"><strong>GESTI\u00d3N DE LAS BONIFICACIONES FTFE<\/strong><\/h2>\n<p><a href=\"http:\/\/immformacion.com\/web\/?attachment_id=490\" rel=\"attachment wp-att-490\"><img decoding=\"async\" title=\"Sin t\u00edtulo-1\" src=\"http:\/\/immformacion.com\/web\/wp-content\/uploads\/2012\/11\/c71ab00d9b2d4a2c3b3b6fed02299d60.jpg\" alt=\"\" width=\"112\" height=\"8\" \/><\/a><\/p>\n<div>\n<div>En general, todos los cursos y seminarios, tanto en modalidad presencial, distancia tradicional como e-learning, cumplen con los requisitos para ser bonificables a trav\u00e9s de la Fundaci\u00f3n Tripartita para la Formaci\u00f3n en el Empleo.<br \/>\nIMMFORMACI\u00d3N incluye &#8211; dentro del apartado de tasas y precios de cualquiera de sus documentos informativos de cursos &#8211; informaci\u00f3n respecto al posible alcance de estas bonificaciones y el ahorro que puede suponer para su empresa.<\/div>\n<p>Adem\u00e1s, si lo desea, nosotros podemos gestionarle dichas bonificaciones, sin coste adicional para su empresa, simplemente adhiri\u00e9ndose a algunos de los Convenios de Empresa que venimos gestionando (Son m\u00e1s de 1.500 las empresas ya adheridas, que han confiado en la calidad de nuestra formaci\u00f3n y la buena gesti\u00f3n de sus bonificaciones).<\/p>\n<p><strong>Si lo desean tambi\u00e9n les podemos gestionar la bonificaci\u00f3n de todos los cursos que realicen en el a\u00f1o \u00a1\u00a1Cons\u00faltenos!!<\/strong><\/p>\n<p>Para m\u00e1s informaci\u00f3n, contacte con nuestro Equipo de Gesti\u00f3n de Bonificaciones FTFE, el cual le prestar\u00e1 toda la ayuda y asesoramineto que precise en la gesti\u00f3n de su cr\u00e9dito formativo.<\/p>\n<p><strong>Tel\u00e9fono: 942 075 444\u00a0\u00a0\u00a0\u00a0\u00a0\u00a0 e-Mail:\u00a0 <a href=\"mailto:cursos@immformacion.com\">cursos@immformacion.com<\/a><\/strong><\/p>\n<h4>\u00bfConoce el procedimiento para poder bonificarse?<\/h4>\n<p>Si su empresa es beneficiaria de cr\u00e9dito formativo para la realizaci\u00f3n de formaci\u00f3n bonificada para sus trabajadores, primeramente debe conocer el cr\u00e9dito formativo del que dispone.<\/p>\n<h4>\u00bfC\u00f3mo se calcula el cr\u00e9dito?<\/h4>\n<ul>\n<li>Recopilando todos los TC1 de los 12 meses del a\u00f1o anterior, y sumando las cantidades de la casilla 501. A esa cantidad resultante se le aplica el 0,7 %, que es la parte proporcional destinada a Formaci\u00f3n Profesional. El resultado es la cuant\u00eda total.<\/li>\n<li>Para obtener el cr\u00e9dito de formaci\u00f3n debe aplicarse a la cuant\u00eda total (Paso 1) el porcentaje de bonificaci\u00f3n establecido para el a\u00f1o correspondiente (Ley anual de Presupuestos del Estado) seg\u00fan el tama\u00f1o de su empresa. Estos porcentajes son los siguientes:<br \/>\n<blockquote><p>\u2192 Las empresas de 1 a 5 trabajadores, disponen de un cr\u00e9dito anual de &#8230;&#8230;..\u00a0 420\u20ac<\/p>\n<p>\u2192 Empresas de nueva creaci\u00f3n y apertura de nuevos centros de trabajo &#8230;&#8230;..\u00a0\u00a0 65\u20ac \/ trabajador<\/p>\n<p>\u2192 Empresas de 6 a 9 trabajadores &#8230;&#8230;&#8230;&#8230;&#8230;&#8230;&#8230;&#8230;&#8230;&#8230;&#8230;&#8230;&#8230;&#8230;&#8230;&#8230;&#8230;&#8230;&#8230;.. 100%<\/p>\n<p>\u2192 De 10 a 49 trabajadores &#8230;&#8230;&#8230;&#8230;&#8230;&#8230;&#8230;&#8230;&#8230;&#8230;&#8230;&#8230;&#8230;&#8230;&#8230;&#8230;&#8230;&#8230;&#8230;&#8230;&#8230;&#8230;&#8230;. \u00a075%<\/p>\n<p>\u2192 De 50 a 249 trabajadores &#8230;&#8230;&#8230;&#8230;&#8230;&#8230;&#8230;&#8230;&#8230;&#8230;&#8230;&#8230;&#8230;&#8230;&#8230;&#8230;&#8230;&#8230;&#8230;&#8230;&#8230;&#8230;.. \u00a060%<\/p>\n<p>\u2192 De 250 o m\u00e1s trabajadores &#8230;&#8230;&#8230;&#8230;&#8230;&#8230;&#8230;&#8230;&#8230;&#8230;&#8230;&#8230;&#8230;&#8230;&#8230;&#8230;&#8230;&#8230;&#8230;&#8230;&#8230;&#8230;\u00a0 50%<\/p><\/blockquote>\n<\/li>\n<\/ul>\n<p><strong>Ejemplo<\/strong><br \/>\n<strong>Empresa con 8 trabajadores que ha pagado una cuota de formaci\u00f3n profesional en el a\u00f1o anterior de 1.700 euros, le corresponde un cr\u00e9dito de:<br \/>\n1.700*100% = 1.700<\/strong><\/p>\n<p>La Fundaci\u00f3n Tripartita, pone a disposici\u00f3n de los usuarios un <strong><a href=\"https:\/\/empresas.fundaciontripartita.org\/AFE045\/app\/sim_credito.aspx\"><strong>SIMULADOR DE CR\u00c9DITO<\/strong><\/a><\/strong>, en el que se pueden realizar estos c\u00e1lculos. Puede acceder desde la p\u00e1gina de inicio de la aplicaci\u00f3n de la Fundaci\u00f3n Tripartita: <strong><a href=\"https:\/\/empresas.fundaciontripartita.org\/\"><strong>https:\/\/empresas.fundaciontripartita.org\/<br \/>\n<\/strong><\/a><\/strong>Una vez determinado el cr\u00e9dito del que dispone para utilizar durante el ejercicio correspondiente, podr\u00e1 utilizarlo en las diferentes acciones formativas que desarrolle en su empresa.<\/p>\n<p>La forma en que se distribuya, es decisi\u00f3n exclusivamente suya, y s\u00f3lo estar\u00e1 condicionada por los llamados costes m\u00e1ximos bonificables aplicables a cada acci\u00f3n formativa.<\/p>\n<h3 style=\"text-align: left;\">\u00bfQu\u00e9 son los costes m\u00e1ximos bonificables?<\/h3>\n<p>Es la cantidad m\u00e1xima que una empresa se puede bonificar en cada acci\u00f3n formativa. Viene delimitada por los llamados m\u00f3dulos econ\u00f3micos m\u00e1ximos, que se reflejan en el siguiente cuadro.<\/p>\n<table class=\"alignleft\" style=\"width: 408px; height: 94px;\" border=\"1\" cellspacing=\"0\" align=\"center\">\n<tbody>\n<tr>\n<td style=\"text-align: center;\"><strong>MODALIDAD DE\u00a0IMPARTICI\u00d3N<\/strong><\/td>\n<td align=\"center\" valign=\"middle\"><strong>PRECIO M\u00d3DULO ECON\u00d3MICO<\/strong><\/td>\n<\/tr>\n<tr>\n<td align=\"center\" valign=\"middle\"><strong>PRESENCIAL<\/strong><\/td>\n<td align=\"center\" valign=\"middle\"><strong>13 euros<\/strong><\/td>\n<\/tr>\n<tr>\n<td align=\"center\" valign=\"middle\"><strong>TELEFORMACI\u00d3N<\/strong><\/td>\n<td align=\"center\" valign=\"middle\"><strong>7,5 euros<\/strong><\/td>\n<\/tr>\n<tr>\n<td align=\"center\" valign=\"middle\"><strong>MIXTA<\/strong><\/td>\n<td align=\"center\" valign=\"middle\"><strong>En funci\u00f3n de las horas de formaci\u00f3n presencial y\u00a0a distancia o teleformaci\u00f3n de la acci\u00f3n<\/strong><\/td>\n<\/tr>\n<\/tbody>\n<\/table>\n<p>&nbsp;<\/p>\n<p>&nbsp;<\/p>\n<p>&nbsp;<\/p>\n<p>&nbsp;<\/p>\n<p>&nbsp;<\/p>\n<p>As\u00ed pues, el coste m\u00e1ximo bonificable resultar\u00e1 de aplicar la siguiente operaci\u00f3n:<\/p>\n<p><strong>M\u00f3dulo econ\u00f3mico x N\u00ba horas de duraci\u00f3n grupo x N\u00ba participantes<\/strong>:<\/p>\n<p><strong>Ejemplo:<\/strong><br \/>\n<strong>Acci\u00f3n Formativa de Modalidad Presencial, de nivel medio superior. N\u00ba horas: 12 N\u00ba participantes: 6<\/strong><br \/>\n<strong>CANTIDAD M\u00c1XIMA BONIFICABLE: 13 * 12 * 6 = 936\u20ac<\/strong><br \/>\nEsta es la cantidad m\u00e1xima que se puede bonificar para este grupo formativo.<\/p>\n<h4>\u00bfC\u00f3mo aplicar las bonificaciones?<\/h4>\n<p>Puede actuar por s\u00ed misma como Entidad Bonificada y gestionar todas sus acciones; para ello, tiene que cumplir con una serie de pasos para su acceso a la Aplicaci\u00f3n Telem\u00e1tica de FTFE. A modo de s\u00edntesis, ser\u00edan los siguientes:<\/p>\n<p>\u25aa Solicitar la firma electr\u00f3nica o certificado digital CLASE 2CA de persona jur\u00eddica ante una de las entidades de acreditaci\u00f3n: CERES (www.cert.fnmt.es) y las C\u00e1maras de Comercio (www.camerfirma. es).<\/p>\n<p>\u25aa Acceso a la p\u00e1gina <a href=\"http:\/\/www.fundaciontripartita.org\/\">Web de la Fundaci\u00f3n Tripartita para la Formaci\u00f3n en el Empleo (FTFE)<\/a> y registro de la empresa en el sistema de gesti\u00f3n:<\/p>\n<ul>\n<li>\u00bb Solicitud de clave (desde el ordenador donde est\u00e1 instalado el Certificado Digital de la empresa).<\/li>\n<li>\u00bb Acceso al sistema.<\/li>\n<li>\u00bb Dar de alta a los usuarios que vayan a gestionar la ayuda y realizar las comunicaciones.<\/li>\n<\/ul>\n<p>\u25aa Dar de alta la empresa en el sistema (introduciendo la Cuota FP trabajadores, plantilla media a\u00f1o anterior, etc.). No obstante, estos datos ser\u00e1n paralelamente validados por la FTFE y TGSS.<\/p>\n<p>\u25aa Dar de alta la acci\u00f3n formativa (La Representaci\u00f3n Legal de los Trabajadores debe estar informada sobre las acciones que se subvencionar\u00e1n). En caso de que no haya representaci\u00f3n legal de los trabajadores en la empresa, los trabajadores tienen que estar informados de la acci\u00f3n formativa que la empresa quiera realizar.<\/p>\n<p>\u25aa Notificar el inicio del grupo con una antelaci\u00f3n m\u00ednima de 7 d\u00edas naturales (una vez realizada esta comunicaci\u00f3n, se pueden notificar cambios con al menos 4 d\u00edas naturales de antelaci\u00f3n al inicio del grupo). Los cambios en el listado de asistentes se pueden hacer hasta el comienzo de la acci\u00f3n formativa.<\/p>\n<p>\u25aa Realizar la acci\u00f3n formativa, con los correspondientes cuestionarios de evaluaci\u00f3n y certificado por participante.<\/p>\n<p>\u25aa Notificar la finalizaci\u00f3n del grupo, indicando los costes de formaci\u00f3n y la bonificaci\u00f3n que se va a aplicar.<\/p>\n<p>\u25aa Las bonificaciones en las cotizaciones de la Seguridad Social podr\u00e1n aplicarse a partir del bolet\u00edn de cotizaci\u00f3n correspondiente al mes que haya finalizado el grupo o grupos de formaci\u00f3n y, en todo caso, con anterioridad a la fecha en que finaliza el plazo de presentaci\u00f3n del bolet\u00edn de cotizaci\u00f3n correspondiente al mes de diciembre del mismo ejercicio econ\u00f3mico. El importe total de la bonificaci\u00f3n a aplicar en un determinado mes se indicar\u00e1 en la casilla 601 del bolet\u00edn de cotizaci\u00f3n de cualquier cuenta (se recomienda crear una espec\u00edfica para formaci\u00f3n Bonificada). Si su empresa utiliza Sistema RED, debe descontarla en la casilla 763.<\/p>\n<p>\u25aa Contabilizar adecuadamente los diferentes costes y la bonificaci\u00f3n, como parte del proceso de justificaci\u00f3n (se deben justificar los costes en caso de inspecci\u00f3n).<\/p>\n<p>Por el contrario, puede solicitar la ayuda de una Entidad Organizadora, como IMMFORMACI\u00d3N, con la que firmar\u00e1 un Convenio de Agrupaci\u00f3n Empresas para que realice la gesti\u00f3n de la bonificaci\u00f3n de su cr\u00e9dito formativo ante la FTFE.<\/p>\n<h4>Otros datos de inter\u00e9s<\/h4>\n<ul>\n<li>Tel\u00e9fono de Atenci\u00f3n al Usuario de la Fundaci\u00f3n Tripartita para la Formaci\u00f3n en el Empleo: <strong>902 183 183<\/strong><\/li>\n<li>Manual de ayuda para el acceso y utilizaci\u00f3n de la aplicaci\u00f3n, as\u00ed como otros documentos interesantes<strong>: <a href=\"http:\/\/www.fundaciontripartita.es\/publico\/descargaDocumentos.aspx\" target=\"_blank\">http:\/\/www.fundaciontripartita.es\/publico\/descargaDocumentos.aspx<\/a><\/strong><\/li>\n<\/ul>\n<p>Para cualquier informaci\u00f3n, puede ponerse en contacto con:<\/p>\n<p><strong>Departamento de Gesti\u00f3n de Bonificaciones FTFE de IMMFORMACI\u00d3N.<\/strong><\/p>\n<p><strong>Tel\u00e9fono: 942 075 444 <\/strong><strong>e-Mail: <a href=\"mailto:cursos@immformacion.com\">cursos@immformacion.com<\/a><\/strong><\/p>\n<p>&nbsp;<\/p>\n<\/div>\n<\/div>\n<\/div>\n<p align=\"justify\">\n<\/td>\n<\/tr>\n<\/tbody>\n<\/table>\n","protected":false},"excerpt":{"rendered":"<p>\u00a0\u00a0\u00a0\u00a0\u00a0 \u00a0\u00a0\u00a0\u00a0\u00a0 GESTI\u00d3N DE LAS BONIFICACIONES FTFE En general, todos los cursos y seminarios, tanto en modalidad presencial, distancia tradicional<\/p>\n","protected":false},"author":1,"featured_media":0,"parent":0,"menu_order":0,"comment_status":"closed","ping_status":"open","template":"","meta":{"_uag_custom_page_level_css":"","_monsterinsights_skip_tracking":false,"_monsterinsights_sitenote_active":false,"_monsterinsights_sitenote_note":"","_monsterinsights_sitenote_category":0,"footnotes":""},"class_list":["post-186","page","type-page","status-publish","hentry"],"aioseo_notices":[],"uagb_featured_image_src":{"full":false,"thumbnail":false,"medium":false,"medium_large":false,"large":false,"1536x1536":false,"2048x2048":false,"ample-featured-blog-large":false,"ample-featured-blog-small":false,"ample-portfolio-image":false,"sendpress-max":false,"woocommerce_thumbnail":false,"woocommerce_single":false,"woocommerce_gallery_thumbnail":false},"uagb_author_info":{"display_name":"IMM","author_link":"https:\/\/immformacion.com\/web\/author\/imm_admin\/"},"uagb_comment_info":0,"uagb_excerpt":"\u00a0\u00a0\u00a0\u00a0\u00a0 \u00a0\u00a0\u00a0\u00a0\u00a0 GESTI\u00d3N DE LAS BONIFICACIONES FTFE En general, todos los cursos y seminarios, tanto en modalidad presencial, distancia tradicional","_links":{"self":[{"href":"https:\/\/immformacion.com\/web\/wp-json\/wp\/v2\/pages\/186","targetHints":{"allow":["GET"]}}],"collection":[{"href":"https:\/\/immformacion.com\/web\/wp-json\/wp\/v2\/pages"}],"about":[{"href":"https:\/\/immformacion.com\/web\/wp-json\/wp\/v2\/types\/page"}],"author":[{"embeddable":true,"href":"https:\/\/immformacion.com\/web\/wp-json\/wp\/v2\/users\/1"}],"replies":[{"embeddable":true,"href":"https:\/\/immformacion.com\/web\/wp-json\/wp\/v2\/comments?post=186"}],"version-history":[{"count":23,"href":"https:\/\/immformacion.com\/web\/wp-json\/wp\/v2\/pages\/186\/revisions"}],"predecessor-version":[{"id":540,"href":"https:\/\/immformacion.com\/web\/wp-json\/wp\/v2\/pages\/186\/revisions\/540"}],"wp:attachment":[{"href":"https:\/\/immformacion.com\/web\/wp-json\/wp\/v2\/media?parent=186"}],"curies":[{"name":"wp","href":"https:\/\/api.w.org\/{rel}","templated":true}]}}