{"id":203,"date":"2019-10-30T18:54:00","date_gmt":"2019-10-30T17:54:00","guid":{"rendered":"http:\/\/immformacion.com\/web\/?page_id=203"},"modified":"2019-12-30T19:52:12","modified_gmt":"2019-12-30T18:52:12","slug":"prevencion-riesgos-laborales","status":"publish","type":"page","link":"https:\/\/immformacion.com\/web\/prevencion-riesgos-laborales\/","title":{"rendered":"Prevenci\u00f3n de Riesgos Laborales TPM\/TPC"},"content":{"rendered":"<p style=\"text-align: left;\"><img decoding=\"async\" class=\"alignleft wp-image-417\" title=\"Prevenci\u00f3n-riesgos-laborales\" src=\"http:\/\/immformacion.com\/web\/wp-content\/uploads\/2012\/11\/coordinador-s-y-s-construccion.jpg\" alt=\"Formaci\u00f3n en Prevenci\u00f3n de Riesgos Laborales\" width=\"206\" height=\"139\" \/><\/p>\n<p style=\"text-align: left;\"><span style=\"color: #333333;\">Si eres empresario\u00a0o trabajador, ponemos a tu\u00a0<\/span><span style=\"color: #333333;\">disposici\u00f3n una amplia gama de acciones formativas\u00a0<\/span><span style=\"color: #333333;\">en materia de\u00a0 Prevenci\u00f3n de Riesgos Laborales\u00a0 a la\u00a0<\/span><span style=\"color: #333333;\">que est\u00e1n obligados todos los trabajadores<\/span><\/p>\n<div id=\"justifytextbox\" class=\"expresscurate_justify_text_box\" style=\"height: auto;\">\n<table class=\"aligncenter\" style=\"width: 704px; border-color: #000000; height: 773px;\" border=\"0px\">\n<tbody>\n<tr>\n<td style=\"text-align: right;\"><span style=\"color: #333333;\">Administrativos<\/span><\/td>\n<td style=\"background-color: #7ca3dc;\"><span style=\"color: #ffffff;\">20 h\u00a0<\/span><\/td>\n<\/tr>\n<tr>\n<td style=\"text-align: right;\"><span style=\"color: #333333;\">Alba\u00f1iler\u00eda<\/span><\/td>\n<td style=\"text-align: left; background-color: #7ca3dc;\"><span style=\"color: #ffffff;\">20 h<\/span><\/td>\n<\/tr>\n<tr>\n<td style=\"text-align: right;\"><span style=\"color: #333333;\">Canter\u00eda<\/span><\/td>\n<td style=\"text-align: left; background-color: #7ca3dc;\"><span style=\"color: #ffffff;\">20 h\u00a0<\/span><\/td>\n<\/tr>\n<tr>\n<td style=\"text-align: right;\"><span style=\"color: #333333;\">Demolici\u00f3n y rehabilitaci\u00f3n<\/span><\/td>\n<td style=\"text-align: left; background-color: #7ca3dc;\"><span style=\"color: #ffffff;\">20 h<\/span><\/td>\n<\/tr>\n<tr>\n<td style=\"text-align: right;\"><span style=\"color: #333333;\">Electricidad<\/span><\/td>\n<td style=\"text-align: left; background-color: #7ca3dc;\"><span style=\"color: #ffffff;\">20 h<\/span><\/td>\n<\/tr>\n<tr>\n<td style=\"text-align: right;\"><span style=\"color: #333333;\">Encofrado<\/span><\/td>\n<td style=\"text-align: left; background-color: #7ca3dc;\"><span style=\"color: #ffffff;\">20 h<\/span><\/td>\n<\/tr>\n<tr>\n<td style=\"text-align: right;\" scope=\"col\"><span style=\"color: #333333;\">Ferrallado<\/span><\/td>\n<td style=\"text-align: left; background-color: #7ca3dc;\"><span style=\"color: #ffffff;\">20 h<\/span><\/td>\n<\/tr>\n<tr>\n<td style=\"text-align: right;\" scope=\"col\"><span style=\"color: #333333;\">Fontaner\u00eda<\/span><\/td>\n<td style=\"text-align: left; background-color: #7ca3dc;\"><span style=\"color: #ffffff;\">20 h\u00a0<\/span><\/td>\n<\/tr>\n<tr>\n<td style=\"text-align: right;\" scope=\"col\"><span style=\"color: #333333;\">Formaci\u00f3n de nivel b\u00e1sico de prevenci\u00f3n en la construcci\u00f3n<\/span><\/td>\n<td style=\"text-align: left; background-color: #7ca3dc;\"><span style=\"color: #ffffff;\">60 h<\/span><\/td>\n<\/tr>\n<tr>\n<td style=\"text-align: right;\" scope=\"col\"><span style=\"color: #333333;\">Formaci\u00f3n inicial<\/span><\/td>\n<td style=\"background-color: #7ca3dc;\"><span style=\"color: #ffffff;\">8 h<\/span><\/td>\n<\/tr>\n<tr>\n<td style=\"text-align: right;\" scope=\"col\"><span style=\"color: #333333;\">Gerencia construcci\u00f3n<\/span><\/td>\n<td style=\"background-color: #7ca3dc; text-align: left;\">\u00a0<span style=\"color: #ffffff;\">10 h<\/span><\/td>\n<\/tr>\n<tr>\n<td style=\"text-align: right;\" scope=\"col\"><span style=\"color: #333333;\">Mandos intermedios<\/span><\/td>\n<td style=\"text-align: left; background-color: #7ca3dc;\"><span style=\"color: #ffffff;\">20 h<\/span><\/td>\n<\/tr>\n<tr>\n<td style=\"text-align: right;\" scope=\"col\"><span style=\"color: #333333;\">Operador de veh\u00edculos y maquinaria de movimiento de tierras\u00a0<\/span><\/td>\n<td style=\"text-align: left; background-color: #7ca3dc;\"><span style=\"color: #ffffff;\">20 h<\/span><\/td>\n<\/tr>\n<tr>\n<td style=\"text-align: right;\" scope=\"col\"><span style=\"color: #333333;\">Operadores de aparatos elevadores<\/span><\/td>\n<td style=\"text-align: left; background-color: #7ca3dc;\"><span style=\"color: #ffffff;\">20 h<\/span><\/td>\n<\/tr>\n<tr>\n<td style=\"text-align: right;\" scope=\"col\"><span style=\"color: #333333;\">Pintura<\/span><\/td>\n<td style=\"text-align: left; background-color: #7ca3dc;\"><span style=\"color: #ffffff;\">20 h<\/span><\/td>\n<\/tr>\n<tr>\n<td style=\"text-align: right;\" scope=\"col\"><span style=\"color: #333333;\">Responsables de obra y t\u00e9cnicos de ejecuci\u00f3n<\/span><\/td>\n<td style=\"text-align: left; background-color: #7ca3dc;\"><span style=\"color: #ffffff;\">20 h<\/span><\/td>\n<\/tr>\n<tr>\n<td style=\"text-align: right;\" scope=\"col\"><span style=\"color: #333333;\">Revestimientos de yeso<\/span><\/td>\n<td style=\"text-align: left; background-color: #7ca3dc;\"><span style=\"color: #ffffff;\">20 h<\/span><\/td>\n<\/tr>\n<tr>\n<td style=\"text-align: right;\" scope=\"col\"><span style=\"color: #333333;\">Solados y alicatados<\/span><\/td>\n<td style=\"background-color: #7ca3dc;\"><span style=\"color: #ffffff;\">20 h<\/span><\/td>\n<\/tr>\n<tr>\n<td style=\"text-align: right;\" scope=\"col\"><span style=\"color: #333333;\">Electricidad: Montaje y Mantenimiento de Instalaciones de Alta Tensi\u00f3n y Baja Tensi\u00f3n<\/span><\/td>\n<td style=\"background-color: #7ca3dc;\"><span style=\"color: #ffffff;\">20 h<\/span><\/td>\n<\/tr>\n<tr>\n<td style=\"text-align: right;\" scope=\"col\"><span style=\"color: #333333;\">Fontaner\u00eda e Instalaciones de Climatizaci\u00f3n &#8211; Curso TPC<\/span><\/td>\n<td style=\"background-color: #7ca3dc;\"><span style=\"color: #ffffff;\">20 h<\/span><\/td>\n<\/tr>\n<tr>\n<td style=\"text-align: right;\" scope=\"col\"><span style=\"color: #333333;\">Instalaci\u00f3n de Ascensores<\/span><\/td>\n<td style=\"background-color: #7ca3dc;\"><span style=\"color: #ffffff;\">20 h<\/span><\/td>\n<\/tr>\n<tr>\n<td style=\"text-align: right;\" scope=\"col\"><span style=\"color: #333333;\">Instalaci\u00f3n, reparaci\u00f3n, montajes, estructuras met\u00e1licas, cerrajer\u00eda y carpinter\u00eda met\u00e1lica<\/span><\/td>\n<td style=\"background-color: #7ca3dc;\"><span style=\"color: #ffffff;\">20 h<\/span><\/td>\n<\/tr>\n<\/tbody>\n<\/table>\n<\/div>\n<div dir=\"ltr\"><\/div>\n<div dir=\"ltr\"><\/div>\n<div dir=\"ltr\"><\/div>\n","protected":false},"excerpt":{"rendered":"<p>Si eres empresario\u00a0o trabajador, ponemos a tu\u00a0disposici\u00f3n una amplia gama de acciones formativas\u00a0en materia de\u00a0 Prevenci\u00f3n de Riesgos Laborales\u00a0 a<\/p>\n","protected":false},"author":1,"featured_media":0,"parent":0,"menu_order":0,"comment_status":"closed","ping_status":"open","template":"","meta":{"_uag_custom_page_level_css":"","_monsterinsights_skip_tracking":false,"_monsterinsights_sitenote_active":false,"_monsterinsights_sitenote_note":"","_monsterinsights_sitenote_category":0,"footnotes":""},"class_list":["post-203","page","type-page","status-publish","hentry"],"aioseo_notices":[],"uagb_featured_image_src":{"full":false,"thumbnail":false,"medium":false,"medium_large":false,"large":false,"1536x1536":false,"2048x2048":false,"ample-featured-blog-large":false,"ample-featured-blog-small":false,"ample-portfolio-image":false,"sendpress-max":false,"woocommerce_thumbnail":false,"woocommerce_single":false,"woocommerce_gallery_thumbnail":false},"uagb_author_info":{"display_name":"IMM","author_link":"https:\/\/immformacion.com\/web\/author\/imm_admin\/"},"uagb_comment_info":0,"uagb_excerpt":"Si eres empresario\u00a0o trabajador, ponemos a tu\u00a0disposici\u00f3n una amplia gama de acciones formativas\u00a0en materia de\u00a0 Prevenci\u00f3n de Riesgos Laborales\u00a0 a","_links":{"self":[{"href":"https:\/\/immformacion.com\/web\/wp-json\/wp\/v2\/pages\/203","targetHints":{"allow":["GET"]}}],"collection":[{"href":"https:\/\/immformacion.com\/web\/wp-json\/wp\/v2\/pages"}],"about":[{"href":"https:\/\/immformacion.com\/web\/wp-json\/wp\/v2\/types\/page"}],"author":[{"embeddable":true,"href":"https:\/\/immformacion.com\/web\/wp-json\/wp\/v2\/users\/1"}],"replies":[{"embeddable":true,"href":"https:\/\/immformacion.com\/web\/wp-json\/wp\/v2\/comments?post=203"}],"version-history":[{"count":38,"href":"https:\/\/immformacion.com\/web\/wp-json\/wp\/v2\/pages\/203\/revisions"}],"predecessor-version":[{"id":12567,"href":"https:\/\/immformacion.com\/web\/wp-json\/wp\/v2\/pages\/203\/revisions\/12567"}],"wp:attachment":[{"href":"https:\/\/immformacion.com\/web\/wp-json\/wp\/v2\/media?parent=203"}],"curies":[{"name":"wp","href":"https:\/\/api.w.org\/{rel}","templated":true}]}}