{"id":205,"date":"2012-10-30T18:54:29","date_gmt":"2012-10-30T17:54:29","guid":{"rendered":"http:\/\/immformacion.com\/web\/?page_id=205"},"modified":"2013-09-05T10:53:03","modified_gmt":"2013-09-05T09:53:03","slug":"coordinador-de-seg-y-salud","status":"publish","type":"page","link":"https:\/\/immformacion.com\/web\/coordinador-de-seg-y-salud\/","title":{"rendered":"Coordinador Seguridad y Salud"},"content":{"rendered":"<table border=\"0\" cellspacing=\"0\" cellpadding=\"0\">\n<tbody>\n<tr>\n<td valign=\"top\" width=\"576\"><a href=\"http:\/\/immformacion.com\/web\/wp-content\/uploads\/2012\/10\/Coordinador_web.jpg\"><img fetchpriority=\"high\" decoding=\"async\" class=\"alignnone  wp-image-5728\" alt=\"Coordinador_web\" src=\"http:\/\/immformacion.com\/web\/wp-content\/uploads\/2012\/10\/Coordinador_web.jpg\" width=\"779\" height=\"411\" \/><\/a><\/td>\n<\/tr>\n<tr>\n<td valign=\"top\" width=\"576\">\n<h3 style=\"padding-left: 30px;\">Presentaci\u00f3n y objetivos<\/h3>\n<p style=\"padding-left: 30px;\">Este curso faculta para coordinar las actividades de obra para garantizar que se apliquen las medidas preventivas.<\/p>\n<p style=\"padding-left: 30px;\">Aprobar el Plan de Seguridad y, en su caso, las modificaciones introducidas.<\/p>\n<p style=\"padding-left: 30px;\">Planificar los distintos trabajos que se desarrollen simult\u00e1neamente y coordinar las distintas empresas que intervengan.<\/p>\n<p style=\"padding-left: 30px;\">Coordinar las acciones y funciones de control de la aplicaci\u00f3n correcta de los m\u00e9todos de trabajo.<\/p>\n<p style=\"padding-left: 30px;\">Custodiar el Libro de Incidencias, dejando constancia del incumplimiento de las medidas de seguridad.<\/p>\n<p style=\"padding-left: 30px;\">El Curso proporciona una <b>titulaci\u00f3n v\u00e1lida para actuar como Coordinador de Seguridad y Salud en la Construcci\u00f3n en toda Espa\u00f1a<\/b> tanto a aquellas empresas por exigencias legales lo precisan como a las que conviene por exigencias operativas, puesto que todas necesitan adaptarse a las exigencias de la legislaci\u00f3n vigente.<\/p>\n<h3 style=\"padding-left: 30px;\">Objetivos<\/h3>\n<p style=\"padding-left: 30px;\">Adquirir los conocimientos necesarios para poder desarrollar las funciones de coordinadores en materia de seguridad y salud contempladas en el RD 1627\/97, de acuerdo al contenido formativo aprobado en la Comisi\u00f3n Nacional de Seguridad y Salud en el Trabajo y recomendado por el Instituto de Seguridad e Higiene en el Trabajo y el Ministerio de Trabajo y Asuntos Sociales.<\/p>\n<h3 style=\"padding-left: 30px;\">Dirigido a<\/h3>\n<p style=\"padding-left: 30px;\">ARQUITECTOS \u2013 ARQ.T\u00c9CNICOS \u2013 INGENIEROS \u2013 ING. T\u00c9CNICOS.<\/p>\n<h3 style=\"padding-left: 30px;\">Duraci\u00f3n<\/h3>\n<p style=\"padding-left: 30px;\">200 horas de duraci\u00f3n. Metodolog\u00eda on line.<\/p>\n<p style=\"padding-left: 30px;\"><b>\u00a0<\/b><\/p>\n<h3 style=\"padding-left: 30px;\">Contenido<\/h3>\n<ul style=\"padding-left: 30px;\">\n<li style=\"padding-left: 30px;\">\u00a0 Conceptos b\u00e1sicos sobre seguridad y salud en el trabajo. Marco normativo<\/li>\n<li style=\"padding-left: 30px;\">\u00a0 Gesti\u00f3n de la Prevenci\u00f3n<\/li>\n<li style=\"padding-left: 30px;\">\u00a0 Planificaci\u00f3n de la Prevenci\u00f3n en las Obras de construcci\u00f3n<\/li>\n<li style=\"padding-left: 30px;\">\u00a0 T\u00e9cnicas generales de an\u00e1lisis, evaluaci\u00f3n y control de Riesgo<\/li>\n<li style=\"padding-left: 30px;\">\u00a0 Promoci\u00f3n de la prevenci\u00f3n<b>\u00a0 <\/b><\/li>\n<\/ul>\n<h3 style=\"padding-left: 30px;\">Precio<\/h3>\n<p style=\"padding-left: 30px;\">395 euros.(*)<\/p>\n<p style=\"padding-left: 30px;\">Colegiados 250 euros<\/p>\n<h3 style=\"padding-left: 30px;\">Pr\u00f3xima Edici\u00f3n<\/h3>\n<p style=\"padding-left: 30px;\">Inicio : 23 de Septiembre 2013<\/p>\n<p style=\"padding-left: 30px;\">Finalizaci\u00f3n: 20 de Diciembre 2013<\/p>\n<h3 style=\"padding-left: 30px;\">Dirigido por<\/h3>\n<p style=\"padding-left: 30px;\">Isabel Mu\u00f1oz Mat\u00e9, directora de IMMFORMACI\u00d3N<\/p>\n<p style=\"padding-left: 30px;\">Alfredo Escalada Ceballos<\/p>\n<\/td>\n<\/tr>\n<\/tbody>\n<\/table>\n","protected":false},"excerpt":{"rendered":"<p>Presentaci\u00f3n y objetivos Este curso faculta para coordinar las actividades de obra para garantizar que se apliquen las medidas preventivas.<\/p>\n","protected":false},"author":1,"featured_media":0,"parent":0,"menu_order":0,"comment_status":"closed","ping_status":"open","template":"","meta":{"_uag_custom_page_level_css":"","_monsterinsights_skip_tracking":false,"_monsterinsights_sitenote_active":false,"_monsterinsights_sitenote_note":"","_monsterinsights_sitenote_category":0,"footnotes":""},"class_list":["post-205","page","type-page","status-publish","hentry"],"aioseo_notices":[],"uagb_featured_image_src":{"full":false,"thumbnail":false,"medium":false,"medium_large":false,"large":false,"1536x1536":false,"2048x2048":false,"ample-featured-blog-large":false,"ample-featured-blog-small":false,"ample-portfolio-image":false,"sendpress-max":false,"woocommerce_thumbnail":false,"woocommerce_single":false,"woocommerce_gallery_thumbnail":false},"uagb_author_info":{"display_name":"IMM","author_link":"https:\/\/immformacion.com\/web\/author\/imm_admin\/"},"uagb_comment_info":0,"uagb_excerpt":"Presentaci\u00f3n y objetivos Este curso faculta para coordinar las actividades de obra para garantizar que se apliquen las medidas preventivas.","_links":{"self":[{"href":"https:\/\/immformacion.com\/web\/wp-json\/wp\/v2\/pages\/205","targetHints":{"allow":["GET"]}}],"collection":[{"href":"https:\/\/immformacion.com\/web\/wp-json\/wp\/v2\/pages"}],"about":[{"href":"https:\/\/immformacion.com\/web\/wp-json\/wp\/v2\/types\/page"}],"author":[{"embeddable":true,"href":"https:\/\/immformacion.com\/web\/wp-json\/wp\/v2\/users\/1"}],"replies":[{"embeddable":true,"href":"https:\/\/immformacion.com\/web\/wp-json\/wp\/v2\/comments?post=205"}],"version-history":[{"count":14,"href":"https:\/\/immformacion.com\/web\/wp-json\/wp\/v2\/pages\/205\/revisions"}],"predecessor-version":[{"id":5725,"href":"https:\/\/immformacion.com\/web\/wp-json\/wp\/v2\/pages\/205\/revisions\/5725"}],"wp:attachment":[{"href":"https:\/\/immformacion.com\/web\/wp-json\/wp\/v2\/media?parent=205"}],"curies":[{"name":"wp","href":"https:\/\/api.w.org\/{rel}","templated":true}]}}