{"id":2377,"date":"2012-11-27T09:15:34","date_gmt":"2012-11-27T08:15:34","guid":{"rendered":"http:\/\/immformacion.com\/web\/?page_id=2377"},"modified":"2013-07-26T11:51:15","modified_gmt":"2013-07-26T10:51:15","slug":"home-bottom-1","status":"publish","type":"page","link":"https:\/\/immformacion.com\/web\/home-bottom-1\/","title":{"rendered":"Home Bottom #1"},"content":{"rendered":"<p><a href=\"http:\/\/immformacion.com\/web\/?page_id=3109\"><img decoding=\"async\" class=\" wp-image-715 alignleft\" alt=\"Logo IMM CONSEJERIA\" src=\"http:\/\/immformacion.com\/web\/wp-content\/uploads\/2012\/11\/Logo-IMM-CONSEJERIA.jpg\" width=\"243\" height=\"66\" \/><\/a>\u00a0\u00a0\u00a0\u00a0\u00a0\u00a0\u00a0Cursos\u00a0\u00a0<span style=\"color: #808080;\">RECONOCIDOS<\/span>\u00a0 por\u00a0la\u00a0 <span style=\"color: #808080;\">Unidad T\u00e9cnica de<\/span><img decoding=\"async\" title=\"gris fondo\" alt=\"\" src=\"http:\/\/immformacion.com\/web\/wp-content\/uploads\/2012\/11\/gris-fondo.png\" width=\"44\" height=\"4\" \/><span style=\"color: #808080;\">Evaluaci\u00f3n y Acreditaci\u00f3n de la Consejer\u00eda de <img decoding=\"async\" style=\"width: 51px; height: 4px;\" title=\"gris fondo\" alt=\"\" src=\"http:\/\/immformacion.com\/web\/wp-content\/uploads\/2012\/11\/gris-fondo.png\" width=\"46\" height=\"4\" \/>\u00a0\u00a0 Educaci\u00f3n del Gobierno de Cantabria.<\/span> <img loading=\"lazy\" decoding=\"async\" style=\"width: 68px; height: 4px;\" title=\"gris fondo\" alt=\"\" src=\"http:\/\/immformacion.com\/web\/wp-content\/uploads\/2012\/11\/gris-fondo.png\" width=\"78\" height=\"4\" \/>\u00a0\u00a0\u00a0\u00a0\u00a0\u00a0\u00a0\u00a0 \u00a0Plan\u00a0de Formaci\u00f3n Permanente del Profesorado\u00a0<img decoding=\"async\" title=\"gris fondo\" alt=\"\" src=\"http:\/\/immformacion.com\/web\/wp-content\/uploads\/2012\/11\/gris-fondo.png\" width=\"44\" height=\"4\" \/> \u00a0\u00a0 \u00a0V\u00e1lidos para la asignaci\u00f3n del complemento de formaci\u00f3n permanente y consecuci\u00f3n de cr\u00e9ditos para\u00a0\u00a0 oposiciones y traslados.<\/p>\n<p><img loading=\"lazy\" decoding=\"async\" style=\"width: 452px; height: 39px;\" title=\"gris fondo\" alt=\"\" src=\"http:\/\/immformacion.com\/web\/wp-content\/uploads\/2012\/11\/gris-fondo.png\" width=\"452\" height=\"28\" \/><\/p>\n","protected":false},"excerpt":{"rendered":"<p>\u00a0\u00a0\u00a0\u00a0\u00a0\u00a0\u00a0Cursos\u00a0\u00a0RECONOCIDOS\u00a0 por\u00a0la\u00a0 Unidad T\u00e9cnica deEvaluaci\u00f3n y Acreditaci\u00f3n de la Consejer\u00eda de \u00a0\u00a0 Educaci\u00f3n del Gobierno de Cantabria. \u00a0\u00a0\u00a0\u00a0\u00a0\u00a0\u00a0\u00a0 \u00a0Plan\u00a0de Formaci\u00f3n<\/p>\n","protected":false},"author":1,"featured_media":715,"parent":0,"menu_order":0,"comment_status":"closed","ping_status":"open","template":"","meta":{"_uag_custom_page_level_css":"","_monsterinsights_skip_tracking":false,"_monsterinsights_sitenote_active":false,"_monsterinsights_sitenote_note":"","_monsterinsights_sitenote_category":0,"footnotes":""},"class_list":["post-2377","page","type-page","status-publish","has-post-thumbnail","hentry"],"aioseo_notices":[],"uagb_featured_image_src":{"full":["https:\/\/immformacion.com\/web\/wp-content\/uploads\/2012\/11\/Logo-IMM-CONSEJERIA.jpg",1179,368,false],"thumbnail":["https:\/\/immformacion.com\/web\/wp-content\/uploads\/2012\/11\/Logo-IMM-CONSEJERIA-60x60.jpg",60,60,true],"medium":["https:\/\/immformacion.com\/web\/wp-content\/uploads\/2012\/11\/Logo-IMM-CONSEJERIA-300x93.jpg",300,93,true],"medium_large":["https:\/\/immformacion.com\/web\/wp-content\/uploads\/2012\/11\/Logo-IMM-CONSEJERIA.jpg",710,222,false],"large":["https:\/\/immformacion.com\/web\/wp-content\/uploads\/2012\/11\/Logo-IMM-CONSEJERIA-1024x319.jpg",710,221,true],"1536x1536":["https:\/\/immformacion.com\/web\/wp-content\/uploads\/2012\/11\/Logo-IMM-CONSEJERIA.jpg",1179,368,false],"2048x2048":["https:\/\/immformacion.com\/web\/wp-content\/uploads\/2012\/11\/Logo-IMM-CONSEJERIA.jpg",1179,368,false],"ample-featured-blog-large":["https:\/\/immformacion.com\/web\/wp-content\/uploads\/2012\/11\/Logo-IMM-CONSEJERIA.jpg",710,222,false],"ample-featured-blog-small":["https:\/\/immformacion.com\/web\/wp-content\/uploads\/2012\/11\/Logo-IMM-CONSEJERIA.jpg",230,72,false],"ample-portfolio-image":["https:\/\/immformacion.com\/web\/wp-content\/uploads\/2012\/11\/Logo-IMM-CONSEJERIA.jpg",330,103,false],"sendpress-max":["https:\/\/immformacion.com\/web\/wp-content\/uploads\/2012\/11\/Logo-IMM-CONSEJERIA.jpg",600,187,false],"woocommerce_thumbnail":["https:\/\/immformacion.com\/web\/wp-content\/uploads\/2012\/11\/Logo-IMM-CONSEJERIA-60x60.jpg",60,60,true],"woocommerce_single":["https:\/\/immformacion.com\/web\/wp-content\/uploads\/2012\/11\/Logo-IMM-CONSEJERIA.jpg",120,37,false],"woocommerce_gallery_thumbnail":["https:\/\/immformacion.com\/web\/wp-content\/uploads\/2012\/11\/Logo-IMM-CONSEJERIA-100x100.jpg",100,100,true]},"uagb_author_info":{"display_name":"IMM","author_link":"https:\/\/immformacion.com\/web\/author\/imm_admin\/"},"uagb_comment_info":0,"uagb_excerpt":"\u00a0\u00a0\u00a0\u00a0\u00a0\u00a0\u00a0Cursos\u00a0\u00a0RECONOCIDOS\u00a0 por\u00a0la\u00a0 Unidad T\u00e9cnica deEvaluaci\u00f3n y Acreditaci\u00f3n de la Consejer\u00eda de \u00a0\u00a0 Educaci\u00f3n del Gobierno de Cantabria. \u00a0\u00a0\u00a0\u00a0\u00a0\u00a0\u00a0\u00a0 \u00a0Plan\u00a0de Formaci\u00f3n","_links":{"self":[{"href":"https:\/\/immformacion.com\/web\/wp-json\/wp\/v2\/pages\/2377","targetHints":{"allow":["GET"]}}],"collection":[{"href":"https:\/\/immformacion.com\/web\/wp-json\/wp\/v2\/pages"}],"about":[{"href":"https:\/\/immformacion.com\/web\/wp-json\/wp\/v2\/types\/page"}],"author":[{"embeddable":true,"href":"https:\/\/immformacion.com\/web\/wp-json\/wp\/v2\/users\/1"}],"replies":[{"embeddable":true,"href":"https:\/\/immformacion.com\/web\/wp-json\/wp\/v2\/comments?post=2377"}],"version-history":[{"count":68,"href":"https:\/\/immformacion.com\/web\/wp-json\/wp\/v2\/pages\/2377\/revisions"}],"predecessor-version":[{"id":2381,"href":"https:\/\/immformacion.com\/web\/wp-json\/wp\/v2\/pages\/2377\/revisions\/2381"}],"wp:featuredmedia":[{"embeddable":true,"href":"https:\/\/immformacion.com\/web\/wp-json\/wp\/v2\/media\/715"}],"wp:attachment":[{"href":"https:\/\/immformacion.com\/web\/wp-json\/wp\/v2\/media?parent=2377"}],"curies":[{"name":"wp","href":"https:\/\/api.w.org\/{rel}","templated":true}]}}