{"id":2419,"date":"2012-11-27T20:15:07","date_gmt":"2012-11-27T19:15:07","guid":{"rendered":"http:\/\/immformacion.com\/web\/?page_id=2419"},"modified":"2015-12-09T17:32:43","modified_gmt":"2015-12-09T16:32:43","slug":"gases-fluorados-consejeria-de-industria-2","status":"publish","type":"page","link":"https:\/\/immformacion.com\/web\/gases-fluorados-consejeria-de-industria-2\/","title":{"rendered":"Gases Fluorados en Santander &#8211; Consejer\u00eda de Industria"},"content":{"rendered":"<p><span style=\"font-family: tahoma, arial, helvetica, sans-serif;\"><a href=\"http:\/\/immformacion.com\/web\/nosotros-2\/acreditaciones\/sin-titulo-1\/\" rel=\"attachment wp-att-490\"><img decoding=\"async\" title=\"Sin t\u00edtulo-1\" src=\"http:\/\/immformacion.com\/web\/wp-content\/uploads\/2012\/11\/c71ab00d9b2d4a2c3b3b6fed02299d60.jpg\" alt=\"\" width=\"62\" height=\"19\" \/><\/a><\/span><\/p>\n<p><span style=\"font-family: tahoma, arial, helvetica, sans-serif;\"><img fetchpriority=\"high\" decoding=\"async\" class=\"aligncenter\" title=\"GASES FLUORADOS \" src=\"http:\/\/immformacion.com\/web\/wp-content\/uploads\/2012\/11\/CREATIVIDAD-GASES-FLUORADOS-copia.jpg\" alt=\"\" width=\"574\" height=\"182\" \/><\/span><\/p>\n<p style=\"text-align: center;\"><span style=\"font-family: tahoma, arial, helvetica, sans-serif;\">\u00a0<\/span><\/p>\n<hr \/>\n<ul>\n<li><span style=\"font-size: small; font-family: tahoma, arial, helvetica, sans-serif;\"><strong><span style=\"color: #888888;\">CURSO COMPLEMENTARIO SOBRE MANIPULACI\u00d3N DE EQUIPOS CON SISTEMAS FRIGOR\u00cdFICOS\u00a0 DE CUALQUIER CARGA DE REFRIGERANTES FLUORADOS\u00a0<a href=\"http:\/\/immformacion.com\/web\/?page_id=2429\">PROGRAMA FORMATIVO I\u00a0<\/a><br \/>\nDuraci\u00f3n 24 h. | 10 horas presenciales y 14 horas a distancia<\/span><\/strong><\/span><\/li>\n<\/ul>\n<p><span style=\"font-family: tahoma, arial, helvetica, sans-serif;\">\u00a0<\/span><\/p>\n<ul>\n<li><span style=\"font-size: small; font-family: tahoma, arial, helvetica, sans-serif;\"><strong><span style=\"color: #888888;\">CURSO BASICO SOBRE MANIPULACI\u00d3N DE EQUIPOS CON SISTEMAS FRIGOR\u00cdFICOS\u00a0 DE CUALQUIER CARGA DE REFRIGERANTES FLUORADOS\u00a0<a href=\" http:\/\/immformacion.com\/web\/?page_id=2432\">PROGRAMA FORMATIVO II<\/a><br \/>\nDuraci\u00f3n 80 h. | 55 horas presenciales y 25 horas a distancia<\/span><\/strong><\/span><\/li>\n<\/ul>\n<p><span style=\"font-family: tahoma, arial, helvetica, sans-serif;\">\u00a0<\/span><\/p>\n<ul>\n<li><span style=\"font-family: tahoma, arial, helvetica, sans-serif;\"><span style=\"font-size: small;\"><strong><span style=\"color: #888888;\">CURSO COMPLEMENTARIO SOBRE MANIPULACI\u00d3N DE EQUIPOS CON SISTEMAS FRIGOR\u00cdFICOS DE CARGA MENOR DE 3 KGRS. DE\u00a0 REFRIGERANTES FLUORADOS\u00a0 <a title=\"Gases Fluorados PF 3\" href=\"http:\/\/immformacion.com\/web\/?page_id=2435\">PROGRAMA FORMATIVO III<br \/>\n<\/a>Duraci\u00f3n 104 h. | 64 horas pr\u00e1cticas y 41 horas on line<\/span><\/strong><\/span><\/span><\/li>\n<\/ul>\n<p><span style=\"font-family: tahoma, arial, helvetica, sans-serif;\">\u00a0<\/span><\/p>\n<ul>\n<li><span style=\"font-size: small; font-family: tahoma, arial, helvetica, sans-serif;\"><strong><span style=\"color: #888888;\">CURSO SOBRE MANIPULACI\u00d3N DE EQUIPOS CON SISTEMAS FRIGOR\u00cdFICOS DE CARGA MENOR DE 3 KG. DE REFRIGERANTES FLUORADOS <a title=\"Gases Fluorados PF 4\" href=\"http:\/\/immformacion.com\/web\/?page_id=2438\">PROGRAMA FORMATIVO IV<\/a><br \/>\nDuraci\u00f3n 300 h. | 210 horas pr\u00e1cticas y 80 horas on-line<\/span><\/strong><\/span><\/li>\n<\/ul>\n<p><span style=\"font-family: tahoma, arial, helvetica, sans-serif;\"><strong style=\"font-size: small; line-height: 1.5em;\"><a href=\"http:\/\/immformacion.com\/web\/nosotros-2\/acreditaciones\/sin-titulo-1\/\" rel=\"attachment wp-att-490\"><img decoding=\"async\" title=\"Sin t\u00edtulo-1\" src=\"http:\/\/immformacion.com\/web\/wp-content\/uploads\/2012\/11\/c71ab00d9b2d4a2c3b3b6fed02299d60.jpg\" alt=\"\" width=\"62\" height=\"23\" \/><\/a><\/strong><\/span><\/p>\n<ul>\n<li><span style=\"font-size: small; font-family: tahoma, arial, helvetica, sans-serif;\"><strong><span style=\"color: #888888;\">CURSO SOBRE MANIPULACI\u00d3N DE SISTEMAS FRIGOR\u00cdFICOS QUE EMPLEEN REFRIGERANTES FLUORADOS DESTINADOS A CONFORT TERMICO DE PERSONAS INSTALADOS EN VEH\u00cdCULOS <a title=\"Gases Fluorados PF 5\" href=\"http:\/\/immformacion.com\/web\/?page_id=2441\">PROGRAMA FORMATIVO V<\/a><br \/>\nDuraci\u00f3n\u00a0<\/span><span style=\"color: #888888;\">40 horas: 16h presenciales (12h pr\u00e1cticas y 4h de evaluaci\u00f3n), m\u00e1s 24h online.<\/span><\/strong><\/span><\/li>\n<\/ul>\n<h4><span style=\"font-size: 13px; line-height: 19px; font-family: tahoma, arial, helvetica, sans-serif;\">\u00a0<\/span><\/h4>\n","protected":false},"excerpt":{"rendered":"<p>\u00a0 CURSO COMPLEMENTARIO SOBRE MANIPULACI\u00d3N DE EQUIPOS CON SISTEMAS FRIGOR\u00cdFICOS\u00a0 DE CUALQUIER CARGA DE REFRIGERANTES FLUORADOS\u00a0PROGRAMA FORMATIVO I\u00a0 Duraci\u00f3n 24<\/p>\n","protected":false},"author":1,"featured_media":0,"parent":0,"menu_order":0,"comment_status":"closed","ping_status":"open","template":"","meta":{"_uag_custom_page_level_css":"","_monsterinsights_skip_tracking":false,"_monsterinsights_sitenote_active":false,"_monsterinsights_sitenote_note":"","_monsterinsights_sitenote_category":0,"footnotes":""},"class_list":["post-2419","page","type-page","status-publish","hentry"],"aioseo_notices":[],"uagb_featured_image_src":{"full":false,"thumbnail":false,"medium":false,"medium_large":false,"large":false,"1536x1536":false,"2048x2048":false,"ample-featured-blog-large":false,"ample-featured-blog-small":false,"ample-portfolio-image":false,"sendpress-max":false,"woocommerce_thumbnail":false,"woocommerce_single":false,"woocommerce_gallery_thumbnail":false},"uagb_author_info":{"display_name":"IMM","author_link":"https:\/\/immformacion.com\/web\/author\/imm_admin\/"},"uagb_comment_info":0,"uagb_excerpt":"\u00a0 CURSO COMPLEMENTARIO SOBRE MANIPULACI\u00d3N DE EQUIPOS CON SISTEMAS FRIGOR\u00cdFICOS\u00a0 DE CUALQUIER CARGA DE REFRIGERANTES FLUORADOS\u00a0PROGRAMA FORMATIVO I\u00a0 Duraci\u00f3n 24","_links":{"self":[{"href":"https:\/\/immformacion.com\/web\/wp-json\/wp\/v2\/pages\/2419","targetHints":{"allow":["GET"]}}],"collection":[{"href":"https:\/\/immformacion.com\/web\/wp-json\/wp\/v2\/pages"}],"about":[{"href":"https:\/\/immformacion.com\/web\/wp-json\/wp\/v2\/types\/page"}],"author":[{"embeddable":true,"href":"https:\/\/immformacion.com\/web\/wp-json\/wp\/v2\/users\/1"}],"replies":[{"embeddable":true,"href":"https:\/\/immformacion.com\/web\/wp-json\/wp\/v2\/comments?post=2419"}],"version-history":[{"count":59,"href":"https:\/\/immformacion.com\/web\/wp-json\/wp\/v2\/pages\/2419\/revisions"}],"predecessor-version":[{"id":8469,"href":"https:\/\/immformacion.com\/web\/wp-json\/wp\/v2\/pages\/2419\/revisions\/8469"}],"wp:attachment":[{"href":"https:\/\/immformacion.com\/web\/wp-json\/wp\/v2\/media?parent=2419"}],"curies":[{"name":"wp","href":"https:\/\/api.w.org\/{rel}","templated":true}]}}