{"id":2429,"date":"2012-11-28T07:03:55","date_gmt":"2012-11-28T06:03:55","guid":{"rendered":"http:\/\/immformacion.com\/web\/?page_id=2429"},"modified":"2021-02-17T16:09:52","modified_gmt":"2021-02-17T15:09:52","slug":"gases-fluorados-pf-1","status":"publish","type":"page","link":"https:\/\/immformacion.com\/web\/gases-fluorados-pf-1\/","title":{"rendered":"Gases Fluorados PF 1"},"content":{"rendered":"<p style=\"text-align: justify;\"><span style=\"font-family: helvetica;\"><strong>Manipul<\/strong><strong>aci\u00f3n de equipos con sistemas frigor\u00edficos de cualquier carga de refrigerantes fluorados .<\/strong><\/span><\/p>\n<p style=\"text-align: justify;\"><span style=\"font-family: helvetica;\"><strong>Programa formativo 1<\/strong>;<br \/>\n<\/span><\/p>\n<p style=\"text-align: justify;\"><span style=\"font-family: helvetica;\"><strong>Duraci\u00f3n:<\/strong> 30 horas &#8211;\u00a0<\/span><\/p>\n<h3><span style=\"font-size: large;\"><span style=\"font-size: x-large;\">CALENDARIO DE CURSOS 2021 <\/span>EN SANTANDER Y REINOSA<\/span><\/h3>\n<table style=\"width: 73.6984%; border-collapse: collapse; height: 123px;\">\n<tbody>\n<tr style=\"height: 89px;\">\n<td style=\"width: 12.3302%; vertical-align: middle; height: 72px; text-align: right;\"><span style=\"background-color: #ffffff; color: #993300;\">SANTANDER<\/span><\/td>\n<td style=\"width: 24.757%; height: 72px; text-align: left; vertical-align: middle;\"><a href=\"https:\/\/immformacion.com\/web\/ficha-de-inscripcion-adgd0308-2-2-2\/\"><span style=\"color: #ff0000; font-family: inherit; font-size: inherit; font-weight: inherit;\">RESERVA TU PLAZA<\/span><\/a><\/td>\n<\/tr>\n<\/tbody>\n<\/table>\n<p style=\"padding-left: 60px; text-align: left;\"><span style=\"color: #808080;\">El importe del curso es de 350 euros* y puede ser bonificado a trav\u00e9s de la Fundae<\/span><\/p>\n<p style=\"padding-left: 60px; text-align: left;\"><span style=\"color: #808080;\">* Consultar precios para aut\u00f3nomos, desempleados y grupos\u00a0<\/span><\/p>\n<h2><\/h2>\n<p style=\"text-align: justify;\"><span style=\"font-family: helvetica;\">Curso complementario sobre manipulaci\u00f3n de equipos con sistemas frigor\u00edficos de cualquier carga de refrigerantes fluorados<\/span><\/p>\n<p style=\"text-align: justify;\"><span style=\"font-family: helvetica;\"><strong>Tipo de certificado al que accedes con este curso:<\/strong> Tipo 1. Manipulaci\u00f3n con sistemas frigor\u00edficos de cualquier carga de refrigerante fluorado.<\/span><\/p>\n<p style=\"text-align: justify;\"><span style=\"font-family: helvetica;\">Los requisitos para solicitar el certificado acreditativo una vez realizada la formaci\u00f3n son:<\/span><\/p>\n<p style=\"text-align: justify;\"><span style=\"font-family: helvetica;\"><strong>Certificado TIPO 1 | Manipulaci\u00f3n de equipos con sistemas frigor\u00edficos de cualquier carga de refrigerante fluorado.<\/strong><\/span><\/p>\n<p style=\"text-align: justify;\"><span style=\"font-family: helvetica;\">Si se realiza el <strong>programa formativo 1<\/strong>. Se debe cumplir alguna de las siguientes opciones:<\/span><\/p>\n<p style=\"text-align: justify;\"><span style=\"font-family: helvetica;\">\u2022 Carn\u00e9 profesional de instalador-mantenedor de climatizaci\u00f3n, en caso de no estar inscrito en el Registro de la C.A.<br \/>\n\u2022 Carn\u00e9 profesional de instalaciones t\u00e9rmicas de edificios<br \/>\n\u2022 Certificado de profesionalidad de frigorista<br \/>\n\u2022 Certificado de profesionalidad de mantenedor de aire acondicionado y fluidos<br \/>\n\u2022 T\u00edtulo de T\u00e9cnico en montaje y mantenimiento de fr\u00edo, climatizaci\u00f3n y producci\u00f3n de calor<br \/>\n\u2022 T\u00edtulo de T\u00e9cnico Superior en mantenimiento y montaje de instalaciones de edificio y proceso<br \/>\n\u2022 Acreditaci\u00f3n de haber superado un curso de formaci\u00f3n (programa formativo 2 ) y justificar experiencia de 2 a\u00f1os anterior a 2009, de actividad profesional en montaje y mantenimiento de equipos o instalaciones con sistemas frigor\u00edficos de cualquier carga<br \/>\n\u2022 Superar una prueba te\u00f3rico-pr\u00e1ctica de conocimientos sobre contenidos del programa formativo 2 y justificar experiencia de 5 a\u00f1os anterior a 2009 de actividades profesionales en montaje y mantenimiento de equipos o instalaciones con sistemas frigor\u00edficos de cualquier carga<\/span><\/p>\n","protected":false},"excerpt":{"rendered":"<p>Manipulaci\u00f3n de equipos con sistemas frigor\u00edficos de cualquier carga de refrigerantes fluorados . Programa formativo 1; Duraci\u00f3n: 30 horas &#8211;\u00a0<\/p>\n","protected":false},"author":1,"featured_media":0,"parent":0,"menu_order":0,"comment_status":"closed","ping_status":"open","template":"","meta":{"_uag_custom_page_level_css":"","_monsterinsights_skip_tracking":false,"_monsterinsights_sitenote_active":false,"_monsterinsights_sitenote_note":"","_monsterinsights_sitenote_category":0,"footnotes":""},"class_list":["post-2429","page","type-page","status-publish","hentry"],"aioseo_notices":[],"uagb_featured_image_src":{"full":false,"thumbnail":false,"medium":false,"medium_large":false,"large":false,"1536x1536":false,"2048x2048":false,"ample-featured-blog-large":false,"ample-featured-blog-small":false,"ample-portfolio-image":false,"sendpress-max":false,"woocommerce_thumbnail":false,"woocommerce_single":false,"woocommerce_gallery_thumbnail":false},"uagb_author_info":{"display_name":"IMM","author_link":"https:\/\/immformacion.com\/web\/author\/imm_admin\/"},"uagb_comment_info":0,"uagb_excerpt":"Manipulaci\u00f3n de equipos con sistemas frigor\u00edficos de cualquier carga de refrigerantes fluorados . Programa formativo 1; Duraci\u00f3n: 30 horas &#8211;\u00a0","_links":{"self":[{"href":"https:\/\/immformacion.com\/web\/wp-json\/wp\/v2\/pages\/2429","targetHints":{"allow":["GET"]}}],"collection":[{"href":"https:\/\/immformacion.com\/web\/wp-json\/wp\/v2\/pages"}],"about":[{"href":"https:\/\/immformacion.com\/web\/wp-json\/wp\/v2\/types\/page"}],"author":[{"embeddable":true,"href":"https:\/\/immformacion.com\/web\/wp-json\/wp\/v2\/users\/1"}],"replies":[{"embeddable":true,"href":"https:\/\/immformacion.com\/web\/wp-json\/wp\/v2\/comments?post=2429"}],"version-history":[{"count":16,"href":"https:\/\/immformacion.com\/web\/wp-json\/wp\/v2\/pages\/2429\/revisions"}],"predecessor-version":[{"id":13281,"href":"https:\/\/immformacion.com\/web\/wp-json\/wp\/v2\/pages\/2429\/revisions\/13281"}],"wp:attachment":[{"href":"https:\/\/immformacion.com\/web\/wp-json\/wp\/v2\/media?parent=2429"}],"curies":[{"name":"wp","href":"https:\/\/api.w.org\/{rel}","templated":true}]}}