{"id":2432,"date":"2012-11-27T20:44:57","date_gmt":"2012-11-27T19:44:57","guid":{"rendered":"http:\/\/immformacion.com\/web\/?page_id=2432"},"modified":"2015-12-10T17:18:23","modified_gmt":"2015-12-10T16:18:23","slug":"gases-fluorados-pf2","status":"publish","type":"page","link":"https:\/\/immformacion.com\/web\/gases-fluorados-pf2\/","title":{"rendered":"Gases Fluorados PF 2"},"content":{"rendered":"<p style=\"text-align: justify;\"><strong>Manipulaci\u00f3n de equipo<\/strong><strong>s con sistemas frigor\u00edficos de cualquier carga de refrigerantes fluorados I. <\/strong><\/p>\n<p style=\"text-align: justify;\"><strong>Programa formativo<\/strong><strong>2<\/strong>; <strong>Duraci\u00f3n<\/strong> 80 h. | 55 horas presenciales y 25 horas a distancia. Curso b\u00e1sico sobre manipulaci\u00f3n de equipos con sistemas frigor\u00edficos de cualquier carga de refrigerantes fluorados | <strong>Tipo de certificado al que accedes con este curso:<\/strong> Tipo 1. Manipulaci\u00f3n con sistemas frigor\u00edficos de cualquier carga de refrigerante fluorado.<\/p>\n<p style=\"text-align: justify;\">Los requisitos para solicitar el certificado acreditativo una vez realizada la formaci\u00f3n son:<\/p>\n<p style=\"text-align: justify;\"><strong>Certificado TIPO 1 | Manipulaci\u00f3n de equipos con sistemas frigor\u00edficos de cualquier carga de refrigerante fluorado.<\/strong><\/p>\n<p style=\"text-align: justify;\">Si se realiza el <strong>programa formativo 2<\/strong>.<\/p>\n<p style=\"text-align: justify;\">\u2022 Acreditaci\u00f3n de haber superado un curso de formaci\u00f3n (programa formativo 1) y justificar experiencia de 2 a\u00f1os anterior a 2009, de actividad profesional en montaje y mantenimiento de equipos o instalaciones con sistemas frigor\u00edficos de cualquier carga.<\/p>\n<p>&nbsp;<\/p>\n","protected":false},"excerpt":{"rendered":"<p>Manipulaci\u00f3n de equipos con sistemas frigor\u00edficos de cualquier carga de refrigerantes fluorados I. Programa formativo2; Duraci\u00f3n 80 h. | 55<\/p>\n","protected":false},"author":1,"featured_media":0,"parent":0,"menu_order":0,"comment_status":"closed","ping_status":"open","template":"","meta":{"_uag_custom_page_level_css":"","_monsterinsights_skip_tracking":false,"_monsterinsights_sitenote_active":false,"_monsterinsights_sitenote_note":"","_monsterinsights_sitenote_category":0,"footnotes":""},"class_list":["post-2432","page","type-page","status-publish","hentry"],"aioseo_notices":[],"uagb_featured_image_src":{"full":false,"thumbnail":false,"medium":false,"medium_large":false,"large":false,"1536x1536":false,"2048x2048":false,"ample-featured-blog-large":false,"ample-featured-blog-small":false,"ample-portfolio-image":false,"sendpress-max":false,"woocommerce_thumbnail":false,"woocommerce_single":false,"woocommerce_gallery_thumbnail":false},"uagb_author_info":{"display_name":"IMM","author_link":"https:\/\/immformacion.com\/web\/author\/imm_admin\/"},"uagb_comment_info":0,"uagb_excerpt":"Manipulaci\u00f3n de equipos con sistemas frigor\u00edficos de cualquier carga de refrigerantes fluorados I. Programa formativo2; Duraci\u00f3n 80 h. | 55","_links":{"self":[{"href":"https:\/\/immformacion.com\/web\/wp-json\/wp\/v2\/pages\/2432","targetHints":{"allow":["GET"]}}],"collection":[{"href":"https:\/\/immformacion.com\/web\/wp-json\/wp\/v2\/pages"}],"about":[{"href":"https:\/\/immformacion.com\/web\/wp-json\/wp\/v2\/types\/page"}],"author":[{"embeddable":true,"href":"https:\/\/immformacion.com\/web\/wp-json\/wp\/v2\/users\/1"}],"replies":[{"embeddable":true,"href":"https:\/\/immformacion.com\/web\/wp-json\/wp\/v2\/comments?post=2432"}],"version-history":[{"count":11,"href":"https:\/\/immformacion.com\/web\/wp-json\/wp\/v2\/pages\/2432\/revisions"}],"predecessor-version":[{"id":8493,"href":"https:\/\/immformacion.com\/web\/wp-json\/wp\/v2\/pages\/2432\/revisions\/8493"}],"wp:attachment":[{"href":"https:\/\/immformacion.com\/web\/wp-json\/wp\/v2\/media?parent=2432"}],"curies":[{"name":"wp","href":"https:\/\/api.w.org\/{rel}","templated":true}]}}