{"id":2435,"date":"2012-11-27T20:46:21","date_gmt":"2012-11-27T19:46:21","guid":{"rendered":"http:\/\/immformacion.com\/web\/?page_id=2435"},"modified":"2015-12-10T17:20:41","modified_gmt":"2015-12-10T16:20:41","slug":"gases-fluorados-pf-3","status":"publish","type":"page","link":"https:\/\/immformacion.com\/web\/gases-fluorados-pf-3\/","title":{"rendered":"Gases Fluorados PF 3"},"content":{"rendered":"<p style=\"text-align: justify;\"><strong>Curso complementario sobre manipulaci\u00f3n de equipos con sistemas frigor\u00edficos de cualquier carga de refrigerantes fluorados<\/strong><\/p>\n<p style=\"text-align: justify;\"><strong>Programa formativo\u00a0<\/strong><strong>3 <\/strong><\/p>\n<p style=\"text-align: justify;\"><strong>PARTE A: Duraci\u00f3n<\/strong> 24 h. | 8 horas pr\u00e1cticas y 14 horas on line . Parte A; Curso complementario sobre manipulaci\u00f3n de equipos con sistemas frigor\u00edficos de carga menor de 3 kg. de refrigerantes fluorados |<\/p>\n<p style=\"text-align: justify;\"><strong>PARTE B: Duraci\u00f3n<\/strong> 80 h. | 50 horas pr\u00e1cticas y 25 horas on line . Parte A; Curso complementario sobre manipulaci\u00f3n de equipos con sistemas frigor\u00edficos de carga menor de 3 kg. de refrigerantes fluorados |<\/p>\n<p style=\"text-align: justify;\"><strong>Tipo de certificado al que accedes con este curso:<\/strong> Tipo 2. Manipulaci\u00f3n de equipos con sistemas frigor\u00edficos de carga de refrigerantes inferior a 3 kg. de gases fluorados. Tipo 2e. Manipulacion de equipos de transporte refrigerado de mercanc\u00edas que empleen menos de 3 kg. de refrigerantes fluorados.<\/p>\n<p style=\"text-align: justify;\">Los requisitos para solicitar el certificado acreditativo una vez realizada la formaci\u00f3n son:<\/p>\n<p style=\"text-align: justify;\"><strong>Certificado TIPO 2 | Manipulaci\u00f3n de equipos con sistemas frigor\u00edficos de carga de refrigerante inferior a 3 kg. de gases fluorados.<\/strong><\/p>\n<p style=\"text-align: justify;\">Si se realiza el <strong>programa formativo 3.A.<\/strong><\/p>\n<p style=\"text-align: justify;\">\u2022 Acreditaci\u00f3n de haber superado un curso de formaci\u00f3n (programa formativo 3) y justificar experiencia de 2 a\u00f1os anterior a 2009, de actividad profesional en materia de instalaciones de refrigeraci\u00f3n y aire acondicionado de menos de 3 kg<\/p>\n<p style=\"text-align: justify;\">\u2022 Superaci\u00f3n de una prueba te\u00f3rico-pr\u00e1ctica de conocimientos sobre programa formativo 3.B y justificar experiencia de 5 a\u00f1os anterior a 2009 de actividad profesional en materia de instalaciones de refrigeraci\u00f3n y aire acondicionado de menos de 3 kg<\/p>\n<p style=\"text-align: justify;\"><strong>Certificado TIPO 2.E | Manipulaci\u00f3n de equipos de transporte refrigerado de mercanc\u00edas que empleen menos de 3 kg. de refrigerantes fluorados.<\/strong><\/p>\n<p style=\"text-align: justify;\">Si se realiza el <strong>programa formativo 3.A.<\/strong><\/p>\n<p style=\"text-align: justify;\">\u2022 Superaci\u00f3n de una prueba te\u00f3rico-pr\u00e1ctica de conocimientos sobre los contenidos del programa formativo 3.B, aplicables a transporte refrigerado de mercanc\u00edas<\/p>\n<p>&nbsp;<\/p>\n","protected":false},"excerpt":{"rendered":"<p>Curso complementario sobre manipulaci\u00f3n de equipos con sistemas frigor\u00edficos de cualquier carga de refrigerantes fluorados Programa formativo\u00a03 PARTE A: Duraci\u00f3n<\/p>\n","protected":false},"author":1,"featured_media":0,"parent":0,"menu_order":0,"comment_status":"closed","ping_status":"open","template":"","meta":{"_uag_custom_page_level_css":"","_monsterinsights_skip_tracking":false,"_monsterinsights_sitenote_active":false,"_monsterinsights_sitenote_note":"","_monsterinsights_sitenote_category":0,"footnotes":""},"class_list":["post-2435","page","type-page","status-publish","hentry"],"aioseo_notices":[],"uagb_featured_image_src":{"full":false,"thumbnail":false,"medium":false,"medium_large":false,"large":false,"1536x1536":false,"2048x2048":false,"ample-featured-blog-large":false,"ample-featured-blog-small":false,"ample-portfolio-image":false,"sendpress-max":false,"woocommerce_thumbnail":false,"woocommerce_single":false,"woocommerce_gallery_thumbnail":false},"uagb_author_info":{"display_name":"IMM","author_link":"https:\/\/immformacion.com\/web\/author\/imm_admin\/"},"uagb_comment_info":0,"uagb_excerpt":"Curso complementario sobre manipulaci\u00f3n de equipos con sistemas frigor\u00edficos de cualquier carga de refrigerantes fluorados Programa formativo\u00a03 PARTE A: Duraci\u00f3n","_links":{"self":[{"href":"https:\/\/immformacion.com\/web\/wp-json\/wp\/v2\/pages\/2435","targetHints":{"allow":["GET"]}}],"collection":[{"href":"https:\/\/immformacion.com\/web\/wp-json\/wp\/v2\/pages"}],"about":[{"href":"https:\/\/immformacion.com\/web\/wp-json\/wp\/v2\/types\/page"}],"author":[{"embeddable":true,"href":"https:\/\/immformacion.com\/web\/wp-json\/wp\/v2\/users\/1"}],"replies":[{"embeddable":true,"href":"https:\/\/immformacion.com\/web\/wp-json\/wp\/v2\/comments?post=2435"}],"version-history":[{"count":9,"href":"https:\/\/immformacion.com\/web\/wp-json\/wp\/v2\/pages\/2435\/revisions"}],"predecessor-version":[{"id":8494,"href":"https:\/\/immformacion.com\/web\/wp-json\/wp\/v2\/pages\/2435\/revisions\/8494"}],"wp:attachment":[{"href":"https:\/\/immformacion.com\/web\/wp-json\/wp\/v2\/media?parent=2435"}],"curies":[{"name":"wp","href":"https:\/\/api.w.org\/{rel}","templated":true}]}}