{"id":2438,"date":"2012-11-27T20:47:30","date_gmt":"2012-11-27T19:47:30","guid":{"rendered":"http:\/\/immformacion.com\/web\/?page_id=2438"},"modified":"2015-12-10T17:23:14","modified_gmt":"2015-12-10T16:23:14","slug":"gases-fluorados-pf-4","status":"publish","type":"page","link":"https:\/\/immformacion.com\/web\/gases-fluorados-pf-4\/","title":{"rendered":"Gases Fluorados PF 4"},"content":{"rendered":"<p style=\"text-align: justify;\"><strong>Manipulaci\u00f3n de equipo<\/strong><strong>s con sistemas frigor\u00edficos de carga menor de 3 kg. de refrigerantes fluorados. <\/strong><\/p>\n<p style=\"text-align: justify;\"><strong>Programa formativo<\/strong><strong>4 <\/strong><strong>Duraci\u00f3n<\/strong> 300 h. | 210 horas pr\u00e1cticas y 80 horas on-line ; Curso sobre manipulaci\u00f3n de equipos con sistemas frigor\u00edficos de carga menor de 3 kg. de refrigerantes fluorados |<\/p>\n<p style=\"text-align: justify;\"><strong>Tipo de certificado al que accedes con este curso:<\/strong> Tipo 2. Manipulaci\u00f3n de equipos con sistemas frigor\u00edficos de carga menor de 3 Kg. de refrigerante fluorado.<\/p>\n<p>&nbsp;<\/p>\n<p>&nbsp;<\/p>\n","protected":false},"excerpt":{"rendered":"<p>Manipulaci\u00f3n de equipos con sistemas frigor\u00edficos de carga menor de 3 kg. de refrigerantes fluorados. Programa formativo4 Duraci\u00f3n 300 h.<\/p>\n","protected":false},"author":1,"featured_media":0,"parent":0,"menu_order":0,"comment_status":"closed","ping_status":"open","template":"","meta":{"_uag_custom_page_level_css":"","_monsterinsights_skip_tracking":false,"_monsterinsights_sitenote_active":false,"_monsterinsights_sitenote_note":"","_monsterinsights_sitenote_category":0,"footnotes":""},"class_list":["post-2438","page","type-page","status-publish","hentry"],"aioseo_notices":[],"uagb_featured_image_src":{"full":false,"thumbnail":false,"medium":false,"medium_large":false,"large":false,"1536x1536":false,"2048x2048":false,"ample-featured-blog-large":false,"ample-featured-blog-small":false,"ample-portfolio-image":false,"sendpress-max":false,"woocommerce_thumbnail":false,"woocommerce_single":false,"woocommerce_gallery_thumbnail":false},"uagb_author_info":{"display_name":"IMM","author_link":"https:\/\/immformacion.com\/web\/author\/imm_admin\/"},"uagb_comment_info":0,"uagb_excerpt":"Manipulaci\u00f3n de equipos con sistemas frigor\u00edficos de carga menor de 3 kg. de refrigerantes fluorados. Programa formativo4 Duraci\u00f3n 300 h.","_links":{"self":[{"href":"https:\/\/immformacion.com\/web\/wp-json\/wp\/v2\/pages\/2438","targetHints":{"allow":["GET"]}}],"collection":[{"href":"https:\/\/immformacion.com\/web\/wp-json\/wp\/v2\/pages"}],"about":[{"href":"https:\/\/immformacion.com\/web\/wp-json\/wp\/v2\/types\/page"}],"author":[{"embeddable":true,"href":"https:\/\/immformacion.com\/web\/wp-json\/wp\/v2\/users\/1"}],"replies":[{"embeddable":true,"href":"https:\/\/immformacion.com\/web\/wp-json\/wp\/v2\/comments?post=2438"}],"version-history":[{"count":9,"href":"https:\/\/immformacion.com\/web\/wp-json\/wp\/v2\/pages\/2438\/revisions"}],"predecessor-version":[{"id":8495,"href":"https:\/\/immformacion.com\/web\/wp-json\/wp\/v2\/pages\/2438\/revisions\/8495"}],"wp:attachment":[{"href":"https:\/\/immformacion.com\/web\/wp-json\/wp\/v2\/media?parent=2438"}],"curies":[{"name":"wp","href":"https:\/\/api.w.org\/{rel}","templated":true}]}}