{"id":2441,"date":"2012-11-27T20:48:40","date_gmt":"2012-11-27T19:48:40","guid":{"rendered":"http:\/\/immformacion.com\/web\/?page_id=2441"},"modified":"2024-01-17T14:01:08","modified_gmt":"2024-01-17T13:01:08","slug":"gases-fluorados-pf-5","status":"publish","type":"page","link":"https:\/\/immformacion.com\/web\/gases-fluorados-pf-5\/","title":{"rendered":"Gases Fluorados PF 5"},"content":{"rendered":"<p style=\"text-align: justify;\"><span style=\"font-family: helvetica;\"><strong>Manipulaci\u00f3n de equipo<\/strong><strong>s con sistemas frigor\u00edficos que empleen refrigerantes fluorados destinados a confort t\u00e9rmico de personas instalados en veh\u00edculos. <\/strong><\/span><\/p>\n<p style=\"text-align: justify;\"><span style=\"font-family: helvetica;\"><strong>Programa formativo<\/strong> <strong>5<\/strong><\/span><br \/>\n<span style=\"font-family: helvetica;\"><strong>Duraci\u00f3n:<\/strong><strong>\u00a0<\/strong>44 horas &#8211; 16h presenciales (12h pr\u00e1cticas y 4h de evaluaci\u00f3n), y 28h online.<\/span><\/p>\n<h3><span style=\"font-size: large;\"><span style=\"font-size: x-large;\">CALENDARIO DE CURSOS 2024 <\/span>EN SANTANDER Y REINOSA<\/span><\/h3>\n<table style=\"width: 82.9107%; border-collapse: collapse; height: 123px;\">\n<tbody>\n<tr style=\"height: 89px;\">\n<td style=\"width: 12.3302%; vertical-align: middle; height: 72px; text-align: right;\"><strong><span style=\"background-color: #ffffff; color: #993300;\">SANTANDER <\/span><\/strong><span style=\"background-color: #ffffff; color: #993300;\">\u00a0EDICI\u00d3N I <\/span><span style=\"background-color: #ffffff; color: #993300;\">2024 Inicio <a href=\"https:\/\/immformacion.com\/web\/ficha-de-inscripcion-adgd0308-2-2\/\"><img decoding=\"async\" class=\"aligncenter  wp-image-13055\" src=\"https:\/\/immformacion.com\/web\/wp-content\/uploads\/2020\/01\/5481ec79b4f08a441dfe1b0565b50c7e.jpg\" alt=\"\" width=\"112\" height=\"32\" srcset=\"https:\/\/immformacion.com\/web\/wp-content\/uploads\/2020\/01\/5481ec79b4f08a441dfe1b0565b50c7e.jpg 418w, https:\/\/immformacion.com\/web\/wp-content\/uploads\/2020\/01\/5481ec79b4f08a441dfe1b0565b50c7e-300x86.jpg 300w, https:\/\/immformacion.com\/web\/wp-content\/uploads\/2020\/01\/5481ec79b4f08a441dfe1b0565b50c7e-120x34.jpg 120w\" sizes=\"(max-width: 112px) 100vw, 112px\" \/><\/a><\/span><\/td>\n<td style=\"width: 33.8905%; height: 72px; text-align: left; vertical-align: middle;\">CONSULTAR INICIO<\/td>\n<\/tr>\n<tr>\n<td style=\"width: 12.3302%; vertical-align: middle; text-align: right;\"><strong><strong><span style=\"background-color: #ffffff; color: #993300;\">REINOSA<\/span><\/strong><\/strong><span style=\"background-color: #ffffff; color: #993300;\">\u00a0EDICI\u00d3N II <\/span><span style=\"background-color: #ffffff; color: #993300;\">2024<a href=\"https:\/\/immformacion.com\/web\/ficha-de-inscripcion-adgd0308-2-2\/\"><img decoding=\"async\" class=\"aligncenter  wp-image-13055\" src=\"https:\/\/immformacion.com\/web\/wp-content\/uploads\/2020\/01\/5481ec79b4f08a441dfe1b0565b50c7e.jpg\" alt=\"\" width=\"112\" height=\"32\" srcset=\"https:\/\/immformacion.com\/web\/wp-content\/uploads\/2020\/01\/5481ec79b4f08a441dfe1b0565b50c7e.jpg 418w, https:\/\/immformacion.com\/web\/wp-content\/uploads\/2020\/01\/5481ec79b4f08a441dfe1b0565b50c7e-300x86.jpg 300w, https:\/\/immformacion.com\/web\/wp-content\/uploads\/2020\/01\/5481ec79b4f08a441dfe1b0565b50c7e-120x34.jpg 120w\" sizes=\"(max-width: 112px) 100vw, 112px\" \/><\/a> \u00a0<\/span><\/td>\n<td style=\"width: 33.8905%; text-align: left; vertical-align: middle;\">CONSULTAR INICIO<\/td>\n<\/tr>\n<\/tbody>\n<\/table>\n<h3><span style=\"font-size: x-large;\">\u00a0<\/span><span style=\"color: #808080;\">El importe del curso es de 295 euros* y puede ser 100% bonificado a trav\u00e9s de la Fundae<\/span><\/h3>\n<p style=\"padding-left: 60px; text-align: left;\"><span style=\"color: #808080;\">* Consultar precios para aut\u00f3nomos, desempleados y grupos\u00a0<\/span><\/p>\n<p style=\"padding-left: 60px; text-align: left;\"><span style=\"color: #808080;\">El importe del curso es de 295 euros* y puede ser bonificado a trav\u00e9s de la Fundae<\/span><\/p>\n<p style=\"padding-left: 60px; text-align: left;\"><span style=\"color: #808080;\">* Consultar precios para aut\u00f3nomos, desempleados y grupos\u00a0<\/span><\/p>\n<h2><\/h2>\n","protected":false},"excerpt":{"rendered":"<p>Manipulaci\u00f3n de equipos con sistemas frigor\u00edficos que empleen refrigerantes fluorados destinados a confort t\u00e9rmico de personas instalados en veh\u00edculos. Programa<\/p>\n","protected":false},"author":1,"featured_media":0,"parent":0,"menu_order":0,"comment_status":"closed","ping_status":"open","template":"","meta":{"_uag_custom_page_level_css":"","_monsterinsights_skip_tracking":false,"_monsterinsights_sitenote_active":false,"_monsterinsights_sitenote_note":"","_monsterinsights_sitenote_category":0,"footnotes":""},"class_list":["post-2441","page","type-page","status-publish","hentry"],"aioseo_notices":[],"uagb_featured_image_src":{"full":false,"thumbnail":false,"medium":false,"medium_large":false,"large":false,"1536x1536":false,"2048x2048":false,"ample-featured-blog-large":false,"ample-featured-blog-small":false,"ample-portfolio-image":false,"sendpress-max":false,"woocommerce_thumbnail":false,"woocommerce_single":false,"woocommerce_gallery_thumbnail":false},"uagb_author_info":{"display_name":"IMM","author_link":"https:\/\/immformacion.com\/web\/author\/imm_admin\/"},"uagb_comment_info":0,"uagb_excerpt":"Manipulaci\u00f3n de equipos con sistemas frigor\u00edficos que empleen refrigerantes fluorados destinados a confort t\u00e9rmico de personas instalados en veh\u00edculos. Programa","_links":{"self":[{"href":"https:\/\/immformacion.com\/web\/wp-json\/wp\/v2\/pages\/2441","targetHints":{"allow":["GET"]}}],"collection":[{"href":"https:\/\/immformacion.com\/web\/wp-json\/wp\/v2\/pages"}],"about":[{"href":"https:\/\/immformacion.com\/web\/wp-json\/wp\/v2\/types\/page"}],"author":[{"embeddable":true,"href":"https:\/\/immformacion.com\/web\/wp-json\/wp\/v2\/users\/1"}],"replies":[{"embeddable":true,"href":"https:\/\/immformacion.com\/web\/wp-json\/wp\/v2\/comments?post=2441"}],"version-history":[{"count":50,"href":"https:\/\/immformacion.com\/web\/wp-json\/wp\/v2\/pages\/2441\/revisions"}],"predecessor-version":[{"id":15694,"href":"https:\/\/immformacion.com\/web\/wp-json\/wp\/v2\/pages\/2441\/revisions\/15694"}],"wp:attachment":[{"href":"https:\/\/immformacion.com\/web\/wp-json\/wp\/v2\/media?parent=2441"}],"curies":[{"name":"wp","href":"https:\/\/api.w.org\/{rel}","templated":true}]}}