{"id":2641,"date":"2012-12-16T12:50:44","date_gmt":"2012-12-16T11:50:44","guid":{"rendered":"http:\/\/immformacion.com\/web\/?page_id=2641"},"modified":"2012-12-16T12:50:59","modified_gmt":"2012-12-16T11:50:59","slug":"immformacion-consultoria-de-formacion-y-direccion-de-personas","status":"publish","type":"page","link":"https:\/\/immformacion.com\/web\/immformacion-consultoria-de-formacion-y-direccion-de-personas\/","title":{"rendered":"IMMFORMACION  Consultor\u00eda de Formaci\u00f3n y Direcci\u00f3n de Personas"},"content":{"rendered":"<p><strong>IMMFORMACI\u00d3N <\/strong>es una consultora especializada en consultor\u00eda de\u00a0 recursos humanos,\u00a0 formaci\u00f3n continua y planes de formaci\u00f3n para empresas. Ofrecemos una gesti\u00f3n integral de sus recursos humanos, as\u00ed como un amplio cat\u00e1logo de cursos gratuitos y bonificados para sus trabajadores.<\/p>\n<p>Desde 1995 venimos desarrollando nuestros\u00a0 proyectos dirigiendo nuestros esfuerzos a conseguir una formaci\u00f3n de m\u00e1xima calidad adecuada a las necesidades espec\u00edficas de cada cliente en modalidad presencial, on line y distancia.<\/p>\n<ul>\n<ul>\n<ul>\n<li><strong>Cursos Presenciales o In-Company:<\/strong> Cursos en nuestras o en sus instalaciones de forma presencial, con grupos reducidos de alumnos, siendo las clases eminentemente pr\u00e1cticas, con aulas perfectamente equipadas y profesorado especializado.<\/li>\n<li><strong>Cursos E-learning:<\/strong>Cursos totalmente interactivos, desarrollados en flash, html, con simuladores de las herramientas informaticas a desarrollar que no exige disponer del programa instalado y con captura de audio para los cursos de idiomas.. Se puede desarrollar en cualquier horario y en cualquier lugar, solo es necesario acceso a internet., estan tutorizados.<\/li>\n<li><strong>Cursos a Distancia<\/strong>:Cursos desarrollados en manuales impresos, donde el alumno trabaja los contenidos con supuestos practicos y tipo test. Los contenidos estan especialmente dise\u00f1ados para el alumno aprenda de forma aut\u00f3noma. Disponen de tutores que puede contactar con ellos a trav\u00e9s de nuestra Plataforma on-line.<\/li>\n<\/ul>\n<\/ul>\n<\/ul>\n","protected":false},"excerpt":{"rendered":"<p>IMMFORMACI\u00d3N es una consultora especializada en consultor\u00eda de\u00a0 recursos humanos,\u00a0 formaci\u00f3n continua y planes de formaci\u00f3n para empresas. Ofrecemos una<\/p>\n","protected":false},"author":1,"featured_media":0,"parent":0,"menu_order":0,"comment_status":"closed","ping_status":"open","template":"","meta":{"_uag_custom_page_level_css":"","_monsterinsights_skip_tracking":false,"_monsterinsights_sitenote_active":false,"_monsterinsights_sitenote_note":"","_monsterinsights_sitenote_category":0,"footnotes":""},"class_list":["post-2641","page","type-page","status-publish","hentry"],"aioseo_notices":[],"uagb_featured_image_src":{"full":false,"thumbnail":false,"medium":false,"medium_large":false,"large":false,"1536x1536":false,"2048x2048":false,"ample-featured-blog-large":false,"ample-featured-blog-small":false,"ample-portfolio-image":false,"sendpress-max":false,"woocommerce_thumbnail":false,"woocommerce_single":false,"woocommerce_gallery_thumbnail":false},"uagb_author_info":{"display_name":"IMM","author_link":"https:\/\/immformacion.com\/web\/author\/imm_admin\/"},"uagb_comment_info":0,"uagb_excerpt":"IMMFORMACI\u00d3N es una consultora especializada en consultor\u00eda de\u00a0 recursos humanos,\u00a0 formaci\u00f3n continua y planes de formaci\u00f3n para empresas. Ofrecemos una","_links":{"self":[{"href":"https:\/\/immformacion.com\/web\/wp-json\/wp\/v2\/pages\/2641","targetHints":{"allow":["GET"]}}],"collection":[{"href":"https:\/\/immformacion.com\/web\/wp-json\/wp\/v2\/pages"}],"about":[{"href":"https:\/\/immformacion.com\/web\/wp-json\/wp\/v2\/types\/page"}],"author":[{"embeddable":true,"href":"https:\/\/immformacion.com\/web\/wp-json\/wp\/v2\/users\/1"}],"replies":[{"embeddable":true,"href":"https:\/\/immformacion.com\/web\/wp-json\/wp\/v2\/comments?post=2641"}],"version-history":[{"count":2,"href":"https:\/\/immformacion.com\/web\/wp-json\/wp\/v2\/pages\/2641\/revisions"}],"predecessor-version":[{"id":2643,"href":"https:\/\/immformacion.com\/web\/wp-json\/wp\/v2\/pages\/2641\/revisions\/2643"}],"wp:attachment":[{"href":"https:\/\/immformacion.com\/web\/wp-json\/wp\/v2\/media?parent=2641"}],"curies":[{"name":"wp","href":"https:\/\/api.w.org\/{rel}","templated":true}]}}