{"id":2898,"date":"2013-03-20T19:37:54","date_gmt":"2013-03-20T18:37:54","guid":{"rendered":"http:\/\/immformacion.com\/web\/?page_id=2898"},"modified":"2014-08-28T09:26:06","modified_gmt":"2014-08-28T08:26:06","slug":"gases-fluorados-programa-formativo-i","status":"publish","type":"page","link":"https:\/\/immformacion.com\/web\/gases-fluorados-programa-formativo-i\/","title":{"rendered":"Gases Fluorados Programa Formativo I"},"content":{"rendered":"<p><img fetchpriority=\"high\" decoding=\"async\" class=\"size-full wp-image-2899 aligncenter\" style=\"width: 815px; height: 675px;\" src=\"http:\/\/immformacion.com\/web\/wp-content\/uploads\/2013\/03\/gases-fluorados-copia.jpg\" alt=\"gases fluorados copia\" width=\"815\" height=\"844\" \/><\/p>\n<hr \/>\n<table class=\" aligncenter\" style=\"width: 644px; height: 1249px;\" border=\"0\" cellspacing=\"0\" cellpadding=\"0\">\n<tbody>\n<tr>\n<td valign=\"top\" width=\"667\"><b>\u00a0<\/b><b>Porqu\u00e9 realizar esta formaci\u00f3n<\/b>El 16 de junio de 2010 se aprueba el Real Decreto , por el que se regula la comercializaci\u00f3n y manipulaci\u00f3n de gases fluorados y equipos basados en los mismos, as\u00ed como la certificaci\u00f3n de los profesionales que los utilizan.<\/p>\n<p style=\"text-align: justify;\">Sin dicha certificaci\u00f3n no se puede manipular el aire acondicionado, por lo que se hace obligatorio la realizaci\u00f3n del correspondiente curso para la obtenci\u00f3n del CERTIFICADO PERSONAL para la MANIPULACI\u00d3N DE GASES FLUORADOS.<\/p>\n<p style=\"text-align: justify;\">De acuerdo con este RD, se ver\u00e1n afectados todos los profesionales que realicen las operaciones de: Instalaci\u00f3n, mantenimiento, revisi\u00f3n, carga y manipulaci\u00f3n de contenedores de gas, en sistemas de aire acondicionado o climatizaci\u00f3n de veh\u00edculos que usen como refrigerantes gases fluorados.<\/p>\n<p style=\"text-align: justify;\">Este extracto del Real Decreto ya en vigor muestra la importancia de esta acreditaci\u00f3n. Es decir, ya no s\u00f3lo no se puede reparar sin el certificado de manipulador, ni siquiera se puede transportar y coger las botellas de gases fluorados.<\/p>\n<p style=\"text-align: justify;\">Esto convierte el <a title=\"Curso de manipulacion de gases fluorados online y gratis\" href=\"http:\/\/www.cursosformacionyempleo.es\/curso-de-manipulacion-de-gases-fluorados-online-y-gratis\/\">certificado de manipulaci\u00f3n de gases<\/a> en una acreditaci\u00f3n indispensable para trabajar en el sector del fr\u00edo Industrial o aire acondicionado dom\u00e9stico.<b><\/b><\/p>\n<p style=\"text-align: justify;\"><b>A qui\u00e9n se dirige esta formaci\u00f3n<\/b><\/p>\n<p style=\"text-align: justify;\">A todos los trabajadores que en su trabajo tengan\u00a0 que\u00a0 manipular\u00a0 gases fluorados (gases refrigerantes\u00a0 de\u00a0 equipos de aire acondicionado)\u00a0 a estar en posesi\u00f3n del t\u00edtulo de manipulador de gases.<\/p>\n<p style=\"text-align: justify;\"><b>Metodolog\u00eda<\/b><\/p>\n<p style=\"text-align: justify;\">Presencial : 10 horas<\/p>\n<p style=\"text-align: justify;\">Distancia: 14 horas<\/p>\n<p style=\"text-align: justify;\"><b>Fechas de impartici\u00f3n presencial:<\/b><\/p>\n<p style=\"text-align: justify;\">Los lunes 22 y 29 de Abril de 09:00 a 14:00 horas\u00a0 Instalaciones IMMFORMACION<\/p>\n<p style=\"text-align: justify;\"><b>Objetivo del Curso<\/b><\/p>\n<p style=\"text-align: justify;\">Obtener el certificado personal acreditativo de la competencia para la manipulaci\u00f3n de equipos con sistemas frigor\u00edficos de cualquier carga de refrigerantes fluorados, de conformidad con lo establecido en el Real Decreto 795\/2010, de 16 de junio, por el que se regula la comercializaci\u00f3n y manipulaci\u00f3n de gases fluorados y equipos basados en los mismos, as\u00ed como la certificaci\u00f3n de los profesionales que los utilizan.<b><\/b><\/p>\n<p style=\"text-align: justify;\"><b>Caracter\u00edsticas del curso<\/b><b> <\/b><\/p>\n<p style=\"text-align: justify;\">Pack de formaci\u00f3n continua<br \/>\nModalidad semipresencial\u00a0 24 horas (10 horas presencial y 14 horas distancia)<\/p>\n<p style=\"text-align: justify;\"><b><span style=\"text-decoration: underline;\">CONTENIDO FORMATIVO<\/span><\/b><b><\/b><\/p>\n<p style=\"text-align: justify;\"><b><span style=\"text-decoration: underline;\">Programa:<\/span><\/b><\/p>\n<p style=\"text-align: justify;\">1.- Impacto ambiental de los refrigerantes y normativa medioambiental correspondiente<\/p>\n<p style=\"text-align: justify;\">2.- Dise\u00f1o, manejo y operaci\u00f3n del equipo desde el punto de vista de la eficiencia energ\u00e9tica<\/p>\n<p style=\"text-align: justify;\">3.- C\u00e1lculo, determinaci\u00f3n y certificaci\u00f3n de la carga del sistema frigor\u00edfico. Etiquetado y registros del equipo<\/p>\n<p style=\"text-align: justify;\">4.- Controles previos a la puesta en funcionamiento, tras un per\u00edodo largo de inutilizaci\u00f3n, tras intervenciones de mantenimiento o reparaci\u00f3n, o durante el funcionamiento<\/p>\n<p style=\"text-align: justify;\">5.- Control de fugas<\/p>\n<p style=\"text-align: justify;\">6.- Gesti\u00f3n ambiental del sistema y del refrigerante durante la instalaci\u00f3n, el mantenimiento, la revisi\u00f3n o la recuperaci\u00f3n<\/p>\n<p style=\"text-align: justify;\">7.- Desmantelamiento y retirada de sistemas frigor\u00edficos<\/p>\n<p style=\"text-align: justify;\">8.- Contenidos pr\u00e1cticos<\/p>\n<p style=\"text-align: justify;\">9.- Evaluaci\u00f3n del curso<\/p>\n<p>&nbsp;<\/p>\n<p>&nbsp;<\/p>\n<p>&nbsp;<\/p>\n<p>&nbsp;<\/td>\n<\/tr>\n<\/tbody>\n<\/table>\n<p>&nbsp;<\/p>\n","protected":false},"excerpt":{"rendered":"<p>\u00a0Porqu\u00e9 realizar esta formaci\u00f3nEl 16 de junio de 2010 se aprueba el Real Decreto , por el que se regula<\/p>\n","protected":false},"author":1,"featured_media":0,"parent":0,"menu_order":0,"comment_status":"closed","ping_status":"open","template":"","meta":{"_uag_custom_page_level_css":"","_monsterinsights_skip_tracking":false,"_monsterinsights_sitenote_active":false,"_monsterinsights_sitenote_note":"","_monsterinsights_sitenote_category":0,"footnotes":""},"class_list":["post-2898","page","type-page","status-publish","hentry"],"aioseo_notices":[],"uagb_featured_image_src":{"full":false,"thumbnail":false,"medium":false,"medium_large":false,"large":false,"1536x1536":false,"2048x2048":false,"ample-featured-blog-large":false,"ample-featured-blog-small":false,"ample-portfolio-image":false,"sendpress-max":false,"woocommerce_thumbnail":false,"woocommerce_single":false,"woocommerce_gallery_thumbnail":false},"uagb_author_info":{"display_name":"IMM","author_link":"https:\/\/immformacion.com\/web\/author\/imm_admin\/"},"uagb_comment_info":0,"uagb_excerpt":"\u00a0Porqu\u00e9 realizar esta formaci\u00f3nEl 16 de junio de 2010 se aprueba el Real Decreto , por el que se regula","_links":{"self":[{"href":"https:\/\/immformacion.com\/web\/wp-json\/wp\/v2\/pages\/2898","targetHints":{"allow":["GET"]}}],"collection":[{"href":"https:\/\/immformacion.com\/web\/wp-json\/wp\/v2\/pages"}],"about":[{"href":"https:\/\/immformacion.com\/web\/wp-json\/wp\/v2\/types\/page"}],"author":[{"embeddable":true,"href":"https:\/\/immformacion.com\/web\/wp-json\/wp\/v2\/users\/1"}],"replies":[{"embeddable":true,"href":"https:\/\/immformacion.com\/web\/wp-json\/wp\/v2\/comments?post=2898"}],"version-history":[{"count":7,"href":"https:\/\/immformacion.com\/web\/wp-json\/wp\/v2\/pages\/2898\/revisions"}],"predecessor-version":[{"id":6958,"href":"https:\/\/immformacion.com\/web\/wp-json\/wp\/v2\/pages\/2898\/revisions\/6958"}],"wp:attachment":[{"href":"https:\/\/immformacion.com\/web\/wp-json\/wp\/v2\/media?parent=2898"}],"curies":[{"name":"wp","href":"https:\/\/api.w.org\/{rel}","templated":true}]}}