{"id":2937,"date":"2013-05-09T17:25:15","date_gmt":"2013-05-09T16:25:15","guid":{"rendered":"http:\/\/immformacion.com\/web\/?page_id=2937"},"modified":"2013-07-26T11:46:01","modified_gmt":"2013-07-26T10:46:01","slug":"hackaton-estrategico","status":"publish","type":"page","link":"https:\/\/immformacion.com\/web\/hackaton-estrategico\/","title":{"rendered":"Hackathon Estrat\u00e9gico"},"content":{"rendered":"<table style=\"width: 874px; height: 1568px;\" border=\"0\" cellspacing=\"0\" cellpadding=\"0\">\n<tbody>\n<tr>\n<td valign=\"top\" width=\"595\">\n<table border=\"0\" cellspacing=\"0\" cellpadding=\"0\">\n<tbody>\n<tr>\n<td valign=\"top\" width=\"288\">\n<div><img fetchpriority=\"high\" decoding=\"async\" alt=\"HACKATON image copia\" src=\"http:\/\/immformacion.com\/web\/wp-content\/uploads\/2013\/05\/HACKATON-image-copia.jpg\" width=\"453\" height=\"217\" \/><\/div>\n<\/td>\n<td valign=\"top\" width=\"288\"><\/td>\n<\/tr>\n<\/tbody>\n<\/table>\n<\/td>\n<\/tr>\n<tr>\n<td valign=\"top\" width=\"595\">El <i>hackathon<\/i> son sesiones de trabajo intensas y agrupadas en cortos espacios de tiempo, capaces de liberar la creatividad. Se busca con ellas elaborar de manera muy eficiente nuevas ideas y prototipos con impacto en las ventas y la cuenta de resultados de las empresas.Este concepto es aplicable a empresas necesitadas de generar ideas para actualizar sus modelos de negocio. El <i>Hackathon<\/i> Estrat\u00e9gico es una propuesta de innovaci\u00f3n radical en la consultor\u00eda estrat\u00e9gica. Es una herramienta particularmente adecuada en los tiempos actuales para llevar a cabo la reformulaci\u00f3n de estrategias y modelos de negocio en las empresas.El <i>Hackathon<\/i> Estrat\u00e9gico viene a sustituir a los procesos de planificaci\u00f3n estrat\u00e9gica largos, costosos y de limitada eficacia de \u00e9pocas anteriores. Pero para su ejecuci\u00f3n se precisa de una metodolog\u00eda s\u00f3lida y experiencia en la gesti\u00f3n de reuniones de grupos de trabajo.Se trata de una manera disciplinada de redefinir la estrategia de la empresa y abordar la mejora continua del modelo de negocio. Hoy sabemos que no existen las soluciones definitivas, que las necesidades de los clientes var\u00edan con frecuencia y rapidez y que tanto la propuesta de valor como la manera de entregarla est\u00e1n sometidas a revisi\u00f3n y mejora continuadas.<\/p>\n<h2>Dirigido a<\/h2>\n<p>Este programa re\u00fane a directivos y profesionales que representan al talento y la experiencia de las empresas participantes.<\/p>\n<h2>Duraci\u00f3n<\/h2>\n<p>15 horas de duraci\u00f3n, desarrolladas en tres jornadas presenciales.<\/p>\n<table border=\"0\" cellspacing=\"0\" cellpadding=\"0\">\n<tbody>\n<tr>\n<td valign=\"top\" width=\"288\">\n<h2>Contenido<\/h2>\n<table style=\"width: 543px; height: 613px;\" border=\"1\" cellspacing=\"0\" cellpadding=\"0\">\n<tbody>\n<tr>\n<td valign=\"top\">Sesi\u00f3n<\/td>\n<td valign=\"top\">Horas<\/td>\n<td valign=\"top\" width=\"532\">Contenido<\/td>\n<\/tr>\n<tr>\n<td valign=\"top\">\n<p align=\"center\">1<\/p>\n<\/td>\n<td valign=\"top\">\n<p align=\"center\">2:00<\/p>\n<\/td>\n<td valign=\"top\" width=\"532\">Descripci\u00f3n de\u00a0Metodolog\u00eda<br \/>\nRevisi\u00f3n de la Misi\u00f3n, Aspiraci\u00f3n y Valores<\/td>\n<\/tr>\n<tr>\n<td valign=\"top\">\n<p align=\"center\">2<\/p>\n<\/td>\n<td valign=\"top\">\n<p align=\"center\">1:00<\/p>\n<\/td>\n<td valign=\"top\" width=\"532\">Discusi\u00f3n del entorno:<\/p>\n<ul>\n<li>Internacional\u00a0y \u00a0 local<\/li>\n<li>Gesti\u00f3n \u00a0 del\u00a0Cambio<\/li>\n<\/ul>\n<\/td>\n<\/tr>\n<tr>\n<td valign=\"top\">\n<p align=\"center\">3<\/p>\n<\/td>\n<td valign=\"top\">\n<p align=\"center\">2:00<\/p>\n<\/td>\n<td valign=\"top\" width=\"532\">Evaluaci\u00f3n de la empresa<\/p>\n<ul>\n<li>Personas \u00a0 y\u00a0competencias<\/li>\n<li>Operaciones\u00a0y \u00a0 sistemas<\/li>\n<li>An\u00e1lisis \u00a0 de\u00a0resultados<\/li>\n<\/ul>\n<\/td>\n<\/tr>\n<tr>\n<td valign=\"top\">\n<p align=\"center\">4<\/p>\n<\/td>\n<td valign=\"top\">\n<p align=\"center\">5:00<\/p>\n<\/td>\n<td valign=\"top\" width=\"532\">Nuevas estrategias para\u00a0la empresa<\/p>\n<ul>\n<li>Discusi\u00f3n \u00a0 de\u00a0Opciones y Posiciones Estrat\u00e9gicas<\/li>\n<li>Revisi\u00f3n \u00a0 de\u00a0Modelos de Negocio<\/li>\n<\/ul>\n<\/td>\n<\/tr>\n<tr>\n<td valign=\"top\">\n<p align=\"center\">5<\/p>\n<\/td>\n<td valign=\"top\">\n<p align=\"center\">2:00<\/p>\n<\/td>\n<td valign=\"top\" width=\"532\">Definici\u00f3n\u00a0de Objetivos Estrat\u00e9gicos<\/td>\n<\/tr>\n<tr>\n<td valign=\"top\">\n<p align=\"center\">6<\/p>\n<\/td>\n<td valign=\"top\">\n<p align=\"center\">3:00<\/p>\n<\/td>\n<td valign=\"top\" width=\"532\">Elaboraci\u00f3n de Cuadro de Mando Integral<\/p>\n<ul>\n<li>\u00a0 Desarrollo\u00a0de objetivos e iniciativas<\/li>\n<\/ul>\n<\/td>\n<\/tr>\n<\/tbody>\n<\/table>\n<\/td>\n<td valign=\"top\" width=\"288\">\n<h4 style=\"text-align: center;\"><\/h4>\n<h4 style=\"text-align: center;\"><\/h4>\n<p>&nbsp;<\/td>\n<\/tr>\n<\/tbody>\n<\/table>\n<div align=\"center\"><\/div>\n<p>&nbsp;<\/p>\n<h2>Precio<\/h2>\n<p>240 euros.<\/p>\n<p>&nbsp;<\/p>\n<h2>Dirigido por<\/h2>\n<p>Las sesiones son impartidas y moderadas por Francisco J. Guill\u00e9n, Profesor y Consultor de Estrategia Empresarial, autor del <a href=\"http:\/\/www.blandi.org\/fguillen\/\">Blog de Estrategia Empresarial<\/a>.<\/p>\n<div><\/div>\n<\/td>\n<\/tr>\n<\/tbody>\n<\/table>\n","protected":false},"excerpt":{"rendered":"<p>El hackathon son sesiones de trabajo intensas y agrupadas en cortos espacios de tiempo, capaces de liberar la creatividad. Se<\/p>\n","protected":false},"author":1,"featured_media":0,"parent":0,"menu_order":0,"comment_status":"closed","ping_status":"open","template":"","meta":{"_uag_custom_page_level_css":"","_monsterinsights_skip_tracking":false,"_monsterinsights_sitenote_active":false,"_monsterinsights_sitenote_note":"","_monsterinsights_sitenote_category":0,"footnotes":""},"class_list":["post-2937","page","type-page","status-publish","hentry"],"aioseo_notices":[],"uagb_featured_image_src":{"full":false,"thumbnail":false,"medium":false,"medium_large":false,"large":false,"1536x1536":false,"2048x2048":false,"ample-featured-blog-large":false,"ample-featured-blog-small":false,"ample-portfolio-image":false,"sendpress-max":false,"woocommerce_thumbnail":false,"woocommerce_single":false,"woocommerce_gallery_thumbnail":false},"uagb_author_info":{"display_name":"IMM","author_link":"https:\/\/immformacion.com\/web\/author\/imm_admin\/"},"uagb_comment_info":0,"uagb_excerpt":"El hackathon son sesiones de trabajo intensas y agrupadas en cortos espacios de tiempo, capaces de liberar la creatividad. Se","_links":{"self":[{"href":"https:\/\/immformacion.com\/web\/wp-json\/wp\/v2\/pages\/2937","targetHints":{"allow":["GET"]}}],"collection":[{"href":"https:\/\/immformacion.com\/web\/wp-json\/wp\/v2\/pages"}],"about":[{"href":"https:\/\/immformacion.com\/web\/wp-json\/wp\/v2\/types\/page"}],"author":[{"embeddable":true,"href":"https:\/\/immformacion.com\/web\/wp-json\/wp\/v2\/users\/1"}],"replies":[{"embeddable":true,"href":"https:\/\/immformacion.com\/web\/wp-json\/wp\/v2\/comments?post=2937"}],"version-history":[{"count":18,"href":"https:\/\/immformacion.com\/web\/wp-json\/wp\/v2\/pages\/2937\/revisions"}],"predecessor-version":[{"id":6005,"href":"https:\/\/immformacion.com\/web\/wp-json\/wp\/v2\/pages\/2937\/revisions\/6005"}],"wp:attachment":[{"href":"https:\/\/immformacion.com\/web\/wp-json\/wp\/v2\/media?parent=2937"}],"curies":[{"name":"wp","href":"https:\/\/api.w.org\/{rel}","templated":true}]}}