{"id":5054,"date":"2013-07-26T11:13:01","date_gmt":"2013-07-26T10:13:01","guid":{"rendered":"http:\/\/immformacion.com\/web\/?page_id=5054"},"modified":"2016-05-31T08:52:00","modified_gmt":"2016-05-31T07:52:00","slug":"formacion-bonificada","status":"publish","type":"page","link":"https:\/\/immformacion.com\/web\/formacion-bonificada\/","title":{"rendered":"Formaci\u00f3n Bonificada (formaci\u00f3n programada por las empresas)"},"content":{"rendered":"<table border=\"0\" cellspacing=\"20\">\n<tbody>\n<tr>\n<td valign=\"top\">\n<div>\n<div>\n<div id=\"dnn_ctr4691_ModuleContent\">\n<h3><span style=\"color: #7ca3dc;\">\u00bfConoces qu\u00e9 es la formaci\u00f3n bonificada?<\/span><\/h3>\n<p align=\"justify\">La bonificaci\u00f3n es un sistema de financiaci\u00f3n, total o parcial, de los costes para la formaci\u00f3n de los trabajadores mediante las deducciones a las cuotas de la seguridad social en concepto de formaci\u00f3n profesional.<\/p>\n<h3 align=\"justify\"><span style=\"color: #7ca3dc;\">Caracter\u00edsticas b\u00e1sicas del cr\u00e9dito de formaci\u00f3n a tener en cuenta:<\/span><\/h3>\n<div align=\"justify\">\n<ul>\n<li>Todas las empresas disponen de un cr\u00e9dito para financiar total o parcialmente la formaci\u00f3n de sus trabajadores.<\/li>\n<li>El cr\u00e9dito se calcula en funci\u00f3n de las cuotas de formaci\u00f3n profesional que la empresa ingres\u00f3 en el \u00faltimo a\u00f1o y del n\u00famero de trabajadores de la empresa.<\/li>\n<li>La vigencia de este cr\u00e9dito es anual (de enero a diciembre) y no es acumulable de un a\u00f1o para el otro.<\/li>\n<\/ul>\n<\/div>\n<h3 align=\"justify\"><span style=\"color: #7ca3dc;\">\u00bfCu\u00e1les son los requisitos para poder bonificar la formaci\u00f3n para los trabajadores de su empresa?<\/span><\/h3>\n<div align=\"justify\">\n<ul>\n<li>La acci\u00f3n formativa debe tener una duraci\u00f3n m\u00ednima de 2 horas.<\/li>\n<li>Los participantes de la formaci\u00f3n tienen que estar contratados por el R\u00e9gimen General.<\/li>\n<li>La asistencia al curso debe ser igual o superior a un 75% de su duraci\u00f3n.<\/li>\n<li>Informar a la Fundaci\u00f3n Tripartita del inicio del curso con 7 d\u00edas de antelaci\u00f3n.<\/li>\n<\/ul>\n<\/div>\n<h3><span style=\"color: #7ca3dc;\">\u00bfC\u00f3mo puedes disfrutar de la Bonificaci\u00f3n?<\/span><\/h3>\n<p align=\"justify\">IMMFORMACI\u00d3N realiza las gestiones necesarias para que pueda ser bonificada toda la formaci\u00f3n que sea recibida por los trabajadores de la empresa, ya sea formaci\u00f3n presencial\u00a0 o realizada por medios telem\u00e1ticos. Para ello, IMMFORMACION gestiona las comunicaciones, plazos, requisitos y firma electr\u00f3nica necesarios para ello.<\/p>\n<p align=\"justify\">\u00a0Si deseas conocer m\u00e1s s\u00f3lo tiene que rellenar un sencillo <a href=\"http:\/\/immformacion.com\/web\/contactos\/\" target=\"_blank\">formulario<\/a> y en un breve periodo nos pondremos en contacto contigo para evaluar correctamente el tipo de formaci\u00f3n que requieres y se ajuste a tus necesidades.<\/p>\n<\/div>\n<h3><span style=\"color: #7ca3dc;\">Invirtiendo en la formaci\u00f3n de tus trabajadores, invertir\u00e1s en el crecimiento de tu empresa<\/span><\/h3>\n<p style=\"text-align: justify; line-height: 120%;\">\u00a1Aprovecha el cr\u00e9dito del que dispone tu empresa! IMM FORMACI\u00d3N te asesora para elegir la formaci\u00f3n y realiza los tr\u00e1mites para que la formaci\u00f3n en tu empresa sea 100% bonificada.<\/p>\n<p style=\"text-align: justify; line-height: 120%;\">Todas las empresas disponen de un Cr\u00e9dito anual para formar a sus trabajadores a coste cero (siempre que se cumplan determinadas condiciones), benefici\u00e1ndose de la financiaci\u00f3n que ofrece el Modelo para la Formaci\u00f3n Profesional Continua promovido por el Ministerio de Empleo y Seguridad Social. Si esta cantidad no se utiliza, se pierde.<\/p>\n<p style=\"text-align: justify; line-height: 120%;\">IMM FORMACI\u00d3N est\u00e1 especializado en informar y orientar a las empresas en el cumplimiento de los tr\u00e1mites administrativos a los que est\u00e1n obligadas para disponer del cr\u00e9dito formativo. Tras la finalizaci\u00f3n de la formaci\u00f3n, las empresas podr\u00e1n bonificar tu formaci\u00f3n en los boletines de cotizaci\u00f3n a la Seguridad Social.<\/p>\n<h3><span style=\"color: #7ca3dc;\">\u00bfC\u00f3mo solicitar la gesti\u00f3n de la bonificaci\u00f3n?<\/span><\/h3>\n<p style=\"text-align: justify; line-height: 120%;\">Cons\u00faltanos sin compromiso: <strong>942 07 54 44<\/strong><\/p>\n<\/div>\n<\/div>\n<\/td>\n<td style=\"width: 200px; text-align: center;\"><a href=\"https:\/\/empresas.fundaciontripartita.org\/AFE051\/app\/sim_credito.aspx\" target=\"_blank\"><img fetchpriority=\"high\" decoding=\"async\" class=\"alignnone wp-image-5056\" src=\"http:\/\/immformacion.com\/web\/wp-content\/uploads\/2013\/07\/calculatucredito.png\" alt=\"calculatucredito\" width=\"319\" height=\"299\" srcset=\"https:\/\/immformacion.com\/web\/wp-content\/uploads\/2013\/07\/calculatucredito.png 519w, https:\/\/immformacion.com\/web\/wp-content\/uploads\/2013\/07\/calculatucredito-300x280.png 300w\" sizes=\"(max-width: 319px) 100vw, 319px\" \/><\/a><\/p>\n<p style=\"color: #7ca3dc; line-height: 120%;\">Conoce de forma inmediata la disponibilidad de tu empresa\u00a0para invertir en formaci\u00f3n gracias a la\u00a0<strong>Fundaci\u00f3n Tripartita<\/strong><\/p>\n<\/td>\n<\/tr>\n<\/tbody>\n<\/table>\n<hr \/>\n","protected":false},"excerpt":{"rendered":"<p>\u00bfConoces qu\u00e9 es la formaci\u00f3n bonificada? La bonificaci\u00f3n es un sistema de financiaci\u00f3n, total o parcial, de los costes para<\/p>\n","protected":false},"author":1,"featured_media":0,"parent":0,"menu_order":0,"comment_status":"closed","ping_status":"open","template":"","meta":{"_uag_custom_page_level_css":"","_monsterinsights_skip_tracking":false,"_monsterinsights_sitenote_active":false,"_monsterinsights_sitenote_note":"","_monsterinsights_sitenote_category":0,"footnotes":""},"class_list":["post-5054","page","type-page","status-publish","hentry"],"aioseo_notices":[],"uagb_featured_image_src":{"full":false,"thumbnail":false,"medium":false,"medium_large":false,"large":false,"1536x1536":false,"2048x2048":false,"ample-featured-blog-large":false,"ample-featured-blog-small":false,"ample-portfolio-image":false,"sendpress-max":false,"woocommerce_thumbnail":false,"woocommerce_single":false,"woocommerce_gallery_thumbnail":false},"uagb_author_info":{"display_name":"IMM","author_link":"https:\/\/immformacion.com\/web\/author\/imm_admin\/"},"uagb_comment_info":0,"uagb_excerpt":"\u00bfConoces qu\u00e9 es la formaci\u00f3n bonificada? La bonificaci\u00f3n es un sistema de financiaci\u00f3n, total o parcial, de los costes para","_links":{"self":[{"href":"https:\/\/immformacion.com\/web\/wp-json\/wp\/v2\/pages\/5054","targetHints":{"allow":["GET"]}}],"collection":[{"href":"https:\/\/immformacion.com\/web\/wp-json\/wp\/v2\/pages"}],"about":[{"href":"https:\/\/immformacion.com\/web\/wp-json\/wp\/v2\/types\/page"}],"author":[{"embeddable":true,"href":"https:\/\/immformacion.com\/web\/wp-json\/wp\/v2\/users\/1"}],"replies":[{"embeddable":true,"href":"https:\/\/immformacion.com\/web\/wp-json\/wp\/v2\/comments?post=5054"}],"version-history":[{"count":70,"href":"https:\/\/immformacion.com\/web\/wp-json\/wp\/v2\/pages\/5054\/revisions"}],"predecessor-version":[{"id":9872,"href":"https:\/\/immformacion.com\/web\/wp-json\/wp\/v2\/pages\/5054\/revisions\/9872"}],"wp:attachment":[{"href":"https:\/\/immformacion.com\/web\/wp-json\/wp\/v2\/media?parent=5054"}],"curies":[{"name":"wp","href":"https:\/\/api.w.org\/{rel}","templated":true}]}}