{"id":5790,"date":"2013-09-11T09:03:58","date_gmt":"2013-09-11T08:03:58","guid":{"rendered":"http:\/\/immformacion.com\/web\/?page_id=5790"},"modified":"2013-09-11T09:25:47","modified_gmt":"2013-09-11T08:25:47","slug":"formacion-empresas","status":"publish","type":"page","link":"https:\/\/immformacion.com\/web\/formacion-empresas\/","title":{"rendered":"Formaci\u00f3n (Empresas)"},"content":{"rendered":"<hr \/>\n<table style=\"width: 100%;\" border=\"0\">\n<tbody>\n<tr style=\"height: 30px; background-color: #0664a5;\">\n<td style=\"padding-left: 30px; background-color: #861229;\" colspan=\"6\"><span style=\"color: #ffffff; font-size: small; font-family: verdana, geneva;\"><strong>FORMACI\u00d3N<\/strong><\/span><\/td>\n<\/tr>\n<tr style=\"background-color: #616161;\">\n<td colspan=\"2\"><\/td>\n<td style=\"text-align: center;\"><span style=\"color: #ffffff; font-family: verdana, geneva;\">Horas<\/span><\/td>\n<td style=\"text-align: center;\"><span style=\"color: #ffffff; font-family: verdana, geneva;\">Distancia<\/span><\/td>\n<td style=\"text-align: center;\"><span style=\"color: #ffffff; font-family: verdana, geneva;\">E-learning<\/span><\/td>\n<td style=\"text-align: center;\"><span style=\"color: #ffffff; font-family: verdana, geneva;\">Presencial<\/span><\/td>\n<\/tr>\n<tr>\n<td><\/td>\n<td><span style=\"font-family: verdana, geneva;\">Tutor\u00eda Online<\/span><\/td>\n<td style=\"text-align: center;\"><span style=\"font-family: verdana, geneva;\"> 40<\/span><\/td>\n<td style=\"text-align: center;\"><\/td>\n<td style=\"text-align: center;\"><img decoding=\"async\" alt=\"CHECK MARK_red-01\" src=\"http:\/\/immformacion.com\/web\/wp-content\/uploads\/2013\/08\/CHECK-MARK_red-01.png\" width=\"22\" height=\"16\" \/><\/td>\n<td style=\"text-align: center;\"><img decoding=\"async\" alt=\"CHECK MARK_red-01\" src=\"http:\/\/immformacion.com\/web\/wp-content\/uploads\/2013\/08\/CHECK-MARK_red-01.png\" width=\"22\" height=\"16\" \/><\/td>\n<\/tr>\n<tr style=\"background-color: #e4e4e4;\">\n<td><\/td>\n<td><span style=\"font-family: verdana, geneva;\">Formaci\u00f3n B\u00e1sica de Formadores<\/span><\/td>\n<td style=\"text-align: center;\"><span style=\"font-family: verdana, geneva;\">50<\/span><\/td>\n<td style=\"text-align: center;\"><\/td>\n<td style=\"text-align: center;\"><img decoding=\"async\" alt=\"CHECK MARK_red-01\" src=\"http:\/\/immformacion.com\/web\/wp-content\/uploads\/2013\/08\/CHECK-MARK_red-01.png\" width=\"22\" height=\"16\" \/><\/td>\n<td style=\"text-align: center;\"><img decoding=\"async\" alt=\"CHECK MARK_red-01\" src=\"http:\/\/immformacion.com\/web\/wp-content\/uploads\/2013\/08\/CHECK-MARK_red-01.png\" width=\"22\" height=\"16\" \/><\/td>\n<\/tr>\n<tr>\n<td><\/td>\n<td><span style=\"font-family: verdana, geneva;\">Formaci\u00f3n Avanzada de Formadores: la Programaci\u00f3n<\/span><\/td>\n<td style=\"text-align: center;\"><span style=\"font-family: verdana, geneva;\">30<\/span><\/td>\n<td style=\"text-align: center;\"><\/td>\n<td style=\"text-align: center;\"><img decoding=\"async\" alt=\"CHECK MARK_red-01\" src=\"http:\/\/immformacion.com\/web\/wp-content\/uploads\/2013\/08\/CHECK-MARK_red-01.png\" width=\"22\" height=\"16\" \/><\/td>\n<td style=\"text-align: center;\"><img decoding=\"async\" alt=\"CHECK MARK_red-01\" src=\"http:\/\/immformacion.com\/web\/wp-content\/uploads\/2013\/08\/CHECK-MARK_red-01.png\" width=\"22\" height=\"16\" \/><\/td>\n<\/tr>\n<tr style=\"background-color: #e4e4e4;\">\n<td><\/td>\n<td><span style=\"font-family: verdana, geneva;\">Formaci\u00f3n Avanzada de Formadores: la Interacci\u00f3n Did\u00e1ctica<\/span><\/td>\n<td style=\"text-align: center;\"><span style=\"font-family: verdana, geneva;\">60<\/span><\/td>\n<td style=\"text-align: center;\"><\/td>\n<td style=\"text-align: center;\"><img decoding=\"async\" alt=\"CHECK MARK_red-01\" src=\"http:\/\/immformacion.com\/web\/wp-content\/uploads\/2013\/08\/CHECK-MARK_red-01.png\" width=\"22\" height=\"16\" \/><\/td>\n<td style=\"text-align: center;\"><img decoding=\"async\" alt=\"CHECK MARK_red-01\" src=\"http:\/\/immformacion.com\/web\/wp-content\/uploads\/2013\/08\/CHECK-MARK_red-01.png\" width=\"22\" height=\"16\" \/><\/td>\n<\/tr>\n<tr>\n<td><\/td>\n<td><span style=\"font-family: verdana, geneva;\">Formaci\u00f3n Avanzada de Formadores: la Evaluaci\u00f3n<\/span><\/td>\n<td style=\"text-align: center;\"><span style=\"font-family: verdana, geneva;\">30<\/span><\/td>\n<td style=\"text-align: center;\"><\/td>\n<td style=\"text-align: center;\"><img decoding=\"async\" alt=\"CHECK MARK_red-01\" src=\"http:\/\/immformacion.com\/web\/wp-content\/uploads\/2013\/08\/CHECK-MARK_red-01.png\" width=\"22\" height=\"16\" \/><\/td>\n<td style=\"text-align: center;\"><img decoding=\"async\" alt=\"CHECK MARK_red-01\" src=\"http:\/\/immformacion.com\/web\/wp-content\/uploads\/2013\/08\/CHECK-MARK_red-01.png\" width=\"22\" height=\"16\" \/><\/td>\n<\/tr>\n<tr style=\"background-color: #e4e4e4;\">\n<td><\/td>\n<td><span style=\"font-family: verdana, geneva;\">Detecci\u00f3n de Necesidades<\/span><\/td>\n<td style=\"text-align: center;\"><\/td>\n<td style=\"text-align: center;\"><\/td>\n<td style=\"text-align: center;\"><\/td>\n<td style=\"text-align: center;\"><img decoding=\"async\" alt=\"CHECK MARK_red-01\" src=\"http:\/\/immformacion.com\/web\/wp-content\/uploads\/2013\/08\/CHECK-MARK_red-01.png\" width=\"22\" height=\"16\" \/><\/td>\n<\/tr>\n<tr>\n<td><\/td>\n<td><span style=\"font-family: verdana, geneva;\">Elaboraci\u00f3n del Plan de Formaci\u00f3n<\/span><\/td>\n<td style=\"text-align: center;\"><\/td>\n<td style=\"text-align: center;\"><\/td>\n<td style=\"text-align: center;\"><\/td>\n<td style=\"text-align: center;\"><img decoding=\"async\" alt=\"CHECK MARK_red-01\" src=\"http:\/\/immformacion.com\/web\/wp-content\/uploads\/2013\/08\/CHECK-MARK_red-01.png\" width=\"22\" height=\"16\" \/><\/td>\n<\/tr>\n<tr style=\"background-color: #e4e4e4;\">\n<td><\/td>\n<td><span style=\"font-family: verdana, geneva;\">Evaluaci\u00f3n de la Formaci\u00f3n<\/span><\/td>\n<td style=\"text-align: center;\"><\/td>\n<td style=\"text-align: center;\"><\/td>\n<td style=\"text-align: center;\"><\/td>\n<td style=\"text-align: center;\"><img decoding=\"async\" alt=\"CHECK MARK_red-01\" src=\"http:\/\/immformacion.com\/web\/wp-content\/uploads\/2013\/08\/CHECK-MARK_red-01.png\" width=\"22\" height=\"16\" \/><\/td>\n<\/tr>\n<tr>\n<td><\/td>\n<td><span style=\"font-family: verdana, geneva;\">Formaci\u00f3n de Formadores<\/span><\/td>\n<td style=\"text-align: center;\"><\/td>\n<td style=\"text-align: center;\"><\/td>\n<td style=\"text-align: center;\"><\/td>\n<td style=\"text-align: center;\"><img decoding=\"async\" alt=\"CHECK MARK_red-01\" src=\"http:\/\/immformacion.com\/web\/wp-content\/uploads\/2013\/08\/CHECK-MARK_red-01.png\" width=\"22\" height=\"16\" \/><\/td>\n<\/tr>\n<tr style=\"background-color: #e4e4e4;\">\n<td><\/td>\n<td><span style=\"font-family: verdana, geneva;\">Gesti\u00f3n de la Bonificaci\u00f3n<\/span><\/td>\n<td style=\"text-align: center;\"><\/td>\n<td style=\"text-align: center;\"><\/td>\n<td style=\"text-align: center;\"><\/td>\n<td style=\"text-align: center;\"><img decoding=\"async\" alt=\"CHECK MARK_red-01\" src=\"http:\/\/immformacion.com\/web\/wp-content\/uploads\/2013\/08\/CHECK-MARK_red-01.png\" width=\"22\" height=\"16\" \/><\/td>\n<\/tr>\n<tr>\n<td><\/td>\n<td><span style=\"font-family: verdana, geneva;\">Gesti\u00f3n de la Formaci\u00f3n<\/span><\/td>\n<td style=\"text-align: center;\"><\/td>\n<td style=\"text-align: center;\"><\/td>\n<td style=\"text-align: center;\"><\/td>\n<td style=\"text-align: center;\"><img decoding=\"async\" alt=\"CHECK MARK_red-01\" src=\"http:\/\/immformacion.com\/web\/wp-content\/uploads\/2013\/08\/CHECK-MARK_red-01.png\" width=\"22\" height=\"16\" \/><\/td>\n<\/tr>\n<tr style=\"background-color: #e4e4e4;\">\n<td><\/td>\n<td><span style=\"font-family: verdana, geneva;\">Dise\u00f1o de Acciones Formativas<\/span><\/td>\n<td style=\"text-align: center;\"><\/td>\n<td style=\"text-align: center;\"><\/td>\n<td style=\"text-align: center;\"><\/td>\n<td style=\"text-align: center;\"><img decoding=\"async\" alt=\"CHECK MARK_red-01\" src=\"http:\/\/immformacion.com\/web\/wp-content\/uploads\/2013\/08\/CHECK-MARK_red-01.png\" width=\"22\" height=\"16\" \/><\/td>\n<\/tr>\n<tr>\n<td><\/td>\n<td><span style=\"font-family: verdana, geneva;\">Estructuraci\u00f3n de Programas de E-learning<\/span><\/td>\n<td style=\"text-align: center;\"><\/td>\n<td style=\"text-align: center;\"><\/td>\n<td style=\"text-align: center;\"><\/td>\n<td style=\"text-align: center;\"><img decoding=\"async\" alt=\"CHECK MARK_red-01\" src=\"http:\/\/immformacion.com\/web\/wp-content\/uploads\/2013\/08\/CHECK-MARK_red-01.png\" width=\"22\" height=\"16\" \/><\/td>\n<\/tr>\n<tr>\n<td><\/td>\n<td><\/td>\n<td style=\"text-align: center;\"><\/td>\n<td style=\"text-align: center;\"><\/td>\n<td style=\"text-align: center;\"><\/td>\n<td style=\"text-align: center;\"><\/td>\n<\/tr>\n<\/tbody>\n<\/table>\n","protected":false},"excerpt":{"rendered":"<p>FORMACI\u00d3N Horas Distancia E-learning Presencial Tutor\u00eda Online 40 Formaci\u00f3n B\u00e1sica de Formadores 50 Formaci\u00f3n Avanzada de Formadores: la Programaci\u00f3n 30<\/p>\n","protected":false},"author":1,"featured_media":0,"parent":0,"menu_order":0,"comment_status":"closed","ping_status":"closed","template":"","meta":{"_uag_custom_page_level_css":"","_monsterinsights_skip_tracking":false,"_monsterinsights_sitenote_active":false,"_monsterinsights_sitenote_note":"","_monsterinsights_sitenote_category":0,"footnotes":""},"class_list":["post-5790","page","type-page","status-publish","hentry"],"aioseo_notices":[],"uagb_featured_image_src":{"full":false,"thumbnail":false,"medium":false,"medium_large":false,"large":false,"1536x1536":false,"2048x2048":false,"ample-featured-blog-large":false,"ample-featured-blog-small":false,"ample-portfolio-image":false,"sendpress-max":false,"woocommerce_thumbnail":false,"woocommerce_single":false,"woocommerce_gallery_thumbnail":false},"uagb_author_info":{"display_name":"IMM","author_link":"https:\/\/immformacion.com\/web\/author\/imm_admin\/"},"uagb_comment_info":0,"uagb_excerpt":"FORMACI\u00d3N Horas Distancia E-learning Presencial Tutor\u00eda Online 40 Formaci\u00f3n B\u00e1sica de Formadores 50 Formaci\u00f3n Avanzada de Formadores: la Programaci\u00f3n 30","_links":{"self":[{"href":"https:\/\/immformacion.com\/web\/wp-json\/wp\/v2\/pages\/5790","targetHints":{"allow":["GET"]}}],"collection":[{"href":"https:\/\/immformacion.com\/web\/wp-json\/wp\/v2\/pages"}],"about":[{"href":"https:\/\/immformacion.com\/web\/wp-json\/wp\/v2\/types\/page"}],"author":[{"embeddable":true,"href":"https:\/\/immformacion.com\/web\/wp-json\/wp\/v2\/users\/1"}],"replies":[{"embeddable":true,"href":"https:\/\/immformacion.com\/web\/wp-json\/wp\/v2\/comments?post=5790"}],"version-history":[{"count":1,"href":"https:\/\/immformacion.com\/web\/wp-json\/wp\/v2\/pages\/5790\/revisions"}],"predecessor-version":[{"id":5791,"href":"https:\/\/immformacion.com\/web\/wp-json\/wp\/v2\/pages\/5790\/revisions\/5791"}],"wp:attachment":[{"href":"https:\/\/immformacion.com\/web\/wp-json\/wp\/v2\/media?parent=5790"}],"curies":[{"name":"wp","href":"https:\/\/api.w.org\/{rel}","templated":true}]}}