{"id":5792,"date":"2013-09-11T09:05:37","date_gmt":"2013-09-11T08:05:37","guid":{"rendered":"http:\/\/immformacion.com\/web\/?page_id=5792"},"modified":"2013-09-11T09:25:42","modified_gmt":"2013-09-11T08:25:42","slug":"gestion-de-empresas-mba-empresas","status":"publish","type":"page","link":"https:\/\/immformacion.com\/web\/gestion-de-empresas-mba-empresas\/","title":{"rendered":"Gesti\u00f3n de Empresas &#8211; MBA (Empresas)"},"content":{"rendered":"<table style=\"width: 100%;\" border=\"0\">\n<tbody>\n<tr style=\"height: 30px; background-color: #0664a5;\">\n<td style=\"padding-left: 30px; background-color: #861229;\" colspan=\"6\"><span style=\"color: #ffffff; font-size: small; font-family: verdana, geneva;\"><strong>GESTI\u00d3N DE EMPRESAS (MBA)<\/strong><\/span><\/td>\n<\/tr>\n<tr style=\"background-color: #616161;\">\n<td colspan=\"2\"><\/td>\n<td style=\"text-align: center;\"><span style=\"color: #ffffff; font-family: verdana, geneva;\">Horas<\/span><\/td>\n<td style=\"text-align: center;\"><span style=\"color: #ffffff; font-family: verdana, geneva;\">Distancia<\/span><\/td>\n<td style=\"text-align: center;\"><span style=\"color: #ffffff; font-family: verdana, geneva;\">E-learning<\/span><\/td>\n<td style=\"text-align: center;\"><span style=\"color: #ffffff; font-family: verdana, geneva;\">Presencial<\/span><\/td>\n<\/tr>\n<tr>\n<td><\/td>\n<td><span style=\"font-family: verdana, geneva;\">T\u00e9cnico en Direcci\u00f3n y Administraci\u00f3n de Empresas<\/span><\/td>\n<td style=\"text-align: center;\"><span style=\"font-family: verdana, geneva;\">160 <\/span><\/td>\n<td style=\"text-align: center;\"><span style=\"font-family: verdana, geneva;\"><img decoding=\"async\" alt=\"CHECK MARK_red-01\" src=\"http:\/\/immformacion.com\/web\/wp-content\/uploads\/2013\/08\/CHECK-MARK_red-01.png\" width=\"22\" height=\"16\" \/> <\/span><\/td>\n<td style=\"text-align: center;\"><img decoding=\"async\" alt=\"CHECK MARK_red-01\" src=\"http:\/\/immformacion.com\/web\/wp-content\/uploads\/2013\/08\/CHECK-MARK_red-01.png\" width=\"22\" height=\"16\" \/><\/td>\n<td style=\"text-align: center;\"><img decoding=\"async\" alt=\"CHECK MARK_red-01\" src=\"http:\/\/immformacion.com\/web\/wp-content\/uploads\/2013\/08\/CHECK-MARK_red-01.png\" width=\"22\" height=\"16\" \/><\/td>\n<\/tr>\n<tr style=\"background-color: #e4e4e4;\">\n<td><\/td>\n<td><span style=\"font-family: verdana, geneva;\">Experto en Direcci\u00f3n y Administraci\u00f3n de Empresas<\/span><\/td>\n<td style=\"text-align: center;\"><span style=\"font-family: verdana, geneva;\">320 <\/span><\/td>\n<td style=\"text-align: center;\"><span style=\"font-family: verdana, geneva;\"><img decoding=\"async\" alt=\"CHECK MARK_red-01\" src=\"http:\/\/immformacion.com\/web\/wp-content\/uploads\/2013\/08\/CHECK-MARK_red-01.png\" width=\"22\" height=\"16\" \/> <\/span><\/td>\n<td style=\"text-align: center;\"><span style=\"font-family: verdana, geneva;\"><img decoding=\"async\" alt=\"CHECK MARK_red-01\" src=\"http:\/\/immformacion.com\/web\/wp-content\/uploads\/2013\/08\/CHECK-MARK_red-01.png\" width=\"22\" height=\"16\" \/><br \/>\n<\/span><\/td>\n<td style=\"text-align: center;\"><span style=\"font-family: verdana, geneva;\"><img decoding=\"async\" alt=\"CHECK MARK_red-01\" src=\"http:\/\/immformacion.com\/web\/wp-content\/uploads\/2013\/08\/CHECK-MARK_red-01.png\" width=\"22\" height=\"16\" \/><br \/>\n<\/span><\/td>\n<\/tr>\n<tr>\n<td><\/td>\n<td><span style=\"font-family: verdana, geneva;\">Especialista en Direcci\u00f3n y Administraci\u00f3n de Empresas<\/span><\/td>\n<td style=\"text-align: center;\"><span style=\"font-family: verdana, geneva;\">240<\/span><\/td>\n<td style=\"text-align: center;\"><img decoding=\"async\" alt=\"CHECK MARK_red-01\" src=\"http:\/\/immformacion.com\/web\/wp-content\/uploads\/2013\/08\/CHECK-MARK_red-01.png\" width=\"22\" height=\"16\" \/><\/td>\n<td style=\"text-align: center;\"><img decoding=\"async\" alt=\"CHECK MARK_red-01\" src=\"http:\/\/immformacion.com\/web\/wp-content\/uploads\/2013\/08\/CHECK-MARK_red-01.png\" width=\"22\" height=\"16\" \/><\/td>\n<td style=\"text-align: center;\"><img decoding=\"async\" alt=\"CHECK MARK_red-01\" src=\"http:\/\/immformacion.com\/web\/wp-content\/uploads\/2013\/08\/CHECK-MARK_red-01.png\" width=\"22\" height=\"16\" \/><\/td>\n<\/tr>\n<tr style=\"background-color: #e4e4e4;\">\n<td><\/td>\n<td><span style=\"font-family: verdana, geneva;\">Direcci\u00f3n Estrat\u00e9gica de la Empresa<\/span><\/td>\n<td style=\"text-align: center;\"><span style=\"font-family: verdana, geneva;\">80<\/span><\/td>\n<td style=\"text-align: center;\"><img decoding=\"async\" alt=\"CHECK MARK_red-01\" src=\"http:\/\/immformacion.com\/web\/wp-content\/uploads\/2013\/08\/CHECK-MARK_red-01.png\" width=\"22\" height=\"16\" \/><\/td>\n<td style=\"text-align: center;\"><img decoding=\"async\" alt=\"CHECK MARK_red-01\" src=\"http:\/\/immformacion.com\/web\/wp-content\/uploads\/2013\/08\/CHECK-MARK_red-01.png\" width=\"22\" height=\"16\" \/><\/td>\n<td style=\"text-align: center;\"><img decoding=\"async\" alt=\"CHECK MARK_red-01\" src=\"http:\/\/immformacion.com\/web\/wp-content\/uploads\/2013\/08\/CHECK-MARK_red-01.png\" width=\"22\" height=\"16\" \/><\/td>\n<\/tr>\n<tr>\n<td><\/td>\n<td><span style=\"font-family: verdana, geneva;\">Creaci\u00f3n de Empresas<\/span><\/td>\n<td style=\"text-align: center;\"><span style=\"font-family: verdana, geneva;\">80<\/span><\/td>\n<td style=\"text-align: center;\"><img decoding=\"async\" alt=\"CHECK MARK_red-01\" src=\"http:\/\/immformacion.com\/web\/wp-content\/uploads\/2013\/08\/CHECK-MARK_red-01.png\" width=\"22\" height=\"16\" \/><\/td>\n<td style=\"text-align: center;\"><img decoding=\"async\" alt=\"CHECK MARK_red-01\" src=\"http:\/\/immformacion.com\/web\/wp-content\/uploads\/2013\/08\/CHECK-MARK_red-01.png\" width=\"22\" height=\"16\" \/><\/td>\n<td style=\"text-align: center;\"><img decoding=\"async\" alt=\"CHECK MARK_red-01\" src=\"http:\/\/immformacion.com\/web\/wp-content\/uploads\/2013\/08\/CHECK-MARK_red-01.png\" width=\"22\" height=\"16\" \/><\/td>\n<\/tr>\n<tr style=\"background-color: #e4e4e4;\">\n<td><\/td>\n<td><span style=\"font-family: verdana, geneva;\">T\u00e9cnico en Direcci\u00f3n de Empresas de Prevenci\u00f3n de Riesgos Laborales<\/span><\/td>\n<td style=\"text-align: center;\"><span style=\"font-family: verdana, geneva;\">160<\/span><\/td>\n<td style=\"text-align: center;\"><img decoding=\"async\" alt=\"CHECK MARK_red-01\" src=\"http:\/\/immformacion.com\/web\/wp-content\/uploads\/2013\/08\/CHECK-MARK_red-01.png\" width=\"22\" height=\"16\" \/><\/td>\n<td style=\"text-align: center;\"><img decoding=\"async\" alt=\"CHECK MARK_red-01\" src=\"http:\/\/immformacion.com\/web\/wp-content\/uploads\/2013\/08\/CHECK-MARK_red-01.png\" width=\"22\" height=\"16\" \/><\/td>\n<td style=\"text-align: center;\"><img decoding=\"async\" alt=\"CHECK MARK_red-01\" src=\"http:\/\/immformacion.com\/web\/wp-content\/uploads\/2013\/08\/CHECK-MARK_red-01.png\" width=\"22\" height=\"16\" \/><\/td>\n<\/tr>\n<tr>\n<td><\/td>\n<td><span style=\"font-family: verdana, geneva;\">Experto en Direcci\u00f3n de Empresas de Prevenci\u00f3n de Riesgos Laborales<\/span><\/td>\n<td style=\"text-align: center;\"><span style=\"font-family: verdana, geneva;\">320<\/span><\/td>\n<td style=\"text-align: center;\"><img decoding=\"async\" alt=\"CHECK MARK_red-01\" src=\"http:\/\/immformacion.com\/web\/wp-content\/uploads\/2013\/08\/CHECK-MARK_red-01.png\" width=\"22\" height=\"16\" \/><\/td>\n<td style=\"text-align: center;\"><img decoding=\"async\" alt=\"CHECK MARK_red-01\" src=\"http:\/\/immformacion.com\/web\/wp-content\/uploads\/2013\/08\/CHECK-MARK_red-01.png\" width=\"22\" height=\"16\" \/><\/td>\n<td style=\"text-align: center;\"><img decoding=\"async\" alt=\"CHECK MARK_red-01\" src=\"http:\/\/immformacion.com\/web\/wp-content\/uploads\/2013\/08\/CHECK-MARK_red-01.png\" width=\"22\" height=\"16\" \/><\/td>\n<\/tr>\n<tr style=\"background-color: #e4e4e4;\">\n<td><\/td>\n<td><span style=\"font-family: verdana, geneva;\">Especialista en Direcci\u00f3n de Empresas de Prevenci\u00f3n de Riesgos Laborales<\/span><\/td>\n<td style=\"text-align: center;\"><span style=\"font-family: verdana, geneva;\">240<\/span><\/td>\n<td style=\"text-align: center;\"><img decoding=\"async\" alt=\"CHECK MARK_red-01\" src=\"http:\/\/immformacion.com\/web\/wp-content\/uploads\/2013\/08\/CHECK-MARK_red-01.png\" width=\"22\" height=\"16\" \/><\/td>\n<td style=\"text-align: center;\"><img decoding=\"async\" alt=\"CHECK MARK_red-01\" src=\"http:\/\/immformacion.com\/web\/wp-content\/uploads\/2013\/08\/CHECK-MARK_red-01.png\" width=\"22\" height=\"16\" \/><\/td>\n<td style=\"text-align: center;\"><img decoding=\"async\" alt=\"CHECK MARK_red-01\" src=\"http:\/\/immformacion.com\/web\/wp-content\/uploads\/2013\/08\/CHECK-MARK_red-01.png\" width=\"22\" height=\"16\" \/><\/td>\n<\/tr>\n<tr>\n<td><\/td>\n<td><span style=\"font-family: verdana, geneva;\">Experto en Gesti\u00f3n Integrada<\/span><\/td>\n<td style=\"text-align: center;\"><span style=\"font-family: verdana, geneva;\">1050<\/span><\/td>\n<td style=\"text-align: center;\"><img decoding=\"async\" alt=\"CHECK MARK_red-01\" src=\"http:\/\/immformacion.com\/web\/wp-content\/uploads\/2013\/08\/CHECK-MARK_red-01.png\" width=\"22\" height=\"16\" \/><\/td>\n<td style=\"text-align: center;\"><img decoding=\"async\" alt=\"CHECK MARK_red-01\" src=\"http:\/\/immformacion.com\/web\/wp-content\/uploads\/2013\/08\/CHECK-MARK_red-01.png\" width=\"22\" height=\"16\" \/><\/td>\n<td style=\"text-align: center;\"><img decoding=\"async\" alt=\"CHECK MARK_red-01\" src=\"http:\/\/immformacion.com\/web\/wp-content\/uploads\/2013\/08\/CHECK-MARK_red-01.png\" width=\"22\" height=\"16\" \/><\/td>\n<\/tr>\n<tr style=\"background-color: #e4e4e4;\">\n<td><\/td>\n<td><span style=\"font-family: verdana, geneva;\">Integraci\u00f3n de Sistemas: Prevenci\u00f3n, Calidad y Medio Ambiente<\/span><\/td>\n<td style=\"text-align: center;\"><span style=\"font-family: verdana, geneva;\">80 <\/span><\/td>\n<td style=\"text-align: center;\"><img decoding=\"async\" alt=\"CHECK MARK_red-01\" src=\"http:\/\/immformacion.com\/web\/wp-content\/uploads\/2013\/08\/CHECK-MARK_red-01.png\" width=\"22\" height=\"16\" \/><\/td>\n<td style=\"text-align: center;\"><img decoding=\"async\" alt=\"CHECK MARK_red-01\" src=\"http:\/\/immformacion.com\/web\/wp-content\/uploads\/2013\/08\/CHECK-MARK_red-01.png\" width=\"22\" height=\"16\" \/><\/td>\n<td style=\"text-align: center;\"><span style=\"font-family: verdana, geneva;\"><img decoding=\"async\" alt=\"CHECK MARK_red-01\" src=\"http:\/\/immformacion.com\/web\/wp-content\/uploads\/2013\/08\/CHECK-MARK_red-01.png\" width=\"22\" height=\"16\" \/><br \/>\n<\/span><\/td>\n<\/tr>\n<tr>\n<td><\/td>\n<td><\/td>\n<td style=\"text-align: center;\"><\/td>\n<td style=\"text-align: center;\"><\/td>\n<td style=\"text-align: center;\"><\/td>\n<td style=\"text-align: center;\"><\/td>\n<\/tr>\n<\/tbody>\n<\/table>\n","protected":false},"excerpt":{"rendered":"<p>GESTI\u00d3N DE EMPRESAS (MBA) Horas Distancia E-learning Presencial T\u00e9cnico en Direcci\u00f3n y Administraci\u00f3n de Empresas 160 Experto en Direcci\u00f3n y<\/p>\n","protected":false},"author":1,"featured_media":0,"parent":0,"menu_order":0,"comment_status":"closed","ping_status":"closed","template":"","meta":{"_uag_custom_page_level_css":"","_monsterinsights_skip_tracking":false,"_monsterinsights_sitenote_active":false,"_monsterinsights_sitenote_note":"","_monsterinsights_sitenote_category":0,"footnotes":""},"class_list":["post-5792","page","type-page","status-publish","hentry"],"aioseo_notices":[],"uagb_featured_image_src":{"full":false,"thumbnail":false,"medium":false,"medium_large":false,"large":false,"1536x1536":false,"2048x2048":false,"ample-featured-blog-large":false,"ample-featured-blog-small":false,"ample-portfolio-image":false,"sendpress-max":false,"woocommerce_thumbnail":false,"woocommerce_single":false,"woocommerce_gallery_thumbnail":false},"uagb_author_info":{"display_name":"IMM","author_link":"https:\/\/immformacion.com\/web\/author\/imm_admin\/"},"uagb_comment_info":0,"uagb_excerpt":"GESTI\u00d3N DE EMPRESAS (MBA) Horas Distancia E-learning Presencial T\u00e9cnico en Direcci\u00f3n y Administraci\u00f3n de Empresas 160 Experto en Direcci\u00f3n y","_links":{"self":[{"href":"https:\/\/immformacion.com\/web\/wp-json\/wp\/v2\/pages\/5792","targetHints":{"allow":["GET"]}}],"collection":[{"href":"https:\/\/immformacion.com\/web\/wp-json\/wp\/v2\/pages"}],"about":[{"href":"https:\/\/immformacion.com\/web\/wp-json\/wp\/v2\/types\/page"}],"author":[{"embeddable":true,"href":"https:\/\/immformacion.com\/web\/wp-json\/wp\/v2\/users\/1"}],"replies":[{"embeddable":true,"href":"https:\/\/immformacion.com\/web\/wp-json\/wp\/v2\/comments?post=5792"}],"version-history":[{"count":1,"href":"https:\/\/immformacion.com\/web\/wp-json\/wp\/v2\/pages\/5792\/revisions"}],"predecessor-version":[{"id":5793,"href":"https:\/\/immformacion.com\/web\/wp-json\/wp\/v2\/pages\/5792\/revisions\/5793"}],"wp:attachment":[{"href":"https:\/\/immformacion.com\/web\/wp-json\/wp\/v2\/media?parent=5792"}],"curies":[{"name":"wp","href":"https:\/\/api.w.org\/{rel}","templated":true}]}}