{"id":5803,"date":"2013-09-11T09:12:05","date_gmt":"2013-09-11T08:12:05","guid":{"rendered":"http:\/\/immformacion.com\/web\/?page_id=5803"},"modified":"2013-09-11T09:25:05","modified_gmt":"2013-09-11T08:25:05","slug":"prevencion-de-riesgos-laborales-empresas","status":"publish","type":"page","link":"https:\/\/immformacion.com\/web\/prevencion-de-riesgos-laborales-empresas\/","title":{"rendered":"Prevenci\u00f3n de Riesgos Laborales (Empresas)"},"content":{"rendered":"<hr \/>\n<table style=\"width: 100%;\" border=\"0\">\n<tbody>\n<tr style=\"height: 30px; background-color: #861229;\">\n<td style=\"padding-left: 30px;\" colspan=\"6\"><span style=\"color: #ffffff; font-size: small; font-family: verdana, geneva;\"><strong>PREVENCI\u00d3N DE RIESGOS LABORALES<\/strong><\/span><\/td>\n<\/tr>\n<tr style=\"background-color: #616161;\">\n<td colspan=\"2\"><\/td>\n<td style=\"text-align: center;\"><span style=\"color: #ffffff; font-family: verdana, geneva;\">Horas<\/span><\/td>\n<td style=\"text-align: center;\"><span style=\"color: #ffffff; font-family: verdana, geneva;\">Distancia<\/span><\/td>\n<td style=\"text-align: center;\"><span style=\"color: #ffffff; font-family: verdana, geneva;\">E-learning<\/span><\/td>\n<td style=\"text-align: center;\"><span style=\"color: #ffffff; font-family: verdana, geneva;\">Presencial<\/span><\/td>\n<\/tr>\n<tr>\n<td><\/td>\n<td><span style=\"font-family: verdana, geneva;\">Especialista en Prevenci\u00f3n de Riesgos Laborales<\/span><\/td>\n<td style=\"text-align: center;\"><span style=\"font-family: verdana, geneva;\">350<\/span><\/td>\n<td style=\"text-align: center;\"><span style=\"font-family: verdana, geneva;\"><img decoding=\"async\" alt=\"CHECK MARK_red-01\" src=\"http:\/\/immformacion.com\/web\/wp-content\/uploads\/2013\/08\/CHECK-MARK_red-01.png\" width=\"22\" height=\"16\" \/><\/span><\/td>\n<td style=\"text-align: center;\"><span style=\"font-family: verdana, geneva;\"><a href=\"http:\/\/immformacion.com\/web\/wp-content\/uploads\/2013\/08\/CHECK-MARK_red-01.png\"><img decoding=\"async\" alt=\"CHECK MARK_red-01\" src=\"http:\/\/immformacion.com\/web\/wp-content\/uploads\/2013\/08\/CHECK-MARK_red-01.png\" width=\"22\" height=\"16\" \/><\/a><br \/>\n<\/span><\/td>\n<td style=\"text-align: center;\"><span style=\"font-family: verdana, geneva;\"><img decoding=\"async\" alt=\"CHECK MARK_red-01\" src=\"http:\/\/immformacion.com\/web\/wp-content\/uploads\/2013\/08\/CHECK-MARK_red-01.png\" width=\"22\" height=\"16\" \/><\/span><\/td>\n<\/tr>\n<tr style=\"background-color: #e4e4e4;\">\n<td><\/td>\n<td><span style=\"font-family: verdana, geneva;\">Coordinador de Seguridad y Salud en Obras de Construcci\u00f3n<\/span><\/td>\n<td style=\"text-align: center;\"><span style=\"font-family: verdana, geneva;\">200 <\/span><\/td>\n<td style=\"text-align: center;\"><span style=\"font-family: verdana, geneva;\"><a href=\"http:\/\/immformacion.com\/web\/wp-content\/uploads\/2013\/08\/CHECK-MARK_red-01.png\"><img decoding=\"async\" alt=\"CHECK MARK_red-01\" src=\"http:\/\/immformacion.com\/web\/wp-content\/uploads\/2013\/08\/CHECK-MARK_red-01.png\" width=\"22\" height=\"16\" \/><\/a><br \/>\n<\/span><\/td>\n<td style=\"text-align: center;\"><span style=\"font-family: verdana, geneva;\"><img decoding=\"async\" alt=\"CHECK MARK_red-01\" src=\"http:\/\/immformacion.com\/web\/wp-content\/uploads\/2013\/08\/CHECK-MARK_red-01.png\" width=\"22\" height=\"16\" \/><\/span><\/td>\n<td style=\"text-align: center;\"><span style=\"font-family: verdana, geneva;\"><img decoding=\"async\" alt=\"CHECK MARK_red-01\" src=\"http:\/\/immformacion.com\/web\/wp-content\/uploads\/2013\/08\/CHECK-MARK_red-01.png\" width=\"22\" height=\"16\" \/><\/span><\/td>\n<\/tr>\n<tr>\n<td><\/td>\n<td><span style=\"font-family: verdana, geneva;\">Experto en Obras de Construcci\u00f3n<\/span><\/td>\n<td style=\"text-align: center;\"><span style=\"font-family: verdana, geneva;\">200<\/span><\/td>\n<td style=\"text-align: center;\"><img decoding=\"async\" alt=\"CHECK MARK_red-01\" src=\"http:\/\/immformacion.com\/web\/wp-content\/uploads\/2013\/08\/CHECK-MARK_red-01.png\" width=\"22\" height=\"16\" \/><\/td>\n<td style=\"text-align: center;\"><img decoding=\"async\" alt=\"CHECK MARK_red-01\" src=\"http:\/\/immformacion.com\/web\/wp-content\/uploads\/2013\/08\/CHECK-MARK_red-01.png\" width=\"22\" height=\"16\" \/><\/td>\n<td style=\"text-align: center;\"><img decoding=\"async\" alt=\"CHECK MARK_red-01\" src=\"http:\/\/immformacion.com\/web\/wp-content\/uploads\/2013\/08\/CHECK-MARK_red-01.png\" width=\"22\" height=\"16\" \/><\/td>\n<\/tr>\n<tr style=\"background-color: #e4e4e4;\">\n<td><\/td>\n<td><span style=\"font-family: verdana, geneva;\">Consejero de Seguridad<\/span><\/td>\n<td style=\"text-align: center;\"><span style=\"font-family: verdana, geneva;\">80<\/span><\/td>\n<td style=\"text-align: center;\"><img decoding=\"async\" alt=\"CHECK MARK_red-01\" src=\"http:\/\/immformacion.com\/web\/wp-content\/uploads\/2013\/08\/CHECK-MARK_red-01.png\" width=\"22\" height=\"16\" \/><\/td>\n<td style=\"text-align: center;\"><img decoding=\"async\" alt=\"CHECK MARK_red-01\" src=\"http:\/\/immformacion.com\/web\/wp-content\/uploads\/2013\/08\/CHECK-MARK_red-01.png\" width=\"22\" height=\"16\" \/><\/td>\n<td style=\"text-align: center;\"><img decoding=\"async\" alt=\"CHECK MARK_red-01\" src=\"http:\/\/immformacion.com\/web\/wp-content\/uploads\/2013\/08\/CHECK-MARK_red-01.png\" width=\"22\" height=\"16\" \/><\/td>\n<\/tr>\n<tr>\n<td><\/td>\n<td><span style=\"font-family: verdana, geneva;\">Gesti\u00f3n de la Prevenci\u00f3n de Riesgos Laborales en la Empresa<\/span><\/td>\n<td style=\"text-align: center;\"><span style=\"font-family: verdana, geneva;\">80<\/span><\/td>\n<td style=\"text-align: center;\"><img decoding=\"async\" alt=\"CHECK MARK_red-01\" src=\"http:\/\/immformacion.com\/web\/wp-content\/uploads\/2013\/08\/CHECK-MARK_red-01.png\" width=\"22\" height=\"16\" \/><\/td>\n<td style=\"text-align: center;\"><img decoding=\"async\" alt=\"CHECK MARK_red-01\" src=\"http:\/\/immformacion.com\/web\/wp-content\/uploads\/2013\/08\/CHECK-MARK_red-01.png\" width=\"22\" height=\"16\" \/><\/td>\n<td style=\"text-align: center;\"><img decoding=\"async\" alt=\"CHECK MARK_red-01\" src=\"http:\/\/immformacion.com\/web\/wp-content\/uploads\/2013\/08\/CHECK-MARK_red-01.png\" width=\"22\" height=\"16\" \/><\/td>\n<\/tr>\n<tr style=\"background-color: #e4e4e4;\">\n<td><\/td>\n<td><span style=\"font-family: verdana, geneva;\">El Recurso Preventivo en Espacios Confinados<\/span><\/td>\n<td style=\"text-align: center;\"><span style=\"font-family: verdana, geneva;\">80<\/span><\/td>\n<td style=\"text-align: center;\"><img decoding=\"async\" alt=\"CHECK MARK_red-01\" src=\"http:\/\/immformacion.com\/web\/wp-content\/uploads\/2013\/08\/CHECK-MARK_red-01.png\" width=\"22\" height=\"16\" \/><\/td>\n<td style=\"text-align: center;\"><img decoding=\"async\" alt=\"CHECK MARK_red-01\" src=\"http:\/\/immformacion.com\/web\/wp-content\/uploads\/2013\/08\/CHECK-MARK_red-01.png\" width=\"22\" height=\"16\" \/><\/td>\n<td style=\"text-align: center;\"><img decoding=\"async\" alt=\"CHECK MARK_red-01\" src=\"http:\/\/immformacion.com\/web\/wp-content\/uploads\/2013\/08\/CHECK-MARK_red-01.png\" width=\"22\" height=\"16\" \/><\/td>\n<\/tr>\n<tr>\n<td><\/td>\n<td><span style=\"font-family: verdana, geneva;\">El Recurso Preventivo en la Empresa <span style=\"font-size: xx-small;\">(incluye el T\u00edtulo de Nivel B\u00e1sico en PRL regulado por R.D. 39\/97)<\/span><\/span><\/td>\n<td style=\"text-align: center;\"><span style=\"font-family: verdana, geneva;\">60<\/span><\/td>\n<td style=\"text-align: center;\"><img decoding=\"async\" alt=\"CHECK MARK_red-01\" src=\"http:\/\/immformacion.com\/web\/wp-content\/uploads\/2013\/08\/CHECK-MARK_red-01.png\" width=\"22\" height=\"16\" \/><\/td>\n<td style=\"text-align: center;\"><img decoding=\"async\" alt=\"CHECK MARK_red-01\" src=\"http:\/\/immformacion.com\/web\/wp-content\/uploads\/2013\/08\/CHECK-MARK_red-01.png\" width=\"22\" height=\"16\" \/><\/td>\n<td style=\"text-align: center;\"><img decoding=\"async\" alt=\"CHECK MARK_red-01\" src=\"http:\/\/immformacion.com\/web\/wp-content\/uploads\/2013\/08\/CHECK-MARK_red-01.png\" width=\"22\" height=\"16\" \/><\/td>\n<\/tr>\n<tr style=\"background-color: #e4e4e4;\">\n<td><\/td>\n<td><span style=\"font-family: verdana, geneva;\">Estr\u00e9s Laboral<\/span><\/td>\n<td style=\"text-align: center;\"><span style=\"font-family: verdana, geneva;\">80<\/span><\/td>\n<td style=\"text-align: center;\"><img decoding=\"async\" alt=\"CHECK MARK_red-01\" src=\"http:\/\/immformacion.com\/web\/wp-content\/uploads\/2013\/08\/CHECK-MARK_red-01.png\" width=\"22\" height=\"16\" \/><\/td>\n<td style=\"text-align: center;\"><img decoding=\"async\" alt=\"CHECK MARK_red-01\" src=\"http:\/\/immformacion.com\/web\/wp-content\/uploads\/2013\/08\/CHECK-MARK_red-01.png\" width=\"22\" height=\"16\" \/><\/td>\n<td style=\"text-align: center;\"><img decoding=\"async\" alt=\"CHECK MARK_red-01\" src=\"http:\/\/immformacion.com\/web\/wp-content\/uploads\/2013\/08\/CHECK-MARK_red-01.png\" width=\"22\" height=\"16\" \/><\/td>\n<\/tr>\n<tr>\n<td><\/td>\n<td><span style=\"font-family: verdana, geneva;\">Seguridad en el Trabajo: Trabajos El\u00e9ctricos, Seguridad en M\u00e1quinas y Protecci\u00f3n Contra Incendios<\/span><\/td>\n<td style=\"text-align: center;\"><span style=\"font-family: verdana, geneva;\">70<\/span><\/td>\n<td style=\"text-align: center;\"><img decoding=\"async\" alt=\"CHECK MARK_red-01\" src=\"http:\/\/immformacion.com\/web\/wp-content\/uploads\/2013\/08\/CHECK-MARK_red-01.png\" width=\"22\" height=\"16\" \/><\/td>\n<td style=\"text-align: center;\"><img decoding=\"async\" alt=\"CHECK MARK_red-01\" src=\"http:\/\/immformacion.com\/web\/wp-content\/uploads\/2013\/08\/CHECK-MARK_red-01.png\" width=\"22\" height=\"16\" \/><\/td>\n<td style=\"text-align: center;\"><a href=\"http:\/\/immformacion.com\/web\/wp-content\/uploads\/2013\/08\/CHECK-MARK_red-01.png\"><img decoding=\"async\" alt=\"CHECK MARK_red-01\" src=\"http:\/\/immformacion.com\/web\/wp-content\/uploads\/2013\/08\/CHECK-MARK_red-01.png\" width=\"22\" height=\"16\" \/><\/a><\/td>\n<\/tr>\n<tr style=\"background-color: #e4e4e4;\">\n<td><\/td>\n<td><span style=\"font-family: verdana, geneva;\">Higiene Industrial: exposici\u00f3n laboral a agentes qu\u00edmicos, f\u00edsicos y biol\u00f3gicos<\/span><\/td>\n<td style=\"text-align: center;\"><span style=\"font-family: verdana, geneva;\">70<\/span><\/td>\n<td style=\"text-align: center;\"><img decoding=\"async\" alt=\"CHECK MARK_red-01\" src=\"http:\/\/immformacion.com\/web\/wp-content\/uploads\/2013\/08\/CHECK-MARK_red-01.png\" width=\"22\" height=\"16\" \/><\/td>\n<td style=\"text-align: center;\"><img decoding=\"async\" alt=\"CHECK MARK_red-01\" src=\"http:\/\/immformacion.com\/web\/wp-content\/uploads\/2013\/08\/CHECK-MARK_red-01.png\" width=\"22\" height=\"16\" \/><\/td>\n<td style=\"text-align: center;\"><img decoding=\"async\" alt=\"CHECK MARK_red-01\" src=\"http:\/\/immformacion.com\/web\/wp-content\/uploads\/2013\/08\/CHECK-MARK_red-01.png\" width=\"22\" height=\"16\" \/><\/td>\n<\/tr>\n<tr>\n<td><\/td>\n<td><span style=\"font-family: verdana, geneva;\">PRL para el Desempe\u00f1o de las Funciones de Nivel B\u00e1sico &#8211; Multisectorial<\/span><\/td>\n<td style=\"text-align: center;\"><span style=\"font-family: verdana, geneva;\">60<\/span><\/td>\n<td style=\"text-align: center;\"><\/td>\n<td style=\"text-align: center;\"><img decoding=\"async\" alt=\"CHECK MARK_red-01\" src=\"http:\/\/immformacion.com\/web\/wp-content\/uploads\/2013\/08\/CHECK-MARK_red-01.png\" width=\"22\" height=\"16\" \/><\/td>\n<td style=\"text-align: center;\"><img decoding=\"async\" alt=\"CHECK MARK_red-01\" src=\"http:\/\/immformacion.com\/web\/wp-content\/uploads\/2013\/08\/CHECK-MARK_red-01.png\" width=\"22\" height=\"16\" \/><\/td>\n<\/tr>\n<tr style=\"background-color: #e4e4e4;\">\n<td><\/td>\n<td><span style=\"font-family: verdana, geneva;\">PRL para el Desempe\u00f1o de las Funciones de Nivel B\u00e1sico &#8211; Sector Oficinas<\/span><\/td>\n<td style=\"text-align: center;\"><span style=\"font-family: verdana, geneva;\">60<\/span><\/td>\n<td style=\"text-align: center;\"><\/td>\n<td style=\"text-align: center;\"><img decoding=\"async\" alt=\"CHECK MARK_red-01\" src=\"http:\/\/immformacion.com\/web\/wp-content\/uploads\/2013\/08\/CHECK-MARK_red-01.png\" width=\"22\" height=\"16\" \/><\/td>\n<td style=\"text-align: center;\"><img decoding=\"async\" alt=\"CHECK MARK_red-01\" src=\"http:\/\/immformacion.com\/web\/wp-content\/uploads\/2013\/08\/CHECK-MARK_red-01.png\" width=\"22\" height=\"16\" \/><\/td>\n<\/tr>\n<tr>\n<td><\/td>\n<td><span style=\"font-family: verdana, geneva;\">Curso B\u00e1sico de Prevenci\u00f3n de Riesgos Laborales<\/span><\/td>\n<td style=\"text-align: center;\"><span style=\"font-family: verdana, geneva;\">50<\/span><\/td>\n<td style=\"text-align: center;\"><img decoding=\"async\" alt=\"CHECK MARK_red-01\" src=\"http:\/\/immformacion.com\/web\/wp-content\/uploads\/2013\/08\/CHECK-MARK_red-01.png\" width=\"22\" height=\"16\" \/><\/td>\n<td style=\"text-align: center;\"><img decoding=\"async\" alt=\"CHECK MARK_red-01\" src=\"http:\/\/immformacion.com\/web\/wp-content\/uploads\/2013\/08\/CHECK-MARK_red-01.png\" width=\"22\" height=\"16\" \/><\/td>\n<td style=\"text-align: center;\"><img decoding=\"async\" alt=\"CHECK MARK_red-01\" src=\"http:\/\/immformacion.com\/web\/wp-content\/uploads\/2013\/08\/CHECK-MARK_red-01.png\" width=\"22\" height=\"16\" \/><\/td>\n<\/tr>\n<tr style=\"background-color: #e4e4e4;\">\n<td><\/td>\n<td><span style=\"font-family: verdana, geneva;\">Gesti\u00f3n y Planificaci\u00f3n de la Prevenci\u00f3n de Obras de Construcci\u00f3n<\/span><\/td>\n<td style=\"text-align: center;\"><span style=\"font-family: verdana, geneva;\">50<\/span><\/td>\n<td style=\"text-align: center;\"><img decoding=\"async\" alt=\"CHECK MARK_red-01\" src=\"http:\/\/immformacion.com\/web\/wp-content\/uploads\/2013\/08\/CHECK-MARK_red-01.png\" width=\"22\" height=\"16\" \/><\/td>\n<td style=\"text-align: center;\"><img decoding=\"async\" alt=\"CHECK MARK_red-01\" src=\"http:\/\/immformacion.com\/web\/wp-content\/uploads\/2013\/08\/CHECK-MARK_red-01.png\" width=\"22\" height=\"16\" \/><\/td>\n<td style=\"text-align: center;\"><img decoding=\"async\" alt=\"CHECK MARK_red-01\" src=\"http:\/\/immformacion.com\/web\/wp-content\/uploads\/2013\/08\/CHECK-MARK_red-01.png\" width=\"22\" height=\"16\" \/><\/td>\n<\/tr>\n<tr>\n<td><\/td>\n<td><span style=\"font-family: verdana, geneva;\">Riesgos Espec\u00edficos en Edificaci\u00f3n<\/span><\/td>\n<td style=\"text-align: center;\"><span style=\"font-family: verdana, geneva;\">50<\/span><\/td>\n<td style=\"text-align: center;\"><img decoding=\"async\" alt=\"CHECK MARK_red-01\" src=\"http:\/\/immformacion.com\/web\/wp-content\/uploads\/2013\/08\/CHECK-MARK_red-01.png\" width=\"22\" height=\"16\" \/><\/td>\n<td style=\"text-align: center;\"><img decoding=\"async\" alt=\"CHECK MARK_red-01\" src=\"http:\/\/immformacion.com\/web\/wp-content\/uploads\/2013\/08\/CHECK-MARK_red-01.png\" width=\"22\" height=\"16\" \/><\/td>\n<td style=\"text-align: center;\"><img decoding=\"async\" alt=\"CHECK MARK_red-01\" src=\"http:\/\/immformacion.com\/web\/wp-content\/uploads\/2013\/08\/CHECK-MARK_red-01.png\" width=\"22\" height=\"16\" \/><\/td>\n<\/tr>\n<tr style=\"background-color: #e4e4e4;\">\n<td><\/td>\n<td><span style=\"font-family: verdana, geneva;\">Riesgos Espec\u00edficos en Obra Civil<\/span><\/td>\n<td style=\"text-align: center;\"><span style=\"font-family: verdana, geneva;\">50<\/span><\/td>\n<td style=\"text-align: center;\"><img decoding=\"async\" alt=\"CHECK MARK_red-01\" src=\"http:\/\/immformacion.com\/web\/wp-content\/uploads\/2013\/08\/CHECK-MARK_red-01.png\" width=\"22\" height=\"16\" \/><\/td>\n<td style=\"text-align: center;\"><img decoding=\"async\" alt=\"CHECK MARK_red-01\" src=\"http:\/\/immformacion.com\/web\/wp-content\/uploads\/2013\/08\/CHECK-MARK_red-01.png\" width=\"22\" height=\"16\" \/><\/td>\n<td style=\"text-align: center;\"><img decoding=\"async\" alt=\"CHECK MARK_red-01\" src=\"http:\/\/immformacion.com\/web\/wp-content\/uploads\/2013\/08\/CHECK-MARK_red-01.png\" width=\"22\" height=\"16\" \/><\/td>\n<\/tr>\n<tr>\n<td><\/td>\n<td><span style=\"font-family: verdana, geneva;\">T\u00e9cnicas Generales de Prevenci\u00f3n de Riesgos en Obras de Construcci\u00f3n<\/span><\/td>\n<td style=\"text-align: center;\"><span style=\"font-family: verdana, geneva;\">50<\/span><\/td>\n<td style=\"text-align: center;\"><img decoding=\"async\" alt=\"CHECK MARK_red-01\" src=\"http:\/\/immformacion.com\/web\/wp-content\/uploads\/2013\/08\/CHECK-MARK_red-01.png\" width=\"22\" height=\"16\" \/><\/td>\n<td style=\"text-align: center;\"><img decoding=\"async\" alt=\"CHECK MARK_red-01\" src=\"http:\/\/immformacion.com\/web\/wp-content\/uploads\/2013\/08\/CHECK-MARK_red-01.png\" width=\"22\" height=\"16\" \/><\/td>\n<td style=\"text-align: center;\"><img decoding=\"async\" alt=\"CHECK MARK_red-01\" src=\"http:\/\/immformacion.com\/web\/wp-content\/uploads\/2013\/08\/CHECK-MARK_red-01.png\" width=\"22\" height=\"16\" \/><\/td>\n<\/tr>\n<tr style=\"background-color: #e4e4e4;\">\n<td><\/td>\n<td><span style=\"font-family: verdana, geneva;\">Marco Normativo de la PRL: Organizaci\u00f3n y Gesti\u00f3n Preventiva<\/span><\/td>\n<td style=\"text-align: center;\"><span style=\"font-family: verdana, geneva;\">50<\/span><\/td>\n<td style=\"text-align: center;\"><img decoding=\"async\" alt=\"CHECK MARK_red-01\" src=\"http:\/\/immformacion.com\/web\/wp-content\/uploads\/2013\/08\/CHECK-MARK_red-01.png\" width=\"22\" height=\"16\" \/><\/td>\n<td style=\"text-align: center;\"><img decoding=\"async\" alt=\"CHECK MARK_red-01\" src=\"http:\/\/immformacion.com\/web\/wp-content\/uploads\/2013\/08\/CHECK-MARK_red-01.png\" width=\"22\" height=\"16\" \/><\/td>\n<td style=\"text-align: center;\"><img decoding=\"async\" alt=\"CHECK MARK_red-01\" src=\"http:\/\/immformacion.com\/web\/wp-content\/uploads\/2013\/08\/CHECK-MARK_red-01.png\" width=\"22\" height=\"16\" \/><\/td>\n<\/tr>\n<tr>\n<td><\/td>\n<td><span style=\"font-family: verdana, geneva;\">Prevenci\u00f3n de Incendios y Primeros Auxilios<\/span><\/td>\n<td style=\"text-align: center;\"><span style=\"font-family: verdana, geneva;\">50<\/span><\/td>\n<td style=\"text-align: center;\"><a href=\"http:\/\/immformacion.com\/web\/wp-content\/uploads\/2013\/08\/CHECK-MARK_red-01.png\"><img decoding=\"async\" alt=\"CHECK MARK_red-01\" src=\"http:\/\/immformacion.com\/web\/wp-content\/uploads\/2013\/08\/CHECK-MARK_red-01.png\" width=\"22\" height=\"16\" \/><\/a><\/td>\n<td style=\"text-align: center;\"><img decoding=\"async\" alt=\"CHECK MARK_red-01\" src=\"http:\/\/immformacion.com\/web\/wp-content\/uploads\/2013\/08\/CHECK-MARK_red-01.png\" width=\"22\" height=\"16\" \/><\/td>\n<td style=\"text-align: center;\"><img decoding=\"async\" alt=\"CHECK MARK_red-01\" src=\"http:\/\/immformacion.com\/web\/wp-content\/uploads\/2013\/08\/CHECK-MARK_red-01.png\" width=\"22\" height=\"16\" \/><\/td>\n<\/tr>\n<tr style=\"background-color: #e4e4e4;\">\n<td><\/td>\n<td><span style=\"font-family: verdana, geneva;\">Ergonom\u00eda y Psicosociolog\u00eda Aplicada a la PRL<\/span><\/td>\n<td style=\"text-align: center;\"><span style=\"font-family: verdana, geneva;\">40<\/span><\/td>\n<td style=\"text-align: center;\"><img decoding=\"async\" alt=\"CHECK MARK_red-01\" src=\"http:\/\/immformacion.com\/web\/wp-content\/uploads\/2013\/08\/CHECK-MARK_red-01.png\" width=\"22\" height=\"16\" \/><\/td>\n<td style=\"text-align: center;\"><img decoding=\"async\" alt=\"CHECK MARK_red-01\" src=\"http:\/\/immformacion.com\/web\/wp-content\/uploads\/2013\/08\/CHECK-MARK_red-01.png\" width=\"22\" height=\"16\" \/><\/td>\n<td style=\"text-align: center;\"><img decoding=\"async\" alt=\"CHECK MARK_red-01\" src=\"http:\/\/immformacion.com\/web\/wp-content\/uploads\/2013\/08\/CHECK-MARK_red-01.png\" width=\"22\" height=\"16\" \/><\/td>\n<\/tr>\n<tr>\n<td><\/td>\n<td><span style=\"font-family: verdana, geneva;\">Evaluaci\u00f3n de Riesgos, Inspecciones de Seguridad e Investigaci\u00f3n de Accidentes<\/span><\/td>\n<td style=\"text-align: center;\"><span style=\"font-family: verdana, geneva;\">40<\/span><\/td>\n<td style=\"text-align: center;\"><img decoding=\"async\" alt=\"CHECK MARK_red-01\" src=\"http:\/\/immformacion.com\/web\/wp-content\/uploads\/2013\/08\/CHECK-MARK_red-01.png\" width=\"22\" height=\"16\" \/><\/td>\n<td style=\"text-align: center;\"><img decoding=\"async\" alt=\"CHECK MARK_red-01\" src=\"http:\/\/immformacion.com\/web\/wp-content\/uploads\/2013\/08\/CHECK-MARK_red-01.png\" width=\"22\" height=\"16\" \/><\/td>\n<td style=\"text-align: center;\"><img decoding=\"async\" alt=\"CHECK MARK_red-01\" src=\"http:\/\/immformacion.com\/web\/wp-content\/uploads\/2013\/08\/CHECK-MARK_red-01.png\" width=\"22\" height=\"16\" \/><\/td>\n<\/tr>\n<tr style=\"background-color: #e4e4e4;\">\n<td><\/td>\n<td><span style=\"font-family: verdana, geneva;\">Ergonom\u00eda en Oficinas<\/span><\/td>\n<td style=\"text-align: center;\"><span style=\"font-family: verdana, geneva;\">6<\/span><\/td>\n<td style=\"text-align: center;\"><\/td>\n<td style=\"text-align: center;\"><img decoding=\"async\" alt=\"CHECK MARK_red-01\" src=\"http:\/\/immformacion.com\/web\/wp-content\/uploads\/2013\/08\/CHECK-MARK_red-01.png\" width=\"22\" height=\"16\" \/><\/td>\n<td style=\"text-align: center;\"><img decoding=\"async\" alt=\"CHECK MARK_red-01\" src=\"http:\/\/immformacion.com\/web\/wp-content\/uploads\/2013\/08\/CHECK-MARK_red-01.png\" width=\"22\" height=\"16\" \/><\/td>\n<\/tr>\n<tr>\n<td><\/td>\n<td><span style=\"font-family: verdana, geneva;\">C\u00f3mo Elaborar Planes de Seguridad y Salud<\/span><\/td>\n<td style=\"text-align: center;\"><\/td>\n<td style=\"text-align: center;\"><\/td>\n<td style=\"text-align: center;\"><\/td>\n<td style=\"text-align: center;\"><img decoding=\"async\" alt=\"CHECK MARK_red-01\" src=\"http:\/\/immformacion.com\/web\/wp-content\/uploads\/2013\/08\/CHECK-MARK_red-01.png\" width=\"22\" height=\"16\" \/><\/td>\n<\/tr>\n<tr style=\"background-color: #e4e4e4;\">\n<td><\/td>\n<td><span style=\"font-family: verdana, geneva;\">Trabajos en Altura y Espacios Confinados<\/span><\/td>\n<td style=\"text-align: center;\"><\/td>\n<td style=\"text-align: center;\"><\/td>\n<td style=\"text-align: center;\"><\/td>\n<td style=\"text-align: center;\"><span style=\"font-family: verdana, geneva;\"><img decoding=\"async\" alt=\"CHECK MARK_red-01\" src=\"http:\/\/immformacion.com\/web\/wp-content\/uploads\/2013\/08\/CHECK-MARK_red-01.png\" width=\"22\" height=\"16\" \/><\/span><\/td>\n<\/tr>\n<tr>\n<td><\/td>\n<td><\/td>\n<td style=\"text-align: center;\"><\/td>\n<td style=\"text-align: center;\"><\/td>\n<td style=\"text-align: center;\"><\/td>\n<td style=\"text-align: center;\"><\/td>\n<\/tr>\n<\/tbody>\n<\/table>\n","protected":false},"excerpt":{"rendered":"<p>PREVENCI\u00d3N DE RIESGOS LABORALES Horas Distancia E-learning Presencial Especialista en Prevenci\u00f3n de Riesgos Laborales 350 Coordinador de Seguridad y Salud<\/p>\n","protected":false},"author":1,"featured_media":0,"parent":0,"menu_order":0,"comment_status":"closed","ping_status":"closed","template":"","meta":{"_uag_custom_page_level_css":"","_monsterinsights_skip_tracking":false,"_monsterinsights_sitenote_active":false,"_monsterinsights_sitenote_note":"","_monsterinsights_sitenote_category":0,"footnotes":""},"class_list":["post-5803","page","type-page","status-publish","hentry"],"aioseo_notices":[],"uagb_featured_image_src":{"full":false,"thumbnail":false,"medium":false,"medium_large":false,"large":false,"1536x1536":false,"2048x2048":false,"ample-featured-blog-large":false,"ample-featured-blog-small":false,"ample-portfolio-image":false,"sendpress-max":false,"woocommerce_thumbnail":false,"woocommerce_single":false,"woocommerce_gallery_thumbnail":false},"uagb_author_info":{"display_name":"IMM","author_link":"https:\/\/immformacion.com\/web\/author\/imm_admin\/"},"uagb_comment_info":0,"uagb_excerpt":"PREVENCI\u00d3N DE RIESGOS LABORALES Horas Distancia E-learning Presencial Especialista en Prevenci\u00f3n de Riesgos Laborales 350 Coordinador de Seguridad y Salud","_links":{"self":[{"href":"https:\/\/immformacion.com\/web\/wp-json\/wp\/v2\/pages\/5803","targetHints":{"allow":["GET"]}}],"collection":[{"href":"https:\/\/immformacion.com\/web\/wp-json\/wp\/v2\/pages"}],"about":[{"href":"https:\/\/immformacion.com\/web\/wp-json\/wp\/v2\/types\/page"}],"author":[{"embeddable":true,"href":"https:\/\/immformacion.com\/web\/wp-json\/wp\/v2\/users\/1"}],"replies":[{"embeddable":true,"href":"https:\/\/immformacion.com\/web\/wp-json\/wp\/v2\/comments?post=5803"}],"version-history":[{"count":1,"href":"https:\/\/immformacion.com\/web\/wp-json\/wp\/v2\/pages\/5803\/revisions"}],"predecessor-version":[{"id":5804,"href":"https:\/\/immformacion.com\/web\/wp-json\/wp\/v2\/pages\/5803\/revisions\/5804"}],"wp:attachment":[{"href":"https:\/\/immformacion.com\/web\/wp-json\/wp\/v2\/media?parent=5803"}],"curies":[{"name":"wp","href":"https:\/\/api.w.org\/{rel}","templated":true}]}}