{"id":63,"date":"2012-10-28T19:45:40","date_gmt":"2012-10-28T18:45:40","guid":{"rendered":"http:\/\/immformacion.com\/web\/?page_id=63"},"modified":"2019-12-31T09:35:09","modified_gmt":"2019-12-31T08:35:09","slug":"imm-formacion-2","status":"publish","type":"page","link":"https:\/\/immformacion.com\/web\/nosotros-2\/imm-formacion-2\/","title":{"rendered":"IMM Formaci\u00f3n"},"content":{"rendered":"<h2 style=\"text-align: right;\"><a href=\"http:\/\/immformacion.com\/web\/wp-content\/uploads\/2012\/10\/Catalogo_IMM_EMPRESAS_2.pdf\"><img fetchpriority=\"high\" decoding=\"async\" class=\"wp-image-8116 alignright\" src=\"http:\/\/immformacion.com\/web\/wp-content\/uploads\/2012\/10\/paraguas-2.jpg\" alt=\"paraguas 2\" width=\"390\" height=\"355\" \/><\/a><\/h2>\n<p style=\"text-align: justify;\"><b><br \/>\nIMMFORMACION<\/b> nace en 1996 fruto de la necesidad de dar cobertura a todos aquellos profesionales de la docencia y de la empresa, tanto directivos, trabajadores, emprendedores, empresarios y j\u00f3venes que apuestan por una formaci\u00f3n de calidad adaptada al \u00a0 \u00a0mercado actual, dado que hoy en d\u00eda, el mundo profesional en constante evoluci\u00f3n necesita cada vez m\u00e1s de profesionales preparados para \u00a0dar soporte a la nueva era del conocimiento cada d\u00eda m\u00e1s innovadora, t\u00e9cnica y desarrollada.<\/p>\n<p style=\"text-align: justify;\">Contamos con instalaciones propias, destinadas al desarrollo de nuestra actividad, homologadas por el S.C.E., con sede en Santander completamente equipadas y adaptadas al tama\u00f1o de los grupos y a las necesidades pedag\u00f3gicas de la formaci\u00f3n, con espacios adecuados para los ejercicios en grupo, para las sesiones de puesta en com\u00fan, las presentaciones y la realizaci\u00f3n de role plays,&#8230; que garantizan la satisfacci\u00f3n de los alumnos.<\/p>\n<p style=\"text-align: justify;\">En<b> IMMFORMACION<\/b> hemos querido que nuestro Centro se asiente sobre unos pilares s\u00f3lidos basados en la apuesta por los modelos empresariales del futuro. Para comprometernos con esa misi\u00f3n, toda nuestra metodolog\u00eda, programas, equipos humanos y profesorado est\u00e1n orientados a una formaci\u00f3n altamente competitiva y aplicando las \u00faltimas tendencias del mercado en \u00e1reas clave como la docencia, finanzas, marketing, recursos humanos, estrategia y organizaci\u00f3n empresarial.<\/p>\n<p style=\"text-align: justify;\">Es nuestra raz\u00f3n de ser, \u00a0buscando ser un punto de encuentro m\u00e1s entre empresas que apuesten por profesionales formados hacia sectores cualificados, competitivos, con la introducci\u00f3n de mejoras constantes en sus procesos productivos, su metodolog\u00eda y sus organizaciones.<\/p>\n<p style=\"text-align: justify;\">Apostamos por la utilizaci\u00f3n de herramientas metodol\u00f3gicas y de aprendizaje innovadoras, donde nuestros alumnos se apoyen en soportes did\u00e1cticos del e-learning, sin dejar de lado las f\u00f3rmulas tradicionales de estudio, pero a su vez apostando por las nuevas metodolog\u00edas de conocimiento.<\/p>\n<p style=\"text-align: justify;\">El dise\u00f1o de nuestros programas son fruto de la observaci\u00f3n y detecci\u00f3n de las necesidades empresariales de las organizaciones que pretenden dar satisfacci\u00f3n en servicio y producto a la sociedad actual. \u00a0Estamos plenamente convencidos que uno de nuestros mayores \u00e9xitos como formadores, es la apuesta por unos programas que buscan la cohabitaci\u00f3n en la formaci\u00f3n sobre la base de los patrones fundamentales de la empresa, \u00a0y paralelamente la capacitaci\u00f3n en m\u00e9todos y sistemas enfocados a las nuevas tecnolog\u00edas de la empresa del S XXI.<\/p>\n<p style=\"text-align: justify;\">El profesorado de IMMFORMACI\u00d3N \u00a0es fruto de una cuidada selecci\u00f3n de profesionales con vocaci\u00f3n hacia la empresa actual y del futuro. La direcci\u00f3n acad\u00e9mica ha apostado por la combinaci\u00f3n de profesionales en activo con a\u00f1os de experiencia en el mundo laboral y acad\u00e9mico, as\u00ed como profesionales experimentados en la participaci\u00f3n de proyectos con base tecnol\u00f3gica y con una s\u00f3lida formaci\u00f3n en los programas que impartimos.<\/p>\n<p style=\"text-align: justify;\">Nuestra vocaci\u00f3n por formar profesionales del futuro ha sido plenamente aceptada por nuestras empresas e instituciones colaboradoras que valoran la capacitaci\u00f3n y aprendizaje de los alumnos en los cursos que impartimos, siendo conscientes del alto valor a\u00f1adido que aportan todos nuestros alumnos a sus organizaciones en sus m\u00e9todos y herramientas de trabajo, dando un impulso a sus estructuras de empresa.<\/p>\n<p style=\"text-align: justify;\">La Responsabilidad Social Corporativa forma parte de la pol\u00edtica estrat\u00e9gica de IMMFORMACI\u00d3N. Estamos comprometidos con la profesionalidad, la calidad, el respeto a la labor educativa, bienestar de sus alumnos y profesores y mejora del entorno acad\u00e9mico y profesional, por ello, a trav\u00e9s de <b>Immformaci\u00f3n<\/b>, facilitamos un plan de ayudas para fomentar el acceso a nuestros cursos a personas con recursos limitados.<\/p>\n<h2 style=\"text-align: right;\"><\/h2>\n","protected":false},"excerpt":{"rendered":"<p>IMMFORMACION nace en 1996 fruto de la necesidad de dar cobertura a todos aquellos profesionales de la docencia y de<\/p>\n","protected":false},"author":1,"featured_media":0,"parent":56,"menu_order":0,"comment_status":"closed","ping_status":"closed","template":"","meta":{"_uag_custom_page_level_css":"","_monsterinsights_skip_tracking":false,"_monsterinsights_sitenote_active":false,"_monsterinsights_sitenote_note":"","_monsterinsights_sitenote_category":0,"footnotes":""},"class_list":["post-63","page","type-page","status-publish","hentry"],"aioseo_notices":[],"uagb_featured_image_src":{"full":false,"thumbnail":false,"medium":false,"medium_large":false,"large":false,"1536x1536":false,"2048x2048":false,"ample-featured-blog-large":false,"ample-featured-blog-small":false,"ample-portfolio-image":false,"sendpress-max":false,"woocommerce_thumbnail":false,"woocommerce_single":false,"woocommerce_gallery_thumbnail":false},"uagb_author_info":{"display_name":"IMM","author_link":"https:\/\/immformacion.com\/web\/author\/imm_admin\/"},"uagb_comment_info":0,"uagb_excerpt":"IMMFORMACION nace en 1996 fruto de la necesidad de dar cobertura a todos aquellos profesionales de la docencia y de","_links":{"self":[{"href":"https:\/\/immformacion.com\/web\/wp-json\/wp\/v2\/pages\/63","targetHints":{"allow":["GET"]}}],"collection":[{"href":"https:\/\/immformacion.com\/web\/wp-json\/wp\/v2\/pages"}],"about":[{"href":"https:\/\/immformacion.com\/web\/wp-json\/wp\/v2\/types\/page"}],"author":[{"embeddable":true,"href":"https:\/\/immformacion.com\/web\/wp-json\/wp\/v2\/users\/1"}],"replies":[{"embeddable":true,"href":"https:\/\/immformacion.com\/web\/wp-json\/wp\/v2\/comments?post=63"}],"version-history":[{"count":36,"href":"https:\/\/immformacion.com\/web\/wp-json\/wp\/v2\/pages\/63\/revisions"}],"predecessor-version":[{"id":12590,"href":"https:\/\/immformacion.com\/web\/wp-json\/wp\/v2\/pages\/63\/revisions\/12590"}],"up":[{"embeddable":true,"href":"https:\/\/immformacion.com\/web\/wp-json\/wp\/v2\/pages\/56"}],"wp:attachment":[{"href":"https:\/\/immformacion.com\/web\/wp-json\/wp\/v2\/media?parent=63"}],"curies":[{"name":"wp","href":"https:\/\/api.w.org\/{rel}","templated":true}]}}