{"id":65,"date":"2012-10-28T19:46:21","date_gmt":"2012-10-28T18:46:21","guid":{"rendered":"http:\/\/immformacion.com\/web\/?page_id=65"},"modified":"2019-12-22T13:00:41","modified_gmt":"2019-12-22T12:00:41","slug":"acreditaciones","status":"publish","type":"page","link":"https:\/\/immformacion.com\/web\/nosotros-2\/acreditaciones\/","title":{"rendered":"Acreditaciones Institucionales"},"content":{"rendered":"<h6>Centro <strong>acreditado<\/strong> por el Servicio P\u00fablico de Empleo Estatal (SEPE), con <span style=\"color: #7ca3dc;\"><strong>c\u00f3digo 8000000387<\/strong> <\/span>para impartir Certificados de Profesionalidad en modalidad de teleformaci\u00f3n y con <strong><span style=\"color: #7ca3dc;\">c\u00f3digo 8000000435<\/span><\/strong> para impartir Competencias Clave en modalidad teleformaci\u00f3n.<\/h6>\n<h6>Entidad de Formaci\u00f3n colaboradora del Servicio C\u00e1ntabro de Empleo (EMCAN), inscrita con <span style=\"color: #7ca3dc;\"><strong>n\u00ba de Censo 26724 y 26746<\/strong><\/span>,\u00a0<strong>acreditada<\/strong>\u00a0para impartir Certificados de Profesionalidad, Especialidades Formativas y Competencias Clave, en modalidad presencial.<\/h6>\n<table style=\"height: 44px; width: 123.283%;\">\n<tbody>\n<tr>\n<td style=\"width: 8.37742%;\"><img decoding=\"async\" class=\"alignleft wp-image-12377\" src=\"https:\/\/immformacion.com\/web\/wp-content\/uploads\/2019\/12\/logo-gc.png\" alt=\"\" width=\"141\" height=\"100\" \/><\/td>\n<td style=\"width: 14.5697%;\"><img fetchpriority=\"high\" decoding=\"async\" class=\"alignleft\" style=\"display: block; margin-top: 0px; margin-bottom: 10px; text-align: center; cursor: pointer; width: 220px; height: auto;\" src=\"http:\/\/immformacion.com\/web\/wp-content\/uploads\/2014\/11\/emcan.jpg\" alt=\"\" width=\"1454\" height=\"342\" border=\"0\" \/><\/td>\n<td style=\"width: 14.7911%;\"><img decoding=\"async\" class=\"alignleft wp-image-12469\" src=\"https:\/\/immformacion.com\/web\/wp-content\/uploads\/2019\/12\/logo-sepe.png\" alt=\"\" width=\"261\" height=\"50\" srcset=\"https:\/\/immformacion.com\/web\/wp-content\/uploads\/2019\/12\/logo-sepe.png 512w, https:\/\/immformacion.com\/web\/wp-content\/uploads\/2019\/12\/logo-sepe-300x57.png 300w\" sizes=\"(max-width: 261px) 100vw, 261px\" \/><\/td>\n<td style=\"width: 7.37672%;\"><a href=\"http:\/\/ec.europa.eu\/esf\/home.jsp?langId=es\" target=\"_blank\" rel=\"noopener noreferrer\"><img loading=\"lazy\" decoding=\"async\" class=\"alignleft\" style=\"display: block; margin-top: 0px; margin-bottom: 10px; text-align: center; cursor: pointer; width: 87px; height: 81px;\" src=\"http:\/\/immformacion.com\/web\/wp-content\/uploads\/2016\/03\/FSE-2016.png\" alt=\"\" width=\"298\" height=\"288\" border=\"0\" \/><\/a><\/td>\n<\/tr>\n<\/tbody>\n<\/table>\n<h6>Otras acreditaciones:<\/h6>\n<table style=\"width: 1045px; height: 305px;\">\n<tbody>\n<tr>\n<td style=\"width: 254px;\"><span style=\"font-size: small; color: #333333;\"><a href=\"http:\/\/www.fundaciontripartita.org\/Pages\/default.aspx\" target=\"_blank\" rel=\"noopener noreferrer\"><img loading=\"lazy\" decoding=\"async\" class=\"wp-image-9870 aligncenter\" title=\"Fundaci\u00f3n Estatal en el empleo\" src=\"http:\/\/immformacion.com\/web\/wp-content\/uploads\/2012\/10\/logoEstatal-300x60.png\" alt=\"Fundaci\u00f3n Estatal en el empleo\" width=\"255\" height=\"51\" srcset=\"https:\/\/immformacion.com\/web\/wp-content\/uploads\/2012\/10\/logoEstatal-300x60.png 300w, https:\/\/immformacion.com\/web\/wp-content\/uploads\/2012\/10\/logoEstatal.png 339w\" sizes=\"(max-width: 255px) 100vw, 255px\" \/><\/a><\/span><\/td>\n<td style=\"width: 253px;\"><a href=\"https:\/\/immformacion.com\/web\/cursos-para-docentes\/educantabria\/\" rel=\"attachment wp-att-12450\"><img loading=\"lazy\" decoding=\"async\" class=\"aligncenter  wp-image-12450\" src=\"https:\/\/immformacion.com\/web\/wp-content\/uploads\/2019\/12\/educantabria.png\" alt=\"\" width=\"137\" height=\"128\" \/><\/a><\/td>\n<td style=\"width: 254.467px;\"><span style=\"font-size: small; color: #333333;\"><a href=\"http:\/\/www.cantabria.es\/web\/consejeria-de-innovacion-industria-turismo-y-comercio\" target=\"_blank\" rel=\"noopener noreferrer\"><img decoding=\"async\" class=\"alignnone\" style=\"display: block; margin: 0px auto 10px; text-align: center; cursor: pointer; width: 132px; height: 87px;\" src=\"http:\/\/immformacion.com\/web\/wp-content\/uploads\/2015\/10\/6ec1e90ad5c65ff34c30a5a5e47c046c.jpg\" alt=\"\" border=\"0\" \/><\/a><\/span><\/td>\n<td style=\"width: 251.533px;\"><span style=\"font-size: small; color: #333333;\"><a href=\"http:\/\/www.serviciossocialescantabria.org\/\" target=\"_blank\" rel=\"noopener noreferrer\"><img decoding=\"async\" class=\"aligncenter\" style=\"display: block; margin: 0px auto 10px; text-align: center; cursor: pointer; width: 163px; height: 78px;\" src=\"http:\/\/immformacion.com\/web\/wp-content\/uploads\/2012\/10\/icass.png\" alt=\"\" border=\"0\" \/><\/a><\/span><\/td>\n<\/tr>\n<tr>\n<td style=\"width: 254px;\"><span style=\"font-size: small; color: #333333;\">Centro Autorizado por la Fundaci\u00f3n Estatal\u00a0para la Formaci\u00f3n en el Empleo como Entidad Organizadora de formaci\u00f3n programada por\u00a0las empresas para sus trabajadores<\/span><\/td>\n<td style=\"width: 253px;\"><span style=\"font-size: small; color: #333333;\">Centro con Convenio de Colaboraci\u00f3n con la Consejer\u00eda de Educaci\u00f3n, F.P. y Turismo de Cantabria, reconocido para impartir los cursos del Plan de Formaci\u00f3n Permanente del Profesorado, seg\u00fan Convenio firmado en Agosto 2009<\/span><\/td>\n<td style=\"width: 254.467px;\"><span style=\"font-size: small; color: #333333;\">Centro Acreditado por la Direcci\u00f3n General de Innovaci\u00f3n e Industria de la Consejer\u00eda de Innovaci\u00f3n, Industria, Turismo y Comercio de Cantabria para la impartici\u00f3n de cursos de formaci\u00f3n de manipulaci\u00f3n de gases fluorados.<\/span><\/p>\n<p><span style=\"font-size: small; color: #333333;\">Centro Autorizado por la Direcci\u00f3n General de Transportes y Comunicaciones como Centro de Formaci\u00f3n Continua CAP<\/span><\/td>\n<td style=\"width: 251.533px;\"><span style=\"font-size: small; color: #333333;\">Centros con certificaci\u00f3n de accesibilidad emitida por el Centro de Accesibilidad y Ayudas T\u00e9cnicas del Gobierno de Cantabria<\/span><\/td>\n<\/tr>\n<\/tbody>\n<\/table>\n","protected":false},"excerpt":{"rendered":"<p>Centro acreditado por el Servicio P\u00fablico de Empleo Estatal (SEPE), con c\u00f3digo 8000000387 para impartir Certificados de Profesionalidad en modalidad<\/p>\n","protected":false},"author":1,"featured_media":0,"parent":56,"menu_order":0,"comment_status":"closed","ping_status":"closed","template":"","meta":{"_uag_custom_page_level_css":"","_monsterinsights_skip_tracking":false,"_monsterinsights_sitenote_active":false,"_monsterinsights_sitenote_note":"","_monsterinsights_sitenote_category":0,"footnotes":""},"class_list":["post-65","page","type-page","status-publish","hentry"],"aioseo_notices":[],"uagb_featured_image_src":{"full":false,"thumbnail":false,"medium":false,"medium_large":false,"large":false,"1536x1536":false,"2048x2048":false,"ample-featured-blog-large":false,"ample-featured-blog-small":false,"ample-portfolio-image":false,"sendpress-max":false,"woocommerce_thumbnail":false,"woocommerce_single":false,"woocommerce_gallery_thumbnail":false},"uagb_author_info":{"display_name":"IMM","author_link":"https:\/\/immformacion.com\/web\/author\/imm_admin\/"},"uagb_comment_info":0,"uagb_excerpt":"Centro acreditado por el Servicio P\u00fablico de Empleo Estatal (SEPE), con c\u00f3digo 8000000387 para impartir Certificados de Profesionalidad en modalidad","_links":{"self":[{"href":"https:\/\/immformacion.com\/web\/wp-json\/wp\/v2\/pages\/65","targetHints":{"allow":["GET"]}}],"collection":[{"href":"https:\/\/immformacion.com\/web\/wp-json\/wp\/v2\/pages"}],"about":[{"href":"https:\/\/immformacion.com\/web\/wp-json\/wp\/v2\/types\/page"}],"author":[{"embeddable":true,"href":"https:\/\/immformacion.com\/web\/wp-json\/wp\/v2\/users\/1"}],"replies":[{"embeddable":true,"href":"https:\/\/immformacion.com\/web\/wp-json\/wp\/v2\/comments?post=65"}],"version-history":[{"count":78,"href":"https:\/\/immformacion.com\/web\/wp-json\/wp\/v2\/pages\/65\/revisions"}],"predecessor-version":[{"id":12477,"href":"https:\/\/immformacion.com\/web\/wp-json\/wp\/v2\/pages\/65\/revisions\/12477"}],"up":[{"embeddable":true,"href":"https:\/\/immformacion.com\/web\/wp-json\/wp\/v2\/pages\/56"}],"wp:attachment":[{"href":"https:\/\/immformacion.com\/web\/wp-json\/wp\/v2\/media?parent=65"}],"curies":[{"name":"wp","href":"https:\/\/api.w.org\/{rel}","templated":true}]}}