{"id":7134,"date":"2015-01-20T13:09:50","date_gmt":"2015-01-20T12:09:50","guid":{"rendered":"http:\/\/immformacion.com\/web\/?page_id=7134"},"modified":"2015-11-16T16:11:08","modified_gmt":"2015-11-16T15:11:08","slug":"cursos-en-reinosa","status":"publish","type":"page","link":"https:\/\/immformacion.com\/web\/cursos-en-reinosa\/","title":{"rendered":"Cursos en Reinosa"},"content":{"rendered":"<p><span style=\"font-family: verdana, geneva;\"><a href=\"http:\/\/immformacion.com\/web\/?page_id=2279\"><img decoding=\"async\" class=\"wp-image-3779 alignright\" src=\"http:\/\/immformacion.com\/web\/wp-content\/uploads\/2013\/06\/Volver-azul.png\" alt=\"Volver azul\" width=\"137\" height=\"53\" \/><\/a><img fetchpriority=\"high\" decoding=\"async\" class=\"aligncenter wp-image-7182 size-full\" src=\"http:\/\/immformacion.com\/web\/wp-content\/uploads\/2015\/01\/Mailing-Reinosa-CON-PRECIOS-02.png\" alt=\"\" width=\"810\" height=\"552\" srcset=\"https:\/\/immformacion.com\/web\/wp-content\/uploads\/2015\/01\/Mailing-Reinosa-CON-PRECIOS-02.png 810w, https:\/\/immformacion.com\/web\/wp-content\/uploads\/2015\/01\/Mailing-Reinosa-CON-PRECIOS-02-300x204.png 300w, https:\/\/immformacion.com\/web\/wp-content\/uploads\/2015\/01\/Mailing-Reinosa-CON-PRECIOS-02-600x408.png 600w\" sizes=\"(max-width: 810px) 100vw, 810px\" \/><\/span><\/p>\n<table style=\"width: 1069px; height: 912px;\" border=\"0\">\n<tbody>\n<tr style=\"height: 30px; background-color: #0664a5;\">\n<td style=\"background-color: #999900; height: 30px; padding-left: 30px;\" colspan=\"6\"><span style=\"color: #ffffff; font-size: small; font-family: verdana, geneva;\"><strong>PREVENCI\u00d3N DE RIESGOS LABORALES<\/strong><\/span><\/td>\n<\/tr>\n<tr style=\"background-color: #616161;\">\n<td style=\"width: 20px;\" colspan=\"2\"><span style=\"font-family: verdana, geneva;\">\u00a0<\/span><\/td>\n<td style=\"text-align: center; width: 50px;\"><span style=\"color: #ffffff; font-family: verdana, geneva;\">Horas<\/span><\/td>\n<td style=\"text-align: center; width: 70px;\"><span style=\"color: #ffffff; font-family: verdana, geneva;\">Distancia<\/span><\/td>\n<td style=\"text-align: center; width: 80px;\"><span style=\"color: #ffffff; font-family: verdana, geneva;\">E-learning<\/span><\/td>\n<td style=\"text-align: center; width: 70px;\"><span style=\"color: #ffffff; font-family: verdana, geneva;\">Presencial<\/span><\/td>\n<\/tr>\n<tr>\n<td style=\"width: 20px;\"><span style=\"font-family: verdana, geneva;\">\u00a0<\/span><\/td>\n<td><span style=\"font-family: verdana, geneva;\">Autogesti\u00f3n de la Prevenci\u00f3n de Riesgos Laborales en la empresa<\/span><\/td>\n<td style=\"text-align: center;\">75<\/td>\n<td style=\"text-align: center;\"><\/td>\n<td style=\"text-align: center;\"><img decoding=\"async\" src=\"http:\/\/immformacion.com\/web\/wp-content\/uploads\/2013\/08\/CHECK-MARK_red-01.png\" alt=\"CHECK MARK_red-01\" width=\"22\" height=\"16\" \/><\/td>\n<td style=\"text-align: center;\"><\/td>\n<\/tr>\n<tr style=\"background-color: #e4e4e4;\">\n<td style=\"width: 20px;\"><span style=\"font-family: verdana, geneva;\">\u00a0<\/span><\/td>\n<td><span style=\"font-family: verdana, geneva;\">Coordinador de seguridad y salud en obras de construcci\u00f3n<\/span><\/td>\n<td style=\"text-align: center;\">200<\/td>\n<td style=\"text-align: center;\"><\/td>\n<td style=\"text-align: center;\"><img decoding=\"async\" src=\"http:\/\/immformacion.com\/web\/wp-content\/uploads\/2013\/08\/CHECK-MARK_red-01.png\" alt=\"CHECK MARK_red-01\" width=\"22\" height=\"16\" \/><\/td>\n<td style=\"text-align: center;\"><\/td>\n<\/tr>\n<tr>\n<td style=\"width: 20px;\"><span style=\"font-family: verdana, geneva;\">\u00a0<\/span><\/td>\n<td><span style=\"font-family: verdana, geneva;\">Operario de carretillas elevadoras<\/span><\/td>\n<td style=\"text-align: center;\">12<\/td>\n<td style=\"text-align: center;\"><\/td>\n<td style=\"text-align: center;\"><\/td>\n<td style=\"text-align: center;\"><img decoding=\"async\" src=\"http:\/\/immformacion.com\/web\/wp-content\/uploads\/2013\/08\/CHECK-MARK_red-01.png\" alt=\"CHECK MARK_red-01\" width=\"22\" height=\"16\" \/><\/td>\n<\/tr>\n<tr style=\"background-color: #e4e4e4;\">\n<td style=\"width: 20px;\"><span style=\"font-family: verdana, geneva;\">\u00a0<\/span><\/td>\n<td><span style=\"font-family: verdana, geneva;\">Operario de gr\u00faa-torre<\/span><\/td>\n<td style=\"text-align: center;\">12<\/td>\n<td style=\"text-align: center;\"><\/td>\n<td style=\"text-align: center;\"><\/td>\n<td style=\"text-align: center;\"><img decoding=\"async\" src=\"http:\/\/immformacion.com\/web\/wp-content\/uploads\/2013\/08\/CHECK-MARK_red-01.png\" alt=\"CHECK MARK_red-01\" width=\"22\" height=\"16\" \/><\/td>\n<\/tr>\n<tr>\n<td style=\"width: 20px;\"><span style=\"font-family: verdana, geneva;\">\u00a0<\/span><\/td>\n<td>Operario de puente-gr\u00faa<\/td>\n<td style=\"text-align: center;\">12<\/td>\n<td style=\"text-align: center;\"><\/td>\n<td style=\"text-align: center;\"><\/td>\n<td style=\"text-align: center;\"><img decoding=\"async\" src=\"http:\/\/immformacion.com\/web\/wp-content\/uploads\/2013\/08\/CHECK-MARK_red-01.png\" alt=\"CHECK MARK_red-01\" width=\"22\" height=\"16\" \/><\/td>\n<\/tr>\n<tr style=\"background-color: #e4e4e4;\">\n<td style=\"width: 20px;\"><span style=\"font-family: verdana, geneva;\">\u00a0<\/span><\/td>\n<td>Trabajos en altura<\/td>\n<td style=\"text-align: center;\">12<\/td>\n<td style=\"text-align: center;\"><\/td>\n<td style=\"text-align: center;\"><\/td>\n<td style=\"text-align: center;\"><img decoding=\"async\" src=\"http:\/\/immformacion.com\/web\/wp-content\/uploads\/2013\/08\/CHECK-MARK_red-01.png\" alt=\"CHECK MARK_red-01\" width=\"22\" height=\"16\" \/><\/td>\n<\/tr>\n<tr>\n<td style=\"width: 20px;\"><span style=\"font-family: verdana, geneva;\">\u00a0<\/span><\/td>\n<td>Trabajos en espacios confinados<\/td>\n<td style=\"text-align: center;\">9<\/td>\n<td style=\"text-align: center;\"><\/td>\n<td style=\"text-align: center;\"><\/td>\n<td style=\"text-align: center;\"><img decoding=\"async\" src=\"http:\/\/immformacion.com\/web\/wp-content\/uploads\/2013\/08\/CHECK-MARK_red-01.png\" alt=\"CHECK MARK_red-01\" width=\"22\" height=\"16\" \/><\/td>\n<\/tr>\n<tr style=\"background-color: #e4e4e4;\">\n<td style=\"width: 20px;\"><span style=\"font-family: verdana, geneva;\">\u00a0<\/span><\/td>\n<td>Manipulaci\u00f3n manual de cargas y primeros auxilios<\/td>\n<td style=\"text-align: center;\">10<\/td>\n<td style=\"text-align: center;\"><\/td>\n<td style=\"text-align: center;\"><\/td>\n<td style=\"text-align: center;\"><img decoding=\"async\" src=\"http:\/\/immformacion.com\/web\/wp-content\/uploads\/2013\/08\/CHECK-MARK_red-01.png\" alt=\"CHECK MARK_red-01\" width=\"22\" height=\"16\" \/><\/td>\n<\/tr>\n<tr style=\"height: 30px; background-color: #0664a5;\">\n<td style=\"padding-left: 30px; background-color: #999900;\" colspan=\"6\"><span style=\"color: #ffffff; font-size: small; font-family: verdana, geneva;\"><strong>CURSOS T\u00c9CNICOS<\/strong><\/span><\/td>\n<\/tr>\n<tr style=\"background-color: #616161;\">\n<td colspan=\"2\"><span style=\"font-family: verdana, geneva;\">\u00a0<\/span><\/td>\n<td style=\"text-align: center;\"><span style=\"color: #ffffff; font-family: verdana, geneva;\">Horas<\/span><\/td>\n<td style=\"text-align: center;\"><span style=\"color: #ffffff; font-family: verdana, geneva;\">Distancia<\/span><\/td>\n<td style=\"text-align: center;\"><span style=\"color: #ffffff; font-family: verdana, geneva;\">E-learning<\/span><\/td>\n<td style=\"text-align: center;\"><span style=\"color: #ffffff; font-family: verdana, geneva;\">Presencial<\/span><\/td>\n<\/tr>\n<tr>\n<td><span style=\"font-family: verdana, geneva;\">\u00a0<\/span><\/td>\n<td><span style=\"font-family: verdana, geneva;\">Capacitaci\u00f3n trabajador Riesgo El\u00e9ctrico R.D. 614\/2001<\/span><\/td>\n<td style=\"text-align: center;\">30<\/td>\n<td style=\"text-align: center;\"><\/td>\n<td style=\"text-align: center;\"><span style=\"font-family: verdana, geneva;\"><br \/>\n<\/span><\/td>\n<td style=\"text-align: center;\"><img decoding=\"async\" src=\"http:\/\/immformacion.com\/web\/wp-content\/uploads\/2013\/08\/CHECK-MARK_red-01.png\" alt=\"CHECK MARK_red-01\" width=\"22\" height=\"16\" \/><\/td>\n<\/tr>\n<tr style=\"background-color: #e4e4e4;\">\n<td><span style=\"font-family: verdana, geneva;\">\u00a0<\/span><\/td>\n<td><span style=\"font-family: verdana, geneva;\">Mantenimiento de edificios<\/span><\/td>\n<td style=\"text-align: center;\"><span style=\"font-family: verdana, geneva;\">60\u00a0<\/span><\/td>\n<td style=\"text-align: center;\"><\/td>\n<td style=\"text-align: center;\"><\/td>\n<td style=\"text-align: center;\"><span style=\"font-family: verdana, geneva;\"><img decoding=\"async\" src=\"http:\/\/immformacion.com\/web\/wp-content\/uploads\/2013\/08\/CHECK-MARK_red-01.png\" alt=\"CHECK MARK_red-01\" width=\"22\" height=\"16\" \/><\/span><\/td>\n<\/tr>\n<tr>\n<td><span style=\"font-family: verdana, geneva;\">\u00a0<\/span><\/td>\n<td><span style=\"font-family: verdana, geneva;\">Eficiencia energ\u00e9tica<\/span><\/td>\n<td style=\"text-align: center;\">15<\/td>\n<td style=\"text-align: center;\"><span style=\"font-family: verdana, geneva;\"><br \/>\n<\/span><\/td>\n<td style=\"text-align: center;\"><span style=\"font-family: verdana, geneva;\"><br \/>\n<\/span><\/td>\n<td style=\"text-align: center;\"><span style=\"font-family: verdana, geneva;\"><img decoding=\"async\" src=\"http:\/\/immformacion.com\/web\/wp-content\/uploads\/2013\/08\/CHECK-MARK_red-01.png\" alt=\"CHECK MARK_red-01\" width=\"22\" height=\"16\" \/><\/span><\/td>\n<\/tr>\n<tr style=\"height: 30px; background-color: #0664a5;\">\n<td style=\"padding-left: 30px; background-color: #999900;\" colspan=\"6\"><span style=\"color: #ffffff; font-size: small; font-family: verdana, geneva;\"><strong>CARNET PROFESIONAL<\/strong><\/span><\/td>\n<\/tr>\n<tr style=\"background-color: #616161;\">\n<td colspan=\"2\"><span style=\"font-family: verdana, geneva;\">\u00a0<\/span><\/td>\n<td style=\"text-align: center;\"><span style=\"color: #ffffff; font-family: verdana, geneva;\">Horas<\/span><\/td>\n<td style=\"text-align: center;\"><span style=\"color: #ffffff; font-family: verdana, geneva;\">Distancia<\/span><\/td>\n<td style=\"text-align: center;\"><span style=\"color: #ffffff; font-family: verdana, geneva;\">E-learning<\/span><\/td>\n<td style=\"text-align: center;\"><span style=\"color: #ffffff; font-family: verdana, geneva;\">Presencial<\/span><\/td>\n<\/tr>\n<tr>\n<td><span style=\"font-family: verdana, geneva;\">\u00a0<\/span><\/td>\n<td><span style=\"font-family: verdana, geneva;\">Carnet CAP formaci\u00f3n continua para conductores de cami\u00f3n y autob\u00fas<\/span><\/td>\n<td style=\"text-align: center;\">35<\/td>\n<td style=\"text-align: center;\"><\/td>\n<td style=\"text-align: center;\"><span style=\"font-family: verdana, geneva;\"><br \/>\n<\/span><\/td>\n<td style=\"text-align: center;\"><img decoding=\"async\" src=\"http:\/\/immformacion.com\/web\/wp-content\/uploads\/2013\/08\/CHECK-MARK_red-01.png\" alt=\"CHECK MARK_red-01\" width=\"22\" height=\"16\" \/><\/td>\n<\/tr>\n<tr style=\"background-color: #e4e4e4;\">\n<td><span style=\"font-family: verdana, geneva;\">\u00a0<\/span><\/td>\n<td>Carnet profesional Gases Fluorados P.F. 1<\/td>\n<td style=\"text-align: center;\">24<\/td>\n<td style=\"text-align: center;\"><img decoding=\"async\" src=\"http:\/\/immformacion.com\/web\/wp-content\/uploads\/2013\/08\/CHECK-MARK_red-01.png\" alt=\"CHECK MARK_red-01\" width=\"22\" height=\"16\" \/><\/td>\n<td style=\"text-align: center;\"><\/td>\n<td style=\"text-align: center;\"><span style=\"font-family: verdana, geneva;\"><img decoding=\"async\" src=\"http:\/\/immformacion.com\/web\/wp-content\/uploads\/2013\/08\/CHECK-MARK_red-01.png\" alt=\"CHECK MARK_red-01\" width=\"22\" height=\"16\" \/><\/span><\/td>\n<\/tr>\n<tr>\n<td><span style=\"font-family: verdana, geneva;\">\u00a0<\/span><\/td>\n<td>Carnet profesional Gases Fluorados P.F. 5<\/td>\n<td style=\"text-align: center;\">40<\/td>\n<td style=\"text-align: center;\"><span style=\"font-family: verdana, geneva;\"><img decoding=\"async\" src=\"http:\/\/immformacion.com\/web\/wp-content\/uploads\/2013\/08\/CHECK-MARK_red-01.png\" alt=\"CHECK MARK_red-01\" width=\"22\" height=\"16\" \/><br \/>\n<\/span><\/td>\n<td style=\"text-align: center;\"><span style=\"font-family: verdana, geneva;\"><br \/>\n<\/span><\/td>\n<td style=\"text-align: center;\"><span style=\"font-family: verdana, geneva;\"><img decoding=\"async\" src=\"http:\/\/immformacion.com\/web\/wp-content\/uploads\/2013\/08\/CHECK-MARK_red-01.png\" alt=\"CHECK MARK_red-01\" width=\"22\" height=\"16\" \/><\/span><\/td>\n<\/tr>\n<tr style=\"background-color: #e4e4e4;\">\n<td><span style=\"font-family: verdana, geneva;\">\u00a0<\/span><\/td>\n<td>Manipulador de alimentos<\/td>\n<td style=\"text-align: center;\">6<\/td>\n<td style=\"text-align: center;\"><img decoding=\"async\" src=\"http:\/\/immformacion.com\/web\/wp-content\/uploads\/2013\/08\/CHECK-MARK_red-01.png\" alt=\"CHECK MARK_red-01\" width=\"22\" height=\"16\" \/><\/td>\n<td style=\"text-align: center;\"><\/td>\n<td style=\"text-align: center;\"><\/td>\n<\/tr>\n<tr>\n<td><span style=\"font-family: verdana, geneva;\">\u00a0<\/span><\/td>\n<td>Mantenimiento higi\u00e9nico sanitario de instalaciones con riesgo de Legionella<\/td>\n<td style=\"text-align: center;\">25<\/td>\n<td style=\"text-align: center;\"><span style=\"font-family: verdana, geneva;\"><br \/>\n<\/span><\/td>\n<td style=\"text-align: center;\"><span style=\"font-family: verdana, geneva;\"><br \/>\n<\/span><\/td>\n<td style=\"text-align: center;\"><span style=\"font-family: verdana, geneva;\"><img decoding=\"async\" src=\"http:\/\/immformacion.com\/web\/wp-content\/uploads\/2013\/08\/CHECK-MARK_red-01.png\" alt=\"CHECK MARK_red-01\" width=\"22\" height=\"16\" \/><\/span><\/td>\n<\/tr>\n<tr style=\"height: 30px; background-color: #0664a5;\">\n<td style=\"padding-left: 30px; background-color: #999900;\" colspan=\"6\"><span style=\"color: #ffffff; font-size: small; font-family: verdana, geneva;\"><strong>PROFESIONALES<\/strong><\/span><\/td>\n<\/tr>\n<tr style=\"background-color: #616161;\">\n<td colspan=\"2\"><span style=\"font-family: verdana, geneva;\">\u00a0<\/span><\/td>\n<td style=\"text-align: center;\"><span style=\"color: #ffffff; font-family: verdana, geneva;\">Horas<\/span><\/td>\n<td style=\"text-align: center;\"><span style=\"color: #ffffff; font-family: verdana, geneva;\">Distancia<\/span><\/td>\n<td style=\"text-align: center;\"><span style=\"color: #ffffff; font-family: verdana, geneva;\">E-learning<\/span><\/td>\n<td style=\"text-align: center;\"><span style=\"color: #ffffff; font-family: verdana, geneva;\">Presencial<\/span><\/td>\n<\/tr>\n<tr>\n<td><span style=\"font-family: verdana, geneva;\">\u00a0<\/span><\/td>\n<td>Formaci\u00f3n de formadores en la empresa y las organizaciones. Metodolog\u00eda did\u00e1ctica<\/td>\n<td style=\"text-align: center;\"><span style=\"font-family: verdana, geneva;\">80\u00a0<\/span><\/td>\n<td style=\"text-align: center;\"><\/td>\n<td style=\"text-align: center;\"><span style=\"font-family: verdana, geneva;\"><img decoding=\"async\" src=\"http:\/\/immformacion.com\/web\/wp-content\/uploads\/2013\/08\/CHECK-MARK_red-01.png\" alt=\"CHECK MARK_red-01\" width=\"22\" height=\"16\" \/><br \/>\n<\/span><\/td>\n<td style=\"text-align: center;\"><\/td>\n<\/tr>\n<tr style=\"background-color: #e4e4e4;\">\n<td><span style=\"font-family: verdana, geneva;\">\u00a0<\/span><\/td>\n<td>Coaching profesional<\/td>\n<td style=\"text-align: center;\">70<\/td>\n<td style=\"text-align: center;\"><img decoding=\"async\" src=\"http:\/\/immformacion.com\/web\/wp-content\/uploads\/2013\/08\/CHECK-MARK_red-01.png\" alt=\"CHECK MARK_red-01\" width=\"22\" height=\"16\" \/><\/td>\n<td style=\"text-align: center;\"><\/td>\n<td style=\"text-align: center;\"><span style=\"font-family: verdana, geneva;\"><img decoding=\"async\" src=\"http:\/\/immformacion.com\/web\/wp-content\/uploads\/2013\/08\/CHECK-MARK_red-01.png\" alt=\"CHECK MARK_red-01\" width=\"22\" height=\"16\" \/><\/span><\/td>\n<\/tr>\n<tr>\n<td><span style=\"font-family: verdana, geneva;\">\u00a0<\/span><\/td>\n<td>Neuromarketing<\/td>\n<td style=\"text-align: center;\">10<\/td>\n<td style=\"text-align: center;\"><span style=\"font-family: verdana, geneva;\"><img decoding=\"async\" src=\"http:\/\/immformacion.com\/web\/wp-content\/uploads\/2013\/08\/CHECK-MARK_red-01.png\" alt=\"CHECK MARK_red-01\" width=\"22\" height=\"16\" \/><br \/>\n<\/span><\/td>\n<td style=\"text-align: center;\"><span style=\"font-family: verdana, geneva;\"><br \/>\n<\/span><\/td>\n<td style=\"text-align: center;\"><span style=\"font-family: verdana, geneva;\"><img decoding=\"async\" src=\"http:\/\/immformacion.com\/web\/wp-content\/uploads\/2013\/08\/CHECK-MARK_red-01.png\" alt=\"CHECK MARK_red-01\" width=\"22\" height=\"16\" \/><\/span><\/td>\n<\/tr>\n<tr style=\"background-color: #e4e4e4;\">\n<td><span style=\"font-family: verdana, geneva;\">\u00a0<\/span><\/td>\n<td>Innovaci\u00f3n estrat\u00e9gica<\/td>\n<td style=\"text-align: center;\">20<\/td>\n<td style=\"text-align: center;\"><img decoding=\"async\" src=\"http:\/\/immformacion.com\/web\/wp-content\/uploads\/2013\/08\/CHECK-MARK_red-01.png\" alt=\"CHECK MARK_red-01\" width=\"22\" height=\"16\" \/><\/td>\n<td style=\"text-align: center;\"><\/td>\n<td style=\"text-align: center;\"><span style=\"font-family: verdana, geneva;\"><img decoding=\"async\" src=\"http:\/\/immformacion.com\/web\/wp-content\/uploads\/2013\/08\/CHECK-MARK_red-01.png\" alt=\"CHECK MARK_red-01\" width=\"22\" height=\"16\" \/><\/span><\/td>\n<\/tr>\n<tr style=\"height: 30px; background-color: #0664a5;\">\n<td style=\"padding-left: 30px; background-color: #999900;\" colspan=\"6\"><span style=\"color: #ffffff; font-size: small; font-family: verdana, geneva;\"><strong>CERTIFICADOS DE PROFESIONALIDAD<\/strong><\/span><\/td>\n<\/tr>\n<tr style=\"background-color: #616161;\">\n<td colspan=\"2\"><span style=\"font-family: verdana, geneva;\">\u00a0<\/span><\/td>\n<td style=\"text-align: center;\"><span style=\"color: #ffffff; font-family: verdana, geneva;\">Horas<\/span><\/td>\n<td style=\"text-align: center;\"><span style=\"color: #ffffff; font-family: verdana, geneva;\">Distancia<\/span><\/td>\n<td style=\"text-align: center;\"><span style=\"color: #ffffff; font-family: verdana, geneva;\">E-learning<\/span><\/td>\n<td style=\"text-align: center;\"><span style=\"color: #ffffff; font-family: verdana, geneva;\">Presencial<\/span><\/td>\n<\/tr>\n<tr>\n<td><span style=\"font-family: verdana, geneva;\">\u00a0<\/span><\/td>\n<td>UF1646 Tutorizaci\u00f3n de acciones formativas para el empleo<\/td>\n<td style=\"text-align: center;\">30<\/td>\n<td style=\"text-align: center;\"><\/td>\n<td style=\"text-align: center;\"><span style=\"font-family: verdana, geneva;\"><br \/>\n<\/span><\/td>\n<td style=\"text-align: center;\"><img decoding=\"async\" src=\"http:\/\/immformacion.com\/web\/wp-content\/uploads\/2013\/08\/CHECK-MARK_red-01.png\" alt=\"CHECK MARK_red-01\" width=\"22\" height=\"16\" \/><\/td>\n<\/tr>\n<tr style=\"background-color: #e4e4e4;\">\n<td><span style=\"font-family: verdana, geneva;\">\u00a0<\/span><\/td>\n<td>MF0238_3 Gesti\u00f3n de recursos humanos<\/td>\n<td style=\"text-align: center;\">150<\/td>\n<td style=\"text-align: center;\"><\/td>\n<td style=\"text-align: center;\"><\/td>\n<td style=\"text-align: center;\"><span style=\"font-family: verdana, geneva;\"><img decoding=\"async\" src=\"http:\/\/immformacion.com\/web\/wp-content\/uploads\/2013\/08\/CHECK-MARK_red-01.png\" alt=\"CHECK MARK_red-01\" width=\"22\" height=\"16\" \/><\/span><\/td>\n<\/tr>\n<tr>\n<td><span style=\"font-family: verdana, geneva;\">\u00a0<\/span><\/td>\n<td>MF0233_2 Ofim\u00e1tica<\/td>\n<td style=\"text-align: center;\">190<\/td>\n<td style=\"text-align: center;\"><span style=\"font-family: verdana, geneva;\"><br \/>\n<\/span><\/td>\n<td style=\"text-align: center;\"><span style=\"font-family: verdana, geneva;\"><br \/>\n<\/span><\/td>\n<td style=\"text-align: center;\"><span style=\"font-family: verdana, geneva;\"><img decoding=\"async\" src=\"http:\/\/immformacion.com\/web\/wp-content\/uploads\/2013\/08\/CHECK-MARK_red-01.png\" alt=\"CHECK MARK_red-01\" width=\"22\" height=\"16\" \/><\/span><\/td>\n<\/tr>\n<\/tbody>\n<\/table>\n<p style=\"text-align: center;\"><span style=\"font-family: verdana, geneva;\">\u00a0<\/span>Aulas en Reinosa: <strong>C\/ Calderer\u00eda 54<\/strong>. 39200.\u00a0Pol\u00edgono La vega <strong>Reinosa<\/strong>, Cantabria.<\/p>\n<p style=\"text-align: center;\">Tel.: 942 752 648<\/p>\n<p>&nbsp;<\/p>\n<table style=\"height: 27px;\" width=\"824\">\n<tbody>\n<tr>\n<td style=\"text-align: center;\"><iframe src=\"\/\/www.youtube.com\/embed\/kSWKCJCMKtw\" width=\"700\" height=\"538\"><\/iframe><\/td>\n<\/tr>\n<\/tbody>\n<\/table>\n<p>&nbsp;<\/p>\n","protected":false},"excerpt":{"rendered":"<p>PREVENCI\u00d3N DE RIESGOS LABORALES \u00a0 Horas Distancia E-learning Presencial \u00a0 Autogesti\u00f3n de la Prevenci\u00f3n de Riesgos Laborales en la empresa<\/p>\n","protected":false},"author":1,"featured_media":0,"parent":0,"menu_order":0,"comment_status":"closed","ping_status":"open","template":"","meta":{"_uag_custom_page_level_css":"","_monsterinsights_skip_tracking":false,"_monsterinsights_sitenote_active":false,"_monsterinsights_sitenote_note":"","_monsterinsights_sitenote_category":0,"footnotes":""},"class_list":["post-7134","page","type-page","status-publish","hentry"],"aioseo_notices":[],"uagb_featured_image_src":{"full":false,"thumbnail":false,"medium":false,"medium_large":false,"large":false,"1536x1536":false,"2048x2048":false,"ample-featured-blog-large":false,"ample-featured-blog-small":false,"ample-portfolio-image":false,"sendpress-max":false,"woocommerce_thumbnail":false,"woocommerce_single":false,"woocommerce_gallery_thumbnail":false},"uagb_author_info":{"display_name":"IMM","author_link":"https:\/\/immformacion.com\/web\/author\/imm_admin\/"},"uagb_comment_info":0,"uagb_excerpt":"PREVENCI\u00d3N DE RIESGOS LABORALES \u00a0 Horas Distancia E-learning Presencial \u00a0 Autogesti\u00f3n de la Prevenci\u00f3n de Riesgos Laborales en la empresa","_links":{"self":[{"href":"https:\/\/immformacion.com\/web\/wp-json\/wp\/v2\/pages\/7134","targetHints":{"allow":["GET"]}}],"collection":[{"href":"https:\/\/immformacion.com\/web\/wp-json\/wp\/v2\/pages"}],"about":[{"href":"https:\/\/immformacion.com\/web\/wp-json\/wp\/v2\/types\/page"}],"author":[{"embeddable":true,"href":"https:\/\/immformacion.com\/web\/wp-json\/wp\/v2\/users\/1"}],"replies":[{"embeddable":true,"href":"https:\/\/immformacion.com\/web\/wp-json\/wp\/v2\/comments?post=7134"}],"version-history":[{"count":23,"href":"https:\/\/immformacion.com\/web\/wp-json\/wp\/v2\/pages\/7134\/revisions"}],"predecessor-version":[{"id":12307,"href":"https:\/\/immformacion.com\/web\/wp-json\/wp\/v2\/pages\/7134\/revisions\/12307"}],"wp:attachment":[{"href":"https:\/\/immformacion.com\/web\/wp-json\/wp\/v2\/media?parent=7134"}],"curies":[{"name":"wp","href":"https:\/\/api.w.org\/{rel}","templated":true}]}}