{"id":7362,"date":"2015-03-31T10:37:49","date_gmt":"2015-03-31T09:37:49","guid":{"rendered":"http:\/\/immformacion.com\/web\/?page_id=7362"},"modified":"2019-12-22T13:23:00","modified_gmt":"2019-12-22T12:23:00","slug":"cap-2018","status":"publish","type":"page","link":"https:\/\/immformacion.com\/web\/cap-2018\/","title":{"rendered":"Cursos CAP"},"content":{"rendered":"<h2 id=\"yui_3_16_0_ym19_1_1483620911962_22985\" class=\"yiv8992046855MsoNormal\" align=\"center\"><strong><span id=\"yui_3_16_0_ym19_1_1483620911962_22984\"><a href=\"https:\/\/immformacion.com\/web\/cap-2018\/transportes\/\" rel=\"attachment wp-att-12484\"><img fetchpriority=\"high\" decoding=\"async\" class=\"aligncenter size-full wp-image-12484\" src=\"https:\/\/immformacion.com\/web\/wp-content\/uploads\/2019\/12\/transportes.png\" alt=\"\" width=\"293\" height=\"172\" \/><\/a><\/span><\/strong><strong><span id=\"yui_3_16_0_ym19_1_1483620911962_22984\">CURSOS CAP MERCANC\u00cdAS Y VIAJEROS CANTABRIA\u00a0<\/span><\/strong><\/h2>\n<h3 id=\"yui_3_16_0_ym19_1_1483620911962_26076\" class=\"yiv8992046855MsoNormal\" align=\"center\"><span id=\"yui_3_16_0_ym19_1_1483620911962_26077\">Certificado de Aptitud Profesional (CAP) para conductores &#8211; Renovaci\u00f3n<\/span><\/h3>\n<p><span style=\"color: #ffffff;\">CURSOS PRIVADOS Y BONIFICADOS<\/span><\/p>\n<table>\n<tbody>\n<tr>\n<td style=\"background-color: #346094;\">\n<h3 style=\"text-align: center;\"><span style=\"color: #ffffff;\">\u00a0CURSOS SUBVENCIONADOS<br \/>\n<\/span><\/h3>\n<\/td>\n<\/tr>\n<tr>\n<td style=\"background-color: #dce5f4;\">\n<p class=\"yiv8263697325MsoNormal\">Pendientes de planificar.\u00a0 Subvencionadas por el Gobierno de Cantabria con cargo a los fondos recibidos del Servicio P\u00fablico de Empleo Estatal.<\/p>\n<p class=\"yiv8263697325MsoNormal\"><b><u>EN SANTANDER Y REINOSA.<\/u><\/b> Inscripciones: 942075444 \/ 942752648<\/p>\n<\/td>\n<\/tr>\n<tr style=\"background-color: #dce5f4;\">\n<td style=\"background-color: #346094;\">\n<h3 style=\"text-align: center;\"><span style=\"color: #ffffff;\">CURSOS PRIVADOS Y BONIFICADOS<br \/>\n<\/span><\/h3>\n<\/td>\n<\/tr>\n<tr style=\"background-color: #dce5f4;\">\n<td>\n<p id=\"yui_3_16_0_ym19_1_1483620911962_22992\" class=\"yiv8992046855MsoNormal\"><b id=\"yui_3_16_0_ym19_1_1483620911962_27752\"><span id=\"yui_3_16_0_ym19_1_1483620911962_27751\"><\/span><\/b><span id=\"yui_3_16_0_ym19_1_1483620911962_22991\">Formaci\u00f3n privada, de pago o 100% bonificable por las empresas para sus trabajadores, a trav\u00e9s de la Fundaci\u00f3n Estatal para la Formaci\u00f3n en el Empleo, mediante las cuotas de las Seguridad Social.<\/span><\/p>\n<\/td>\n<\/tr>\n<tr>\n<td>\n<p id=\"yui_3_16_0_ym19_1_1483620911962_27791\" class=\"yiv8992046855MsoNormal\" align=\"center\"><b id=\"yui_3_16_0_ym19_1_1483620911962_27790\"><span id=\"yui_3_16_0_ym19_1_1483620911962_27789\">Documentaci\u00f3n necesaria para inscribirse: <\/span><\/b><\/p>\n<p class=\"yiv8992046855MsoNormal\" align=\"center\"><span id=\"yui_3_16_0_ym19_1_1483620911962_27853\">Solicitud,<b> <\/b><\/span><span id=\"yui_3_16_0_ym19_1_1483620911962_27854\">Fotocopia DNI y Carnet de conducir (ambas caras)<\/span><\/p>\n<\/td>\n<\/tr>\n<\/tbody>\n<\/table>\n<h6 id=\"justifytextbox\" class=\"expresscurate_justify_text_box\" style=\"text-align: center;\">\u00a0\u00bfQuieres saber qu\u00e9 es el CAP? Haz <strong><a href=\"http:\/\/immformacion.com\/web\/?page_id=7892\">click aqu\u00ed<\/a><\/strong><\/h6>\n<h6 id=\"justifytextbox\" class=\"expresscurate_justify_text_box\" style=\"text-align: center;\">\u00a0\u00bfTienes dudas acerca del CAP? Haz <strong><a href=\"http:\/\/immformacion.com\/web\/?page_id=7899\">click aqu\u00ed<\/a><\/strong><\/h6>\n","protected":false},"excerpt":{"rendered":"<p>CURSOS CAP MERCANC\u00cdAS Y VIAJEROS CANTABRIA\u00a0 Certificado de Aptitud Profesional (CAP) para conductores &#8211; Renovaci\u00f3n CURSOS PRIVADOS Y BONIFICADOS \u00a0CURSOS<\/p>\n","protected":false},"author":1,"featured_media":0,"parent":0,"menu_order":0,"comment_status":"closed","ping_status":"open","template":"","meta":{"_uag_custom_page_level_css":"","_monsterinsights_skip_tracking":false,"_monsterinsights_sitenote_active":false,"_monsterinsights_sitenote_note":"","_monsterinsights_sitenote_category":0,"footnotes":""},"class_list":["post-7362","page","type-page","status-publish","hentry"],"aioseo_notices":[],"uagb_featured_image_src":{"full":false,"thumbnail":false,"medium":false,"medium_large":false,"large":false,"1536x1536":false,"2048x2048":false,"ample-featured-blog-large":false,"ample-featured-blog-small":false,"ample-portfolio-image":false,"sendpress-max":false,"woocommerce_thumbnail":false,"woocommerce_single":false,"woocommerce_gallery_thumbnail":false},"uagb_author_info":{"display_name":"IMM","author_link":"https:\/\/immformacion.com\/web\/author\/imm_admin\/"},"uagb_comment_info":0,"uagb_excerpt":"CURSOS CAP MERCANC\u00cdAS Y VIAJEROS CANTABRIA\u00a0 Certificado de Aptitud Profesional (CAP) para conductores &#8211; Renovaci\u00f3n CURSOS PRIVADOS Y BONIFICADOS \u00a0CURSOS","_links":{"self":[{"href":"https:\/\/immformacion.com\/web\/wp-json\/wp\/v2\/pages\/7362","targetHints":{"allow":["GET"]}}],"collection":[{"href":"https:\/\/immformacion.com\/web\/wp-json\/wp\/v2\/pages"}],"about":[{"href":"https:\/\/immformacion.com\/web\/wp-json\/wp\/v2\/types\/page"}],"author":[{"embeddable":true,"href":"https:\/\/immformacion.com\/web\/wp-json\/wp\/v2\/users\/1"}],"replies":[{"embeddable":true,"href":"https:\/\/immformacion.com\/web\/wp-json\/wp\/v2\/comments?post=7362"}],"version-history":[{"count":27,"href":"https:\/\/immformacion.com\/web\/wp-json\/wp\/v2\/pages\/7362\/revisions"}],"predecessor-version":[{"id":12487,"href":"https:\/\/immformacion.com\/web\/wp-json\/wp\/v2\/pages\/7362\/revisions\/12487"}],"wp:attachment":[{"href":"https:\/\/immformacion.com\/web\/wp-json\/wp\/v2\/media?parent=7362"}],"curies":[{"name":"wp","href":"https:\/\/api.w.org\/{rel}","templated":true}]}}