{"id":7872,"date":"2015-09-30T18:35:25","date_gmt":"2015-09-30T17:35:25","guid":{"rendered":"http:\/\/immformacion.com\/web\/?page_id=7872"},"modified":"2017-05-16T19:13:01","modified_gmt":"2017-05-16T18:13:01","slug":"gases-fluorados-consejeria-de-industria","status":"publish","type":"page","link":"https:\/\/immformacion.com\/web\/gases-fluorados-consejeria-de-industria\/","title":{"rendered":"Gases fluorados"},"content":{"rendered":"<p><img fetchpriority=\"high\" decoding=\"async\" class=\"wp-image-10726 alignleft\" src=\"http:\/\/immformacion.com\/web\/wp-content\/uploads\/2015\/09\/CURSOS-GASES-FLUORADOS-2017-1024x314.jpg\" alt=\"CURSOS GASES FLUORADOS 2017\" width=\"900\" height=\"276\" srcset=\"https:\/\/immformacion.com\/web\/wp-content\/uploads\/2015\/09\/CURSOS-GASES-FLUORADOS-2017-1024x314.jpg 1024w, https:\/\/immformacion.com\/web\/wp-content\/uploads\/2015\/09\/CURSOS-GASES-FLUORADOS-2017-300x92.jpg 300w, https:\/\/immformacion.com\/web\/wp-content\/uploads\/2015\/09\/CURSOS-GASES-FLUORADOS-2017-768x235.jpg 768w\" sizes=\"(max-width: 900px) 100vw, 900px\" \/><\/p>\n<table style=\"background-color: #d5ebbe;\" border=\"0\" width=\"1069\">\n<tbody>\n<tr>\n<td style=\"text-align: center;\"><strong><span style=\"color: #333333;\">Programa formativo I<\/span><\/strong><\/p>\n<p id=\"yui_3_16_0_ym19_1_1494868440093_15325\"><strong id=\"yui_3_16_0_ym19_1_1494868440093_11898\"><span id=\"yui_3_16_0_ym19_1_1494868440093_11897\">Curso complementario sobre manipulaci\u00f3n de equipos con sistemas frigor\u00edficos de cualquier carga de refrigerantes fluorados<\/span><\/strong><\/p>\n<p id=\"yui_3_16_0_ym19_1_1494868440093_15327\"><strong>Duraci\u00f3n:<\/strong><span id=\"yui_3_16_0_ym19_1_1494868440093_15326\">\u00a030 horas: 12h presenciales (10h pr\u00e1cticas y 2h de evaluaci\u00f3n), m\u00e1s 18h online.<\/span><\/p>\n<\/td>\n<\/tr>\n<tr>\n<td style=\"text-align: center;\"><strong><span style=\"color: #333333;\"><a style=\"color: #333333;\" href=\"http:\/\/immformacion.com\/web\/?page_id=2432\" target=\"_blank\">\u00a0<\/a>Programa formativo II<\/span><\/strong><\/p>\n<p id=\"yui_3_16_0_ym19_1_1494868440093_13662\"><strong id=\"yui_3_16_0_ym19_1_1494868440093_15373\"><span id=\"yui_3_16_0_ym19_1_1494868440093_15372\">Curso b\u00e1sico de manipulaci\u00f3n de equipos con sistemas frigor\u00edficos de cualquier carga de refrigerantes fluorados<\/span><\/strong><\/p>\n<p id=\"yui_3_16_0_ym19_1_1494868440093_15367\"><strong>Duraci\u00f3n<\/strong><span class=\"yiv1277618291apple-converted-space\">\u00a0<\/span><span id=\"yui_3_16_0_ym19_1_1494868440093_15366\">90 horas: 60h presenciales (<\/span><span id=\"yui_3_16_0_ym19_1_1494868440093_15369\">55h pr\u00e1cticas y 5h de evaluaci\u00f3n)<\/span><span id=\"yui_3_16_0_ym19_1_1494868440093_15371\"> y 30 horas online. <\/span><\/p>\n<\/td>\n<\/tr>\n<tr>\n<td style=\"text-align: center;\"><strong><span style=\"color: #333333;\">\u00a0Programa formativo III<\/span><\/strong><\/p>\n<p id=\"yui_3_16_0_ym19_1_1494868440093_15399\"><strong id=\"yui_3_16_0_ym19_1_1494868440093_15407\"><span id=\"yui_3_16_0_ym19_1_1494868440093_15406\">Curso complementario sobre manipulaci\u00f3n de equipos con sistemas frigor\u00edficos de carga menor de 3 kg de refrigerantes fluorados<\/span><\/strong><strong><br \/>\n<\/strong><\/p>\n<p id=\"yui_3_16_0_ym19_1_1494868440093_15403\" class=\"yiv1277618291MsoNormal\"><strong>Duraci\u00f3n<\/strong><span class=\"yiv1277618291apple-converted-space\">\u00a0<\/span>80 horas: 55h presenciales (<span id=\"yui_3_16_0_ym19_1_1494868440093_15405\">50h pr\u00e1cticas y 5h de evaluaci\u00f3n)<\/span><span id=\"yui_3_16_0_ym19_1_1494868440093_15404\"> y 25 horas online<\/span><\/p>\n<\/td>\n<\/tr>\n<tr>\n<td style=\"text-align: center;\"><span style=\"color: #333333;\"><strong>\u00a0Programa formativo IV<\/strong>\u00a0<\/span><\/p>\n<p id=\"yui_3_16_0_ym19_1_1494868440093_13664\"><strong id=\"yui_3_16_0_ym19_1_1494868440093_15432\"><span id=\"yui_3_16_0_ym19_1_1494868440093_15431\">Curso sobre manipulaci\u00f3n de equipos con sistemas frigor\u00edficos de carga menor de 3 kg de refrigerantes fluorados<\/span><\/strong><strong><br \/>\n<\/strong><\/p>\n<p id=\"yui_3_16_0_ym19_1_1494868440093_15433\" class=\"yiv1277618291MsoNormal\"><strong>Duraci\u00f3n<\/strong><span class=\"yiv1277618291apple-converted-space\">\u00a0<\/span>320 horas: 230h presenciales (220h pr\u00e1cticas y 10h de evaluaci\u00f3n)<span id=\"yui_3_16_0_ym19_1_1494868440093_15435\"> y 90 horas online<\/span><\/p>\n<\/td>\n<\/tr>\n<tr>\n<td style=\"text-align: center;\"><strong><span style=\"color: #333333;\">\u00a0Programa formativo V\u00a0<\/span><\/strong><\/p>\n<p id=\"yui_3_16_0_ym19_1_1494868440093_15461\"><strong id=\"yui_3_16_0_ym19_1_1494868440093_15459\"><span id=\"yui_3_16_0_ym19_1_1494868440093_15458\">Curso sobre manipulaci\u00f3n de sistemas frigor\u00edficos que empleen refrigerantes fluorados destinados a confort t\u00e9rmico de personas instalados en veh\u00edculos<\/span><\/strong><strong><br \/>\n<\/strong><\/p>\n<p id=\"yui_3_16_0_ym19_1_1494868440093_15463\" class=\"yiv1277618291MsoNormal\"><strong>Duraci\u00f3n<\/strong><span class=\"yiv1277618291apple-converted-space\">\u00a0<\/span><span id=\"yui_3_16_0_ym19_1_1494868440093_15462\">44 horas: 16h presenciales y 28 horas online<\/span><\/p>\n<\/td>\n<\/tr>\n<\/tbody>\n<\/table>\n<p><span id=\"yui_3_16_0_ym19_1_1494868440093_15499\">Requisitos para solicitar el certificado acreditativo una vez realizada la formaci\u00f3n: <\/span><a href=\"http:\/\/immformacion.com\/web\/wp-content\/uploads\/2015\/09\/2017-05-12-Requisitos-para-otorgamiento-certificados-act-nueva-normativa.pdf\" target=\"_blank\">Ver requisitos<\/a><\/p>\n<p><span id=\"yui_3_16_0_ym19_1_1494868440093_15503\"><a id=\"yui_3_16_0_ym19_1_1494868440093_15502\" href=\"http:\/\/www.dgicc.cantabria.es\/web\/direccion-general-industria\/detalle\/-\/journal_content\/56_INSTANCE_DETALLE\/16626\/1489068\" target=\"_blank\" rel=\"noreferrer\">M\u00e1s informaci\u00f3n<\/a><\/span><\/p>\n","protected":false},"excerpt":{"rendered":"<p>Programa formativo I Curso complementario sobre manipulaci\u00f3n de equipos con sistemas frigor\u00edficos de cualquier carga de refrigerantes fluorados Duraci\u00f3n:\u00a030 horas:<\/p>\n","protected":false},"author":1,"featured_media":0,"parent":0,"menu_order":0,"comment_status":"closed","ping_status":"closed","template":"","meta":{"_uag_custom_page_level_css":"","_monsterinsights_skip_tracking":false,"_monsterinsights_sitenote_active":false,"_monsterinsights_sitenote_note":"","_monsterinsights_sitenote_category":0,"footnotes":""},"class_list":["post-7872","page","type-page","status-publish","hentry"],"aioseo_notices":[],"uagb_featured_image_src":{"full":false,"thumbnail":false,"medium":false,"medium_large":false,"large":false,"1536x1536":false,"2048x2048":false,"ample-featured-blog-large":false,"ample-featured-blog-small":false,"ample-portfolio-image":false,"sendpress-max":false,"woocommerce_thumbnail":false,"woocommerce_single":false,"woocommerce_gallery_thumbnail":false},"uagb_author_info":{"display_name":"IMM","author_link":"https:\/\/immformacion.com\/web\/author\/imm_admin\/"},"uagb_comment_info":0,"uagb_excerpt":"Programa formativo I Curso complementario sobre manipulaci\u00f3n de equipos con sistemas frigor\u00edficos de cualquier carga de refrigerantes fluorados Duraci\u00f3n:\u00a030 horas:","_links":{"self":[{"href":"https:\/\/immformacion.com\/web\/wp-json\/wp\/v2\/pages\/7872","targetHints":{"allow":["GET"]}}],"collection":[{"href":"https:\/\/immformacion.com\/web\/wp-json\/wp\/v2\/pages"}],"about":[{"href":"https:\/\/immformacion.com\/web\/wp-json\/wp\/v2\/types\/page"}],"author":[{"embeddable":true,"href":"https:\/\/immformacion.com\/web\/wp-json\/wp\/v2\/users\/1"}],"replies":[{"embeddable":true,"href":"https:\/\/immformacion.com\/web\/wp-json\/wp\/v2\/comments?post=7872"}],"version-history":[{"count":18,"href":"https:\/\/immformacion.com\/web\/wp-json\/wp\/v2\/pages\/7872\/revisions"}],"predecessor-version":[{"id":10735,"href":"https:\/\/immformacion.com\/web\/wp-json\/wp\/v2\/pages\/7872\/revisions\/10735"}],"wp:attachment":[{"href":"https:\/\/immformacion.com\/web\/wp-json\/wp\/v2\/media?parent=7872"}],"curies":[{"name":"wp","href":"https:\/\/api.w.org\/{rel}","templated":true}]}}