{"id":7899,"date":"2015-10-02T10:34:40","date_gmt":"2015-10-02T09:34:40","guid":{"rendered":"http:\/\/immformacion.com\/web\/?page_id=7899"},"modified":"2015-10-02T11:30:14","modified_gmt":"2015-10-02T10:30:14","slug":"dudas-sobre-el-cap","status":"publish","type":"page","link":"https:\/\/immformacion.com\/web\/dudas-sobre-el-cap\/","title":{"rendered":"Dudas sobre el CAP"},"content":{"rendered":"<p>Puedes realizar el <strong><span style=\"color: #346094;\">curso de formaci\u00f3n inicial del CAP<\/span><\/strong> sin tener ning\u00fan permiso para conducir. No tienes porque tener el carnet de autob\u00fas, ni el de cami\u00f3n y ni siquiera el de coche. Lo que esta claro es que tener el <strong><span style=\"color: #346094;\">CAP<\/span><\/strong> sin tener el carnet correspondiente no sirve de nada. Por esto, cada vez es m\u00e1s habitual sacarse el carnet y el cap al mismo tiempo.<\/p>\n<p>Existen dos tipos de <strong><span style=\"color: #346094;\">cursos de formaci\u00f3n inicial CAP:<\/span><\/strong> cursos <strong><span style=\"color: #346094;\">CAP de autob\u00fas<\/span><\/strong> y cursos <span style=\"color: #346094;\"><strong>CAP de cami\u00f3n<\/strong><\/span>. Para ser conductor profesional de autobuses se tiene que tener el <strong><span style=\"color: #346094;\">CAP de autob\u00fas<\/span><\/strong> (transporte de viajeros). Para ser conductor de camiones o trailer se tiene que tener el <strong><span style=\"color: #346094;\">CAP de cami\u00f3n<\/span><\/strong> (transporte de mercanc\u00edas).<\/p>\n<p>Los <span style=\"color: #346094;\"><strong>cursos de formaci\u00f3n inicial CAP<\/strong><\/span> constan de 130 horas te\u00f3ricas y 10 horas pr\u00e1cticas. Estos cursos son presenciales y de obligada asistencia. A diferencia del carnet de conducir que se puede obtener sin ir a clase, el decreto que regula el CAP establece la obligatoriedad de asistir al curso y para comprobar que se cumple realiza las correspondientes inspecciones.<\/p>\n<p>Los <strong><span style=\"color: #346094;\">cursos de formaci\u00f3n inicial CAP<\/span><\/strong> tienen un examen asociado de 100 preguntas que es necesario aprobar para obtener el carnet de conductor profesional. Las preguntas son tipo test con cuatro posibles respuestas. Las preguntas acertadas suman un punto, las preguntas falladas restas medio punto y las preguntas sin contestar no suman ni restan. Se necesita una puntuaci\u00f3n m\u00ednima de 50 puntos para aprobar.<\/p>\n<p>Si un conductor dispone ya del<strong><span style=\"color: #346094;\"> CAP de autob\u00fas<\/span><\/strong> y necesita sacarse el <span style=\"color: #346094;\"><strong>CAP de cami\u00f3n<\/strong><\/span> no tiene que hacer un curso completo de 140 horas y el examen correspondiente. Puede obtener el <span style=\"color: #346094;\"><strong>CAP de cami\u00f3n<\/strong><\/span> haciendo un curso puente de 35 horas sin examen. Lo mismo ocurre si un conductor tiene ya el <strong><span style=\"color: #346094;\">CAP de cami\u00f3n<\/span><\/strong> y necesita obtener el <strong><span style=\"color: #346094;\">CAP de autob\u00fas<\/span><\/strong>.<\/p>\n<p><span style=\"color: #346094;\"><strong>Los cursos CAP<\/strong><\/span> se pueden realizar en cualquier centro homologado de Espa\u00f1a, pero el examen de 100 preguntas se tiene que hacer en la Comunidad Aut\u00f3noma donde el alumno tenga su residencia (es decir, donde estuviera empadronado con 6 meses de antelaci\u00f3n a la fecha del examen).<\/p>\n<p>Si tienes el permiso D1 o D con fecha anterior al 11 de septiembre de 2008 estas exento de hacer la formaci\u00f3n inicial del CAP para poder conducir autobuses. Estar exento no es lo mismo que tener el CAP. Si estas obligado a realizar la formaci\u00f3n continua.<\/p>\n<p>Si tienes el permiso C1, C o C+E con fecha anterior al 11 de septiembre de 2009 estas exento de hacer la formaci\u00f3n inicial del CAP para poder conducir camiones o trailer. Estar exento no es lo mismo que tener el CAP. Si actualmente tienes el C1 y con fecha posterior al 11 de septiembre de 2009 obtienes el permiso C estas exento de hacer el CAP por lo dicho en la primera l\u00ednea de este p\u00e1rrafo. Si estas obligado a realizar la formaci\u00f3n continua.<\/p>\n<p>Si apruebas el <strong><span style=\"color: #346094;\">curso de formaci\u00f3n inicial CAP de autob\u00fas<\/span><\/strong> puedes solicitar en tr\u00e1fico que te quiten la limitaci\u00f3n del radio de acci\u00f3n de 50 Km. durante el primer a\u00f1o (si la tuvieras).<\/p>\n<p>Los cursos de <strong><span style=\"color: #346094;\">formaci\u00f3n continua del CAP<\/span><\/strong> constan de 35 horas te\u00f3ricas, sin pr\u00e1cticas y sin examen. Estos cursos tambi\u00e9n son presenciales y de obligada asistencia. Los cursos de formaci\u00f3n continua sirven para RENOVAR el CAP y tienen que realizarse cada cinco a\u00f1os.<\/p>\n<p>Los conductores de autob\u00fas que est\u00e1n exentos de hacer la <strong><span style=\"color: #346094;\">formaci\u00f3n inicial del CAP<\/span><\/strong> por tener el carnet correspondiente con anterioridad a la entrada en vigor del CAP tienen que hacer la formaci\u00f3n continua teniendo en cuenta estas fechas y el \u00faltimo d\u00edgito del DNI:<\/p>\n<table style=\"background-color: #e8e8e8;\">\n<tbody>\n<tr>\n<td style=\"text-align: center;\">\u00a0Terminados en 1 o 2 antes del 10 de septiembre de 2011<\/td>\n<\/tr>\n<tr>\n<td style=\"text-align: center;\">\u00a0Terminados en 3 o 4 antes del 10 de septiembre de 2012<\/td>\n<\/tr>\n<tr>\n<td style=\"text-align: center;\">\u00a0Terminados en 5 o 6 antes del 10 de septiembre de 2013<\/td>\n<\/tr>\n<tr>\n<td style=\"text-align: center;\">\u00a0Terminados en 7 o 8 antes del 10 de septiembre de 2014<\/td>\n<\/tr>\n<tr>\n<td style=\"text-align: center;\">\u00a0Terminados en 9 o 0 antes del 10 de septiembre de 2015<\/td>\n<\/tr>\n<\/tbody>\n<\/table>\n<p>&nbsp;<\/p>\n<p>Los conductores de cami\u00f3n o trailer que est\u00e1n exentos de hacer la <strong><span style=\"color: #346094;\">formaci\u00f3n inicial del CAP<\/span><\/strong> por tener el carnet correspondiente con anterioridad a la entrada en vigor del CAP tienen que hacer la formaci\u00f3n continua teniendo en cuenta estas fechas y el \u00faltimo d\u00edgito del DNI:<\/p>\n<table style=\"background-color: #e8e8e8;\">\n<tbody>\n<tr>\n<td style=\"text-align: center;\">\u00a0Terminados en 1 o 2 antes del 10 de septiembre de 2012<\/td>\n<\/tr>\n<tr>\n<td style=\"text-align: center;\">\u00a0Terminados en 3 o 4 antes del 10 de septiembre de 2013<\/td>\n<\/tr>\n<tr>\n<td style=\"text-align: center;\">\u00a0Terminados en 5 o 6 antes del 10 de septiembre de 2014<\/td>\n<\/tr>\n<tr>\n<td style=\"text-align: center;\">\u00a0Terminados en 7 o 8 antes del 10 de septiembre de 2015<\/td>\n<\/tr>\n<tr>\n<td style=\"text-align: center;\">\u00a0Terminados en 9 o 0 antes del 10 de septiembre de 2016<\/td>\n<\/tr>\n<\/tbody>\n<\/table>\n<p>&nbsp;<\/p>\n<p><a href=\"http:\/\/immformacion.com\/web\/?page_id=7362\"><img decoding=\"async\" class=\"wp-image-3779 alignright\" src=\"http:\/\/immformacion.com\/web\/wp-content\/uploads\/2013\/06\/Volver-azul.png\" alt=\"Volver azul\" width=\"137\" height=\"53\" \/><\/a><br \/>\n&nbsp;<br \/>\n&nbsp;<\/p>\n","protected":false},"excerpt":{"rendered":"<p>Puedes realizar el curso de formaci\u00f3n inicial del CAP sin tener ning\u00fan permiso para conducir. No tienes porque tener el<\/p>\n","protected":false},"author":1,"featured_media":0,"parent":0,"menu_order":0,"comment_status":"closed","ping_status":"closed","template":"","meta":{"_uag_custom_page_level_css":"","_monsterinsights_skip_tracking":false,"_monsterinsights_sitenote_active":false,"_monsterinsights_sitenote_note":"","_monsterinsights_sitenote_category":0,"footnotes":""},"class_list":["post-7899","page","type-page","status-publish","hentry"],"aioseo_notices":[],"uagb_featured_image_src":{"full":false,"thumbnail":false,"medium":false,"medium_large":false,"large":false,"1536x1536":false,"2048x2048":false,"ample-featured-blog-large":false,"ample-featured-blog-small":false,"ample-portfolio-image":false,"sendpress-max":false,"woocommerce_thumbnail":false,"woocommerce_single":false,"woocommerce_gallery_thumbnail":false},"uagb_author_info":{"display_name":"IMM","author_link":"https:\/\/immformacion.com\/web\/author\/imm_admin\/"},"uagb_comment_info":0,"uagb_excerpt":"Puedes realizar el curso de formaci\u00f3n inicial del CAP sin tener ning\u00fan permiso para conducir. No tienes porque tener el","_links":{"self":[{"href":"https:\/\/immformacion.com\/web\/wp-json\/wp\/v2\/pages\/7899","targetHints":{"allow":["GET"]}}],"collection":[{"href":"https:\/\/immformacion.com\/web\/wp-json\/wp\/v2\/pages"}],"about":[{"href":"https:\/\/immformacion.com\/web\/wp-json\/wp\/v2\/types\/page"}],"author":[{"embeddable":true,"href":"https:\/\/immformacion.com\/web\/wp-json\/wp\/v2\/users\/1"}],"replies":[{"embeddable":true,"href":"https:\/\/immformacion.com\/web\/wp-json\/wp\/v2\/comments?post=7899"}],"version-history":[{"count":15,"href":"https:\/\/immformacion.com\/web\/wp-json\/wp\/v2\/pages\/7899\/revisions"}],"predecessor-version":[{"id":7922,"href":"https:\/\/immformacion.com\/web\/wp-json\/wp\/v2\/pages\/7899\/revisions\/7922"}],"wp:attachment":[{"href":"https:\/\/immformacion.com\/web\/wp-json\/wp\/v2\/media?parent=7899"}],"curies":[{"name":"wp","href":"https:\/\/api.w.org\/{rel}","templated":true}]}}