{"id":8576,"date":"2016-01-26T09:55:24","date_gmt":"2016-01-26T08:55:24","guid":{"rendered":"http:\/\/immformacion.com\/web\/?page_id=8576"},"modified":"2016-01-26T09:55:24","modified_gmt":"2016-01-26T08:55:24","slug":"8576-2","status":"publish","type":"page","link":"https:\/\/immformacion.com\/web\/8576-2\/","title":{"rendered":"Aplicaci\u00f3n en la directiva ATEX-Atm\u00f3sferas explosivas"},"content":{"rendered":"<table border=\"0\" cellpadding=\"10\">\n<tbody>\n<tr style=\"background-color: #346094;\">\n<td style=\"text-align: center;\" colspan=\"2\"><span style=\"color: #ffffff;\"><strong>CALIDAD Y PREVENCI\u00d3N DE RIESGOS LABORALES<\/strong><\/span><\/td>\n<\/tr>\n<tr style=\"background-color: #dce5f4;\">\n<td style=\"text-align: center;\"><span style=\"color: #346094;\"><strong><em>02<\/em><\/strong><\/span><\/td>\n<td><span style=\"color: #346094;\">Aplicaci\u00f3n en la directiva ATEX-Atm\u00f3sferas explosivas<\/span><\/td>\n<\/tr>\n<tr style=\"background-color: #dce5f4;\">\n<td style=\"text-align: center;\"><span style=\"color: #346094;\">Duraci\u00f3n<\/span><\/td>\n<td style=\"background-color: #ffffff;\"><span style=\"color: #333333;\">80 horas.\u00a0<\/span><\/td>\n<\/tr>\n<tr>\n<td style=\"background-color: #dce5f4; text-align: center;\"><span style=\"color: #346094;\">Certificaci\u00f3n<\/span><\/td>\n<td style=\"border: 1px solid #dce5f4;\">Al finalizar el curso el alumno recibir\u00e1 un Diploma o Certificado de Aprovechamiento.<\/td>\n<\/tr>\n<tr>\n<td style=\"background-color: #dce5f4; text-align: center;\">&nbsp;<\/p>\n<p><span style=\"color: #346094;\">OBJETIVOS<\/span><\/td>\n<td style=\"border: 1px solid #dce5f4;\">&nbsp;<\/p>\n<p><strong>OBJETIVO GENERAL<\/strong><\/p>\n<p>El objetivo general es que al finalizar el curso, el t\u00e9cnico de prevenci\u00f3n adquiera los conocimientos suficientes para poder asesorar a una empresa afectada por el Real Decreto 681\/2003 sobre la protecci\u00f3n de la salud y la seguridad de los trabajadores expuestos a los riesgos derivados de atm\u00f3sferas explosivas en el lugar de trabajo.<\/p>\n<p>&nbsp;<\/p>\n<p><strong>OBJETIVOS ESPEC\u00cdFICOS<\/strong><\/p>\n<p>Con este curso, se pretende que el alumno adquiera los conocimientos suficientes para:<\/p>\n<ul>\n<li>Detectar si una instalaci\u00f3n est\u00e1 afectada o no por la Directiva ATEX -Realizar la clasificaci\u00f3n de zonas en emplazamientos sencillos<\/li>\n<li>Realizar la evaluaci\u00f3n del riesgo de explosi\u00f3n &#8211; Elaborar el documento ATEX exigido por el R.D. 681\/2003.<\/li>\n<\/ul>\n<\/td>\n<\/tr>\n<tr>\n<td style=\"background-color: #dce5f4; text-align: center;\">&nbsp;<\/p>\n<p><span style=\"color: #346094;\">CONTENIDOS<\/span><\/td>\n<td style=\"border: 1px solid #dce5f4;\">&nbsp;<\/p>\n<p><strong>Unidad Did\u00e1ctica 1: Introducci\u00f3n a las atm\u00f3sferas explosivas<\/strong><\/p>\n<p>Introducci\u00f3n y objetivos<\/p>\n<p>1. \u00bfCu\u00e1ndo aplica ATEX? Tipos de emplazamientos<\/p>\n<p style=\"padding-left: 30px;\">1.1. Concepto de atm\u00f3sferas explosivas<\/p>\n<p>\u00a0 \u00a0 \u00a0 \u00a0 1.2. Reacciones de oxidaci\u00f3n<\/p>\n<p style=\"padding-left: 30px;\">1.3. Definici\u00f3n de atm\u00f3sfera explosiva<\/p>\n<p style=\"padding-left: 30px;\">1.4. Clases de emplazamientos<\/p>\n<p>2. Procedimiento<\/p>\n<p style=\"padding-left: 30px;\">2.1. Introducci\u00f3n<\/p>\n<p style=\"padding-left: 30px;\">2.2. Utilidades<\/p>\n<p style=\"padding-left: 30px;\">2.3. Procedimiento de seguridad contra explosiones<\/p>\n<p>3. Sectores industriales con mayor riesgo de explosi\u00f3n<\/p>\n<p>&nbsp;<\/p>\n<p><strong>Unidad Did\u00e1ctica 2: Normativa de aplicaci\u00f3n<\/strong><\/p>\n<p>Introducci\u00f3n y objetivos<\/p>\n<p>1. Identificaci\u00f3n de los requisitos incluidos en el Real Decreto 681\/2003<\/p>\n<p style=\"padding-left: 30px;\">1.1. Introducci\u00f3n<\/p>\n<p style=\"padding-left: 30px;\">1.2. Requisitos del Real Decreto 681\/2003<\/p>\n<p style=\"padding-left: 30px;\">1.3. Prevenci\u00f3n de explosiones y protecci\u00f3n contra las mismas<\/p>\n<p style=\"padding-left: 30px;\">1.4. Evaluaci\u00f3n de los riesgos de explosi\u00f3n<\/p>\n<p style=\"padding-left: 30px;\">1.5. Mantenimiento y supervisi\u00f3n de los ambientes de trabajo potencialmente peligrosos en condiciones seguras de trabajo<\/p>\n<p style=\"padding-left: 30px;\">1.6. Coordinaci\u00f3n de medidas de seguridad cuando se lleven a cabo simult\u00e1neamente trabajos realizados por distintas empresas en aquellos lugares potencialmente peligrosos con posible formaci\u00f3n de atm\u00f3sferas explosivas<\/p>\n<p style=\"padding-left: 30px;\">1.7. Aplicaci\u00f3n de medidas m\u00ednimas de seguridad, organizativas y t\u00e9cnicas, en aquellas \u00e1reas clasificadas<\/p>\n<p style=\"padding-left: 30px;\">1.8. Clasificaci\u00f3n en zonas de aquellas \u00e1reas en las que puedan formarse atm\u00f3sferas explosivas<\/p>\n<p style=\"padding-left: 30px;\">1.9. Elaboraci\u00f3n y mantenimiento del documento de protecci\u00f3n contra explosiones<\/p>\n<p>2. Selecci\u00f3n de equipos, aparatos y sistemas de protecci\u00f3n<\/p>\n<p style=\"padding-left: 30px;\">2.1. Introducci\u00f3n<\/p>\n<p style=\"padding-left: 30px;\">2.2. Marcado de equipo<\/p>\n<p style=\"padding-left: 60px;\">2.2.1. Marcado de conformidad<\/p>\n<p style=\"padding-left: 60px;\">2.2.2. Marcado Normativo<\/p>\n<p>\u00a0 \u00a0 \u00a0 \u00a0 2.3. Manual de instrucciones<\/p>\n<p>&nbsp;<\/p>\n<p><strong>Unidad Did\u00e1ctica 3: Clasificaci\u00f3n de zonas ATEX<\/strong><\/p>\n<p>Introducci\u00f3n y objetivos<\/p>\n<p>1. Determinaci\u00f3n del tipo y extensi\u00f3n de zonas donde pueden generarse atm\u00f3sferas explosivas<\/p>\n<p style=\"padding-left: 30px;\">1.1. Clasificaci\u00f3n de emplazamientos con riesgo debido a la presencia de gases o vapores inflamables o nieblas peligrosas<\/p>\n<p style=\"padding-left: 60px;\">1.1.1. Introducci\u00f3n<\/p>\n<p style=\"padding-left: 60px;\">1.1.2. Metodolog\u00eda<\/p>\n<p style=\"padding-left: 60px;\">1.1.3. Ejemplos de clasificaci\u00f3n de emplazamiento<\/p>\n<p style=\"padding-left: 60px;\">1.1.4. Ejemplo de fuentes de Escape<\/p>\n<p style=\"padding-left: 60px;\">1.1.5. Ejemplo de C\u00e1lculos de Tasas de Escape<\/p>\n<p style=\"padding-left: 60px;\">1.1.6. Consideraciones para el dise\u00f1o de sistemas de ventilaci\u00f3n artificial (forzada mediante ventiladores extractores o impulsores)<\/p>\n<p style=\"padding-left: 60px;\">1.1.7. Evaluaci\u00f3n del grado de ventilaci\u00f3n y su influencia en el emplazamiento peligroso<\/p>\n<p style=\"padding-left: 60px;\">1.1.8. Evaluaci\u00f3n del tiempo de permanencia t<\/p>\n<p style=\"padding-left: 60px;\">1.1.9. Estimaci\u00f3n del grado de ventilaci\u00f3n<\/p>\n<p style=\"padding-left: 60px;\">1.1.10. Ejemplos de c\u00e1lculos para determinar el grado de ventilaci\u00f3n<\/p>\n<p>\u00a0 \u00a0 \u00a0 \u00a0 1.2. Clasificaci\u00f3n de emplazamientos con riesgo debido a la presencia de atm\u00f3sferas explosivas de polvo y capas de polvo<\/p>\n<p style=\"padding-left: 60px;\">1.2.1. Introducci\u00f3n<\/p>\n<p style=\"padding-left: 60px;\">1.2.2. Metodolog\u00eda<\/p>\n<p style=\"padding-left: 60px;\">1.2.3. Ejemplo de clasificaci\u00f3n<\/p>\n<p style=\"padding-left: 60px;\">1.2.4. Ejemplo n\u00ba 1<\/p>\n<p style=\"padding-left: 60px;\">1.2.5. Ejemplo n\u00ba 2<\/p>\n<p style=\"padding-left: 60px;\">1.2.6. Ejemplo n\u00ba 3<\/p>\n<p style=\"padding-left: 60px;\">1.2.7. Ejemplo n\u00ba 4<\/p>\n<p style=\"padding-left: 30px;\">\u00a01.3. Clasificaci\u00f3n de emplazamientos con riesgos significativos correspondientes a cabinas de pulverizaci\u00f3n para la aplicaci\u00f3n de materiales de recubrimiento org\u00e1nicos l\u00edquidos<\/p>\n<p style=\"padding-left: 60px;\">1.3.1. Introducci\u00f3n<\/p>\n<p style=\"padding-left: 60px;\">1.3.2. Definiciones<\/p>\n<p style=\"padding-left: 60px;\">1.3.3. Riesgos m\u00e1s significativos<\/p>\n<p style=\"padding-left: 60px;\">1.3.4. Metodolog\u00eda<\/p>\n<p style=\"padding-left: 60px;\">1.3.5. Ejemplos de clasificaci\u00f3n de emplazamientos<\/p>\n<p style=\"padding-left: 30px;\">1.4. Clasificaci\u00f3n de emplazamientos con riesgos significativos correspondientes a cabinas de pulverizaci\u00f3n para la aplicaci\u00f3n de materiales de recubrimiento org\u00e1nico en polvo<\/p>\n<p style=\"padding-left: 60px;\">1.4.1. Introducci\u00f3n<\/p>\n<p style=\"padding-left: 60px;\">1.4.2. Definiciones<\/p>\n<p style=\"padding-left: 60px;\">1.4.3. Riesgos m\u00e1s significativos<\/p>\n<p style=\"padding-left: 60px;\">1.4.4. Metodolog\u00eda<\/p>\n<p>&nbsp;<\/p>\n<p><strong>Unidad Did\u00e1ctica 4: Evaluaci\u00f3n del riesgo de explosi\u00f3n<\/strong><\/p>\n<p>Introducci\u00f3n y objetivos<\/p>\n<p>1. Desarrollo de la metodolog\u00eda a llevar a cabo<\/p>\n<p style=\"padding-left: 30px;\">1.1. Introducci\u00f3n<\/p>\n<p style=\"padding-left: 30px;\">1.2. Principales metodolog\u00edas: m\u00e9todos cualitativos y m\u00e9todos cuantitativos<\/p>\n<p style=\"padding-left: 60px;\">1.2.1. M\u00e9todos cualitativos<\/p>\n<p style=\"padding-left: 60px;\">1.2.2. M\u00e9todos cuantitativos<\/p>\n<p style=\"padding-left: 60px;\">1.2.3. Metodolog\u00edas generales<\/p>\n<p style=\"padding-left: 60px;\">1.2.4. M\u00e9todo SEPTRI<\/p>\n<p style=\"padding-left: 60px;\">1.2.5. M\u00e9todo Fine<\/p>\n<p style=\"padding-left: 60px;\">1.2.6. M\u00e9todo del INSHT<\/p>\n<p style=\"padding-left: 60px;\">1.2.7. M\u00e9todo HRN<\/p>\n<p style=\"padding-left: 60px;\">1.2.8. M\u00e9todo MESERI<\/p>\n<p style=\"padding-left: 60px;\">1.2.9. M\u00e9todo GRETENER<\/p>\n<p style=\"padding-left: 60px;\">1.2.10. Otros m\u00e9todos<\/p>\n<p>&nbsp;<\/p>\n<p><strong>Unidad Did\u00e1ctica 5: Elaboraci\u00f3n del documento de protecci\u00f3n contra explosiones<\/strong><\/p>\n<p>Introducci\u00f3n y objetivos<\/p>\n<p>1. \u00bfCu\u00e1ndo hay que elaborar el DPCE?<\/p>\n<p>2. Contenido m\u00ednimo a incluir en el documento ATEX<\/p>\n<p style=\"padding-left: 30px;\">2.1. Introducci\u00f3n<\/p>\n<p style=\"padding-left: 30px;\">2.2. Evaluaci\u00f3n de los riesgos de explosi\u00f3n<\/p>\n<p style=\"padding-left: 30px;\">2.3. Medidas preventivas<\/p>\n<p style=\"padding-left: 30px;\">2.4. Zonas clasificadas y medidas adoptadas<\/p>\n<p style=\"padding-left: 30px;\">2.5. Dise\u00f1o, uso y mantenimiento adecuado y equipos de trabajo<\/p>\n<p style=\"padding-left: 30px;\">2.6. Otros aspectos complementarios<\/p>\n<p style=\"padding-left: 30px;\">2.7. \u00cdndice tipo del documento de protecci\u00f3n contra explosiones<\/p>\n<p style=\"padding-left: 30px;\">2.8. Ejemplos de un documento de protecci\u00f3n contra explosiones<\/p>\n<p style=\"padding-left: 60px;\">2.8.1. Objeto y alcance del documento<\/p>\n<p style=\"padding-left: 60px;\">2.8.2. Datos generales de la empresa<\/p>\n<p style=\"padding-left: 60px;\">2.8.3. Descripci\u00f3n de los procesos y de las actividades de la empresa<\/p>\n<p style=\"padding-left: 60px;\">2.8.4. Evaluaci\u00f3n de los riesgos de explosi\u00f3n<\/p>\n<p style=\"padding-left: 60px;\">2.8.5. Clasificaci\u00f3n de zonas<\/p>\n<p style=\"padding-left: 60px;\">2.8.6. Medidas adoptadas (t\u00e9cnicas y organizativas) para evitar el riesgo derivado de la formaci\u00f3n de atm\u00f3sferas explosivas<\/p>\n<p style=\"padding-left: 60px;\">2.8.7. Coordinaci\u00f3n de las medidas de protecci\u00f3n contra explosiones<\/p>\n<p style=\"padding-left: 60px;\">2.8.8. Cumplimiento de las exigencias del Real Decreto 1215\/1997<\/p>\n<\/td>\n<\/tr>\n<\/tbody>\n<\/table>\n<p>&nbsp;<\/p>\n","protected":false},"excerpt":{"rendered":"<p>CALIDAD Y PREVENCI\u00d3N DE RIESGOS LABORALES 02 Aplicaci\u00f3n en la directiva ATEX-Atm\u00f3sferas explosivas Duraci\u00f3n 80 horas.\u00a0 Certificaci\u00f3n Al finalizar el<\/p>\n","protected":false},"author":1,"featured_media":0,"parent":0,"menu_order":0,"comment_status":"closed","ping_status":"closed","template":"","meta":{"_uag_custom_page_level_css":"","_monsterinsights_skip_tracking":false,"_monsterinsights_sitenote_active":false,"_monsterinsights_sitenote_note":"","_monsterinsights_sitenote_category":0,"footnotes":""},"class_list":["post-8576","page","type-page","status-publish","hentry"],"aioseo_notices":[],"uagb_featured_image_src":{"full":false,"thumbnail":false,"medium":false,"medium_large":false,"large":false,"1536x1536":false,"2048x2048":false,"ample-featured-blog-large":false,"ample-featured-blog-small":false,"ample-portfolio-image":false,"sendpress-max":false,"woocommerce_thumbnail":false,"woocommerce_single":false,"woocommerce_gallery_thumbnail":false},"uagb_author_info":{"display_name":"IMM","author_link":"https:\/\/immformacion.com\/web\/author\/imm_admin\/"},"uagb_comment_info":0,"uagb_excerpt":"CALIDAD Y PREVENCI\u00d3N DE RIESGOS LABORALES 02 Aplicaci\u00f3n en la directiva ATEX-Atm\u00f3sferas explosivas Duraci\u00f3n 80 horas.\u00a0 Certificaci\u00f3n Al finalizar el","_links":{"self":[{"href":"https:\/\/immformacion.com\/web\/wp-json\/wp\/v2\/pages\/8576","targetHints":{"allow":["GET"]}}],"collection":[{"href":"https:\/\/immformacion.com\/web\/wp-json\/wp\/v2\/pages"}],"about":[{"href":"https:\/\/immformacion.com\/web\/wp-json\/wp\/v2\/types\/page"}],"author":[{"embeddable":true,"href":"https:\/\/immformacion.com\/web\/wp-json\/wp\/v2\/users\/1"}],"replies":[{"embeddable":true,"href":"https:\/\/immformacion.com\/web\/wp-json\/wp\/v2\/comments?post=8576"}],"version-history":[{"count":7,"href":"https:\/\/immformacion.com\/web\/wp-json\/wp\/v2\/pages\/8576\/revisions"}],"predecessor-version":[{"id":8583,"href":"https:\/\/immformacion.com\/web\/wp-json\/wp\/v2\/pages\/8576\/revisions\/8583"}],"wp:attachment":[{"href":"https:\/\/immformacion.com\/web\/wp-json\/wp\/v2\/media?parent=8576"}],"curies":[{"name":"wp","href":"https:\/\/api.w.org\/{rel}","templated":true}]}}