{"id":8610,"date":"2016-01-26T12:59:16","date_gmt":"2016-01-26T11:59:16","guid":{"rendered":"http:\/\/immformacion.com\/web\/?page_id=8610"},"modified":"2016-01-26T12:59:16","modified_gmt":"2016-01-26T11:59:16","slug":"modulo-internacionalizacion","status":"publish","type":"page","link":"https:\/\/immformacion.com\/web\/modulo-internacionalizacion\/","title":{"rendered":"M\u00f3dulo Internacionalizaci\u00f3n"},"content":{"rendered":"<table border=\"0\" cellpadding=\"10\">\n<tbody>\n<tr style=\"background-color: #346094;\">\n<td style=\"text-align: center;\" colspan=\"2\"><span style=\"color: #ffffff;\"><strong>CREACI\u00d3N DE EMPRESAS<\/strong><\/span><\/td>\n<\/tr>\n<tr style=\"background-color: #dce5f4;\">\n<td style=\"text-align: center;\"><strong><span style=\"color: #346094;\">11<\/span><\/strong><\/td>\n<td><span style=\"color: #346094;\">M\u00f3dulo Internacionalizaci\u00f3n<\/span><\/td>\n<\/tr>\n<tr style=\"background-color: #dce5f4;\">\n<td style=\"text-align: center;\"><span style=\"color: #346094;\">Duraci\u00f3n<\/span><\/td>\n<td style=\"background-color: #ffffff;\"><span style=\"color: #333333;\">6 horas<\/span><\/td>\n<\/tr>\n<tr>\n<td style=\"background-color: #dce5f4; text-align: center;\"><span style=\"color: #346094;\">Certificaci\u00f3n<\/span><\/td>\n<td style=\"border: 1px solid #dce5f4;\">Al finalizar el curso el alumno recibir\u00e1 un Diploma o Certificado de Aprovechamiento<\/td>\n<\/tr>\n<tr>\n<td style=\"background-color: #dce5f4; text-align: center;\"><span style=\"color: #346094;\">OBJETIVOS<\/span><\/td>\n<td style=\"border: 1px solid #dce5f4;\"><strong>OBJETIVOS GENERALES<\/strong><\/p>\n<p>El presente m\u00f3dulo est\u00e1 dirigido a que los participantes en la acci\u00f3n formativa asimilen la necesidad y oportunidad de ampliar el horizonte de la actividad econ\u00f3mica y\/o comercial de la empresa m\u00e1s all\u00e1 de las fronteras nacionales.<\/p>\n<p><strong>OBJETIVOS ESPEC\u00cdFICOS<\/strong><\/p>\n<p>Espec\u00edficamente, el m\u00f3dulo proporciona los medios necesarios para:<\/p>\n<ul>\n<li>Adquirir una mentalidad abierta hacia la expansi\u00f3n comercial y\/o implantaci\u00f3n de las actividades econ\u00f3micas en el exterior.<\/li>\n<li>Obtener un conocimiento general de las posibilidades de internacionalizaci\u00f3n de las actividades econ\u00f3micas, as\u00ed como de los cambios e impactos provocados por dicha expansi\u00f3n en empresas y actividades.<\/li>\n<li>Determinar, con vistas a asumir o verse implicado en una iniciativa de internacionalizaci\u00f3n, los factores condicionantes del \u00e9xito o fracaso, a trav\u00e9s del an\u00e1lisis de experiencias reales.<\/li>\n<\/ul>\n<\/td>\n<\/tr>\n<tr>\n<td style=\"background-color: #dce5f4; text-align: center;\"><span style=\"color: #346094;\">CONTENIDOS<\/span><\/td>\n<td style=\"border: 1px solid #dce5f4;\"><strong>Unidad did\u00e1ctica 1: Implicaciones de internacionalizar la empresa<\/strong><\/p>\n<p style=\"padding-left: 30px;\">1.1. Las ventajas y oportunidades: nuevos mercados, nuevos nichos de negocio.<br \/>\n1.2. Los riesgos. Vicisitudes geopol\u00edticas. Tipos de cambio. Diversidad e inseguridad jur\u00eddicas.<br \/>\n1.3. Las dificultades. Idioma, cultura, moneda, competencia.<\/p>\n<p>&nbsp;<\/p>\n<p><strong>Unidad did\u00e1ctica 2: C\u00f3mo internacionalizarse<\/strong><\/p>\n<p style=\"padding-left: 30px;\">2.1. Prospecci\u00f3n de los mercados exteriores.<br \/>\n2.2. C\u00f3mo expandirse: exportar o exportarse.<br \/>\n2.3. Internacionalizar: filiales o alianzas.<br \/>\n2.4. Cauces y redes comerciales internacionales.<br \/>\n2.5. Apoyos institucionales a la internacionalizaci\u00f3n.<\/p>\n<p><strong>Unidad did\u00e1ctica 3: Impactos de la internacionalizaci\u00f3n en la empresa<\/strong><\/p>\n<p style=\"padding-left: 30px;\">3.1. \u00bfQu\u00e9 hacer para ser competitivos?<br \/>\n3.2. Reinventarse: cambio cultural en la empresa.<br \/>\n3.3. Impacto en los Recursos humanos.<br \/>\n3.4. Cambios en los sistemas y procesos productivos.<br \/>\n3.5. Adaptaciones del productoservicio.<\/p>\n<p><strong>Unidad did\u00e1ctica 4: An\u00e1lisis de casos reales (&#8220;Espa\u00f1oles por el mundo&#8221;)<\/strong><\/p>\n<p style=\"padding-left: 30px;\">4.1. Casos de expansi\u00f3n comercial.<br \/>\n4.2. Casos de extensi\u00f3n de la implantaci\u00f3n.<br \/>\n4.3. Casos de migraci\u00f3n del emprendimiento.<br \/>\n4.4. Factores favorecedores del \u00e9xito.<br \/>\n4.5. Factores del fracaso y segundas oportunidades.<\/p>\n<\/td>\n<\/tr>\n<\/tbody>\n<\/table>\n<p>&nbsp;<\/p>\n","protected":false},"excerpt":{"rendered":"<p>CREACI\u00d3N DE EMPRESAS 11 M\u00f3dulo Internacionalizaci\u00f3n Duraci\u00f3n 6 horas Certificaci\u00f3n Al finalizar el curso el alumno recibir\u00e1 un Diploma o<\/p>\n","protected":false},"author":1,"featured_media":0,"parent":0,"menu_order":0,"comment_status":"closed","ping_status":"closed","template":"","meta":{"_uag_custom_page_level_css":"","_monsterinsights_skip_tracking":false,"_monsterinsights_sitenote_active":false,"_monsterinsights_sitenote_note":"","_monsterinsights_sitenote_category":0,"footnotes":""},"class_list":["post-8610","page","type-page","status-publish","hentry"],"aioseo_notices":[],"uagb_featured_image_src":{"full":false,"thumbnail":false,"medium":false,"medium_large":false,"large":false,"1536x1536":false,"2048x2048":false,"ample-featured-blog-large":false,"ample-featured-blog-small":false,"ample-portfolio-image":false,"sendpress-max":false,"woocommerce_thumbnail":false,"woocommerce_single":false,"woocommerce_gallery_thumbnail":false},"uagb_author_info":{"display_name":"IMM","author_link":"https:\/\/immformacion.com\/web\/author\/imm_admin\/"},"uagb_comment_info":0,"uagb_excerpt":"CREACI\u00d3N DE EMPRESAS 11 M\u00f3dulo Internacionalizaci\u00f3n Duraci\u00f3n 6 horas Certificaci\u00f3n Al finalizar el curso el alumno recibir\u00e1 un Diploma o","_links":{"self":[{"href":"https:\/\/immformacion.com\/web\/wp-json\/wp\/v2\/pages\/8610","targetHints":{"allow":["GET"]}}],"collection":[{"href":"https:\/\/immformacion.com\/web\/wp-json\/wp\/v2\/pages"}],"about":[{"href":"https:\/\/immformacion.com\/web\/wp-json\/wp\/v2\/types\/page"}],"author":[{"embeddable":true,"href":"https:\/\/immformacion.com\/web\/wp-json\/wp\/v2\/users\/1"}],"replies":[{"embeddable":true,"href":"https:\/\/immformacion.com\/web\/wp-json\/wp\/v2\/comments?post=8610"}],"version-history":[{"count":3,"href":"https:\/\/immformacion.com\/web\/wp-json\/wp\/v2\/pages\/8610\/revisions"}],"predecessor-version":[{"id":8895,"href":"https:\/\/immformacion.com\/web\/wp-json\/wp\/v2\/pages\/8610\/revisions\/8895"}],"wp:attachment":[{"href":"https:\/\/immformacion.com\/web\/wp-json\/wp\/v2\/media?parent=8610"}],"curies":[{"name":"wp","href":"https:\/\/api.w.org\/{rel}","templated":true}]}}