{"id":8660,"date":"2016-01-25T13:27:10","date_gmt":"2016-01-25T12:27:10","guid":{"rendered":"http:\/\/immformacion.com\/web\/?page_id=8660"},"modified":"2016-01-25T13:27:10","modified_gmt":"2016-01-25T12:27:10","slug":"gestion-eficaz-del-tiempo","status":"publish","type":"page","link":"https:\/\/immformacion.com\/web\/gestion-eficaz-del-tiempo\/","title":{"rendered":"Gesti\u00f3n eficaz del tiempo"},"content":{"rendered":"<table style=\"height: 362px;\" border=\"0\" width=\"759\" cellpadding=\"10\">\n<tbody>\n<tr style=\"background-color: #346094;\">\n<td style=\"height: 20px; text-align: center;\" colspan=\"2\"><span style=\"color: #ffffff;\"><b>HABILIDADES DIRECTIVAS Y PERSONALES<\/b><\/span><\/td>\n<\/tr>\n<tr style=\"background-color: #dce5f4;\">\n<td style=\"text-align: center;\"><span style=\"color: #346094;\"><b>30<\/b><\/span><\/td>\n<td scope=\"row\"><span style=\"color: #346094;\">Gesti\u00f3n eficaz del tiempo<\/span><\/td>\n<\/tr>\n<tr>\n<td style=\"text-align: center; background-color: #dce5f4;\"><span style=\"color: #346094;\">Duraci\u00f3n<\/span><\/td>\n<td scope=\"row\"><span style=\"color: #333333;\">30 horas<\/span><\/td>\n<\/tr>\n<tr>\n<td style=\"text-align: center; background-color: #dce5f4;\"><span style=\"color: #346094;\">Certificaci\u00f3n<\/span><\/td>\n<td scope=\"row\">Al finalizar el curso el alumno recibir\u00e1 un Diploma o Certificado de Aprovechamiento<\/td>\n<\/tr>\n<tr>\n<td style=\"background-color: #dce5f4; text-align: center;\"><span style=\"color: #346094;\">OBJETIVOS<\/span><\/td>\n<td style=\"border: 1px solid #dce5f4;\">\n<ul>\n<li>Comprender qu\u00e9 entendemos exactamente por tiempo.<\/li>\n<li>Conocer sus principales caracter\u00edsticas.<\/li>\n<li>Diferenciar entre la gesti\u00f3n de las tareas y de los objetivos.<\/li>\n<li>Conocer por qu\u00e9 se pierde el tiempo.<\/li>\n<li>Conocer los principales modelos de organizaci\u00f3n y productividad personal.<\/li>\n<li>Administrar su tiempo y energ\u00eda de manera m\u00e1s efectiva.<\/li>\n<li>Organizar su tiempo y el flujo de trabajo.<\/li>\n<li>Cuidar su nivel de energ\u00eda, manteni\u00e9ndolo alto para poder aplicar todo lo aprendido.<\/li>\n<li>Determinar en qu\u00e9 tipo de actividades emplean su tiempo.<\/li>\n<li>Actuar con proactividad.<\/li>\n<li>Dise\u00f1ar sus objetivos conscientemente.<\/li>\n<li>Tener algunas ideas acerca de c\u00f3mo mantenerse actualizados.<\/li>\n<li>Identificar los principales ladrones de tiempo que consumen sus energ\u00edas.<\/li>\n<li>Reflexionar acerca de cu\u00e1les son los motivos por los cuales caen en alguno o varios de estos ladrones de tiempo.<\/li>\n<li>Aprender herramientas que les faciliten acabar con ellos.<\/li>\n<\/ul>\n<\/td>\n<\/tr>\n<tr>\n<td style=\"background-color: #dce5f4; text-align: center;\"><span style=\"color: #346094;\">CONTENIDOS<\/span><\/td>\n<td style=\"border: 1px solid #dce5f4;\"><strong>Unidad Did\u00e1ctica 1: Aproximaci\u00f3n al concepto de tiempo<\/strong><\/p>\n<p>Introducci\u00f3n y Objetivos<\/p>\n<p>1.\u00a0Aproximaci\u00f3n al concepto de tiempo<\/p>\n<p style=\"padding-left: 30px;\">1.1. Concepto de tiempo y mitolog\u00eda<\/p>\n<p style=\"padding-left: 30px;\">1.2. Diferentes interpretaciones<\/p>\n<p>2. Caracter\u00edsticas del tiempo<\/p>\n<p>3. El manejo del tiempo<\/p>\n<p style=\"padding-left: 30px;\">3.1. &#8220;Modo reloj&#8221; versus &#8220;modo br\u00fajula&#8221;<\/p>\n<p style=\"padding-left: 30px;\">3.2. Modo reloj<\/p>\n<p style=\"padding-left: 30px;\">3.3 La t\u00e9cnica pomodoro<\/p>\n<p style=\"padding-left: 30px;\">3.4. La Ley de Parkinson<\/p>\n<p style=\"padding-left: 30px;\">3.5. Entre chapuza y perfeccionismo: la zona de eficiencia<\/p>\n<p style=\"padding-left: 30px;\">3.6. Modo br\u00fajul<\/p>\n<p>4. Causas de la p\u00e9rdida de tiempo<\/p>\n<p style=\"padding-left: 30px;\">4.1. Principales motivos<\/p>\n<p style=\"padding-left: 30px;\">4.2. Creencias sobre la gesti\u00f3n del tiempo<\/p>\n<p>&nbsp;<\/p>\n<p><strong>Unidad Did\u00e1ctica 2. Organizaci\u00f3n y productividad personal<\/strong><\/p>\n<p>Introducci\u00f3n y Objetivos<\/p>\n<p>1. Organizaci\u00f3n y productividad personal<\/p>\n<p style=\"padding-left: 30px;\">1.1. Evoluci\u00f3n hist\u00f3rica<\/p>\n<p>2. Los principales modelos de productividad personal<\/p>\n<p style=\"padding-left: 30px;\">2.1. El modelo de productividad de B\u00e1rbara Berckhan<\/p>\n<p style=\"padding-left: 30px;\">2.2. El modelo de productividad de David Allen<\/p>\n<p style=\"padding-left: 30px;\">2.3. El modelo de productividad de Leo Babauta<\/p>\n<p>3. Gesti\u00f3n del propio estado<\/p>\n<p style=\"padding-left: 30px;\">3.1. Cambiar el enfoque<\/p>\n<p style=\"padding-left: 30px;\">3.2. Caso de estudio<\/p>\n<p style=\"padding-left: 30px;\">3.3. La forma como el estr\u00e9s afecta al rendimiento<\/p>\n<p>&nbsp;<\/p>\n<p><strong>Unidad Did\u00e1ctica 3: La matriz Urgente-Importante<\/strong><\/p>\n<p>Introducci\u00f3n y Objetivos<\/p>\n<p>1. Un nuevo enfoque en la gesti\u00f3n del tiempo<\/p>\n<p style=\"padding-left: 30px;\">1.1. Cambio de paradigma<\/p>\n<p style=\"padding-left: 30px;\">1.2. Los siete h\u00e1bitos<\/p>\n<p style=\"padding-left: 30px;\">1.3. La Victoria privada. Los tres primeros h\u00e1bitos<\/p>\n<p style=\"padding-left: 30px;\">1.4. La Victoria p\u00fablica<\/p>\n<p style=\"padding-left: 30px;\">1.5. H\u00e1bito 7<\/p>\n<p>2. Aportaciones de Stephen Covey a la gesti\u00f3n del tiempo<\/p>\n<p style=\"padding-left: 30px;\">2.1. Proactividad<\/p>\n<p style=\"padding-left: 30px;\">2.2. Empezar con un fin en mente<\/p>\n<p style=\"padding-left: 30px;\">2.3. Afilar la sierra<\/p>\n<p style=\"padding-left: 30px;\">2.4. Primero lo primero: tareas urgentes e importantes<\/p>\n<p style=\"padding-left: 30px;\">2.5. La matriz de la gesti\u00f3n del tiempo<\/p>\n<p style=\"padding-left: 30px;\">2.6. Ocuparnos de lo que es importante<\/p>\n<p>&nbsp;<\/p>\n<p><strong>Unidad Did\u00e1ctica 4: Herramientas para frenar los ladrones de tiempo<\/strong><\/p>\n<p>Introducci\u00f3n y Objetivos<\/p>\n<p>1.\u00a0\u00a0Los ladrones de tiempo<\/p>\n<p style=\"padding-left: 30px;\">1.1. Cuestiones previas<\/p>\n<p style=\"padding-left: 30px;\">1.2. Caso de estudio<\/p>\n<p>2. Aprovechar los biorritmos personales<\/p>\n<p style=\"padding-left: 30px;\">2.1. La Teor\u00eda de los biorritmos<\/p>\n<p style=\"padding-left: 30px;\">2.2. Factores influyentes en los biorritmos diarios<\/p>\n<p>3. Imprevistos<\/p>\n<p>4. Visitas, llamadas, Emails<\/p>\n<p style=\"padding-left: 30px;\">4.1. Visitas<\/p>\n<p style=\"padding-left: 30px;\">4.2. Llamadas<\/p>\n<p style=\"padding-left: 30px;\">4.3. Emails<\/p>\n<p>5. Reuniones<\/p>\n<p style=\"padding-left: 30px;\">5.1. Preparar la reuni\u00f3n<\/p>\n<p style=\"padding-left: 30px;\">5.2. Algunas ideas para\u00a0 la reuni\u00f3n<\/p>\n<p>6. Multitarea<\/p>\n<p>7. Planificar y priorizar<\/p>\n<p>8. Tareas elefante y tareas rat\u00f3n<\/p>\n<p>9. Procrastinaci\u00f3n<\/p>\n<p style=\"padding-left: 30px;\">9.1. Concepto<\/p>\n<p style=\"padding-left: 30px;\">9.2. Motivos internos<\/p>\n<p style=\"padding-left: 30px;\">9.3. Motivos externos<\/p>\n<p>10. Delegar<\/p>\n<p>11. Las nuevas tecnolog\u00edas: Facebook, Twitter, WhatsApp&#8230;<\/p>\n<p style=\"padding-left: 30px;\">11.1. Los nuevos ladrones de tiempo<\/p>\n<p style=\"padding-left: 30px;\">11.2. Navegaci\u00f3n inconsciente<\/p>\n<p style=\"padding-left: 30px;\">11.3. Redes sociales<\/p>\n<p style=\"padding-left: 30px;\">11.4. Blogs y noticias<\/p>\n<\/td>\n<\/tr>\n<\/tbody>\n<\/table>\n<p>&nbsp;<\/p>\n","protected":false},"excerpt":{"rendered":"<p>HABILIDADES DIRECTIVAS Y PERSONALES 30 Gesti\u00f3n eficaz del tiempo Duraci\u00f3n 30 horas Certificaci\u00f3n Al finalizar el curso el alumno recibir\u00e1<\/p>\n","protected":false},"author":1,"featured_media":0,"parent":0,"menu_order":0,"comment_status":"closed","ping_status":"closed","template":"","meta":{"_uag_custom_page_level_css":"","_monsterinsights_skip_tracking":false,"_monsterinsights_sitenote_active":false,"_monsterinsights_sitenote_note":"","_monsterinsights_sitenote_category":0,"footnotes":""},"class_list":["post-8660","page","type-page","status-publish","hentry"],"aioseo_notices":[],"uagb_featured_image_src":{"full":false,"thumbnail":false,"medium":false,"medium_large":false,"large":false,"1536x1536":false,"2048x2048":false,"ample-featured-blog-large":false,"ample-featured-blog-small":false,"ample-portfolio-image":false,"sendpress-max":false,"woocommerce_thumbnail":false,"woocommerce_single":false,"woocommerce_gallery_thumbnail":false},"uagb_author_info":{"display_name":"IMM","author_link":"https:\/\/immformacion.com\/web\/author\/imm_admin\/"},"uagb_comment_info":0,"uagb_excerpt":"HABILIDADES DIRECTIVAS Y PERSONALES 30 Gesti\u00f3n eficaz del tiempo Duraci\u00f3n 30 horas Certificaci\u00f3n Al finalizar el curso el alumno recibir\u00e1","_links":{"self":[{"href":"https:\/\/immformacion.com\/web\/wp-json\/wp\/v2\/pages\/8660","targetHints":{"allow":["GET"]}}],"collection":[{"href":"https:\/\/immformacion.com\/web\/wp-json\/wp\/v2\/pages"}],"about":[{"href":"https:\/\/immformacion.com\/web\/wp-json\/wp\/v2\/types\/page"}],"author":[{"embeddable":true,"href":"https:\/\/immformacion.com\/web\/wp-json\/wp\/v2\/users\/1"}],"replies":[{"embeddable":true,"href":"https:\/\/immformacion.com\/web\/wp-json\/wp\/v2\/comments?post=8660"}],"version-history":[{"count":2,"href":"https:\/\/immformacion.com\/web\/wp-json\/wp\/v2\/pages\/8660\/revisions"}],"predecessor-version":[{"id":8995,"href":"https:\/\/immformacion.com\/web\/wp-json\/wp\/v2\/pages\/8660\/revisions\/8995"}],"wp:attachment":[{"href":"https:\/\/immformacion.com\/web\/wp-json\/wp\/v2\/media?parent=8660"}],"curies":[{"name":"wp","href":"https:\/\/api.w.org\/{rel}","templated":true}]}}