{"id":8680,"date":"2016-01-27T13:04:18","date_gmt":"2016-01-27T12:04:18","guid":{"rendered":"http:\/\/immformacion.com\/web\/?page_id=8680"},"modified":"2016-01-27T13:04:18","modified_gmt":"2016-01-27T12:04:18","slug":"8680-2","status":"publish","type":"page","link":"https:\/\/immformacion.com\/web\/8680-2\/","title":{"rendered":"Programaci\u00f3n en ASP.Net"},"content":{"rendered":"<table style=\"height: 166px;\" width=\"980\">\n<tbody>\n<tr>\n<td style=\"text-align: center; background-color: #346094;\" colspan=\"2\"><span style=\"color: #ffffff;\">INFORM\u00c1TICA PROFESIONAL<\/span><\/td>\n<\/tr>\n<tr>\n<td style=\"width: 150px; text-align: center; background-color: #dce5f4;\" scope=\"col\"><span style=\"color: #346094;\">38<\/span><\/td>\n<td style=\"background-color: #dce5f4;\"><span style=\"color: #346094;\">Programaci\u00f3n en ASP.Net<\/span><\/td>\n<\/tr>\n<tr>\n<td style=\"text-align: center; background-color: #dce5f4;\"><span style=\"color: #346094;\">Duraci\u00f3n<\/span><\/td>\n<td>40\u00a0horas<\/td>\n<\/tr>\n<tr>\n<td style=\"text-align: center; background-color: #dce5f4;\"><span style=\"color: #346094;\">Certificaci\u00f3n<\/span><\/td>\n<td>Al finalizar el curso el alumno recibir\u00e1 un Diploma o Certificado de Aprovechamiento<\/td>\n<\/tr>\n<tr>\n<td style=\"text-align: center; background-color: #dce5f4;\"><span style=\"color: #346094;\">OBJETIVOS<\/span><\/td>\n<td>\n<ul>\n<li>Conocer los avances en programaci\u00f3n y dise\u00f1o web a trav\u00e9s de las aportaciones de lenguajes como\u00a0 HTML, PHP y DHTML<\/li>\n<li>Introducirse en el conocimiento de la plataforma de gesti\u00f3n de aplicaciones ASP.NET y su entorno .NET<\/li>\n<li>Aproximarse a los servidores web que posibilitan el manejo de ASP.NET y sus peculiaridades.<\/li>\n<li>Familiarizarse con los lenguajes de programaci\u00f3n en los que se basa ASP.NET, Visual Basic, C y C# que compilados conforman el CLR Common Languages Runtime<\/li>\n<li>Introducirse en la programaci\u00f3n orientada a objetos. Conceptos b\u00e1sicos.<\/li>\n<li>Manejo de la herramienta Visual Studio, descarga, instalaci\u00f3n y primeras pr\u00e1cticas<\/li>\n<li>Creaci\u00f3n de p\u00e1ginas sencillas en ASP.NET a trav\u00e9s de la herramienta Visual Studio que implementa varios lenguajes de programaci\u00f3n: Visual Basic, C , C#, JScript, etc\u2026<\/li>\n<li>Conocer la sintaxis del lenguaje de programaci\u00f3n C#<\/li>\n<li>Aproximaci\u00f3n al lenguaje de programaci\u00f3n Visual Basic Script y JScript<\/li>\n<li>Profundizar en el lenguaje de programaci\u00f3n en el que se basa ASP.NET y sus ficheros .aspx generados.<\/li>\n<li>Conocer los controles de un servidor web basado en ASP.NET<\/li>\n<li>Manejo de la herramienta Visual Studio para la realizaci\u00f3n de ejercicios pr\u00e1cticos<\/li>\n<li>Conocer el funcionamiento del servidor local de p\u00e1ginas web denominado IIS Internet Information Services, su configuraci\u00f3n, gesti\u00f3n y administraci\u00f3n general de modo \u00f3ptimo y seguro.<\/li>\n<li>Instalar IIS7.5 en Windows 7 y manejar sus funcionalidades con la realizaci\u00f3n de varios ejercicios<\/li>\n<\/ul>\n<\/td>\n<\/tr>\n<tr>\n<td style=\"text-align: center; background-color: #dce5f4;\"><span style=\"color: #346094;\">CONTENIDOS<\/span><\/td>\n<td><strong>Unidad Did\u00e1ctica 1: Introducci\u00f3n al desarrollo de aplicaciones Web y requisitos de ASP.NET<\/strong><\/p>\n<p>1. Introducci\u00f3n<\/p>\n<p>2. ASP.Net 4.5<\/p>\n<p>3. Java (JSP, Servlets)<\/p>\n<p>4. PHP<\/p>\n<p>5. DHTML<\/p>\n<p>6. Requisitos del ASP.NET (.NET Framework)<\/p>\n<p>7. CLS y CTS<\/p>\n<p>8. IL (MSIL)<\/p>\n<p>&nbsp;<\/p>\n<p><strong>Unidad Did\u00e1ctica 2: Conceptos de programaci\u00f3n orientada a objetos<\/strong><\/p>\n<p>1. Objetos<\/p>\n<p>2. Encapsulaci\u00f3n y abstracci\u00f3n<\/p>\n<p>3. Mensajes, clases y herencia<\/p>\n<p>4. M\u00e9todos<\/p>\n<p>5. Polimorfismo<\/p>\n<p>6. Sobrecarga<\/p>\n<p>7. Modelos de objetos<\/p>\n<p>8. Relaciones entre clases<\/p>\n<p>9. Ventajas e inconvenientes de la POO<\/p>\n<p>Visual Studio: Descarga<\/p>\n<p>Visual Studio: Iniciar<\/p>\n<p>&nbsp;<\/p>\n<p><strong>Unidad Did\u00e1ctica 3: Creando una p\u00e1gina b\u00e1sica<\/strong><\/p>\n<p>1. Comentando el ejemplo<\/p>\n<p>2. Sintaxis de C#<\/p>\n<p>3. Declaraci\u00f3n de variables<\/p>\n<p>4. Sentencias condicionales<\/p>\n<p>5. Bucles<\/p>\n<p>6. Operadores<\/p>\n<p>7. Manejadores de eventos<\/p>\n<p>8. Tratamiento de errores<\/p>\n<p>9. Definici\u00f3n e instanciaci\u00f3n de clases<\/p>\n<p style=\"padding-left: 30px;\">9.1. Definici\u00f3n de clases<\/p>\n<p style=\"padding-left: 30px;\">9.2. Instanciaci\u00f3n de clases<\/p>\n<p>10. Modificadores<\/p>\n<p>Simulaci\u00f3n 1<\/p>\n<p>11.\u00a0 Especial menci\u00f3n al uso de VBScript y JScript<\/p>\n<p style=\"padding-left: 30px;\">11.1. Crear una p\u00e1gina ASP<\/p>\n<p style=\"padding-left: 30px;\">11.2. Agregar secuencias de comandos del servidor<\/p>\n<p style=\"padding-left: 30px;\">11.3. Combinar HTML y comandos de secuencias de comandos<\/p>\n<p style=\"padding-left: 30px;\">11.4. Utilizar directivas ASP<\/p>\n<p style=\"padding-left: 30px;\">11.5. Espacio en blanco en las secuencias de comandos<\/p>\n<p style=\"padding-left: 30px;\">11.6. Utilizar variables y constantes<\/p>\n<p style=\"padding-left: 30px;\">11.7. Alcance de las variables<\/p>\n<p style=\"padding-left: 30px;\">11.8. Asignar a las variables alcance de sesi\u00f3n o de aplicaci\u00f3n<\/p>\n<p style=\"padding-left: 30px;\">11.9. Alcance de sesi\u00f3n<\/p>\n<p style=\"padding-left: 30px;\">11.10. Alcance de aplicaci\u00f3n<\/p>\n<p style=\"padding-left: 30px;\">11.11. Utilizar constantes<\/p>\n<p style=\"padding-left: 30px;\">11.12. Interactuar con secuencias de comandos del cliente<\/p>\n<p style=\"padding-left: 30px;\">11.13. Escribir procedimientos<\/p>\n<p style=\"padding-left: 30px;\">11.14. Definir procedimientos<\/p>\n<p style=\"padding-left: 30px;\">11.15. Llamar a procedimientos<\/p>\n<p style=\"padding-left: 30px;\">11.16. Procesar los datos del usuario<\/p>\n<p style=\"padding-left: 30px;\">11.17. Procesar datos de formularios con ASP<\/p>\n<p style=\"padding-left: 30px;\">11.18. Obtener datos de los formularios<\/p>\n<p style=\"padding-left: 30px;\">11.19. Colecci\u00f3n Form<\/p>\n<p style=\"padding-left: 30px;\">11.20. Validar los datos de los formularios<\/p>\n<p style=\"padding-left: 30px;\">11.21. Acceso al origen da datos<\/p>\n<p style=\"padding-left: 30px;\">11.22. Crear una cadena de conexi\u00f3n<\/p>\n<p style=\"padding-left: 30px;\">11.23. Conectarse al origen de datos<\/p>\n<p style=\"padding-left: 30px;\">11.24. Ejecutar consultas SQL con el objeto Connection<\/p>\n<p style=\"padding-left: 30px;\">11.25. Utilizar el objeto Recordset para manipular los resultados<\/p>\n<p style=\"padding-left: 30px;\">11.26. Combinar formularios HTML y el acceso a base de datos<\/p>\n<p style=\"padding-left: 30px;\">11.27. Transferencia entre archivs .ASP<\/p>\n<p style=\"padding-left: 30px;\">11.28. Enviar contenido al explorador<\/p>\n<p style=\"padding-left: 30px;\">11.29. Secuencias de comandos sencillas<\/p>\n<p style=\"padding-left: 30px;\">11.30. Variables Introducci\u00f3n<\/p>\n<p style=\"padding-left: 30px;\">11.31. El c\u00f3digo<\/p>\n<p style=\"padding-left: 30px;\">11.32. Observaciones<\/p>\n<p style=\"padding-left: 30px;\">11.33. Bucles Introducci\u00f3n<\/p>\n<p style=\"padding-left: 30px;\">11.34. Operaciones condicionales-Introducci\u00f3n<\/p>\n<p style=\"padding-left: 30px;\">11.35. Los bucles: If&#8230;, Then, selec, case,&#8230;<\/p>\n<p style=\"padding-left: 30px;\">11.36. Funciones y procedimientos<\/p>\n<p style=\"padding-left: 30px;\">11.37. Datos introducidos por el usuario en un formulario con POST<\/p>\n<p style=\"padding-left: 30px;\">11.38. Formularios con m\u00e9todo POST<\/p>\n<p style=\"padding-left: 30px;\">11.39. Llenar los campos<\/p>\n<p style=\"padding-left: 30px;\">11.40. Conectividad con bases de datos<\/p>\n<p style=\"padding-left: 30px;\">11.41. Una consulta sencilla<\/p>\n<p style=\"padding-left: 30px;\">11.42. Agregar o eliminar registros<\/p>\n<p style=\"padding-left: 30px;\">11.43. Actualizar registros<\/p>\n<p style=\"padding-left: 30px;\">11.44. MapPath<\/p>\n<p>Visual Studio: Primer ejemplo. Creaci\u00f3n de un Servicio Web con Visual Basic. Proveedor<\/p>\n<p>Simulaci\u00f3n 2<\/p>\n<p>&nbsp;<\/p>\n<p><strong>Unidad Did\u00e1ctica 4: Conceptos de Web Forms<\/strong><\/p>\n<p>1. La clase page<\/p>\n<p>2. Eventos<\/p>\n<p>3. Propiedades<\/p>\n<p>4. M\u00e9todos<\/p>\n<p>5. Web Forms<\/p>\n<p>6. Introducci\u00f3n a los controles de servidor de ASP.NET<\/p>\n<p>7. Introducci\u00f3n a los controles HTML y ejemplos<\/p>\n<p style=\"padding-left: 30px;\">7.1. Controles HTML<\/p>\n<p style=\"padding-left: 30px;\">7.2. Ejemplos con controles HTML<\/p>\n<p>8. Introducci\u00f3n a los controles Web<\/p>\n<p style=\"padding-left: 30px;\">8.1. Controles Web<\/p>\n<p style=\"padding-left: 30px;\">8.2. Ejemplos de controles Web<\/p>\n<p>9. Los controles DataList y DataGrid<\/p>\n<p style=\"padding-left: 30px;\">9.1. DataList<\/p>\n<p style=\"padding-left: 30px;\">9.2. El control DataGrid<\/p>\n<p>10. Directivas de p\u00e1ginas (@page, @import, @implements y @assembly)<\/p>\n<p style=\"padding-left: 30px;\">10.1. Introducci\u00f3n<\/p>\n<p style=\"padding-left: 30px;\">10.2. @page<\/p>\n<p style=\"padding-left: 30px;\">10.3. @import<\/p>\n<p style=\"padding-left: 30px;\">10.4. @implements<\/p>\n<p style=\"padding-left: 30px;\">10.5. @ assembly<\/p>\n<p>Visual Studio. Ejemplo: Otros proveedores o un cliente<\/p>\n<p>Visual Studio. Segundo Ejemplo<\/p>\n<p>Simulaci\u00f3n 3<\/p>\n<p>&nbsp;<\/p>\n<p><strong>Unidad Did\u00e1ctica 5: Configuraci\u00f3n de IIS<\/strong><\/p>\n<p>1. Introducci\u00f3n<\/p>\n<p>2. Herramienta de administraci\u00f3n de servicios de Internet<\/p>\n<p>3. Configuraci\u00f3n de IIS<\/p>\n<p style=\"padding-left: 30px;\">3.1. Introducci\u00f3n<\/p>\n<p style=\"padding-left: 30px;\">3.2. Configuraci\u00f3n avanzada<\/p>\n<p style=\"padding-left: 30px;\">3.3. Documentos predeterminados<\/p>\n<p style=\"padding-left: 30px;\">3.4. L\u00edmites<\/p>\n<p>4. La aplicaci\u00f3n Web<\/p>\n<p>5. Eventos del servidor<\/p>\n<p>6. Gesti\u00f3n del estado de la aplicaci\u00f3n ASP.NET<\/p>\n<p>7. Ficheros de configuraci\u00f3n<\/p>\n<p style=\"padding-left: 30px;\">7.1. Introducci\u00f3n<\/p>\n<p style=\"padding-left: 30px;\">7.2. Formato de los ficheros de configuraci\u00f3n<\/p>\n<p>8. Configuraci\u00f3n general<\/p>\n<p>9. Configuraci\u00f3n de la p\u00e1gina<\/p>\n<p>10. Configuraci\u00f3n de la sesi\u00f3n<\/p>\n<p>11. M\u00f3dulos y manejadores http<\/p>\n<p>12. Seguridad en ASP.NET<\/p>\n<p style=\"padding-left: 30px;\">12.1. Introducci\u00f3n<\/p>\n<p style=\"padding-left: 30px;\">12.2. Autenticaci\u00f3n y autorizaci\u00f3n<\/p>\n<p style=\"padding-left: 30px;\">12.3. Autenticaci\u00f3n basada en formularios<\/p>\n<p style=\"padding-left: 30px;\">12.4. Autorizaci\u00f3n de usuarios<\/p>\n<p>Simulaci\u00f3n 4<\/td>\n<\/tr>\n<\/tbody>\n<\/table>\n<p>&nbsp;<\/p>\n","protected":false},"excerpt":{"rendered":"<p>INFORM\u00c1TICA PROFESIONAL 38 Programaci\u00f3n en ASP.Net Duraci\u00f3n 40\u00a0horas Certificaci\u00f3n Al finalizar el curso el alumno recibir\u00e1 un Diploma o Certificado<\/p>\n","protected":false},"author":1,"featured_media":0,"parent":0,"menu_order":0,"comment_status":"closed","ping_status":"closed","template":"","meta":{"_uag_custom_page_level_css":"","_monsterinsights_skip_tracking":false,"_monsterinsights_sitenote_active":false,"_monsterinsights_sitenote_note":"","_monsterinsights_sitenote_category":0,"footnotes":""},"class_list":["post-8680","page","type-page","status-publish","hentry"],"aioseo_notices":[],"uagb_featured_image_src":{"full":false,"thumbnail":false,"medium":false,"medium_large":false,"large":false,"1536x1536":false,"2048x2048":false,"ample-featured-blog-large":false,"ample-featured-blog-small":false,"ample-portfolio-image":false,"sendpress-max":false,"woocommerce_thumbnail":false,"woocommerce_single":false,"woocommerce_gallery_thumbnail":false},"uagb_author_info":{"display_name":"IMM","author_link":"https:\/\/immformacion.com\/web\/author\/imm_admin\/"},"uagb_comment_info":0,"uagb_excerpt":"INFORM\u00c1TICA PROFESIONAL 38 Programaci\u00f3n en ASP.Net Duraci\u00f3n 40\u00a0horas Certificaci\u00f3n Al finalizar el curso el alumno recibir\u00e1 un Diploma o Certificado","_links":{"self":[{"href":"https:\/\/immformacion.com\/web\/wp-json\/wp\/v2\/pages\/8680","targetHints":{"allow":["GET"]}}],"collection":[{"href":"https:\/\/immformacion.com\/web\/wp-json\/wp\/v2\/pages"}],"about":[{"href":"https:\/\/immformacion.com\/web\/wp-json\/wp\/v2\/types\/page"}],"author":[{"embeddable":true,"href":"https:\/\/immformacion.com\/web\/wp-json\/wp\/v2\/users\/1"}],"replies":[{"embeddable":true,"href":"https:\/\/immformacion.com\/web\/wp-json\/wp\/v2\/comments?post=8680"}],"version-history":[{"count":2,"href":"https:\/\/immformacion.com\/web\/wp-json\/wp\/v2\/pages\/8680\/revisions"}],"predecessor-version":[{"id":9045,"href":"https:\/\/immformacion.com\/web\/wp-json\/wp\/v2\/pages\/8680\/revisions\/9045"}],"wp:attachment":[{"href":"https:\/\/immformacion.com\/web\/wp-json\/wp\/v2\/media?parent=8680"}],"curies":[{"name":"wp","href":"https:\/\/api.w.org\/{rel}","templated":true}]}}