{"id":8737,"date":"2016-01-25T13:28:00","date_gmt":"2016-01-25T12:28:00","guid":{"rendered":"http:\/\/immformacion.com\/web\/?page_id=8737"},"modified":"2016-01-25T13:28:00","modified_gmt":"2016-01-25T12:28:00","slug":"proteccion-datos-personales","status":"publish","type":"page","link":"https:\/\/immformacion.com\/web\/proteccion-datos-personales\/","title":{"rendered":"Protecci\u00f3n de datos personales"},"content":{"rendered":"<table style=\"height: 166px;\" width=\"980\">\n<tbody>\n<tr>\n<td style=\"text-align: center; background-color: #346094;\" colspan=\"2\"><span style=\"color: #ffffff;\">RECURSOS HUMANOS<\/span><\/td>\n<\/tr>\n<tr>\n<td style=\"width: 150px; text-align: center; background-color: #dce5f4;\" scope=\"col\"><span style=\"color: #346094;\"><b>62<\/b><\/span><\/td>\n<td style=\"background-color: #dce5f4;\"><strong><span style=\"color: #346094;\">Protecci\u00f3n de datos personales<\/span><\/strong><\/td>\n<\/tr>\n<tr>\n<td style=\"text-align: center; background-color: #dce5f4;\"><span style=\"color: #346094;\">Duraci\u00f3n<\/span><\/td>\n<td>10 horas<\/td>\n<\/tr>\n<tr>\n<td style=\"text-align: center; background-color: #dce5f4;\"><span style=\"color: #346094;\">Certificaci\u00f3n<\/span><\/td>\n<td>Al finalizar el curso el alumno recibir\u00e1 un Diploma o Certificado de Aprovechamiento<\/td>\n<\/tr>\n<tr>\n<td style=\"text-align: center; background-color: #dce5f4;\"><span style=\"color: #346094;\">OBJETIVOS<\/span><\/td>\n<td>Con este curso se pretende que el alumno\u00a0conozca en profundidad la normativa que\u00a0regula el tratamiento de los datos y ficheros, de car\u00e1cter personal, independientemente del soporte en el cual sean tratados, los derechos de los ciudadanos sobre ellos y las obligaciones de aquellos que los crean o tratan.<\/td>\n<\/tr>\n<tr>\n<td style=\"text-align: center; background-color: #dce5f4;\"><span style=\"color: #346094;\">CONTENIDOS<\/span><\/td>\n<td><strong>Unidad Did\u00e1ctica 1. Introducci\u00f3n Y Conceptos Generales De La Ley Org\u00e1nica De La Protecci\u00f3n De Datos<\/strong><\/p>\n<p>1. Introducci\u00f3n<\/p>\n<p>2. Antecedentes<\/p>\n<p>3. Real Decreto 1720\/2007, de 21 de diciembre<\/p>\n<p>4. Conceptos b\u00e1sicos<\/p>\n<p>5. Datos especialmente protegidos<\/p>\n<p>Resumen<\/p>\n<p>&nbsp;<\/p>\n<p><strong>Unidad Did\u00e1ctica 2. Principios Fundamentales De Protecci\u00f3n De Datos<\/strong><\/p>\n<p>1. Calidad de los datos<\/p>\n<p>2. Consentimiento para el tratamiento de los datos y deber de informaci\u00f3n<\/p>\n<p style=\"padding-left: 30px;\">2.1. Obtenci\u00f3n del consentimiento<\/p>\n<p style=\"padding-left: 30px;\">2.2. Excepciones<\/p>\n<p style=\"padding-left: 30px;\">2.3. Deber de informaci\u00f3n al interesado<\/p>\n<p>Encargado del tratamiento<\/p>\n<p>Resumen<\/p>\n<p>&nbsp;<\/p>\n<p><strong>Unidad Did\u00e1ctica 3. Derechos Del Interesado Ante Los Datos De Car\u00e1cter Personal<\/strong><\/p>\n<p>1. Derechos del afectado<\/p>\n<p style=\"padding-left: 30px;\">1.1. Introducci\u00f3n<\/p>\n<p style=\"padding-left: 30px;\">1.2. Condiciones generales para el ejercicio de los derechos<\/p>\n<p style=\"padding-left: 30px;\">1.3. Procedimiento<\/p>\n<p style=\"padding-left: 30px;\">Ejercicio de los derechos ante el Encargado del Tratamiento<\/p>\n<p>2. Derecho de acceso<\/p>\n<p style=\"padding-left: 30px;\">2.1. Introducci\u00f3n<\/p>\n<p style=\"padding-left: 30px;\">2.2. Denegaci\u00f3n de acceso<\/p>\n<p>3. Derechos de rectificaci\u00f3n y cancelaci\u00f3n<\/p>\n<p style=\"padding-left: 30px;\">3.1. Introducci\u00f3n<\/p>\n<p style=\"padding-left: 30px;\">3.2. Denegaci\u00f3n de los derechos de rectificaci\u00f3n y cancelaci\u00f3n<\/p>\n<p>4. Derecho de oposici\u00f3n<\/p>\n<p style=\"padding-left: 30px;\">4.1. Introducci\u00f3n<\/p>\n<p style=\"padding-left: 30px;\">4.2. Derecho de oposici\u00f3n a las decisiones basadas \u00fanicamente en un tratamiento automatizado de datos<\/p>\n<p>5. Ficheros especiales<\/p>\n<p style=\"padding-left: 30px;\">5.1. Ficheros de informaci\u00f3n sobre solvencia patrimonial y cr\u00e9dito<\/p>\n<p style=\"padding-left: 30px;\">5.2. Conservaci\u00f3n de los datos<\/p>\n<p style=\"padding-left: 60px;\">5.2.1. Acceso a la informaci\u00f3n contenida en el fichero<\/p>\n<p style=\"padding-left: 60px;\">5.2.2. Responsabilidad<\/p>\n<p style=\"padding-left: 60px;\">5.2.3. Ejercicio de los derechos de acceso, rectificaci\u00f3n, cancelaci\u00f3n y oposici\u00f3n<\/p>\n<p style=\"padding-left: 30px;\">5.3. Tratamientos para actividades de publicidad y prospecci\u00f3n comercial<\/p>\n<p style=\"padding-left: 60px;\">5.3.1. Introducci\u00f3n<\/p>\n<p style=\"padding-left: 60px;\">5.3.2. Tratamiento de datos en campa\u00f1as publicitarias<\/p>\n<p style=\"padding-left: 60px;\">5.3.3. Derechos de acceso, rectificaci\u00f3n y cancelaci\u00f3n<\/p>\n<p style=\"padding-left: 60px;\">5.3.4. Derecho de oposici\u00f3n<\/p>\n<p>6. Excepciones a los derechos de acceso, rectificaci\u00f3n y cancelaci\u00f3n<\/p>\n<p>7. Tutela de los derechos<\/p>\n<p>8. Derecho a indemnizaci\u00f3n<\/p>\n<p>Resumen<\/p>\n<p><strong>\u00a0<\/strong><\/p>\n<p><strong>Unidad Did\u00e1ctica 4. Cesi\u00f3n De Datos<\/strong><\/p>\n<p>1. Introducci\u00f3n<\/p>\n<p>2. Comunicaci\u00f3n de datos<\/p>\n<p>3. Acceso a los datos por cuenta de terceros<\/p>\n<p>4. Comunicaci\u00f3n de datos entre Administraciones P\u00fablicas<\/p>\n<p>5. Recomendaciones de la AEPD<\/p>\n<p>Ejemplo de cl\u00e1usula de cesi\u00f3n de datos<\/p>\n<p style=\"padding-left: 30px;\">Ejemplo 1: Suscripci\u00f3n a un peri\u00f3dico digital<\/p>\n<p style=\"padding-left: 30px;\">Ejemplo 2: Banca electr\u00f3nica<\/p>\n<p>6. Movimiento internacional de datos<\/p>\n<p style=\"padding-left: 30px;\">6.1. Introducci\u00f3n<\/p>\n<p style=\"padding-left: 30px;\">6.2. Suspensi\u00f3n temporal de las transferencias<\/p>\n<p style=\"padding-left: 30px;\">6.3. Transferencias a Estado que no proporcionan un nivel adecuado de protecci\u00f3n<\/p>\n<p>Resumen<\/p>\n<p>&nbsp;<\/p>\n<p><strong>Unidad Did\u00e1ctica 5. Inscripci\u00f3n, Notificaci\u00f3n Y Cancelaci\u00f3n De Ficheros<\/strong><\/p>\n<p>1. Ficheros de titularidad p\u00fablica<\/p>\n<p style=\"padding-left: 30px;\">1.1. Creaci\u00f3n, modificaci\u00f3n o supresi\u00f3n<\/p>\n<p style=\"padding-left: 30px;\">1.2. Comunicaci\u00f3n de datos entre Administraciones P\u00fablicas<\/p>\n<p style=\"padding-left: 30px;\">1.3. Ficheros de las Fuerzas y Cuerpos de Seguridad<\/p>\n<p style=\"padding-left: 30px;\">1.4. Excepciones a los derechos de acceso, rectificaci\u00f3n y cancelaci\u00f3n<\/p>\n<p>2. Ficheros de titularidad privada<\/p>\n<p style=\"padding-left: 30px;\">2.1. Creaci\u00f3n<\/p>\n<p>3. Notificaci\u00f3n e inscripci\u00f3n de los ficheros de titularidad p\u00fablica o privada<\/p>\n<p style=\"padding-left: 30px;\">3.1. Notificaci\u00f3n de ficheros<\/p>\n<p style=\"padding-left: 30px;\">3.2. Tratamiento de datos en distintos soportes<\/p>\n<p style=\"padding-left: 30px;\">3.3. Ficheros en los que exista m\u00e1s de un responsable<\/p>\n<p style=\"padding-left: 30px;\">3.4. Notificaci\u00f3n de la modificaci\u00f3n o supresi\u00f3n de ficheros<\/p>\n<p style=\"padding-left: 30px;\">3.5. Modelos y soportes para la notificaci\u00f3n<\/p>\n<p style=\"padding-left: 30px;\">3.6. Inscripci\u00f3n de los ficheros<\/p>\n<p style=\"padding-left: 30px;\">3.7. Inscripci\u00f3n de oficio de ficheros de titularidad p\u00fablica<\/p>\n<p>4. Consideraciones especiales en funci\u00f3n del origen de datos<\/p>\n<p style=\"padding-left: 30px;\">4.1. Datos incluidos en las fuentes de acceso p\u00fablico<\/p>\n<p style=\"padding-left: 30px;\">4.2.\u00a0Prestaci\u00f3n de servicios de informaci\u00f3n sobre solvencia patrimonial y cr\u00e9dito<\/p>\n<p style=\"padding-left: 30px;\">4.3.\u00a0Tratamientos con fines de publicidad y de prospecci\u00f3n comercial<\/p>\n<p style=\"padding-left: 30px;\">4.4. Censo Promocional<\/p>\n<p>5. Ejemplo de inscripci\u00f3n de ficheros de titularidad p\u00fablica<\/p>\n<p>6. Sistema NOTA<\/p>\n<p style=\"padding-left: 30px;\">6.1. Introducci\u00f3n<\/p>\n<p style=\"padding-left: 30px;\">6.2. Formatos de Presentaci\u00f3n<\/p>\n<p style=\"padding-left: 30px;\">6.3. Ejemplo de formulario NOTA<\/p>\n<p>7. C\u00f3digos tipo<\/p>\n<p style=\"padding-left: 30px;\">7.1. Introducci\u00f3n<\/p>\n<p style=\"padding-left: 30px;\">7.2. Garant\u00edas del cumplimiento de los c\u00f3digos tipo<\/p>\n<p style=\"padding-left: 30px;\">7.3. Dep\u00f3sito y publicidad de los c\u00f3digos tipo<\/p>\n<p>Resumen<\/p>\n<p><strong>\u00a0<\/strong><\/p>\n<p><strong>Unidad Did\u00e1ctica 6. Niveles Y Medidas De Seguridad En El Tratamiento De Datos De Car\u00e1cter Personal<\/strong><\/p>\n<p>1. Medidas de seguridad<\/p>\n<p style=\"padding-left: 30px;\">1.1. Aplicaci\u00f3n de los niveles de seguridad<\/p>\n<p style=\"padding-left: 30px;\">1.2. El encargado del tratamiento<\/p>\n<p>2. El documento de seguridad<\/p>\n<p>3. Medidas de seguridad aplicables a ficheros y tratamientos automatizados<\/p>\n<p style=\"padding-left: 30px;\">3.1. Medidas de seguridad de nivel b\u00e1sico<\/p>\n<p style=\"padding-left: 30px;\">3.2. Medidas de seguridad de nivel medio<\/p>\n<p style=\"padding-left: 30px;\">3.3. Medidas de seguridad de nivel alto<\/p>\n<p>4. Medidas de seguridad aplicables a los ficheros y tratamientos no automatizados<\/p>\n<p style=\"padding-left: 30px;\">4.1. Medidas de seguridad de nivel b\u00e1sico<\/p>\n<p style=\"padding-left: 30px;\">4.2. Medidas de seguridad de nivel medio<\/p>\n<p style=\"padding-left: 30px;\">4.3. Medidas de seguridad de nivel alto<\/p>\n<p>5. Ejemplos<\/p>\n<p>6. Resumen<\/p>\n<p>7. Modelo de documento de seguridad<\/p>\n<p style=\"padding-left: 30px;\">7.1. Introducci\u00f3n<\/p>\n<p style=\"padding-left: 30px;\">7.2. Organizaci\u00f3n del modelo<\/p>\n<p>&nbsp;<\/p>\n<p><strong>Unidad Did\u00e1ctica 7. La Agencia Espa\u00f1ola De Protecci\u00f3n De Datos<\/strong><\/p>\n<p>1. La Agencia Espa\u00f1ola de Protecci\u00f3n de datos<\/p>\n<p style=\"padding-left: 30px;\">1.1. Introducci\u00f3n<\/p>\n<p style=\"padding-left: 30px;\">1.2. Objetivos de la AEPD<\/p>\n<p style=\"padding-left: 30px;\">1.3. Regulaci\u00f3n normativa de la agencia<\/p>\n<p style=\"padding-left: 30px;\">1.4. Participaci\u00f3n de los ciudadanos y usuarios<\/p>\n<p>2. Estructura de la AEPD<\/p>\n<p style=\"padding-left: 30px;\">2.1. Introducci\u00f3n<\/p>\n<p style=\"padding-left: 30px;\">2.2. El Director<\/p>\n<p style=\"padding-left: 30px;\">2.3. El Consejo Consultivo<\/p>\n<p style=\"padding-left: 30px;\">2.4. El Registro General de Protecci\u00f3n de Datos<\/p>\n<p style=\"padding-left: 30px;\">2.5. La Inspecci\u00f3n de Datos<\/p>\n<p style=\"padding-left: 30px;\">2.6. La Secretar\u00eda General de la Agencia<\/p>\n<p style=\"padding-left: 30px;\">2.7. \u00d3rganos de las Comunidades Aut\u00f3nomas<\/p>\n<p>3. Denuncias y reclamaciones<\/p>\n<p style=\"padding-left: 30px;\">3.1. Introducci\u00f3n<\/p>\n<p style=\"padding-left: 30px;\">3.2. Modelos<\/p>\n<p>Ejercicios del derecho de Acceso<\/p>\n<p>Reclamaci\u00f3n de tutela por Denegaci\u00f3n del derecho de Acceso<\/p>\n<p>Ejercicios del derecho de Rectificaci\u00f3n<\/p>\n<p>Reclamaci\u00f3n de Tutela por Denegaci\u00f3n del Derecho de Rectificaci\u00f3n<\/p>\n<p>Ejercicio del derecho de Cancelaci\u00f3n<\/p>\n<p>Reclamaci\u00f3n de Tutela por Denegaci\u00f3n del Derecho de Cancelaci\u00f3n<\/p>\n<p>Ejercicio del derecho de Exclusi\u00f3n<\/p>\n<p>Ejercicio del derecho de Oposici\u00f3n<\/p>\n<p>Reclamaci\u00f3n de Tutela por Denegaci\u00f3n del derecho de Oposici\u00f3n<\/p>\n<p>Modelo de denuncia ante la AEPD<\/p>\n<p>Resumen<\/p>\n<p>&nbsp;<\/p>\n<p><strong>Unidad Did\u00e1ctica 8: Infracciones Y Sanciones<\/strong><\/p>\n<p>1. Infracciones y sanciones<\/p>\n<p>2. Tipos de Infracciones<\/p>\n<p style=\"padding-left: 30px;\">2.1. Infracciones leves<\/p>\n<p style=\"padding-left: 30px;\">2.3. Infracciones graves<\/p>\n<p style=\"padding-left: 30px;\">2.4. Infracciones muy graves<\/p>\n<p>3. Sanciones<\/p>\n<p style=\"padding-left: 30px;\">3.1. Introducci\u00f3n<\/p>\n<p style=\"padding-left: 30px;\">3.2. Infracciones de las Administraciones P\u00fablicas<\/p>\n<p>4. Sanciones<\/p>\n<p style=\"padding-left: 30px;\">4.1. Prescripci\u00f3n de las infracciones<\/p>\n<p style=\"padding-left: 30px;\">4.2. Prescripci\u00f3n de las sanciones<\/p>\n<p>5. Procedimiento sancionador<\/p>\n<p>6. Potestad de inmovilizaci\u00f3n de ficheros<\/p>\n<p>7. Sanciones destacadas<\/p>\n<p>8. Resumen<\/p>\n<p>&nbsp;<\/p>\n<p><strong>Unidad Did\u00e1ctica 9: Otras Normativas Relacionadas Con La Lopd<\/strong><\/p>\n<p>1. Ley de Servicios de la Sociedad de la Informaci\u00f3n y Comercio Electr\u00f3nico<\/p>\n<p style=\"padding-left: 30px;\">1.1 Introducci\u00f3n<\/p>\n<p style=\"padding-left: 30px;\">1.2. Obligaciones de la LSSI<\/p>\n<p style=\"padding-left: 30px;\">1.3. Infracciones<\/p>\n<p style=\"padding-left: 30px;\">1.4. Sanciones<\/p>\n<p style=\"padding-left: 30px;\">1.5. Medidas de car\u00e1cter provisional<\/p>\n<p style=\"padding-left: 30px;\">1.6. Multa coercitiva y Prescripci\u00f3n<\/p>\n<p>2. Ley General de Telecomunicaciones<\/p>\n<p style=\"padding-left: 30px;\">2.1. Introducci\u00f3n<\/p>\n<p style=\"padding-left: 30px;\">2.2. \u00c1mbito de aplicaci\u00f3n<\/p>\n<p style=\"padding-left: 30px;\">2.3. Simplificaci\u00f3n del r\u00e9gimen de acceso al mercado<\/p>\n<p style=\"padding-left: 30px;\">2.4. Evaluaci\u00f3n peri\u00f3dica de la competencia en el mercado<\/p>\n<p style=\"padding-left: 30px;\">2.5. Interconexi\u00f3n y acceso<\/p>\n<p style=\"padding-left: 30px;\">2.6. Obligaciones de servicio p\u00fablico<\/p>\n<p style=\"padding-left: 30px;\">2.7. LGT y LOPD<\/p>\n<p style=\"padding-left: 30px;\">2.8. Resumen<\/p>\n<\/td>\n<\/tr>\n<\/tbody>\n<\/table>\n<p>&nbsp;<\/p>\n","protected":false},"excerpt":{"rendered":"<p>RECURSOS HUMANOS 62 Protecci\u00f3n de datos personales Duraci\u00f3n 10 horas Certificaci\u00f3n Al finalizar el curso el alumno recibir\u00e1 un Diploma<\/p>\n","protected":false},"author":1,"featured_media":0,"parent":0,"menu_order":0,"comment_status":"closed","ping_status":"closed","template":"","meta":{"_uag_custom_page_level_css":"","_monsterinsights_skip_tracking":false,"_monsterinsights_sitenote_active":false,"_monsterinsights_sitenote_note":"","_monsterinsights_sitenote_category":0,"footnotes":""},"class_list":["post-8737","page","type-page","status-publish","hentry"],"aioseo_notices":[],"uagb_featured_image_src":{"full":false,"thumbnail":false,"medium":false,"medium_large":false,"large":false,"1536x1536":false,"2048x2048":false,"ample-featured-blog-large":false,"ample-featured-blog-small":false,"ample-portfolio-image":false,"sendpress-max":false,"woocommerce_thumbnail":false,"woocommerce_single":false,"woocommerce_gallery_thumbnail":false},"uagb_author_info":{"display_name":"IMM","author_link":"https:\/\/immformacion.com\/web\/author\/imm_admin\/"},"uagb_comment_info":0,"uagb_excerpt":"RECURSOS HUMANOS 62 Protecci\u00f3n de datos personales Duraci\u00f3n 10 horas Certificaci\u00f3n Al finalizar el curso el alumno recibir\u00e1 un Diploma","_links":{"self":[{"href":"https:\/\/immformacion.com\/web\/wp-json\/wp\/v2\/pages\/8737","targetHints":{"allow":["GET"]}}],"collection":[{"href":"https:\/\/immformacion.com\/web\/wp-json\/wp\/v2\/pages"}],"about":[{"href":"https:\/\/immformacion.com\/web\/wp-json\/wp\/v2\/types\/page"}],"author":[{"embeddable":true,"href":"https:\/\/immformacion.com\/web\/wp-json\/wp\/v2\/users\/1"}],"replies":[{"embeddable":true,"href":"https:\/\/immformacion.com\/web\/wp-json\/wp\/v2\/comments?post=8737"}],"version-history":[{"count":2,"href":"https:\/\/immformacion.com\/web\/wp-json\/wp\/v2\/pages\/8737\/revisions"}],"predecessor-version":[{"id":9133,"href":"https:\/\/immformacion.com\/web\/wp-json\/wp\/v2\/pages\/8737\/revisions\/9133"}],"wp:attachment":[{"href":"https:\/\/immformacion.com\/web\/wp-json\/wp\/v2\/media?parent=8737"}],"curies":[{"name":"wp","href":"https:\/\/api.w.org\/{rel}","templated":true}]}}