{"id":8763,"date":"2016-01-28T10:03:52","date_gmt":"2016-01-28T09:03:52","guid":{"rendered":"http:\/\/immformacion.com\/web\/?page_id=8763"},"modified":"2016-01-28T10:03:52","modified_gmt":"2016-01-28T09:03:52","slug":"documentacion-transporte-viajeros","status":"publish","type":"page","link":"https:\/\/immformacion.com\/web\/documentacion-transporte-viajeros\/","title":{"rendered":"Documentaci\u00f3n de Transporte de Viajeros"},"content":{"rendered":"<table style=\"height: 166px;\" width=\"980\">\n<tbody>\n<tr>\n<td style=\"text-align: center; background-color: #346094;\" colspan=\"2\"><span style=\"color: #ffffff;\">TRANSPORTE<\/span><\/td>\n<\/tr>\n<tr>\n<td style=\"width: 150px; text-align: center; background-color: #dce5f4;\" scope=\"col\"><span style=\"color: #346094;\"><b>75<\/b><\/span><\/td>\n<td style=\"background-color: #dce5f4;\"><strong><span style=\"color: #346094;\">Documentaci\u00f3n de Transporte de Viajeros<\/span><\/strong><\/td>\n<\/tr>\n<tr>\n<td style=\"text-align: center; background-color: #dce5f4;\"><span style=\"color: #346094;\">Duraci\u00f3n<\/span><\/td>\n<td>50\u00a0horas<\/td>\n<\/tr>\n<tr>\n<td style=\"text-align: center; background-color: #dce5f4;\"><span style=\"color: #346094;\">Certificaci\u00f3n<\/span><\/td>\n<td>Al finalizar el curso el alumno recibir\u00e1 un Diploma o Certificado de Aprovechamiento<\/td>\n<\/tr>\n<tr>\n<td style=\"text-align: center; background-color: #dce5f4;\"><span style=\"color: #346094;\">OBJETIVOS<\/span><\/td>\n<td>\n<ul>\n<li>Conocer y mantener al d\u00eda los documentos relacionados con los servicios de transporte, conocer sus caracter\u00edsticas y utilidad de cada uno de ellos.<\/li>\n<li>Conocer y saber aplicar las obligaciones de la empresa transportista y las obligaciones de los clientes frente a la inspecci\u00f3n.<\/li>\n<li>Conocer los tipos de infracciones que se pueden producir, su categorizaci\u00f3n y las sanciones que conllevan cada una de ellas.<\/li>\n<\/ul>\n<\/td>\n<\/tr>\n<tr>\n<td style=\"text-align: center; background-color: #dce5f4;\"><span style=\"color: #346094;\">CONTENIDOS<\/span><\/td>\n<td><strong>Unidad Did\u00e1ctica 1: Documentos concernientes a la realizaci\u00f3n de los servicios de transporte<\/strong><\/p>\n<p>1. Introducci\u00f3n<\/p>\n<p>2. Documentaci\u00f3n de los veh\u00edculos<\/p>\n<p style=\"padding-left: 30px;\">2.1. Introducci\u00f3n<\/p>\n<p style=\"padding-left: 30px;\">2.2. Permiso de circulaci\u00f3n<\/p>\n<p style=\"padding-left: 60px;\">2.2.1. Definici\u00f3n<\/p>\n<p style=\"padding-left: 60px;\">2.2.2. Duplicados y renovaciones del permiso o licencia de circulaci\u00f3n<\/p>\n<p style=\"padding-left: 60px;\">2.2.3. Cambios de titularidad de los veh\u00edculos<\/p>\n<p style=\"padding-left: 60px;\">2.2.4. Permisos de circulaci\u00f3n temporales<\/p>\n<p style=\"padding-left: 30px;\">2.3. Tarjeta de Inspecci\u00f3n T\u00e9cnica<\/p>\n<p style=\"padding-left: 60px;\">2.3.1. Definici\u00f3n<\/p>\n<p style=\"padding-left: 60px;\">2.3.2. Principios que rigen una inspecci\u00f3n t\u00e9cnica<\/p>\n<p style=\"padding-left: 60px;\">2.3.3. Resultado de las Inspecciones T\u00e9cnicas<\/p>\n<p style=\"padding-left: 60px;\">2.3.4. Operaciones de la Inspecci\u00f3n T\u00e9cnica<\/p>\n<p style=\"padding-left: 60px;\">2.3.5. Periocidad de las Inspecciones T\u00e9cnicas<\/p>\n<p style=\"padding-left: 30px;\">2.4. Documentaci\u00f3n relativa a los seguros<\/p>\n<p style=\"padding-left: 60px;\">2.4.1. El seguro obligatorio de circulaci\u00f3n<\/p>\n<p style=\"padding-left: 90px;\">2.4.1.1. Introducci\u00f3n<\/p>\n<p style=\"padding-left: 90px;\">2.4.1.2. Contenido de la solicitud y la proposici\u00f3n del seguro de suscripci\u00f3n obligatoria<\/p>\n<p style=\"padding-left: 90px;\">2.4.1.3. P\u00f3liza<\/p>\n<p style=\"padding-left: 60px;\">2.4.2. Seguro obligatorio de viajeros<\/p>\n<p>3. Documentaci\u00f3n de los conductores<\/p>\n<p style=\"padding-left: 30px;\">3.1. Certificado CAP<\/p>\n<p style=\"padding-left: 60px;\">3.1.1. Regulaci\u00f3n<\/p>\n<p style=\"padding-left: 60px;\">3.1.2. \u00bfQu\u00e9 es el Certificado de Aptitud Profesional?<\/p>\n<p style=\"padding-left: 60px;\">3.1.3. \u00bfC\u00f3mo se obtiene?<\/p>\n<p style=\"padding-left: 60px;\">3.1.4. Curso de formaci\u00f3n continua<\/p>\n<p style=\"padding-left: 60px;\">3.1.5. Tarjeta de cualificaci\u00f3n del conductor<\/p>\n<p style=\"padding-left: 30px;\">3.2. Certificado de conductor de tercer pa\u00eds<\/p>\n<p style=\"padding-left: 60px;\">3.2.1. Introducci\u00f3n<\/p>\n<p style=\"padding-left: 60px;\">3.2.2. Expedici\u00f3n del certificado de conductor<\/p>\n<p style=\"padding-left: 60px;\">3.2.3. Contenido, caracter\u00edsticas y plazo de validez del certificado de conductor<\/p>\n<p style=\"padding-left: 60px;\">3.2.4. Exigibilidad del certificado de conductor y modelo<\/p>\n<p>4. Documentaci\u00f3n relativa al ejercicio de la actividad<\/p>\n<p style=\"padding-left: 30px;\">4.1. T\u00edtulo administrativo habilitante<\/p>\n<p style=\"padding-left: 60px;\">4.1.1. Introducci\u00f3n<\/p>\n<p style=\"padding-left: 60px;\">4.1.2. \u00c1mbito de las autorizaciones<\/p>\n<p style=\"padding-left: 60px;\">4.1.3. Competencia para el otorgamiento de las autorizaciones<\/p>\n<p style=\"padding-left: 60px;\">4.1.4. Domicilio de las autorizaciones<\/p>\n<p style=\"padding-left: 60px;\">4.1.5. Requisitos para su obtenci\u00f3n<\/p>\n<p style=\"padding-left: 60px;\">4.1.6. Visado<\/p>\n<p style=\"padding-left: 30px;\">4.2. Contrato de transport<\/p>\n<p style=\"padding-left: 60px;\">4.2.1. El contrato mercantil de transporte de viajeros<\/p>\n<p style=\"padding-left: 60px;\">4.2.2. Caracter\u00edsticas<\/p>\n<p style=\"padding-left: 60px;\">4.2.3. Elementos personales<\/p>\n<p style=\"padding-left: 60px;\">4.2.4. Elementos reales<\/p>\n<p style=\"padding-left: 60px;\">4.2.5. Elementos formales<\/p>\n<p style=\"padding-left: 60px;\">4.2.6. Obligaciones de las partes del contrato<\/p>\n<p style=\"padding-left: 60px;\">4.2.7. La responsabilidad del porteador<\/p>\n<p style=\"padding-left: 30px;\">4.3. Documentos de control<\/p>\n<p style=\"padding-left: 60px;\">4.3.1. Introducci\u00f3n<\/p>\n<p style=\"padding-left: 60px;\">4.3.2. El libro de ruta<\/p>\n<p style=\"padding-left: 60px;\">4.3.3. Cumplimiento del libro de ruta<\/p>\n<p style=\"padding-left: 60px;\">4.3.4. Libro y hojas de reclamaciones<\/p>\n<p style=\"padding-left: 60px;\">4.3.5. Registro de servicios de los transportes p\u00fablicos regulares de viajeros de uso general<\/p>\n<p style=\"padding-left: 60px;\">4.3.6. Documentaci\u00f3n de la colaboraci\u00f3n de otros transportistas en la realizaci\u00f3n de transportes regulares de uso general y especial<\/p>\n<p style=\"padding-left: 60px;\">4.3.7. Comprobaci\u00f3n anual de los requisitos relativos a las empresas contratistas de la gesti\u00f3n de servicios p\u00fablicos de transporte regular de viajeros de uso general<\/p>\n<p style=\"padding-left: 60px;\">4.3.8. Comprobaci\u00f3n trimestral de los datos de explotaci\u00f3n de los contratos de gesti\u00f3n de servicios p\u00fablicos de transporte regular de viajeros de uso general<\/p>\n<p style=\"padding-left: 60px;\">4.3.9. Distintivos de los veh\u00edculos de transporte p\u00fablico regular de uso general de viajeros por carretera<\/p>\n<p style=\"padding-left: 60px;\">4.3.10. Facturaci\u00f3n de los servicios de transporte discrecional y regular de uso especial por carretera<\/p>\n<p style=\"padding-left: 60px;\">4.3.11. Recomendaciones en materia de seguridad en los transportes regulares y discrecionales de viajeros en autob\u00fas<\/p>\n<p style=\"padding-left: 30px;\">4.4. Tac\u00f3grafo<\/p>\n<p style=\"padding-left: 60px;\">4.4.1. Finalidad<\/p>\n<p style=\"padding-left: 60px;\">4.4.2. Obligaci\u00f3n de instalarlo<\/p>\n<p style=\"padding-left: 60px;\">4.4.3. Tiempos de conducci\u00f3n<\/p>\n<p style=\"padding-left: 60px;\">4.4.4. El tac\u00f3grafo anal\u00f3gico<\/p>\n<p style=\"padding-left: 90px;\">4.4.4.1. Introducci\u00f3n<\/p>\n<p style=\"padding-left: 90px;\">4.4.4.2. Comprobaci\u00f3n de los tac\u00f3grafos<\/p>\n<p style=\"padding-left: 90px;\">4.4.4.3. La hoja de registro, conservaci\u00f3n e interpretaci\u00f3n<\/p>\n<p style=\"padding-left: 90px;\">4.4.4.4. Funcionamiento y aver\u00eda del tac\u00f3grafo<\/p>\n<p style=\"padding-left: 90px;\">4.4.4.5. El cambio de veh\u00edculo<\/p>\n<p style=\"padding-left: 90px;\">4.4.4.6. Supuesto de dos conductores<\/p>\n<p style=\"padding-left: 60px;\">4.4.5. El tac\u00f3grafo digital<\/p>\n<p style=\"padding-left: 60px;\">4.4.6. Cuadro comparativo de los tipos de tac\u00f3grafo<\/p>\n<p style=\"padding-left: 30px;\">4.5. Documentos seg\u00fan el tipo de servicio realizado<\/p>\n<p style=\"padding-left: 60px;\">4.5.1. Introducci\u00f3n<\/p>\n<p style=\"padding-left: 60px;\">4.5.2. De los servicios y actividades del transporte por carretera<\/p>\n<p style=\"padding-left: 60px;\">4.5.3. Los transportes p\u00fablicos regulares de viajeros de uso general<\/p>\n<p style=\"padding-left: 90px;\">4.5.3.1. Concepto<\/p>\n<p style=\"padding-left: 90px;\">4.5.3.2. Establecimiento<\/p>\n<p style=\"padding-left: 90px;\">4.5.3.3. Adjudicaci\u00f3n del contrato de gesti\u00f3n de servicio p\u00fablico<\/p>\n<p style=\"padding-left: 90px;\">4.5.3.4. El contrato de gesti\u00f3n de servicio p\u00fablico<\/p>\n<p style=\"padding-left: 90px;\">4.5.3.5. Intensificaciones de tr\u00e1fico<\/p>\n<p style=\"padding-left: 90px;\">4.5.3.6. Los veh\u00edculos adscritos a la concesi\u00f3n<\/p>\n<p style=\"padding-left: 90px;\">4.5.3.7. Tipos de concesiones<\/p>\n<p style=\"padding-left: 90px;\">4.5.3.8. Extinci\u00f3n de las concesiones<\/p>\n<p style=\"padding-left: 90px;\">4.5.3.9. Embargo<\/p>\n<p style=\"padding-left: 60px;\">4.5.4. Transportes p\u00fablicos temporales<\/p>\n<p style=\"padding-left: 60px;\">4.5.5. Transportes p\u00fablicos de uso especial<\/p>\n<p style=\"padding-left: 60px;\">4.5.6. Transportes p\u00fablicos en r\u00e9gimen de servicios discrecionales<\/p>\n<p style=\"padding-left: 60px;\">4.5.7. Los transportes tur\u00edsticos<\/p>\n<p style=\"padding-left: 60px;\">4.5.8. Los transportes privados<\/p>\n<p style=\"padding-left: 90px;\">4.5.8.1. Transportes privados particulares<\/p>\n<p style=\"padding-left: 90px;\">4.5.8.2. Transportes privados complementarios<\/p>\n<p style=\"padding-left: 60px;\">4.5.9. Servicios internacionales<\/p>\n<p style=\"padding-left: 90px;\">4.5.9.1. Autorizaciones<\/p>\n<p style=\"padding-left: 90px;\">4.5.9.2. Tipos de servicio<\/p>\n<p style=\"padding-left: 90px;\">4.5.9.3. Documentos de control<\/p>\n<p style=\"padding-left: 90px;\">4.5.9.4. Requisitos previos<\/p>\n<p style=\"padding-left: 30px;\">4.6. Libre prestaci\u00f3n de servicios<\/p>\n<p style=\"padding-left: 30px;\">4.7. Licencia comunitaria y acceso al mercado<\/p>\n<p style=\"padding-left: 30px;\">4.8. Acceso al mercado<\/p>\n<p style=\"padding-left: 30px;\">4.9. Servicios regulares sujetos a autorizaci\u00f3n<\/p>\n<p style=\"padding-left: 30px;\">4.10. Servicios discrecionales y otros servicios que no requieren autorizaci\u00f3n<\/p>\n<p style=\"padding-left: 30px;\">4.11. Controles y sanciones<\/p>\n<p style=\"padding-left: 30px;\">4.12. Controles en carretera y en las empresas<\/p>\n<p style=\"padding-left: 30px;\">4.13. Transporte de cabotaje: concepto, caracter\u00edsticas y reglas de utilizaci\u00f3n<\/p>\n<p style=\"padding-left: 30px;\">4.14. Acuerdo Interbus<\/p>\n<p>Ejercicio 1<\/p>\n<p>Ejercicio 2<\/p>\n<p>Test 1<\/p>\n<p>Evaluaci\u00f3n 1<\/p>\n<p>&nbsp;<\/p>\n<p><strong>Unidad Did\u00e1ctica 2: Inspecci\u00f3n del transporte<\/strong><\/p>\n<p>1. Introducci\u00f3n<\/p>\n<p>2. Competencias<\/p>\n<p>3. Funciones de la inspecci\u00f3n<\/p>\n<p>4. Finalidad del plan de inspecci\u00f3n<\/p>\n<p>5. R\u00e9gimen de actuaci\u00f3n<\/p>\n<p>6. Inspeccionados<\/p>\n<p>7. Instrumentos de control<\/p>\n<p>Ejercicio 3<\/p>\n<p>Ejercicio 4<\/p>\n<p>Test 2<\/p>\n<p>Evaluaci\u00f3n 2<\/p>\n<p>&nbsp;<\/p>\n<p><strong>Unidad Did\u00e1ctica 3: Infracciones y sanciones<\/strong><\/p>\n<p>1. R\u00e9gimen sancionador<\/p>\n<p>2. Identificaci\u00f3n de infracciones y sus sanciones econ\u00f3micas<\/p>\n<p style=\"padding-left: 30px;\">2.1. Infracciones muy graves (art\u00edculo 140 del LOTT)<\/p>\n<p style=\"padding-left: 30px;\">2.2. Infracciones graves (art\u00edculo 141 del LOTT)<\/p>\n<p style=\"padding-left: 30px;\">2.3. Infracciones leves (art\u00edculo 142 del LOTT)<\/p>\n<p style=\"padding-left: 30px;\">2.4. Graduaci\u00f3n de las sanciones<\/p>\n<p>3. El procedimiento administrativo o sancionador<\/p>\n<p style=\"padding-left: 30px;\">3.1. Principios aplicables al procedimiento sancionador. Garant\u00edas del administrado<\/p>\n<p style=\"padding-left: 30px;\">3.2. Generalidades del procedimiento sancionador<\/p>\n<p style=\"padding-left: 30px;\">3.3. Desarrollo del procedimiento sancionador<\/p>\n<p style=\"padding-left: 60px;\">3.3.1. Introducci\u00f3n<\/p>\n<p style=\"padding-left: 60px;\">3.3.2. Inicio<\/p>\n<p style=\"padding-left: 60px;\">3.3.3. Instrucci\u00f3n<\/p>\n<p style=\"padding-left: 60px;\">3.3.4. Resoluci\u00f3n<\/p>\n<p style=\"padding-left: 60px;\">3.3.5. Ejecuci\u00f3n de la resoluci\u00f3n<\/p>\n<p style=\"padding-left: 60px;\">3.3.6. Especialidades<\/p>\n<p>Ejercicio 5<\/p>\n<p>Ejercicio 6<\/p>\n<p>Test 3<\/p>\n<p>Evaluaci\u00f3n 3<\/p>\n<p>Evaluaci\u00f3n Final<\/td>\n<\/tr>\n<\/tbody>\n<\/table>\n<p>&nbsp;<\/p>\n","protected":false},"excerpt":{"rendered":"<p>TRANSPORTE 75 Documentaci\u00f3n de Transporte de Viajeros Duraci\u00f3n 50\u00a0horas Certificaci\u00f3n Al finalizar el curso el alumno recibir\u00e1 un Diploma o<\/p>\n","protected":false},"author":1,"featured_media":0,"parent":0,"menu_order":0,"comment_status":"closed","ping_status":"closed","template":"","meta":{"_uag_custom_page_level_css":"","_monsterinsights_skip_tracking":false,"_monsterinsights_sitenote_active":false,"_monsterinsights_sitenote_note":"","_monsterinsights_sitenote_category":0,"footnotes":""},"class_list":["post-8763","page","type-page","status-publish","hentry"],"aioseo_notices":[],"uagb_featured_image_src":{"full":false,"thumbnail":false,"medium":false,"medium_large":false,"large":false,"1536x1536":false,"2048x2048":false,"ample-featured-blog-large":false,"ample-featured-blog-small":false,"ample-portfolio-image":false,"sendpress-max":false,"woocommerce_thumbnail":false,"woocommerce_single":false,"woocommerce_gallery_thumbnail":false},"uagb_author_info":{"display_name":"IMM","author_link":"https:\/\/immformacion.com\/web\/author\/imm_admin\/"},"uagb_comment_info":0,"uagb_excerpt":"TRANSPORTE 75 Documentaci\u00f3n de Transporte de Viajeros Duraci\u00f3n 50\u00a0horas Certificaci\u00f3n Al finalizar el curso el alumno recibir\u00e1 un Diploma o","_links":{"self":[{"href":"https:\/\/immformacion.com\/web\/wp-json\/wp\/v2\/pages\/8763","targetHints":{"allow":["GET"]}}],"collection":[{"href":"https:\/\/immformacion.com\/web\/wp-json\/wp\/v2\/pages"}],"about":[{"href":"https:\/\/immformacion.com\/web\/wp-json\/wp\/v2\/types\/page"}],"author":[{"embeddable":true,"href":"https:\/\/immformacion.com\/web\/wp-json\/wp\/v2\/users\/1"}],"replies":[{"embeddable":true,"href":"https:\/\/immformacion.com\/web\/wp-json\/wp\/v2\/comments?post=8763"}],"version-history":[{"count":2,"href":"https:\/\/immformacion.com\/web\/wp-json\/wp\/v2\/pages\/8763\/revisions"}],"predecessor-version":[{"id":9164,"href":"https:\/\/immformacion.com\/web\/wp-json\/wp\/v2\/pages\/8763\/revisions\/9164"}],"wp:attachment":[{"href":"https:\/\/immformacion.com\/web\/wp-json\/wp\/v2\/media?parent=8763"}],"curies":[{"name":"wp","href":"https:\/\/api.w.org\/{rel}","templated":true}]}}