{"id":8769,"date":"2016-01-28T10:08:16","date_gmt":"2016-01-28T09:08:16","guid":{"rendered":"http:\/\/immformacion.com\/web\/?page_id=8769"},"modified":"2016-01-28T10:08:16","modified_gmt":"2016-01-28T09:08:16","slug":"logistica-integral-logistica-almacenes","status":"publish","type":"page","link":"https:\/\/immformacion.com\/web\/logistica-integral-logistica-almacenes\/","title":{"rendered":"Log\u00edstica integral. Log\u00edstica de almacenes"},"content":{"rendered":"<table style=\"height: 166px;\" width=\"980\">\n<tbody>\n<tr>\n<td style=\"text-align: center; background-color: #346094;\" colspan=\"2\"><span style=\"color: #ffffff;\">TRANSPORTE<\/span><\/td>\n<\/tr>\n<tr>\n<td style=\"width: 150px; text-align: center; background-color: #dce5f4;\" scope=\"col\"><span style=\"color: #346094;\"><b>78<\/b><\/span><\/td>\n<td style=\"background-color: #dce5f4;\"><strong><span style=\"color: #346094;\">Log\u00edstica integral. Log\u00edstica de almacenes<\/span><\/strong><\/td>\n<\/tr>\n<tr>\n<td style=\"text-align: center; background-color: #dce5f4;\"><span style=\"color: #346094;\">Duraci\u00f3n<\/span><\/td>\n<td>30\u00a0horas<\/td>\n<\/tr>\n<tr>\n<td style=\"text-align: center; background-color: #dce5f4;\"><span style=\"color: #346094;\">Certificaci\u00f3n<\/span><\/td>\n<td>Al finalizar el curso el alumno recibir\u00e1 un Diploma o Certificado de Aprovechamiento<\/td>\n<\/tr>\n<tr>\n<td style=\"text-align: center; background-color: #dce5f4;\"><span style=\"color: #346094;\">OBJETIVOS<\/span><\/td>\n<td>\n<ul>\n<li>Gestionar y controlar un almac\u00e9n de productos terminados para la distribuci\u00f3n as\u00ed como cumplir con la legislaci\u00f3n vigente en cuanto a seguridad e higiene en el trabajo dentro de un almac\u00e9n.<\/li>\n<li>Conocer la funcionalidad de los almacenes y las operaciones que en ellos se realizan, desde un enfoque integral con el objeto de alcanzar una adecuada gesti\u00f3n de los materiales y un eficiente uso de los recursos.<\/li>\n<li>Aplicar las diferentes t\u00e9cnicas y estrategias empleadas en el sistema de gesti\u00f3n del stock para una correcta planificaci\u00f3n y organizaci\u00f3n del almacenamiento de los recursos.<\/li>\n<li>Adquirir competencias y desarrollar habilidades y actitudes en materia de prevenci\u00f3n de riesgos laborales, en el marco de la legislaci\u00f3n vigente.<\/li>\n<\/ul>\n<\/td>\n<\/tr>\n<tr>\n<td style=\"text-align: center; background-color: #dce5f4;\"><span style=\"color: #346094;\">CONTENIDOS<\/span><\/td>\n<td><strong>Unidad Did\u00e1ctica 1: Organizaci\u00f3n de almacenes<\/strong><\/p>\n<p>Introducci\u00f3n y Objetivos<\/p>\n<p>1. El almac\u00e9n: concepto y finalidad<\/p>\n<p>Ejercicio 1<\/p>\n<p>2. Funciones y etapas de planificaci\u00f3n en el almac\u00e9n<\/p>\n<p style=\"padding-left: 30px;\">2.1. Introducci\u00f3n<\/p>\n<p style=\"padding-left: 30px;\">2.2. Recepci\u00f3n de productos<\/p>\n<p style=\"padding-left: 30px;\">2.3. Almacenaje y manutenci\u00f3n<\/p>\n<p style=\"padding-left: 30px;\">2.4. Preparaci\u00f3n de pedidos y expedici\u00f3n<\/p>\n<p style=\"padding-left: 30px;\">2.5. Organizaci\u00f3n y control de las existencias<\/p>\n<p style=\"padding-left: 30px;\">2.6. Personal del almac\u00e9n<\/p>\n<p style=\"padding-left: 60px;\">2.6.1. Campos de actuaci\u00f3n<\/p>\n<p style=\"padding-left: 60px;\">2.6.2. El jefe de log\u00edstica<\/p>\n<p style=\"padding-left: 60px;\">2.6.3. El encargado o responsable de almac\u00e9n<\/p>\n<p style=\"padding-left: 60px;\">2.6.4. El operario de almac\u00e9n<\/p>\n<p>3. Divisi\u00f3n del Almac\u00e9n. Zonas y espacios<\/p>\n<p style=\"padding-left: 30px;\">3.1. Espacios a diferenciar<\/p>\n<p style=\"padding-left: 30px;\">3.2. Muelles y zona de maniobra<\/p>\n<p style=\"padding-left: 30px;\">3.3. Zona de recepci\u00f3n y control<\/p>\n<p style=\"padding-left: 30px;\">3.4. Zona de stock-reserva<\/p>\n<p style=\"padding-left: 30px;\">3.5. Zona de Picking y preparaci\u00f3n<\/p>\n<p style=\"padding-left: 30px;\">3.6. Zona de salidas y verificaci\u00f3n<\/p>\n<p>4. Distribuci\u00f3n y Manipulaci\u00f3n de mercanc\u00edas en el Almac\u00e9n<\/p>\n<p style=\"padding-left: 30px;\">4.1. Seg\u00fan el sector de actividad<\/p>\n<p style=\"padding-left: 30px;\">4.2. Seg\u00fan el tama\u00f1o de la empresa<\/p>\n<p style=\"padding-left: 30px;\">4.3. Seg\u00fan la gama de productos<\/p>\n<p style=\"padding-left: 30px;\">4.4. Caracter\u00edsticas de los productos a almacenar<\/p>\n<p style=\"padding-left: 30px;\">4.5. Flujo de mercanc\u00edas<\/p>\n<p>5. Costes de Almacenamiento<\/p>\n<p style=\"padding-left: 30px;\">5.1. Coste de espacio<\/p>\n<p style=\"padding-left: 30px;\">5.2. Coste de las instalaciones<\/p>\n<p style=\"padding-left: 30px;\">5.3. Indicadores de gesti\u00f3n<\/p>\n<p>6. Tratamiento de las devoluciones<\/p>\n<p style=\"padding-left: 30px;\">6.1. Introducci\u00f3n<\/p>\n<p style=\"padding-left: 30px;\">6.2. Puntos de responsabilidad del producto<\/p>\n<p style=\"padding-left: 30px;\">6.3. Prevenci\u00f3n de devoluciones<\/p>\n<p style=\"padding-left: 30px;\">6.4. Tratamiento de las devoluciones<\/p>\n<p style=\"padding-left: 30px;\">6.5. Principio de responsabilidad<\/p>\n<p style=\"padding-left: 30px;\">6.6. Flujo de las devoluciones<\/p>\n<p style=\"padding-left: 30px;\">6.7. Clasificaci\u00f3n de las devoluciones<\/p>\n<p style=\"padding-left: 30px;\">6.8. Responsabilidad seg\u00fan tipo de devoluci\u00f3n<\/p>\n<p style=\"padding-left: 30px;\">6.9. Operativa de las devoluciones<\/p>\n<p style=\"padding-left: 30px;\">6.10. Mercanc\u00eda eliminada y no devuelta al proveedor<\/p>\n<p>Ejercicio 2<\/p>\n<p>Test 1<\/p>\n<p>Evaluaci\u00f3n 1<\/p>\n<p>&nbsp;<\/p>\n<p><strong>Unidad Did\u00e1ctica 2: Sistema de almacenaje<\/strong><\/p>\n<p>Introducci\u00f3n y Objetivos<\/p>\n<p>1. Inventarios: finalidad<\/p>\n<p>2. An\u00e1lisis de los sistemas en funci\u00f3n del producto, servicio y coste<\/p>\n<p style=\"padding-left: 30px;\">2.1. Proceso organizativo del almacenamiento de productos<\/p>\n<p style=\"padding-left: 60px;\">2.1.1. Operaciones de almacenaje<\/p>\n<p style=\"padding-left: 60px;\">2.1.2. Sistemas de almacenaje<\/p>\n<p>Ejercicio 3<\/p>\n<p style=\"padding-left: 30px;\">2.2. Criterios de almacenaje<\/p>\n<p style=\"padding-left: 60px;\">2.2.1. Principios<\/p>\n<p style=\"padding-left: 60px;\">2.3.1. Colocaci\u00f3n de bultos mediante criterios A-B-C<\/p>\n<p style=\"padding-left: 60px;\">2.2.3. M\u00e9todos para calcular los medios unitarizadores<\/p>\n<p style=\"padding-left: 60px;\">2.2.4. Unidades de manipulaci\u00f3n<\/p>\n<p style=\"padding-left: 60px;\">2.2.5. Paletizaci\u00f3n<\/p>\n<p style=\"padding-left: 60px;\">2.2.6. Manipulaciones de entrada<\/p>\n<p style=\"padding-left: 90px;\">A) Unidades de manipulaci\u00f3n<\/p>\n<p style=\"padding-left: 90px;\">B) Operaciones de almac\u00e9n<\/p>\n<p>3. C\u00e1lculo de costes de aplicaci\u00f3n del sistema<\/p>\n<p style=\"padding-left: 30px;\">3.1. Principios y m\u00e9todos de valoraci\u00f3n del inventario: LIFO y FIFO<\/p>\n<p style=\"padding-left: 60px;\">3.1.1. Clasificaci\u00f3n de existencias<\/p>\n<p style=\"padding-left: 60px;\">3.1.2. Criterios de valoraci\u00f3n de existencias<\/p>\n<p style=\"padding-left: 60px;\">3.1.3. Valoraci\u00f3n del precio de adquisici\u00f3n o del coste de producci\u00f3n en moneda extranjera<\/p>\n<p style=\"padding-left: 60px;\">3.1.4. Otros m\u00e9todos de valoraci\u00f3n<\/p>\n<p>Ejercicio 4<\/p>\n<p style=\"padding-left: 30px;\">3.2. Inventario f\u00edsico y contable<\/p>\n<p style=\"padding-left: 60px;\">3.3.1. Visi\u00f3n econ\u00f3mica y f\u00edsica del stock<\/p>\n<p style=\"padding-left: 60px;\">3.3.2. Entradas y salidas<\/p>\n<p style=\"padding-left: 60px;\">3.3.3. Plazo de suministro<\/p>\n<p>Test 2<\/p>\n<p>Evaluaci\u00f3n 2<\/p>\n<p>&nbsp;<\/p>\n<p><strong>Unidad Did\u00e1ctica 3: Pol\u00edticas de stocks<\/strong><\/p>\n<p>Introducci\u00f3n y Objetivos<\/p>\n<p>1. La gesti\u00f3n de stocks<\/p>\n<p style=\"padding-left: 30px;\">1.1. Nociones elementales<\/p>\n<p style=\"padding-left: 60px;\">1.1.1. Productos que forman parte del stock<\/p>\n<p style=\"padding-left: 60px;\">1.1.2. El nivel de stock<\/p>\n<p style=\"padding-left: 30px;\">1.2. Rotura de stocks: repercusiones comerciales<\/p>\n<p style=\"padding-left: 60px;\">2.2.1. Concepto, costes y plazos<\/p>\n<p style=\"padding-left: 60px;\">1.2.2. Rotaci\u00f3n de stocks<\/p>\n<p style=\"padding-left: 30px;\">1.3. Stock de seguridad<\/p>\n<p style=\"padding-left: 60px;\">1.3.1. Concepto y c\u00e1lculo<\/p>\n<p style=\"padding-left: 60px;\">1.3.2. La reposici\u00f3n<\/p>\n<p style=\"padding-left: 30px;\">1.4. Stock \u00f3ptimo<\/p>\n<p style=\"padding-left: 60px;\">1.4.1. La f\u00f3rmula de Wilson<\/p>\n<p style=\"padding-left: 60px;\">1.4.2. El m\u00e9todo Kanban<\/p>\n<p style=\"padding-left: 30px;\">1.5. Periodicidad y m\u00e9todos de punto de pedido<\/p>\n<p style=\"padding-left: 60px;\">1.5.1. M\u00e9todos de punto de pedido<\/p>\n<p style=\"padding-left: 60px;\">1.5.2. Planificaci\u00f3n de necesidades<\/p>\n<p>Ejercicio 5<\/p>\n<p>2. Pedidos y Expediciones<\/p>\n<p style=\"padding-left: 30px;\">2.1. Gesti\u00f3n de aprovisionamiento<\/p>\n<p style=\"padding-left: 60px;\">2.1.1. \u00bfEn qu\u00e9 consiste y qu\u00e9 operaciones incluye?<\/p>\n<p style=\"padding-left: 60px;\">2.1.2. Plan de necesidades de recursos materiales<\/p>\n<p style=\"padding-left: 60px;\">2.1.3. Solicitud de oferta<\/p>\n<p style=\"padding-left: 30px;\">2.2. Fichas de almac\u00e9n<\/p>\n<p style=\"padding-left: 60px;\">2.2.1. Concepto y funcionamiento<\/p>\n<p style=\"padding-left: 60px;\">2.2.2. Formular un pedido<\/p>\n<p style=\"padding-left: 90px;\">2.2.2.1. Condiciones y clases de pedidos<\/p>\n<p style=\"padding-left: 90px;\">2.2.2.2. Formas de formular un pedido<\/p>\n<p style=\"padding-left: 30px;\">2.3. Registro de informaci\u00f3n: etiquetas de productos<\/p>\n<p style=\"padding-left: 60px;\">2.3.1. Codificaci\u00f3n y trazabilidad<\/p>\n<p style=\"padding-left: 90px;\">2.3.1.1. Introducci\u00f3n<\/p>\n<p style=\"padding-left: 90px;\">2.3.1.2. El c\u00f3digo de barras<\/p>\n<p style=\"padding-left: 90px;\">2.3.1.3. Significado de los c\u00f3digos<\/p>\n<p style=\"padding-left: 90px;\">2.3.1.4. Confecci\u00f3n del c\u00f3digo de barras<\/p>\n<p style=\"padding-left: 90px;\">2.3.1.5. El color del c\u00f3digo de barras<\/p>\n<p style=\"padding-left: 90px;\">2.3.1.6. Ubicaci\u00f3n del c\u00f3digo<\/p>\n<p style=\"padding-left: 90px;\">2.3.1.7. Fases de la codificaci\u00f3n<\/p>\n<p>Ejercicio 6<\/p>\n<p style=\"padding-left: 30px;\">2.4. Control de inventarios<\/p>\n<p style=\"padding-left: 30px;\">2.4.1. Introducci\u00f3n<\/p>\n<p style=\"padding-left: 60px;\">2.4.2. Ratios de control de stocks<\/p>\n<p style=\"padding-left: 90px;\">2.4.2.1. Categor\u00edas<\/p>\n<p style=\"padding-left: 90px;\">2.4.2.2. El recuento de stocks<\/p>\n<p style=\"padding-left: 60px;\">2.4.3. Herramientas inform\u00e1ticas para la gesti\u00f3n del almac\u00e9n<\/p>\n<p style=\"padding-left: 90px;\">2.4.3.1. Niveles de informatizaci\u00f3n de la gesti\u00f3n<\/p>\n<p style=\"padding-left: 90px;\">2.4.3.2. Sistema de informaci\u00f3n de gesti\u00f3n<\/p>\n<p style=\"padding-left: 90px;\">2.4.3.3. \u00c1reas inform\u00e1ticas<\/p>\n<p style=\"padding-left: 90px;\">2.4.3.4. Aspectos inform\u00e1ticos base<\/p>\n<p>Ejercicio 7<\/p>\n<p>3. T\u00e9cnicas de preparaci\u00f3n de pedidos<\/p>\n<p style=\"padding-left: 30px;\">3.1. Proceso de preparaci\u00f3n de un pedido<\/p>\n<p style=\"padding-left: 30px;\">3.2. Operaciones en la preparaci\u00f3n de un pedido<\/p>\n<p style=\"padding-left: 30px;\">3.3. Secuencia de preparaci\u00f3n de pedidos<\/p>\n<p style=\"padding-left: 30px;\">3.4. M\u00e9todos de preparaci\u00f3n de pedidos<\/p>\n<p style=\"padding-left: 30px;\">3.5. Sistemas de manipulaci\u00f3n de pedidos<\/p>\n<p>Test 3<\/p>\n<p>Evaluaci\u00f3n 3<\/p>\n<p>&nbsp;<\/p>\n<p><strong>Unidad Did\u00e1ctica 4: Gesti\u00f3n del embalaje<\/strong><\/p>\n<p>Introducci\u00f3n y Objetivos<\/p>\n<p>1. Funci\u00f3n del embalaje<\/p>\n<p>2. Funci\u00f3n del empaquete<\/p>\n<p>3. Tipos de embalajes<\/p>\n<p style=\"padding-left: 30px;\">3.1. Embalaje primario: envase<\/p>\n<p style=\"padding-left: 30px;\">3.2. Embalaje secundario: cajas<\/p>\n<p style=\"padding-left: 30px;\">3.3. Embalaje terciario<\/p>\n<p style=\"padding-left: 60px;\">3.3.1. Pal\u00e9s<\/p>\n<p style=\"padding-left: 60px;\">3.3.2. Contenedor<\/p>\n<p>Ejercicio 8<\/p>\n<p>Ejercicio 9<\/p>\n<p>4. Factores que determinan la selecci\u00f3n del embalaje<\/p>\n<p>5. Se\u00f1alizaci\u00f3n y rotulado<\/p>\n<p style=\"padding-left: 30px;\">5.1. Etiquetado<\/p>\n<p style=\"padding-left: 30px;\">5.2. Precinto<\/p>\n<p style=\"padding-left: 30px;\">5.3. Se\u00f1alizaci\u00f3n y etiquetado del pedido<\/p>\n<p style=\"padding-left: 30px;\">5.4. Control de calidad: visibilidad y legibilidad<\/p>\n<p>6. Material de Embalajes<\/p>\n<p>Test 4<\/p>\n<p>Evaluaci\u00f3n 4<\/p>\n<p>&nbsp;<\/p>\n<p><strong>Unidad Did\u00e1ctica 5: Normativa de seguridad e higiene en almacenes<\/strong><\/p>\n<p>Introducci\u00f3n y Objetivos<\/p>\n<p>1. Distribuci\u00f3n interna y plano de almac\u00e9n<\/p>\n<p style=\"padding-left: 30px;\">1.1. Principios de almacenaje<\/p>\n<p style=\"padding-left: 30px;\">1.2. Distribuci\u00f3n<\/p>\n<p style=\"padding-left: 30px;\">1.3. Clasificaci\u00f3n de los almacenes seg\u00fan su estructura<\/p>\n<p style=\"padding-left: 30px;\">1.4. Dise\u00f1o del almac\u00e9n<\/p>\n<p style=\"padding-left: 30px;\">1.5. Zonas de almac\u00e9n<\/p>\n<p style=\"padding-left: 60px;\">1.5.1. Clasificaci\u00f3n<\/p>\n<p style=\"padding-left: 60px;\">1.5.2. Las instalaciones y los medios utilizados<\/p>\n<p style=\"padding-left: 60px;\">1.5.3. Los abrigos para camiones<\/p>\n<p>2. Recomendaciones en el almac\u00e9n: manual de seguridad<\/p>\n<p style=\"padding-left: 30px;\">2.1. Riesgos f\u00edsicos<\/p>\n<p style=\"padding-left: 30px;\">2.2. Exposici\u00f3n a sustancias qu\u00edmicas en el almac\u00e9n<\/p>\n<p style=\"padding-left: 30px;\">2.3. Riesgos en la utilizaci\u00f3n de estanter\u00edas<\/p>\n<p style=\"padding-left: 30px;\">2.4. Medidas de seguridad generales en el almac\u00e9n<\/p>\n<p style=\"padding-left: 30px;\">2.5. Los incendios en el almac\u00e9n<\/p>\n<p>Ejercicio 10<\/p>\n<p>3. Ergonom\u00eda en la manipulaci\u00f3n de cargas<\/p>\n<p style=\"padding-left: 30px;\">3.1. Se\u00f1alizaci\u00f3n de seguridad<\/p>\n<p style=\"padding-left: 30px;\">3.2. Higiene postural<\/p>\n<p style=\"padding-left: 30px;\">3.3. Equipos de protecci\u00f3n individual<\/p>\n<p style=\"padding-left: 30px;\">3.4. Actitudes preventivas en la manipulaci\u00f3n de cargas<\/p>\n<p>Ejercicio 11<\/p>\n<p>Test 5<\/p>\n<p>Evaluaci\u00f3n 5<\/p>\n<p>Evaluaci\u00f3n Final<\/td>\n<\/tr>\n<\/tbody>\n<\/table>\n<p>&nbsp;<\/p>\n","protected":false},"excerpt":{"rendered":"<p>TRANSPORTE 78 Log\u00edstica integral. Log\u00edstica de almacenes Duraci\u00f3n 30\u00a0horas Certificaci\u00f3n Al finalizar el curso el alumno recibir\u00e1 un Diploma o<\/p>\n","protected":false},"author":1,"featured_media":0,"parent":0,"menu_order":0,"comment_status":"closed","ping_status":"closed","template":"","meta":{"_uag_custom_page_level_css":"","_monsterinsights_skip_tracking":false,"_monsterinsights_sitenote_active":false,"_monsterinsights_sitenote_note":"","_monsterinsights_sitenote_category":0,"footnotes":""},"class_list":["post-8769","page","type-page","status-publish","hentry"],"aioseo_notices":[],"uagb_featured_image_src":{"full":false,"thumbnail":false,"medium":false,"medium_large":false,"large":false,"1536x1536":false,"2048x2048":false,"ample-featured-blog-large":false,"ample-featured-blog-small":false,"ample-portfolio-image":false,"sendpress-max":false,"woocommerce_thumbnail":false,"woocommerce_single":false,"woocommerce_gallery_thumbnail":false},"uagb_author_info":{"display_name":"IMM","author_link":"https:\/\/immformacion.com\/web\/author\/imm_admin\/"},"uagb_comment_info":0,"uagb_excerpt":"TRANSPORTE 78 Log\u00edstica integral. Log\u00edstica de almacenes Duraci\u00f3n 30\u00a0horas Certificaci\u00f3n Al finalizar el curso el alumno recibir\u00e1 un Diploma o","_links":{"self":[{"href":"https:\/\/immformacion.com\/web\/wp-json\/wp\/v2\/pages\/8769","targetHints":{"allow":["GET"]}}],"collection":[{"href":"https:\/\/immformacion.com\/web\/wp-json\/wp\/v2\/pages"}],"about":[{"href":"https:\/\/immformacion.com\/web\/wp-json\/wp\/v2\/types\/page"}],"author":[{"embeddable":true,"href":"https:\/\/immformacion.com\/web\/wp-json\/wp\/v2\/users\/1"}],"replies":[{"embeddable":true,"href":"https:\/\/immformacion.com\/web\/wp-json\/wp\/v2\/comments?post=8769"}],"version-history":[{"count":3,"href":"https:\/\/immformacion.com\/web\/wp-json\/wp\/v2\/pages\/8769\/revisions"}],"predecessor-version":[{"id":9173,"href":"https:\/\/immformacion.com\/web\/wp-json\/wp\/v2\/pages\/8769\/revisions\/9173"}],"wp:attachment":[{"href":"https:\/\/immformacion.com\/web\/wp-json\/wp\/v2\/media?parent=8769"}],"curies":[{"name":"wp","href":"https:\/\/api.w.org\/{rel}","templated":true}]}}