{"id":8809,"date":"2016-01-25T13:21:19","date_gmt":"2016-01-25T12:21:19","guid":{"rendered":"http:\/\/immformacion.com\/web\/?page_id=8809"},"modified":"2016-01-25T13:21:19","modified_gmt":"2016-01-25T12:21:19","slug":"la-responsabilidad-civil-penal-administrativa-del-funcionario-publico","status":"publish","type":"page","link":"https:\/\/immformacion.com\/web\/la-responsabilidad-civil-penal-administrativa-del-funcionario-publico\/","title":{"rendered":"La responsabilidad civil, penal y administrativa del funcionario p\u00fablico"},"content":{"rendered":"<table style=\"height: 166px;\" width=\"980\">\n<tbody>\n<tr>\n<td style=\"text-align: center; background-color: #346094;\" colspan=\"2\"><span style=\"color: #ffffff;\">ADMINISTRACIONES P\u00daBLICAS<\/span><\/td>\n<\/tr>\n<tr>\n<td style=\"width: 150px; text-align: center; background-color: #dce5f4;\" scope=\"col\"><span style=\"color: #346094;\"><b>97<\/b><\/span><\/td>\n<td style=\"background-color: #dce5f4;\"><strong><span style=\"color: #346094;\">La responsabilidad civil, penal y administrativa del funcionario p\u00fablico<\/span><\/strong><\/td>\n<\/tr>\n<tr>\n<td style=\"text-align: center; background-color: #dce5f4;\"><span style=\"color: #346094;\">Duraci\u00f3n<\/span><\/td>\n<td>50 horas<\/td>\n<\/tr>\n<tr>\n<td style=\"text-align: center; background-color: #dce5f4;\"><span style=\"color: #346094;\">Certificaci\u00f3n<\/span><\/td>\n<td>Al finalizar el curso el alumno recibir\u00e1 un Diploma o Certificado de Aprovechamiento<\/td>\n<\/tr>\n<tr>\n<td style=\"text-align: center; background-color: #dce5f4;\"><span style=\"color: #346094;\">OBJETIVOS<\/span><\/td>\n<td>\n<ul>\n<li>Identificar las actuaciones susceptibles de provocar responsabilidad de la Administraci\u00f3n P\u00fablica y de sus funcionarios.<\/li>\n<li>Diferenciar los distintos tipos de responsabilidad en que puede incurrir un funcionario: civil, penal y administrativa.<\/li>\n<li>Distinguir los tipos delictivos cometidos por los funcionarios p\u00fablicos y la pena en la que su incurre por su comisi\u00f3n.<\/li>\n<\/ul>\n<p><strong>\u00a0<\/strong><\/td>\n<\/tr>\n<tr>\n<td style=\"text-align: center; background-color: #dce5f4;\"><span style=\"color: #346094;\">CONTENIDOS<\/span><\/td>\n<td><strong>UNIDAD DID\u00c1CTICA 1. La responsabilidad de las Administraciones P\u00fablicas y de sus funcionarios<\/strong><\/p>\n<p>1. Evoluci\u00f3n hist\u00f3rica.<\/p>\n<p>2. Regulaci\u00f3n actual.<\/p>\n<p>3. Concepto.<\/p>\n<p>4. Clases.<\/p>\n<p>5. Fundamentos de la responsabilidad.<\/p>\n<p>6. Principios.<\/p>\n<p>7. Presupuestos. Efectividad de la reparaci\u00f3n.<\/p>\n<p>8. Da\u00f1os resarcibles<\/p>\n<p>9. La acci\u00f3n y el procedimiento administrativo en materia de responsabilidad.<\/p>\n<p><strong>\u00a0<\/strong><\/p>\n<p><strong>UNIDAD DID\u00c1CTICA 2. Responsabilidad patrimonial del personal al servicio de las Administraciones P\u00fablicas.<\/strong><\/p>\n<p>1. Cobertura por la Administraci\u00f3n de la responsabilidad del funcionario.<\/p>\n<p>2. Responsabilidad penal y civil derivada del delito.<\/p>\n<p>3. Responsabilidad civil subsidiaria de la Administraci\u00f3n por funcionamiento de servicios p\u00fablicos: acci\u00f3n de repetici\u00f3n.<\/p>\n<p>4. Procedimiento para la exigencia de responsabilidad al personal al servicio de las Administraciones P\u00fablicas.<\/p>\n<p>&nbsp;<\/p>\n<p><strong>UNIDAD DID\u00c1CTICA 3. Responsabilidad administrativa de los funcionarios: el r\u00e9gimen disciplinario<\/strong><\/p>\n<p>1. Las faltas disciplinarias.<\/p>\n<p>2. Personas responsables.<\/p>\n<p>3. Sanciones disciplinarias.<\/p>\n<p>4. El procedimiento disciplinario: ejercicio de la potestad disciplinaria.<\/p>\n<p>5. Suspensi\u00f3n provisional.<\/p>\n<p>6. Extinci\u00f3n de la responsabilidad disciplinaria.<\/p>\n<p>7. Prescripci\u00f3n de faltas y sanciones.<\/p>\n<p>8. Anotaciones de sanciones y cancelaci\u00f3n de las anotacione<\/p>\n<p>&nbsp;<\/p>\n<p><strong>UNIDAD DID\u00c1CTICA 4. Responsabilidad penal de los funcionarios<\/strong><\/p>\n<p>1. Autor\u00eda.<\/p>\n<p>2. Complicidad<\/p>\n<p>3. Las penas.<\/p>\n<p>4. El concepto de funcionario en el C\u00f3digo Penal.<\/p>\n<p>5. An\u00e1lisis de los distintos tipos delictivos.<\/p>\n<p style=\"padding-left: 30px;\">5.1. Detenci\u00f3n ilegal y secuestro.<\/p>\n<p style=\"padding-left: 30px;\">5.2. Tortura.<\/p>\n<p style=\"padding-left: 30px;\">5.3. Trata de seres humanos.<\/p>\n<p style=\"padding-left: 30px;\">5.4. Abusos y agresiones sexuales.<\/p>\n<p style=\"padding-left: 30px;\">5.5. Descubrimiento y revelaci\u00f3n de secretos.<\/p>\n<p style=\"padding-left: 30px;\">5.6. Allanamiento de morada.<\/p>\n<p style=\"padding-left: 30px;\">5.7. Suposici\u00f3n de parto y de la alteraci\u00f3n de la paternidad, estado o condici\u00f3n del menor.<\/p>\n<p style=\"padding-left: 30px;\">5.8. Abandono de menor o incapaz.<\/p>\n<p style=\"padding-left: 30px;\">5.9. Receptaci\u00f3n.<\/p>\n<p style=\"padding-left: 30px;\">5.10. Blanqueo de capitales.<\/p>\n<p style=\"padding-left: 30px;\">5.11. Delitos contra los derechos de los ciudadanos extranjeros.<\/p>\n<p style=\"padding-left: 30px;\">5.12. Delitos contra la ordenaci\u00f3n del territorio y urbanismo.<\/p>\n<p style=\"padding-left: 30px;\">5.13. Delitos contra los recursos naturales y el medio ambiente.<\/p>\n<p style=\"padding-left: 30px;\">5.14. Delitos contra la salud p\u00fablica.<\/p>\n<p style=\"padding-left: 30px;\">5.15. Falsedad documental.<\/p>\n<p style=\"padding-left: 30px;\">5.16. Prevaricaci\u00f3n.<\/p>\n<p style=\"padding-left: 30px;\">5.17. Abandono de destino y omisi\u00f3n del deber de perseguir delitos.<\/p>\n<p style=\"padding-left: 30px;\">5.18. Desobediencia y denegaci\u00f3n de auxilio.<\/p>\n<p style=\"padding-left: 30px;\">5.19. Infidelidad en la custodia de documentos y violaci\u00f3n de secretos.<\/p>\n<p style=\"padding-left: 30px;\">5.20. Cohecho.<\/p>\n<p style=\"padding-left: 30px;\">5.21. Tr\u00e1fico de influencias.<\/p>\n<p style=\"padding-left: 30px;\">5.22. Malversaci\u00f3n.<\/p>\n<p style=\"padding-left: 30px;\">5.23. Fraudes y exacciones ilegales.<\/p>\n<p style=\"padding-left: 30px;\">5.24. Negociaciones prohibidas y abuso en el ejercicio de su funci\u00f3n.<\/p>\n<p style=\"padding-left: 30px;\">5.25. Quebrantamiento de condena.<\/p>\n<p style=\"padding-left: 30px;\">5.26. Delitos contra las Instituciones del Estado.<\/p>\n<p style=\"padding-left: 30px;\">5.27. Delitos contra las garant\u00edas constitucionales.<\/p>\n<p style=\"padding-left: 30px;\">5.28. Delitos contra el orden p\u00fablico.<\/p>\n<p style=\"padding-left: 30px;\">5.29. Delitos contra la Comunidad internacional.<\/p>\n<\/td>\n<\/tr>\n<\/tbody>\n<\/table>\n<p>&nbsp;<\/p>\n","protected":false},"excerpt":{"rendered":"<p>ADMINISTRACIONES P\u00daBLICAS 97 La responsabilidad civil, penal y administrativa del funcionario p\u00fablico Duraci\u00f3n 50 horas Certificaci\u00f3n Al finalizar el curso<\/p>\n","protected":false},"author":1,"featured_media":0,"parent":0,"menu_order":0,"comment_status":"closed","ping_status":"closed","template":"","meta":{"_uag_custom_page_level_css":"","_monsterinsights_skip_tracking":false,"_monsterinsights_sitenote_active":false,"_monsterinsights_sitenote_note":"","_monsterinsights_sitenote_category":0,"footnotes":""},"class_list":["post-8809","page","type-page","status-publish","hentry"],"aioseo_notices":[],"uagb_featured_image_src":{"full":false,"thumbnail":false,"medium":false,"medium_large":false,"large":false,"1536x1536":false,"2048x2048":false,"ample-featured-blog-large":false,"ample-featured-blog-small":false,"ample-portfolio-image":false,"sendpress-max":false,"woocommerce_thumbnail":false,"woocommerce_single":false,"woocommerce_gallery_thumbnail":false},"uagb_author_info":{"display_name":"IMM","author_link":"https:\/\/immformacion.com\/web\/author\/imm_admin\/"},"uagb_comment_info":0,"uagb_excerpt":"ADMINISTRACIONES P\u00daBLICAS 97 La responsabilidad civil, penal y administrativa del funcionario p\u00fablico Duraci\u00f3n 50 horas Certificaci\u00f3n Al finalizar el curso","_links":{"self":[{"href":"https:\/\/immformacion.com\/web\/wp-json\/wp\/v2\/pages\/8809","targetHints":{"allow":["GET"]}}],"collection":[{"href":"https:\/\/immformacion.com\/web\/wp-json\/wp\/v2\/pages"}],"about":[{"href":"https:\/\/immformacion.com\/web\/wp-json\/wp\/v2\/types\/page"}],"author":[{"embeddable":true,"href":"https:\/\/immformacion.com\/web\/wp-json\/wp\/v2\/users\/1"}],"replies":[{"embeddable":true,"href":"https:\/\/immformacion.com\/web\/wp-json\/wp\/v2\/comments?post=8809"}],"version-history":[{"count":3,"href":"https:\/\/immformacion.com\/web\/wp-json\/wp\/v2\/pages\/8809\/revisions"}],"predecessor-version":[{"id":9387,"href":"https:\/\/immformacion.com\/web\/wp-json\/wp\/v2\/pages\/8809\/revisions\/9387"}],"wp:attachment":[{"href":"https:\/\/immformacion.com\/web\/wp-json\/wp\/v2\/media?parent=8809"}],"curies":[{"name":"wp","href":"https:\/\/api.w.org\/{rel}","templated":true}]}}