{"id":9344,"date":"2016-01-27T10:56:58","date_gmt":"2016-01-27T09:56:58","guid":{"rendered":"http:\/\/immformacion.com\/web\/?page_id=9344"},"modified":"2020-01-21T15:51:15","modified_gmt":"2020-01-21T14:51:15","slug":"9344-2","status":"publish","type":"page","link":"https:\/\/immformacion.com\/web\/9344-2\/","title":{"rendered":"Operarios de carretillas elevadoras seg\u00fan NORMA UNE 58451-2012"},"content":{"rendered":"<table style=\"height: 272px;\" border=\"0\" width=\"1040\" cellpadding=\"10\">\n<tbody>\n<tr style=\"background-color: #babf10;\">\n<td style=\"text-align: center;\" colspan=\"2\"><span style=\"color: #ffffff;\"><b>MANTENIMIENTO TALLERES<\/b><\/span><\/td>\n<\/tr>\n<tr style=\"background-color: #e7e8ba;\">\n<td style=\"text-align: center;\"><span style=\"color: #346094;\">3119<\/span><\/td>\n<td><span style=\"color: #346094;\">Operarios de carretillas elevadoras seg\u00fan <strong>NORMA UNE 58451-2012<\/strong><\/span><\/td>\n<\/tr>\n<tr style=\"background-color: #dce5f4;\">\n<td style=\"text-align: center; background-color: #e7e8ba;\"><span style=\"color: #346094;\">Duraci\u00f3n<\/span><\/td>\n<td style=\"background-color: #ffffff;\">Formaci\u00f3n inicial 14 h. + 6 h. de pr\u00e1cticas<\/td>\n<\/tr>\n<tr style=\"background-color: #dce5f4;\">\n<td style=\"text-align: center; background-color: #e7e8ba;\"><span style=\"color: #346094;\">Certificaci\u00f3n<\/span><\/td>\n<td style=\"background-color: #ffffff;\">Al finalizar el curso el alumno recibir\u00e1 un Diploma o Certificado de Aprovechamiento<\/td>\n<\/tr>\n<tr style=\"background-color: #dce5f4;\">\n<td style=\"text-align: center; background-color: #e7e8ba;\"><span style=\"color: #346094;\">CONTENIDOS<\/span><\/td>\n<td style=\"background-color: #ffffff;\"><b>M.1. Contenido de la formaci\u00f3n te\u00f3rica<\/b><\/p>\n<p>00. Requisitos del conductor.<\/p>\n<p>01. Informaci\u00f3n sobre la carretilla a utilizar.<\/p>\n<p>02. Mentalizaci\u00f3n general sobre riesgos, accidentes, seguridad laboral, etc.<\/p>\n<p>03. Conceptos b\u00e1sicos de uso habitual.<\/p>\n<p>04. Legislaci\u00f3n b\u00e1sica (seguros y <span style=\"font-family: 'Calibri','sans-serif';\">responsabilidades), incluyendo el conocimiento de esta norma.<\/span><\/p>\n<p>05. S\u00edmbolos y pictogramas.<\/p>\n<p>06. Descripci\u00f3n general de las partes de la m\u00e1quina y de los equipos utilizados, terminolog\u00eda. Diferencias esenciales respecto al autom\u00f3vil.<\/p>\n<p>07. Habituales existentes en la m\u00e1quina, mandos.<\/p>\n<p>08. Implicaciones debidas al entorno de trabajo (emisiones, nivel sonoro, compatibilidad electromagn\u00e9tica, atm\u00f3sferas peligrosas, etc.), estado de pavimentos y suelos, suelos consolidados, puertas, montacargas, rampas y pendientes, <span style=\"font-family: 'Calibri','sans-serif';\">cables\u00a0<\/span>el\u00e9ctricos, muelles de carga. Condiciones de los lugares de trabajo seg\u00fan Real Decreto 486\/97.<\/p>\n<p>09. Operaciones de carga de combustible, diesel, gasolina, gas, carga de bater\u00edas.<\/p>\n<p>10. Operaciones t\u00edpicas en el uso diario de la m\u00e1quina.<\/p>\n<p>11. Carga nominal, carga admisible, centro de carga, altura de elevaci\u00f3n, alcance de brazo, gr\u00e1ficos de carga.<\/p>\n<p>12. Estabilidad del conjunto. Afectaciones de la estabilidad, tipos de ruedas y neum\u00e1ticos, velocidad, tipos de direcci\u00f3n.Utilizaci\u00f3n en rampas.<\/p>\n<p>13. Conducci\u00f3n <span style=\"font-family: 'Calibri','sans-serif';\">en vac\u00edo y con carga, velocidad de desplazamiento, tipos de direcci\u00f3n, radio de giro, frenado.<\/span><\/p>\n<p>14. Operaciones de elevaci\u00f3n, limitaciones de carga por altura de elevaci\u00f3n, por utilizaci\u00f3n de accesorios. Visibilidad.<\/p>\n<p>15. Utilizaci\u00f3n de accesorios especiales para unidades de carga determinadas. Afectaci\u00f3n a la capacidad de carga admisible.<\/p>\n<p>16. Cargas oscilantes, o con centro de gravedad variable.<\/p>\n<p>17. Elevaci\u00f3n de personas. L\u00edmites y condicionantes en funci\u00f3n de su uso habitual o excepcional.<\/p>\n<p>18. Tipos de estanter\u00edas, sistemas de almacenaje.<\/p>\n<p>19. Pasillos de maniobra, tr\u00e1fico mixto con peatones.<\/p>\n<p>20. Utilizaci\u00f3n en v\u00edas p\u00fablicas o de uso com\u00fan.<\/p>\n<p>21. Control diario de puesta en marcha, comprobaciones visuales y funcionales, frenos, claxon, etc.<\/p>\n<p>22. Mantenimiento preventivo t\u00edpico, ruedas, niveles.<\/p>\n<p>23. Manuales del operador facilitados por el fabricante del equipo.<\/p>\n<p>24. Equipos de protecci\u00f3n individual, seg\u00fan zona o tipo de trabajo.<\/p>\n<p>25. Estacionamiento de la m\u00e1quina en aparcamiento.<\/p>\n<p>26. Procedimientos a seguir en caso de situaci\u00f3n de riesgo, retenci\u00f3n del operador, cintur\u00f3n de seguridad, etc.<\/p>\n<p><b>M.2. Contenido de la formaci\u00f3n pr\u00e1ctica<\/b><\/p>\n<p>1.Conocimiento de las partes de la m\u00e1quina, control visual de caracter\u00edsticas, mantenimiento, mandos, placas, manuales.<\/p>\n<p>2. Comprobaci\u00f3n <span style=\"font-family: 'Calibri','sans-serif';\">de puesta en marcha, direcci\u00f3n, frenos, claxon, etc.<\/span><\/p>\n<p>3. Maniobras sin carga, desplazamiento en ambas direcciones, velocidades, giros, frenadas, utilizaci\u00f3n en rampas.<\/p>\n<p>4. Maniobras similares con carga.<\/p>\n<p>5. Carga y descarga de camiones, <span style=\"font-family: 'Calibri','sans-serif';\">colocaci\u00f3n y retirada de cargas en estanter\u00edas, apilado y retirado de cargas en superficie<\/span> <span style=\"font-family: 'Calibri','sans-serif';\">libre.<\/span><\/p>\n<p>6. Gr\u00e1fico de cargas, comprobaci\u00f3n efecto de las dimensiones de la carga.<\/p>\n<p>7. Con accesorios, pinzas, contenedores, pescantes, etc.<\/p>\n<p>8. Maniobras extraordinarias, como cargas de dimensiones o caracter\u00edsticas fuera de lo normal por su longitud, forma , manejo de una carga simult\u00e1neamente con dos carretillas, etc.<\/td>\n<\/tr>\n<\/tbody>\n<\/table>\n","protected":false},"excerpt":{"rendered":"<p>MANTENIMIENTO TALLERES 3119 Operarios de carretillas elevadoras seg\u00fan NORMA UNE 58451-2012 Duraci\u00f3n Formaci\u00f3n inicial 14 h. + 6 h. de<\/p>\n","protected":false},"author":1,"featured_media":0,"parent":0,"menu_order":0,"comment_status":"closed","ping_status":"closed","template":"","meta":{"_uag_custom_page_level_css":"","_monsterinsights_skip_tracking":false,"_monsterinsights_sitenote_active":false,"_monsterinsights_sitenote_note":"","_monsterinsights_sitenote_category":0,"footnotes":""},"class_list":["post-9344","page","type-page","status-publish","hentry"],"aioseo_notices":[],"uagb_featured_image_src":{"full":false,"thumbnail":false,"medium":false,"medium_large":false,"large":false,"1536x1536":false,"2048x2048":false,"ample-featured-blog-large":false,"ample-featured-blog-small":false,"ample-portfolio-image":false,"sendpress-max":false,"woocommerce_thumbnail":false,"woocommerce_single":false,"woocommerce_gallery_thumbnail":false},"uagb_author_info":{"display_name":"IMM","author_link":"https:\/\/immformacion.com\/web\/author\/imm_admin\/"},"uagb_comment_info":0,"uagb_excerpt":"MANTENIMIENTO TALLERES 3119 Operarios de carretillas elevadoras seg\u00fan NORMA UNE 58451-2012 Duraci\u00f3n Formaci\u00f3n inicial 14 h. + 6 h. de","_links":{"self":[{"href":"https:\/\/immformacion.com\/web\/wp-json\/wp\/v2\/pages\/9344","targetHints":{"allow":["GET"]}}],"collection":[{"href":"https:\/\/immformacion.com\/web\/wp-json\/wp\/v2\/pages"}],"about":[{"href":"https:\/\/immformacion.com\/web\/wp-json\/wp\/v2\/types\/page"}],"author":[{"embeddable":true,"href":"https:\/\/immformacion.com\/web\/wp-json\/wp\/v2\/users\/1"}],"replies":[{"embeddable":true,"href":"https:\/\/immformacion.com\/web\/wp-json\/wp\/v2\/comments?post=9344"}],"version-history":[{"count":5,"href":"https:\/\/immformacion.com\/web\/wp-json\/wp\/v2\/pages\/9344\/revisions"}],"predecessor-version":[{"id":13045,"href":"https:\/\/immformacion.com\/web\/wp-json\/wp\/v2\/pages\/9344\/revisions\/13045"}],"wp:attachment":[{"href":"https:\/\/immformacion.com\/web\/wp-json\/wp\/v2\/media?parent=9344"}],"curies":[{"name":"wp","href":"https:\/\/api.w.org\/{rel}","templated":true}]}}