{"id":9540,"date":"2016-03-23T10:53:01","date_gmt":"2016-03-23T09:53:01","guid":{"rendered":"http:\/\/immformacion.com\/web\/?page_id=9540"},"modified":"2019-12-22T11:47:37","modified_gmt":"2019-12-22T10:47:37","slug":"certificados-de-profesionalidad-teleformacion","status":"publish","type":"page","link":"https:\/\/immformacion.com\/web\/certificados-de-profesionalidad-teleformacion\/","title":{"rendered":"Certificados de Profesionalidad y Competencias Clave en Modalidad  Teleformaci\u00f3n"},"content":{"rendered":"<h5><img decoding=\"async\" class=\"wp-image-7563 aligncenter\" src=\"http:\/\/immformacion.com\/web\/wp-content\/uploads\/2014\/11\/sepe-300x97.jpg\" alt=\"sepe\" width=\"208\" height=\"67\" srcset=\"https:\/\/immformacion.com\/web\/wp-content\/uploads\/2014\/11\/sepe-300x97.jpg 300w, https:\/\/immformacion.com\/web\/wp-content\/uploads\/2014\/11\/sepe.jpg 530w\" sizes=\"(max-width: 208px) 100vw, 208px\" \/><\/h5>\n<p style=\"text-align: center;\"><strong>Centro <span style=\"color: #7ca3dc;\">acreditado<\/span> por el Servicio P\u00fablico de Empleo Estatal con <span style=\"color: #7ca3dc;\">c\u00f3digo 8000000387<\/span> para impartir Certificados de Profesionalidad en modalidad de teleformaci\u00f3n<\/strong><\/p>\n<table style=\"height: 55px;\" width=\"1045\">\n<tbody>\n<tr style=\"background-color: #75a5e0;\">\n<td style=\"text-align: left;\" scope=\"col\"><span style=\"color: #ffffff;\"><strong>Certificados de Profesionalidad<\/strong><\/span><\/td>\n<td style=\"width: 450px; text-align: center;\" scope=\"col\"><strong><span style=\"color: #ffffff;\">Horas<\/span><\/strong><\/td>\n<td style=\"width: 50px; text-align: center;\" scope=\"col\"><strong><span style=\"color: #ffffff;\">Nivel<\/span><\/strong><\/td>\n<td style=\"width: 70px; text-align: center;\" scope=\"col\"><strong><span style=\"color: #ffffff;\">Descargar<\/span><\/strong><\/td>\n<td style=\"width: 70px; text-align: center;\" scope=\"col\"><strong><span style=\"color: #ffffff;\">Inscripci\u00f3n<\/span><\/strong><\/td>\n<\/tr>\n<tr>\n<td id=\"Docencia\" style=\"width: 650px; text-align: left; vertical-align: middle;\" scope=\"col\">Docencia de la formaci\u00f3n profesional para el empleo.\u00a0SSCE0110<\/td>\n<td style=\"width: 70px; text-align: center; vertical-align: middle;\" scope=\"col\">313 h. en teleformaci\u00f3n \/ 27 h. presenciales \/ \u00a0 40 h. pr\u00e1cticas en\u00a0empresas<\/td>\n<td style=\"width: 70px; text-align: center; vertical-align: middle;\" scope=\"col\">3<\/td>\n<td style=\"width: 70px; text-align: center; vertical-align: middle;\"><a href=\"http:\/\/immformacion.com\/web\/wp-content\/uploads\/2016\/04\/SSCE0110_ficha_Docencia_Formacion_Profesional_Empleo.pdf\" target=\"_blank\" rel=\"noopener noreferrer\"><img decoding=\"async\" class=\"aligncenter wp-image-4458\" title=\"Ficha Certificado Docencia de la formaci\u00f3n profesional para el empleo - teleformaci\u00f3n\" src=\"http:\/\/immformacion.com\/web\/wp-content\/uploads\/2013\/07\/1372860772_pdf.png\" alt=\"Ficha Certificado Docencia de la formaci\u00f3n profesional para el empleo - teleformaci\u00f3n\" width=\"30\" height=\"30\" srcset=\"https:\/\/immformacion.com\/web\/wp-content\/uploads\/2013\/07\/1372860772_pdf.png 128w, https:\/\/immformacion.com\/web\/wp-content\/uploads\/2013\/07\/1372860772_pdf-60x60.png 60w\" sizes=\"(max-width: 30px) 100vw, 30px\" \/><\/a><\/td>\n<td style=\"width: 70px; text-align: center; vertical-align: middle;\" scope=\"col\"><a href=\"http:\/\/immformacion.com\/web\/?page_id=8103\" target=\"_blank\" rel=\"noopener noreferrer\"><img decoding=\"async\" class=\"aligncenter wp-image-4465\" src=\"http:\/\/immformacion.com\/web\/wp-content\/uploads\/2013\/07\/1372861058_description.png\" alt=\"1372861058_description\" width=\"30\" height=\"30\" srcset=\"https:\/\/immformacion.com\/web\/wp-content\/uploads\/2013\/07\/1372861058_description.png 128w, https:\/\/immformacion.com\/web\/wp-content\/uploads\/2013\/07\/1372861058_description-60x60.png 60w\" sizes=\"(max-width: 30px) 100vw, 30px\" \/><\/a><\/td>\n<\/tr>\n<tr>\n<td style=\"width: 650px; text-align: left; vertical-align: middle;\" scope=\"col\">Gesti\u00f3n integrada de Recursos Humanos.\u00a0ADGD0208<\/td>\n<td style=\"width: 70px; text-align: center; vertical-align: middle;\" scope=\"col\">\u00a0654\u00a0h. en teleformaci\u00f3n \/ \u00a016\u00a0h. presenciales \/ 120 h. pr\u00e1cticas en\u00a0empresas<\/td>\n<td style=\"width: 70px; text-align: center; vertical-align: middle;\" scope=\"col\">3<\/td>\n<td style=\"width: 70px; text-align: center; vertical-align: middle;\" scope=\"col\"><a href=\"http:\/\/immformacion.com\/web\/wp-content\/uploads\/2016\/04\/ADGD0208_ficha_Gestion_RRHH.pdf\" target=\"_blank\" rel=\"noopener noreferrer\"><img loading=\"lazy\" decoding=\"async\" class=\"alignnone\" title=\"Ficha Certificado Gesti\u00f3n integrada de Recursos Humanos - teleformaci\u00f3n\" src=\"http:\/\/immformacion.com\/web\/wp-content\/uploads\/2013\/07\/1372860772_pdf.png\" alt=\"Ficha Certificado Gesti\u00f3n integrada de Recursos Humanos - teleformaci\u00f3n\" width=\"30\" height=\"30\" \/><\/a><\/td>\n<td style=\"width: 70px; text-align: center;\" scope=\"col\"><strong><span style=\"color: #ffffff;\"><a href=\"http:\/\/immformacion.com\/web\/?page_id=8103\" target=\"_blank\" rel=\"noopener noreferrer\"><img loading=\"lazy\" decoding=\"async\" src=\"http:\/\/immformacion.com\/web\/wp-content\/uploads\/2013\/07\/1372861058_description.png\" alt=\"1372861058_description\" width=\"30\" height=\"30\" \/><\/a><\/span><\/strong><\/td>\n<\/tr>\n<tr>\n<td style=\"width: 650px; text-align: left; vertical-align: middle;\" scope=\"col\">Gesti\u00f3n comercial de ventas.\u00a0COMT0411<\/td>\n<td style=\"width: 70px; text-align: center; vertical-align: middle;\" scope=\"col\">508 h. en teleformaci\u00f3n \/ 22 h. presenciales \/ \u00a0 80 h. pr\u00e1cticas en\u00a0empresas<\/td>\n<td style=\"width: 70px; text-align: center; vertical-align: middle;\" scope=\"col\">3<\/td>\n<td style=\"width: 70px; text-align: center; vertical-align: middle;\" scope=\"col\"><a href=\"http:\/\/immformacion.com\/web\/wp-content\/uploads\/2016\/04\/COMT0411_ficha_Gestion_Comercial_Ventas.pdf\" target=\"_blank\" rel=\"noopener noreferrer\"><img loading=\"lazy\" decoding=\"async\" class=\"alignnone\" title=\"Ficha Certificado Gesti\u00f3n comercial de ventas - teleformaci\u00f3n\" src=\"http:\/\/immformacion.com\/web\/wp-content\/uploads\/2013\/07\/1372860772_pdf.png\" alt=\"Ficha Certificado Gesti\u00f3n comercial de ventas - teleformaci\u00f3n\" width=\"30\" height=\"30\" \/><\/a><\/td>\n<td style=\"width: 70px; text-align: center;\" scope=\"col\"><a href=\"http:\/\/immformacion.com\/web\/?page_id=8103\" target=\"_blank\" rel=\"noopener noreferrer\"><img loading=\"lazy\" decoding=\"async\" class=\"alignnone\" src=\"http:\/\/immformacion.com\/web\/wp-content\/uploads\/2013\/07\/1372861058_description.png\" alt=\"1372861058_description\" width=\"30\" height=\"30\" \/><\/a><\/td>\n<\/tr>\n<tr>\n<td style=\"width: 650px; text-align: left; vertical-align: middle;\" scope=\"col\">Creaci\u00f3n y gesti\u00f3n de microempresas. ADGD0210<\/td>\n<td style=\"width: 70px; text-align: center; vertical-align: middle;\" scope=\"col\">465h teleformaci\u00f3n, 15h presenciales, 40h pr\u00e1cticas en empresas<\/td>\n<td style=\"width: 70px; text-align: center; vertical-align: middle;\" scope=\"col\">3<\/td>\n<td style=\"width: 70px; text-align: center; vertical-align: middle;\" scope=\"col\"><a href=\"http:\/\/immformacion.com\/web\/wp-content\/uploads\/2016\/03\/ADGD0210_ficha.pdf\"><img loading=\"lazy\" decoding=\"async\" class=\"alignnone\" title=\"Ficha Certificado Creaci\u00f3n y gesti\u00f3n de microempresas - teleformaci\u00f3n\" src=\"http:\/\/immformacion.com\/web\/wp-content\/uploads\/2013\/07\/1372860772_pdf.png\" alt=\"Ficha Certificado Creaci\u00f3n y gesti\u00f3n de microempresas - teleformaci\u00f3n\" width=\"30\" height=\"30\" \/><\/a><\/td>\n<td style=\"width: 70px; text-align: center;\" scope=\"col\"><a href=\"http:\/\/immformacion.com\/web\/?page_id=8103\" target=\"_blank\" rel=\"noopener noreferrer\"><img loading=\"lazy\" decoding=\"async\" class=\"alignnone\" src=\"http:\/\/immformacion.com\/web\/wp-content\/uploads\/2013\/07\/1372861058_description.png\" alt=\"1372861058_description\" width=\"30\" height=\"30\" \/><\/a><\/td>\n<\/tr>\n<tr>\n<td style=\"width: 650px; text-align: left; vertical-align: middle;\" scope=\"col\">Gesti\u00f3n contable y gesti\u00f3n administrativa para auditor\u00eda.\u00a0ADGD0108<\/td>\n<td style=\"width: 70px; text-align: center; vertical-align: middle;\" scope=\"col\">540h teleformaci\u00f3n, 10h presenciales, 80h pr\u00e1cticas en empresas<\/td>\n<td style=\"width: 70px; text-align: center; vertical-align: middle;\" scope=\"col\">3<\/td>\n<td style=\"width: 70px; text-align: center; vertical-align: middle;\" scope=\"col\"><a href=\"http:\/\/immformacion.com\/web\/wp-content\/uploads\/2016\/03\/ADGD0108_ficha.pdf\"><img loading=\"lazy\" decoding=\"async\" class=\"alignnone\" title=\"Ficha Certificado Gesti\u00f3n contable y gesti\u00f3n administrativa para empresas - teleformaci\u00f3n\" src=\"http:\/\/immformacion.com\/web\/wp-content\/uploads\/2013\/07\/1372860772_pdf.png\" alt=\"Ficha Certificado Gesti\u00f3n contable y gesti\u00f3n administrativa para empresas - teleformaci\u00f3n\" width=\"30\" height=\"30\" \/><\/a><\/td>\n<td style=\"width: 70px; text-align: center;\" scope=\"col\"><a href=\"http:\/\/immformacion.com\/web\/?page_id=8103\" target=\"_blank\" rel=\"noopener noreferrer\"><img loading=\"lazy\" decoding=\"async\" class=\"alignnone\" src=\"http:\/\/immformacion.com\/web\/wp-content\/uploads\/2013\/07\/1372861058_description.png\" alt=\"1372861058_description\" width=\"30\" height=\"30\" \/><\/a><\/td>\n<\/tr>\n<\/tbody>\n<\/table>\n<p style=\"text-align: center;\"><strong>Centro <span style=\"color: #7ca3dc;\">acreditado<\/span> por el Servicio P\u00fablico de Empleo Estatal (SEPE) con <span style=\"color: #7ca3dc;\">c\u00f3digo 8000000435<\/span>\u00a0para impartir Competencias Clave en modalidad de teleformaci\u00f3n<\/strong><\/p>\n<table style=\"height: 55px;\" width=\"1045\">\n<tbody>\n<tr style=\"background-color: #75a5e0;\">\n<td style=\"text-align: left;\" scope=\"col\"><span style=\"color: #ffffff;\"><strong>Competencias Clave<\/strong><\/span><\/td>\n<td style=\"width: 450px; text-align: center;\" scope=\"col\"><strong><span style=\"color: #ffffff;\">Horas<\/span><\/strong><\/td>\n<td style=\"width: 50px; text-align: center;\" scope=\"col\"><strong><span style=\"color: #ffffff;\">Nivel<\/span><\/strong><\/td>\n<td style=\"width: 70px; text-align: center;\" scope=\"col\"><strong><span style=\"color: #ffffff;\">Descargar<\/span><\/strong><\/td>\n<td style=\"width: 70px; text-align: center;\" scope=\"col\"><strong><span style=\"color: #ffffff;\">Inscripci\u00f3n<\/span><\/strong><\/td>\n<\/tr>\n<tr>\n<td id=\"Docencia\" style=\"width: 650px; text-align: left; vertical-align: middle;\" scope=\"col\">Comunicaci\u00f3n en Lengua Castellana N2. FCOV22<\/td>\n<td style=\"width: 70px; text-align: center; vertical-align: middle;\" scope=\"col\">120 h. en teleformaci\u00f3n \/ examen presencial<\/td>\n<td style=\"width: 70px; text-align: center; vertical-align: middle;\" scope=\"col\">2<\/td>\n<td style=\"width: 70px; text-align: center; vertical-align: middle;\"><a href=\"https:\/\/sede.sepe.gob.es\/es\/portaltrabaja\/resources\/pdf\/especialidades\/FCOV22.pdf\" target=\"_blank\" rel=\"noopener noreferrer\"><img loading=\"lazy\" decoding=\"async\" class=\"aligncenter wp-image-4458\" title=\"Ficha Comunicaci\u00f3n en Lengua Castellana N2 - teleformaci\u00f3n\" src=\"http:\/\/immformacion.com\/web\/wp-content\/uploads\/2013\/07\/1372860772_pdf.png\" alt=\"Ficha Comunicaci\u00f3n en Lengua Castellana N2 - teleformaci\u00f3n\" width=\"30\" height=\"30\" srcset=\"https:\/\/immformacion.com\/web\/wp-content\/uploads\/2013\/07\/1372860772_pdf.png 128w, https:\/\/immformacion.com\/web\/wp-content\/uploads\/2013\/07\/1372860772_pdf-60x60.png 60w\" sizes=\"(max-width: 30px) 100vw, 30px\" \/><\/a><\/td>\n<td style=\"width: 70px; text-align: center; vertical-align: middle;\"><a href=\"http:\/\/immformacion.com\/web\/?page_id=8103\" target=\"_blank\" rel=\"noopener noreferrer\"><img decoding=\"async\" class=\"aligncenter wp-image-4465\" src=\"http:\/\/immformacion.com\/web\/wp-content\/uploads\/2013\/07\/1372861058_description.png\" alt=\"1372861058_description\" width=\"30\" height=\"30\" srcset=\"https:\/\/immformacion.com\/web\/wp-content\/uploads\/2013\/07\/1372861058_description.png 128w, https:\/\/immformacion.com\/web\/wp-content\/uploads\/2013\/07\/1372861058_description-60x60.png 60w\" sizes=\"(max-width: 30px) 100vw, 30px\" \/><\/a><\/td>\n<\/tr>\n<tr>\n<td style=\"width: 650px; text-align: left; vertical-align: middle;\" scope=\"col\">Competencia Matem\u00e1tica N2. FCOV23<\/td>\n<td style=\"width: 70px; text-align: center; vertical-align: middle;\" scope=\"col\">120 h. en teleformaci\u00f3n \/ examen presencial<\/td>\n<td style=\"width: 70px; text-align: center; vertical-align: middle;\" scope=\"col\">2<\/td>\n<td style=\"width: 70px; text-align: center; vertical-align: middle;\" scope=\"col\"><a href=\"https:\/\/sede.sepe.gob.es\/es\/portaltrabaja\/resources\/pdf\/especialidades\/FCOV23.pdf\" target=\"_blank\" rel=\"noopener noreferrer\"><img loading=\"lazy\" decoding=\"async\" class=\"alignnone\" title=\"Ficha Competencia Matem\u00e1tica N2 - teleformaci\u00f3n\" src=\"http:\/\/immformacion.com\/web\/wp-content\/uploads\/2013\/07\/1372860772_pdf.png\" alt=\"Ficha Competencia Matem\u00e1tica N2 - teleformaci\u00f3n\" width=\"30\" height=\"30\" \/><\/a><\/td>\n<td style=\"width: 70px; text-align: center; vertical-align: middle;\" scope=\"col\"><a href=\"http:\/\/immformacion.com\/web\/?page_id=8103\" target=\"_blank\" rel=\"noopener noreferrer\"><img decoding=\"async\" class=\"aligncenter wp-image-4465\" src=\"http:\/\/immformacion.com\/web\/wp-content\/uploads\/2013\/07\/1372861058_description.png\" alt=\"1372861058_description\" width=\"30\" height=\"30\" srcset=\"https:\/\/immformacion.com\/web\/wp-content\/uploads\/2013\/07\/1372861058_description.png 128w, https:\/\/immformacion.com\/web\/wp-content\/uploads\/2013\/07\/1372861058_description-60x60.png 60w\" sizes=\"(max-width: 30px) 100vw, 30px\" \/><\/a><\/td>\n<\/tr>\n<tr>\n<td style=\"width: 650px; text-align: left; vertical-align: middle;\" scope=\"col\">Comunicaci\u00f3n en lenguas extranjeras (ingl\u00e9s) N2. FCOV05<\/td>\n<td style=\"width: 70px; text-align: center; vertical-align: middle;\" scope=\"col\">180 h. en teleformaci\u00f3n \/ examen presencial<\/td>\n<td style=\"width: 70px; text-align: center; vertical-align: middle;\" scope=\"col\">2<\/td>\n<td style=\"width: 70px; text-align: center; vertical-align: middle;\" scope=\"col\"><a href=\"https:\/\/sede.sepe.gob.es\/es\/portaltrabaja\/resources\/pdf\/especialidades\/FCOV05.pdf\" target=\"_blank\" rel=\"noopener noreferrer\"><img loading=\"lazy\" decoding=\"async\" class=\"alignnone\" title=\"Ficha Comunicaci\u00f3n en lenguas extranjeras (ingl\u00e9s) N2 - teleformaci\u00f3n\" src=\"http:\/\/immformacion.com\/web\/wp-content\/uploads\/2013\/07\/1372860772_pdf.png\" alt=\"Ficha Comunicaci\u00f3n en lenguas extranjeras (ingl\u00e9s) N2 - teleformaci\u00f3n\" width=\"30\" height=\"30\" \/><\/a><\/td>\n<td style=\"width: 70px; text-align: center; vertical-align: middle;\" scope=\"col\"><a href=\"http:\/\/immformacion.com\/web\/?page_id=8103\" target=\"_blank\" rel=\"noopener noreferrer\"><img decoding=\"async\" class=\"aligncenter wp-image-4465\" src=\"http:\/\/immformacion.com\/web\/wp-content\/uploads\/2013\/07\/1372861058_description.png\" alt=\"1372861058_description\" width=\"30\" height=\"30\" srcset=\"https:\/\/immformacion.com\/web\/wp-content\/uploads\/2013\/07\/1372861058_description.png 128w, https:\/\/immformacion.com\/web\/wp-content\/uploads\/2013\/07\/1372861058_description-60x60.png 60w\" sizes=\"(max-width: 30px) 100vw, 30px\" \/><\/a><\/td>\n<\/tr>\n<tr>\n<td style=\"width: 650px; text-align: left; vertical-align: middle;\" scope=\"col\">Comunicaci\u00f3n en Lengua Castellana N3. FCOV02<\/td>\n<td style=\"width: 70px; text-align: center; vertical-align: middle;\" scope=\"col\">200 h. en teleformaci\u00f3n \/ examen presencial<\/td>\n<td style=\"width: 70px; text-align: center; vertical-align: middle;\" scope=\"col\">3<\/td>\n<td style=\"width: 70px; text-align: center; vertical-align: middle;\" scope=\"col\"><a href=\"https:\/\/sede.sepe.gob.es\/es\/portaltrabaja\/resources\/pdf\/especialidades\/FCOV02.pdf\" target=\"_blank\" rel=\"noopener noreferrer\"><img loading=\"lazy\" decoding=\"async\" class=\"alignnone\" title=\"Ficha Comunicaci\u00f3n en Lengua Castellana N3 - teleformaci\u00f3n\" src=\"http:\/\/immformacion.com\/web\/wp-content\/uploads\/2013\/07\/1372860772_pdf.png\" alt=\"Ficha Comunicaci\u00f3n en Lengua Castellana N3 - teleformaci\u00f3n\" width=\"30\" height=\"30\" \/><\/a><\/td>\n<td style=\"width: 70px; text-align: center; vertical-align: middle;\" scope=\"col\"><a href=\"http:\/\/immformacion.com\/web\/?page_id=8103\" target=\"_blank\" rel=\"noopener noreferrer\"><img decoding=\"async\" class=\"aligncenter wp-image-4465\" src=\"http:\/\/immformacion.com\/web\/wp-content\/uploads\/2013\/07\/1372861058_description.png\" alt=\"1372861058_description\" width=\"30\" height=\"30\" srcset=\"https:\/\/immformacion.com\/web\/wp-content\/uploads\/2013\/07\/1372861058_description.png 128w, https:\/\/immformacion.com\/web\/wp-content\/uploads\/2013\/07\/1372861058_description-60x60.png 60w\" sizes=\"(max-width: 30px) 100vw, 30px\" \/><\/a><\/td>\n<\/tr>\n<tr>\n<td style=\"width: 650px; text-align: left; vertical-align: middle;\" scope=\"col\">Competencia Matem\u00e1tica N3. FCOV12<\/td>\n<td style=\"width: 70px; text-align: center; vertical-align: middle;\" scope=\"col\">200 h. en teleformaci\u00f3n \/ examen presencial<\/td>\n<td style=\"width: 70px; text-align: center; vertical-align: middle;\" scope=\"col\">3<\/td>\n<td style=\"width: 70px; text-align: center; vertical-align: middle;\" scope=\"col\"><a href=\"https:\/\/sede.sepe.gob.es\/es\/portaltrabaja\/resources\/pdf\/especialidades\/FCOV12.pdf\" target=\"_blank\" rel=\"noopener noreferrer\"><img loading=\"lazy\" decoding=\"async\" class=\"alignnone\" title=\"Ficha Competencia Matem\u00e1tica N3 - teleformaci\u00f3n\" src=\"http:\/\/immformacion.com\/web\/wp-content\/uploads\/2013\/07\/1372860772_pdf.png\" alt=\"Ficha Competencia Matem\u00e1tica N3 - teleformaci\u00f3n\" width=\"30\" height=\"30\" \/><\/a><\/td>\n<td style=\"width: 70px; text-align: center; vertical-align: middle;\" scope=\"col\"><a href=\"http:\/\/immformacion.com\/web\/?page_id=8103\" target=\"_blank\" rel=\"noopener noreferrer\"><img decoding=\"async\" class=\"aligncenter wp-image-4465\" src=\"http:\/\/immformacion.com\/web\/wp-content\/uploads\/2013\/07\/1372861058_description.png\" alt=\"1372861058_description\" width=\"30\" height=\"30\" srcset=\"https:\/\/immformacion.com\/web\/wp-content\/uploads\/2013\/07\/1372861058_description.png 128w, https:\/\/immformacion.com\/web\/wp-content\/uploads\/2013\/07\/1372861058_description-60x60.png 60w\" sizes=\"(max-width: 30px) 100vw, 30px\" \/><\/a><\/td>\n<\/tr>\n<tr>\n<td style=\"width: 650px; text-align: left; vertical-align: middle;\" scope=\"col\">Comunicaci\u00f3n en lenguas extranjeras (ingl\u00e9s) N3. FCOV06<\/td>\n<td style=\"width: 70px; text-align: center; vertical-align: middle;\" scope=\"col\">180 h. en teleformaci\u00f3n \/ examen presencial<\/td>\n<td style=\"width: 70px; text-align: center; vertical-align: middle;\" scope=\"col\">3<\/td>\n<td style=\"width: 70px; text-align: center; vertical-align: middle;\" scope=\"col\"><a href=\"https:\/\/sede.sepe.gob.es\/es\/portaltrabaja\/resources\/pdf\/especialidades\/FCOV06.pdf\" target=\"_blank\" rel=\"noopener noreferrer\"><img loading=\"lazy\" decoding=\"async\" class=\"alignnone\" title=\"Ficha Comunicaci\u00f3n en lenguas extranjeras (ingl\u00e9s) N3 - teleformaci\u00f3n\" src=\"http:\/\/immformacion.com\/web\/wp-content\/uploads\/2013\/07\/1372860772_pdf.png\" alt=\"Ficha Comunicaci\u00f3n en lenguas extranjeras (ingl\u00e9s) N3 - teleformaci\u00f3n\" width=\"30\" height=\"30\" \/><\/a><\/td>\n<td style=\"width: 70px; text-align: center; vertical-align: middle;\" scope=\"col\"><a href=\"http:\/\/immformacion.com\/web\/?page_id=8103\" target=\"_blank\" rel=\"noopener noreferrer\"><img decoding=\"async\" class=\"aligncenter wp-image-4465\" src=\"http:\/\/immformacion.com\/web\/wp-content\/uploads\/2013\/07\/1372861058_description.png\" alt=\"1372861058_description\" width=\"30\" height=\"30\" srcset=\"https:\/\/immformacion.com\/web\/wp-content\/uploads\/2013\/07\/1372861058_description.png 128w, https:\/\/immformacion.com\/web\/wp-content\/uploads\/2013\/07\/1372861058_description-60x60.png 60w\" sizes=\"(max-width: 30px) 100vw, 30px\" \/><\/a><\/td>\n<\/tr>\n<\/tbody>\n<\/table>\n","protected":false},"excerpt":{"rendered":"<p>Centro acreditado por el Servicio P\u00fablico de Empleo Estatal con c\u00f3digo 8000000387 para impartir Certificados de Profesionalidad en modalidad de<\/p>\n","protected":false},"author":1,"featured_media":0,"parent":0,"menu_order":0,"comment_status":"closed","ping_status":"closed","template":"","meta":{"_uag_custom_page_level_css":"","_monsterinsights_skip_tracking":false,"_monsterinsights_sitenote_active":false,"_monsterinsights_sitenote_note":"","_monsterinsights_sitenote_category":0,"footnotes":""},"class_list":["post-9540","page","type-page","status-publish","hentry"],"aioseo_notices":[],"uagb_featured_image_src":{"full":false,"thumbnail":false,"medium":false,"medium_large":false,"large":false,"1536x1536":false,"2048x2048":false,"ample-featured-blog-large":false,"ample-featured-blog-small":false,"ample-portfolio-image":false,"sendpress-max":false,"woocommerce_thumbnail":false,"woocommerce_single":false,"woocommerce_gallery_thumbnail":false},"uagb_author_info":{"display_name":"IMM","author_link":"https:\/\/immformacion.com\/web\/author\/imm_admin\/"},"uagb_comment_info":0,"uagb_excerpt":"Centro acreditado por el Servicio P\u00fablico de Empleo Estatal con c\u00f3digo 8000000387 para impartir Certificados de Profesionalidad en modalidad de","_links":{"self":[{"href":"https:\/\/immformacion.com\/web\/wp-json\/wp\/v2\/pages\/9540","targetHints":{"allow":["GET"]}}],"collection":[{"href":"https:\/\/immformacion.com\/web\/wp-json\/wp\/v2\/pages"}],"about":[{"href":"https:\/\/immformacion.com\/web\/wp-json\/wp\/v2\/types\/page"}],"author":[{"embeddable":true,"href":"https:\/\/immformacion.com\/web\/wp-json\/wp\/v2\/users\/1"}],"replies":[{"embeddable":true,"href":"https:\/\/immformacion.com\/web\/wp-json\/wp\/v2\/comments?post=9540"}],"version-history":[{"count":19,"href":"https:\/\/immformacion.com\/web\/wp-json\/wp\/v2\/pages\/9540\/revisions"}],"predecessor-version":[{"id":12447,"href":"https:\/\/immformacion.com\/web\/wp-json\/wp\/v2\/pages\/9540\/revisions\/12447"}],"wp:attachment":[{"href":"https:\/\/immformacion.com\/web\/wp-json\/wp\/v2\/media?parent=9540"}],"curies":[{"name":"wp","href":"https:\/\/api.w.org\/{rel}","templated":true}]}}