{"id":12301,"date":"2019-12-28T22:15:30","date_gmt":"2019-12-28T21:15:30","guid":{"rendered":"http:\/\/immformacion.com\/web\/?post_type=product&#038;p=12301"},"modified":"2020-01-09T13:37:20","modified_gmt":"2020-01-09T12:37:20","slug":"12301","status":"publish","type":"product","link":"https:\/\/immformacion.com\/web\/producto\/12301\/","title":{"rendered":"Autogesti\u00f3n de la Prevenci\u00f3n de Riesgos Laborales en Pymes y Micropymes-Prevenci\u00f3n 10"},"content":{"rendered":"<table style=\"height: 166px;\" width=\"980\">\n<tbody>\n<tr>\n<td style=\"text-align: center; background-color: #346094;\" colspan=\"2\"><span style=\"color: #ffffff;\"><span style=\"font-family: inherit; font-size: inherit;\">GESTI\u00d3N DE LA PRL EN PYMES Y MICROPYMES<\/span> &#8211; PREVENCI\u00d3N 10<\/span><\/td>\n<\/tr>\n<tr>\n<td style=\"width: 150px; text-align: center; background-color: #dce5f4;\" scope=\"col\"><span style=\"color: #346094;\">40<\/span><\/td>\n<td style=\"background-color: #dce5f4;\"><span style=\"color: #000000;\"><span style=\"font-family: inherit; font-size: inherit;\">GESTI\u00d3N DE LA PRL EN PYMES Y MICROPYMES<\/span> &#8211; PREVENCI\u00d3N 10<\/span><\/td>\n<\/tr>\n<tr>\n<td style=\"text-align: center; background-color: #dce5f4;\"><span style=\"color: #346094;\">Duraci\u00f3n<\/span><\/td>\n<td>30 horas<\/td>\n<\/tr>\n<tr>\n<td style=\"text-align: center; background-color: #dce5f4;\"><span style=\"color: #346094;\">Certificaci\u00f3n<\/span><\/td>\n<td>Al finalizar el curso el alumno recibir\u00e1 un Diploma o Certificado de Aprovechamiento<\/td>\n<\/tr>\n<tr>\n<td style=\"text-align: center; background-color: #dce5f4;\"><span style=\"color: #346094;\">OBJETIVOS<\/span><\/td>\n<td><strong>OBJETIVOS GENERALES<\/strong><\/p>\n<p><span style=\"font-family: inherit; font-size: inherit;\">Este Curso GESTI\u00d3N DE LA PRL EN PYMES Y MICROPYMES le ofrece una formaci\u00f3n especializada en la materia dentro de la Familia Profesional de Seguridad y medio ambiente. <\/span><\/p>\n<p><span style=\"font-family: inherit; font-size: inherit;\">Con este curso el alumno ser\u00e1 capaz de desenvolverse dentro del Sector y gestionar eficazmente la prevenci\u00f3n de riesgos laborales en una peque\u00f1a o mediana empresa.<\/span><\/td>\n<\/tr>\n<tr>\n<td style=\"text-align: center; background-color: #dce5f4;\"><span style=\"color: #346094;\">CONTENIDOS<\/span><\/td>\n<td>\n<div id=\"page\" class=\"clearfix\">\n<section id=\"columns\" class=\"clearfix\">\n<div class=\"container\">\n<div class=\"row-fluid\">\n<section id=\"center_column\" class=\"span9\">\n<div id=\"product-detail\">\n<div id=\"more_info_block\" class=\"clear\">\n<div id=\"more_info_sheets\" class=\"sheets align_justify\">\n<div id=\"idTab1\" class=\"rte\">\n<div>\n<h4 class=\"tituloTema\">UNIDAD DID\u00c1CTICA 1. ESCENARIO ACTUAL Y CONCEPTOS B\u00c1SICOS DE SEGURIDAD Y SALUD LABORAL. ORGANIZACI\u00d3N PREVENTIVA Y REPRESENTACI\u00d3N Y PARTICIPACI\u00d3N DE LOS TRABAJADORES<\/h4>\n<ol>\n<li>Escenario actual.<\/li>\n<li>Coste de los accidentes laborales.<\/li>\n<li>Conceptos b\u00e1sicos en materia de prevenci\u00f3n.<\/li>\n<li>Seguridad y Salud Laboral.<\/li>\n<li>\u00d3rganos de representaci\u00f3n y participaci\u00f3n.<\/li>\n<li>Opciones para la gesti\u00f3n de la prevenci\u00f3n.<\/li>\n<\/ol>\n<h4 class=\"tituloTema\">UNIDAD DID\u00c1CTICA 2. EL PLAN DE PREVENCI\u00d3N DE RIESGOS LABORALES. ORGANIZACI\u00d3N DEL TRABAJO PREVENTIVO<\/h4>\n<ol>\n<li>Metodolog\u00eda.<\/li>\n<li>Evaluaci\u00f3n de Riesgos.<\/li>\n<li>Planificaci\u00f3n de la prevenci\u00f3n Plan de Prevenci\u00f3n.<\/li>\n<li>La investigaci\u00f3n de accidentes.<\/li>\n<\/ol>\n<h4 class=\"tituloTema\">UNIDAD DID\u00c1CTICA 3. MARCO NORMATIVO. DERECHOS Y OBLIGACIONES. VIGILANCIA DE LA SALUD. LA INSPECCI\u00d3NDE TRABAJO. ORGANISMOS P\u00daBLICOS.<\/h4>\n<ol>\n<li>Marco normativo.<\/li>\n<li>Derechos, obligaciones y responsabilidades.<\/li>\n<li>Vigilancia de la salud.<\/li>\n<li>La inspecci\u00f3n de trabajo.<\/li>\n<li>Organismos p\u00fablicos relacionados con la prevenci\u00f3n. Organismos p\u00fablicos relacionados con la prevenci\u00f3n.<\/li>\n<\/ol>\n<\/div>\n<\/div>\n<\/div>\n<\/div>\n<\/div>\n<\/section>\n<\/div>\n<\/div>\n<\/section>\n<\/div>\n<\/td>\n<\/tr>\n<\/tbody>\n<\/table>\n","protected":false},"excerpt":{"rendered":"<h1 class=\"entry-title fusion-post-title\"><span style=\"font-size: 16px;\">\u00bfSabes qu\u00e9 empresas pueden realizar su propia gesti\u00f3n en PRL? En IMMFORMACI\u00d3N te informamos y ayudamos a realizar tu Plan de Prevenci\u00f3n de Riesgos Laborales, pero para ello, antes deber\u00e1s conocer que:<\/span><\/h1>\n<div class=\"post-content\">\n<ul>\n<li>La Ley 31\/1995, de 8 de noviembre, de PRL, obliga a que todas las empresas que tengan al menos un trabajador a su cargo elaboren un<strong> Plan de Prevenci\u00f3n de Riesgos Laborales.<\/strong><\/li>\n<li>La Ley 14\/2013, de 27 de septiembre, modifica el apartado 5 del art\u00edculo 30 de la Ley 31\/1995, dici\u00e9ndonos la empresa que podr\u00e1 elaborar su propio <strong>Plan de Prevenci\u00f3n.<\/strong><\/li>\n<\/ul>\n<p>&nbsp;<\/p>\n<\/div>\n","protected":false},"featured_media":2794,"template":"","meta":{"_uag_custom_page_level_css":"","_monsterinsights_skip_tracking":false,"_monsterinsights_sitenote_active":false,"_monsterinsights_sitenote_note":"","_monsterinsights_sitenote_category":0},"product_brand":[],"product_cat":[92],"product_tag":[],"class_list":{"0":"post-12301","1":"product","2":"type-product","3":"status-publish","4":"has-post-thumbnail","6":"product_cat-prevencion-de-riesgos-laborales","8":"first","9":"instock","10":"virtual","11":"taxable","12":"purchasable","13":"product-type-simple"},"aioseo_notices":[],"uagb_featured_image_src":{"full":["https:\/\/immformacion.com\/web\/wp-content\/uploads\/2012\/12\/AUTOPROTECCION-PRL-EN-LA-EMPRESA-copia.jpg",752,516,false],"thumbnail":["https:\/\/immformacion.com\/web\/wp-content\/uploads\/2012\/12\/AUTOPROTECCION-PRL-EN-LA-EMPRESA-copia.jpg",60,41,false],"medium":["https:\/\/immformacion.com\/web\/wp-content\/uploads\/2012\/12\/AUTOPROTECCION-PRL-EN-LA-EMPRESA-copia.jpg",300,206,false],"medium_large":["https:\/\/immformacion.com\/web\/wp-content\/uploads\/2012\/12\/AUTOPROTECCION-PRL-EN-LA-EMPRESA-copia.jpg",710,487,false],"large":["https:\/\/immformacion.com\/web\/wp-content\/uploads\/2012\/12\/AUTOPROTECCION-PRL-EN-LA-EMPRESA-copia.jpg",710,487,false],"1536x1536":["https:\/\/immformacion.com\/web\/wp-content\/uploads\/2012\/12\/AUTOPROTECCION-PRL-EN-LA-EMPRESA-copia.jpg",752,516,false],"2048x2048":["https:\/\/immformacion.com\/web\/wp-content\/uploads\/2012\/12\/AUTOPROTECCION-PRL-EN-LA-EMPRESA-copia.jpg",752,516,false],"ample-featured-blog-large":["https:\/\/immformacion.com\/web\/wp-content\/uploads\/2012\/12\/AUTOPROTECCION-PRL-EN-LA-EMPRESA-copia.jpg",437,300,false],"ample-featured-blog-small":["https:\/\/immformacion.com\/web\/wp-content\/uploads\/2012\/12\/AUTOPROTECCION-PRL-EN-LA-EMPRESA-copia.jpg",230,158,false],"ample-portfolio-image":["https:\/\/immformacion.com\/web\/wp-content\/uploads\/2012\/12\/AUTOPROTECCION-PRL-EN-LA-EMPRESA-copia.jpg",330,226,false],"sendpress-max":["https:\/\/immformacion.com\/web\/wp-content\/uploads\/2012\/12\/AUTOPROTECCION-PRL-EN-LA-EMPRESA-copia.jpg",600,412,false],"woocommerce_thumbnail":["https:\/\/immformacion.com\/web\/wp-content\/uploads\/2012\/12\/AUTOPROTECCION-PRL-EN-LA-EMPRESA-copia-60x60.jpg",60,60,true],"woocommerce_single":["https:\/\/immformacion.com\/web\/wp-content\/uploads\/2012\/12\/AUTOPROTECCION-PRL-EN-LA-EMPRESA-copia.jpg",120,82,false],"woocommerce_gallery_thumbnail":["https:\/\/immformacion.com\/web\/wp-content\/uploads\/2012\/12\/AUTOPROTECCION-PRL-EN-LA-EMPRESA-copia-100x100.jpg",100,100,true]},"uagb_author_info":{"display_name":"IMM","author_link":"https:\/\/immformacion.com\/web\/author\/"},"uagb_comment_info":0,"uagb_excerpt":"\u00bfSabes qu\u00e9 empresas pueden realizar su propia gesti\u00f3n en PRL? En IMMFORMACI\u00d3N te informamos y ayudamos a realizar tu Plan de Prevenci\u00f3n de Riesgos Laborales, pero para ello, antes deber\u00e1s conocer que: La Ley 31\/1995, de 8 de noviembre, de PRL, obliga a que todas las empresas que tengan al menos un trabajador a su&hellip;","_links":{"self":[{"href":"https:\/\/immformacion.com\/web\/wp-json\/wp\/v2\/product\/12301","targetHints":{"allow":["GET"]}}],"collection":[{"href":"https:\/\/immformacion.com\/web\/wp-json\/wp\/v2\/product"}],"about":[{"href":"https:\/\/immformacion.com\/web\/wp-json\/wp\/v2\/types\/product"}],"wp:featuredmedia":[{"embeddable":true,"href":"https:\/\/immformacion.com\/web\/wp-json\/wp\/v2\/media\/2794"}],"wp:attachment":[{"href":"https:\/\/immformacion.com\/web\/wp-json\/wp\/v2\/media?parent=12301"}],"wp:term":[{"taxonomy":"product_brand","embeddable":true,"href":"https:\/\/immformacion.com\/web\/wp-json\/wp\/v2\/product_brand?post=12301"},{"taxonomy":"product_cat","embeddable":true,"href":"https:\/\/immformacion.com\/web\/wp-json\/wp\/v2\/product_cat?post=12301"},{"taxonomy":"product_tag","embeddable":true,"href":"https:\/\/immformacion.com\/web\/wp-json\/wp\/v2\/product_tag?post=12301"}],"curies":[{"name":"wp","href":"https:\/\/api.w.org\/{rel}","templated":true}]}}