{"id":12657,"date":"2020-01-05T11:38:56","date_gmt":"2020-01-05T10:38:56","guid":{"rendered":"https:\/\/immformacion.com\/web\/producto\/12301-2\/"},"modified":"2020-01-09T21:14:57","modified_gmt":"2020-01-09T20:14:57","slug":"12301-2","status":"publish","type":"product","link":"https:\/\/immformacion.com\/web\/producto\/12301-2\/","title":{"rendered":"Formaci\u00f3n de Formadores en la Empresa y en las Organizaciones (80 h.)"},"content":{"rendered":"<p>&nbsp;<\/p>\n<table style=\"height: 166px;\" width=\"980\">\n<tbody>\n<tr>\n<td style=\"text-align: center; background-color: #346094;\" colspan=\"2\"><span style=\"color: #ffffff;\">Formaci\u00f3n de Formadores en la Empresa y en las Organizaciones<\/span><\/td>\n<\/tr>\n<tr>\n<td style=\"width: 150px; text-align: center; background-color: #dce5f4;\" scope=\"col\"><span style=\"color: #346094;\">12301<\/span><\/td>\n<td style=\"background-color: #dce5f4;\">Formaci\u00f3n de Formadores en la Empresa y en las Organizaciones<\/td>\n<\/tr>\n<tr>\n<td style=\"text-align: center; background-color: #dce5f4;\"><span style=\"color: #346094;\">Duraci\u00f3n<\/span><\/td>\n<td>80 horas<\/td>\n<\/tr>\n<tr>\n<td style=\"text-align: center; background-color: #dce5f4;\"><span style=\"color: #346094;\">Certificaci\u00f3n<\/span><\/td>\n<td>Al finalizar el curso el alumno recibir\u00e1 un Diploma o Certificado de Aprovechamiento<\/td>\n<\/tr>\n<tr>\n<td style=\"text-align: center; background-color: #dce5f4;\"><span style=\"color: #346094;\">OBJETIVOS<\/span><\/td>\n<td><span style=\"font-size: medium; color: #3198cd;\"><b>A qui\u00e9n se dirige esta formaci\u00f3n<\/b><\/span><\/p>\n<ul>\n<li>A aquellos profesionales de cualquier \u00e1mbito que vayan a realizar actividades de formaci\u00f3n de manera ocasional en la empresa u organizaci\u00f3n y desean adquirir los conocimientos y habilidades para impartirlo de forma m\u00e1s eficaz.<\/li>\n<\/ul>\n<p><span style=\"font-size: medium; color: #3198cd;\"><b>Objetivo del<\/b><b>\u00a0Cu<\/b><b>rso<\/b><\/span><\/p>\n<ul>\n<li>Adquirir los conocimientos, habilidades y actitudes para aplicar m\u00e9todos y t\u00e9cnicas pedag\u00f3gicas que permitan programar, impartir y evaluar acciones formativas.<\/li>\n<li>Aprender a conocer cu\u00e1les son los distintos organismos, estructura y programas que regulan la Formaci\u00f3n Profesional en Espa\u00f1a.<\/li>\n<li>Aplicar t\u00e9cnicas de programaci\u00f3n did\u00e1ctica en el dise\u00f1o de un proceso de ense\u00f1anza-aprendizaje<\/li>\n<li>Adquirir las competencias y conocimientos necesarios para facilitar el proceso de interacci\u00f3n did\u00e1ctica en cualquier proceso de ense\u00f1anza-aprendizaje<\/li>\n<li>Aplicar los m\u00e9todos de ense\u00f1anza m\u00e1s adecuados para cada situaci\u00f3n de aprendizaje<\/li>\n<li>Elaborar y utilizar medios did\u00e1cticos adecuados para cada situaci\u00f3n de aprendizaje y pruebas de evaluaci\u00f3n del aprendizaje.<\/li>\n<\/ul>\n<p><b><br \/>\n<span style=\"font-size: medium; color: #3198cd;\">Caracter\u00edsticas del curso<\/span><\/b><\/p>\n<ul>\n<li>Pack de formaci\u00f3n continua<\/li>\n<li>Familia: Docencia. Habilidades Personales.<\/li>\n<li>Modalidad a distancia, on-line.<\/li>\n<li>80 horas<\/li>\n<li>Tutorizado por expertos metodol\u00f3gicos<\/li>\n<\/ul>\n<p>Durante curso el alumno tendr\u00e1 la oportunidad de realizar una simulaci\u00f3n did\u00e1ctica de tema libre de car\u00e1cter t\u00e9cnico, vinculado a la especialidad en la que prevea dar una sesi\u00f3n formativa en su entorno laboral. Duraci\u00f3n 10\u2019.<\/p>\n<p><b><br \/>\n<span style=\"font-size: medium; color: #3198cd;\">Direcci\u00f3n del curso<\/span><\/b><\/p>\n<p>Curso dirigido y tutorizado por Isabel Mu\u00f1oz, Directora de IMM Formaci\u00f3n, psic\u00f3loga y experta en Metodolog\u00eda Did\u00e1ctica del Servicio P\u00fablico de Empleo Estatal.<b>\u00a0<\/b><\/p>\n<p><b><br \/>\n<span style=\"font-size: medium; color: #3198cd;\">Metodolog\u00eda:<\/span><\/b><\/p>\n<p>El curso se desarrolla en la plataforma de formaci\u00f3n IMM FORMACI\u00d3N y se pone a disposici\u00f3n del alumno\/a una direcci\u00f3n de e-mail de la tutora Isabel Mu\u00f1oz donde podr\u00e1 enviar sus consultas, dudas y ejercicios.<b><br \/>\n<\/b><\/p>\n<p><b><br \/>\n<span style=\"font-size: medium; color: #3198cd;\">Taller de encuentro voluntario:<\/span><\/b><\/p>\n<p>La metodolog\u00eda ser\u00e1 activa, fase pr\u00e1ctica de ejercitaci\u00f3n y aplicaci\u00f3n de los contenidos desarrollados durante el curso. En ella se utilizar\u00e1n:<\/p>\n<ul>\n<li>La tormenta de ideas para la b\u00fasqueda de soluciones creativas<\/li>\n<li>El an\u00e1lisis de casos en diversos formatos (art\u00edculos, fragmentos de pel\u00edculas comerciales, reportajes, p\u00e1ginas de Internet, etc.)<\/li>\n<li>Exposiciones participativas por parte del formador<\/li>\n<li>Casos pr\u00e1cticos<\/li>\n<li>Din\u00e1micas y actividades de grupo<\/li>\n<li>Debates<\/li>\n<li>Simulaciones docentes (grabadas en video para posterior valoraci\u00f3n por parte del monitor y del resto de los compa\u00f1eros.)<\/li>\n<\/ul>\n<p>Se apuntar\u00e1 a la constante relaci\u00f3n entre saber y saber hacer, para lograr una efectiva y r\u00e1pida transferencia de los conocimientos y habilidades al \u00e1mbito laboral.<\/td>\n<\/tr>\n<tr>\n<td style=\"text-align: center; background-color: #dce5f4;\"><span style=\"color: #346094;\">CONTENIDOS<\/span><\/td>\n<td>\n<div id=\"page\" class=\"clearfix\">\n<section id=\"columns\" class=\"clearfix\">\n<div class=\"container\">\n<div class=\"row-fluid\">\n<section id=\"center_column\" class=\"span9\">\n<div id=\"product-detail\">\n<div id=\"more_info_block\" class=\"clear\">\n<div id=\"more_info_sheets\" class=\"sheets align_justify\">\n<div id=\"idTab1\" class=\"rte\">\n<div>\n<p><span style=\"color: #3198cd; font-size: medium;\"><b>Programa:<\/b><\/span><\/p>\n<p><b>M\u00d3DULO 1. PROGRAMACI\u00d3N DE ACCIONES FORMATIVAS<br \/>\n<\/b><b>M\u00d3DULO 2. IMPARTICI\u00d3N Y DESARROLLO DE ACCIONES FORMATIVAS.<br \/>\n<\/b><b>M\u00d3DULO 3. EVALUACI\u00d3N DE LA FORMACI\u00d3N.<\/b><b>\u00a0<\/b><\/p>\n<\/div>\n<\/div>\n<\/div>\n<\/div>\n<\/div>\n<\/section>\n<\/div>\n<\/div>\n<\/section>\n<\/div>\n<\/td>\n<\/tr>\n<\/tbody>\n<\/table>\n","protected":false},"excerpt":{"rendered":"<h1 class=\"entry-title fusion-post-title\"><img fetchpriority=\"high\" decoding=\"async\" class=\"wp-image-12673 alignleft\" src=\"https:\/\/immformacion.com\/web\/wp-content\/uploads\/2020\/01\/FORMACION_Formadores.jpg\" alt=\"\" width=\"342\" height=\"172\" srcset=\"https:\/\/immformacion.com\/web\/wp-content\/uploads\/2020\/01\/FORMACION_Formadores.jpg 686w, https:\/\/immformacion.com\/web\/wp-content\/uploads\/2020\/01\/FORMACION_Formadores-300x150.jpg 300w, https:\/\/immformacion.com\/web\/wp-content\/uploads\/2020\/01\/FORMACION_Formadores-480x241.jpg 480w\" sizes=\"(max-width: 342px) 100vw, 342px\" \/><\/h1>\n","protected":false},"featured_media":12664,"template":"","meta":{"_uag_custom_page_level_css":"","_monsterinsights_skip_tracking":false,"_monsterinsights_sitenote_active":false,"_monsterinsights_sitenote_note":"","_monsterinsights_sitenote_category":0},"product_brand":[],"product_cat":[91],"product_tag":[],"class_list":{"0":"post-12657","1":"product","2":"type-product","3":"status-publish","4":"has-post-thumbnail","6":"product_cat-cursos-docentes-consejeria-educacion-gobierno-de-cantabria","8":"first","9":"instock","10":"virtual","11":"taxable","12":"purchasable","13":"product-type-simple"},"aioseo_notices":[],"uagb_featured_image_src":{"full":["https:\/\/immformacion.com\/web\/wp-content\/uploads\/2020\/01\/FORMACION_Formadores.png",753,626,false],"thumbnail":["https:\/\/immformacion.com\/web\/wp-content\/uploads\/2020\/01\/FORMACION_Formadores-60x60.png",60,60,true],"medium":["https:\/\/immformacion.com\/web\/wp-content\/uploads\/2020\/01\/FORMACION_Formadores-300x249.png",300,249,true],"medium_large":["https:\/\/immformacion.com\/web\/wp-content\/uploads\/2020\/01\/FORMACION_Formadores.png",710,590,false],"large":["https:\/\/immformacion.com\/web\/wp-content\/uploads\/2020\/01\/FORMACION_Formadores.png",710,590,false],"1536x1536":["https:\/\/immformacion.com\/web\/wp-content\/uploads\/2020\/01\/FORMACION_Formadores.png",753,626,false],"2048x2048":["https:\/\/immformacion.com\/web\/wp-content\/uploads\/2020\/01\/FORMACION_Formadores.png",753,626,false],"ample-featured-blog-large":["https:\/\/immformacion.com\/web\/wp-content\/uploads\/2020\/01\/FORMACION_Formadores-710x300.png",710,300,true],"ample-featured-blog-small":["https:\/\/immformacion.com\/web\/wp-content\/uploads\/2020\/01\/FORMACION_Formadores-230x230.png",230,230,true],"ample-portfolio-image":["https:\/\/immformacion.com\/web\/wp-content\/uploads\/2020\/01\/FORMACION_Formadores-330x330.png",330,330,true],"sendpress-max":["https:\/\/immformacion.com\/web\/wp-content\/uploads\/2020\/01\/FORMACION_Formadores.png",600,499,false],"woocommerce_thumbnail":["https:\/\/immformacion.com\/web\/wp-content\/uploads\/2020\/01\/FORMACION_Formadores-60x60.png",60,60,true],"woocommerce_single":["https:\/\/immformacion.com\/web\/wp-content\/uploads\/2020\/01\/FORMACION_Formadores-300x249.png",120,100,true],"woocommerce_gallery_thumbnail":["https:\/\/immformacion.com\/web\/wp-content\/uploads\/2020\/01\/FORMACION_Formadores-100x100.png",100,100,true]},"uagb_author_info":{"display_name":"IMM","author_link":"https:\/\/immformacion.com\/web\/author\/"},"uagb_comment_info":0,"uagb_excerpt":null,"_links":{"self":[{"href":"https:\/\/immformacion.com\/web\/wp-json\/wp\/v2\/product\/12657","targetHints":{"allow":["GET"]}}],"collection":[{"href":"https:\/\/immformacion.com\/web\/wp-json\/wp\/v2\/product"}],"about":[{"href":"https:\/\/immformacion.com\/web\/wp-json\/wp\/v2\/types\/product"}],"wp:featuredmedia":[{"embeddable":true,"href":"https:\/\/immformacion.com\/web\/wp-json\/wp\/v2\/media\/12664"}],"wp:attachment":[{"href":"https:\/\/immformacion.com\/web\/wp-json\/wp\/v2\/media?parent=12657"}],"wp:term":[{"taxonomy":"product_brand","embeddable":true,"href":"https:\/\/immformacion.com\/web\/wp-json\/wp\/v2\/product_brand?post=12657"},{"taxonomy":"product_cat","embeddable":true,"href":"https:\/\/immformacion.com\/web\/wp-json\/wp\/v2\/product_cat?post=12657"},{"taxonomy":"product_tag","embeddable":true,"href":"https:\/\/immformacion.com\/web\/wp-json\/wp\/v2\/product_tag?post=12657"}],"curies":[{"name":"wp","href":"https:\/\/api.w.org\/{rel}","templated":true}]}}